{"id":4109,"date":"2016-06-14T18:17:06","date_gmt":"2016-06-14T16:17:06","guid":{"rendered":"http:\/\/eugeneistomin.com\/?page_id=4109"},"modified":"2020-02-21T23:50:09","modified_gmt":"2020-02-21T22:50:09","slug":"jaime-laredo","status":"publish","type":"page","link":"https:\/\/www.eugeneistomin.com\/fr\/grandes-collaborations-musicales\/violonistes-et-violoncellistes\/jaime-laredo\/","title":{"rendered":"Jaime Laredo"},"content":{"rendered":"<div class=\"fusion-fullwidth fullwidth-box fusion-builder-row-1 hundred-percent-fullwidth non-hundred-percent-height-scrolling\" style=\"--awb-border-radius-top-left:0px;--awb-border-radius-top-right:0px;--awb-border-radius-bottom-right:0px;--awb-border-radius-bottom-left:0px;--awb-overflow:visible;\" ><div class=\"fusion-builder-row fusion-row\"><div class=\"fusion-layout-column fusion_builder_column fusion-builder-column-0 fusion_builder_column_1_1 1_1 fusion-one-full fusion-column-first fusion-column-last\" style=\"--awb-bg-size:cover;\"><div class=\"fusion-column-wrapper fusion-flex-column-wrapper-legacy\"><div class=\"fusion-text fusion-text-1\"><p>Jaime Laredo avait entendu Istomin pour la premi\u00e8re fois en avril 1956, alors qu\u2019il \u00e9tudiait au Curtis Institute. Istomin jouait le <em>Deuxi\u00e8me Concerto<\/em> de Rachmaninoff avec l\u2019Orchestre de Philadelphie dirig\u00e9 par Ormandy. Laredo fut \u00e9bloui par la virtuosit\u00e9 et la musicalit\u00e9 de son jeu. L\u2019ann\u00e9e suivante, jeune violoniste tr\u00e8s prometteur (il allait remporter le Concours Reine Elisabeth en 1959, avant m\u00eame son dix-huiti\u00e8me anniversaire), il fut invit\u00e9 \u00e0 assister au premier festival de Porto Rico o\u00f9 il put entendre Istomin interpr\u00e9ter le <em>Concerto K. 271<\/em> et le <em>Quatuor K. 493<\/em> de Mozart. Son admiration pour Istomin ne se d\u00e9mentit jamais et Laredo assista aux concerts d\u2019Istomin chaque fois qu\u2019il le put, gardant des souvenirs inoubliables de la <em>Sonate en r\u00e9 majeur<\/em> de Schubert, de la <em>Sonate Waldstein<\/em> ou du <em>Quatri\u00e8me Concerto<\/em> de Beethoven, \u0153uvres dans lesquelles il estimait qu\u2019il surpassait m\u00eame Serkin.<\/p>\n<p>En 2000, pour le 75<sup>\u00e8me<\/sup> anniversaire d\u2019Istomin, Laredo lui \u00e9crivit\u00a0: \u2018\u2019Tu as \u00e9t\u00e9 un de mes h\u00e9ros en musique depuis la premi\u00e8re fois que je t\u2019ai entendu. C\u2019est un privil\u00e8ge et un honneur pour moi de participer \u00e0 cet hommage qui est rendu \u00e0 un des vrais grands musiciens de notre temps.\u2019\u2019 Lors de cette soir\u00e9e, Laredo joua le <em>Quatuor Op. 60<\/em> de Brahms avec Leon Fleisher, Michael Tree et Sharon Robinson, son \u00e9pouse.<\/p>\n<p>Lorsque le Trio Istomin-Stern-Rose ralentit son activit\u00e9, Laredo essaya de convaincre Istomin de prendre le temps de jouer des quatuors ou des quintettes avec piano. Istomin \u00e9tait r\u00e9ticent car il \u00e9tait tr\u00e8s occup\u00e9 et souhaitait se concentrer sur sa carri\u00e8re de soliste. Cependant, par amiti\u00e9 et par amour de ce r\u00e9pertoire, il accepta de donner bon nombre de concerts avec Jaime Laredo, Michael Tree et Sharon Robinson \u00e0 la fin des ann\u00e9es 70 et au d\u00e9but des ann\u00e9es 80, jouant les deux quatuors avec piano de Mozart, ceux de Beethoven et de Schumann, les deux premiers de Brahms ainsi que son <em>Quintette Op. 34<\/em>. Mais il n\u2019a pas voulu apprendre le <em>Troisi\u00e8me Quatuor Op. 60<\/em>, pr\u00e9textant qu\u2019il \u00e9tait trop vieux d\u00e9sormais pour l\u2019apprendre\u00a0!<\/p>\n<p>Laredo avait le sentiment qu\u2019Istomin faisait de la musique de chambre comme un instrumentiste \u00e0 cordes, avec une sensibilit\u00e9 toujours en \u00e9veil et la volont\u00e9 de s\u2019associer, de se m\u00ealer aux autres instruments. Excellent pianiste lui-m\u00eame, Laredo trouvait que la sonorit\u00e9 d\u2019Istomin se rapprochait davantage d\u2019un instrument \u00e0 cordes que celle d\u2019aucun autre pianiste. Pour lui, il \u00e9tait clair qu\u2019Istomin \u00e9tait l\u2019\u00e2me du Trio Istomin-Stern-Rose. Lorsqu\u2019Istomin acceptait de donner un concert, il arrivait parfaitement pr\u00e9par\u00e9, m\u00eame s\u2019il n\u2019avait pas jou\u00e9 l\u2019\u0153uvre depuis longtemps. Il \u00e9tait une source d\u2019inspiration, apportant de grandes id\u00e9es. Le seul point sur lequel il pouvait se montrer susceptible \u00e9tait la place du piano. Laredo se souvient d\u2019une r\u00e9p\u00e9tition du <em>Quatuor Op. 16<\/em> de Beethoven au \u201892 Y\u2019 \u00e0 New York. Pendant l\u2019<em>andante<\/em>, o\u00f9 le violoncelle ne joue pas, Sharon Robinson \u00e9tait all\u00e9e \u00e9couter dans la salle et revint en disant\u00a0: \u00ab\u00a0On entend peut-\u00eatre un peu trop le piano\u00a0\u00bb. Istomin \u00e9tait aussit\u00f4t mont\u00e9 sur ses grands chevaux, disant qu\u2019il avait entendu tant de fois ce reproche stupide avec le Trio pendant vingt ans, qu\u2019il ne supportait plus de l\u2019entendre. L\u2019acc\u00e8s de col\u00e8re avait \u00e9t\u00e9 bref et Sharon Robinson ne l\u2019avait pas mal pris. Cependant, Istomin lui avait t\u00e9l\u00e9phon\u00e9 dans l\u2019apr\u00e8s-midi et avait tenu \u00e0 s\u2019excuser avec beaucoup de gentillesse.<\/p>\n<p>Ce que Laredo appr\u00e9ciait le plus chez Istomin sur le plan humain, c\u2019\u00e9tait sa fid\u00e9lit\u00e9, sa loyaut\u00e9, l\u2019attention qu\u2019il portait aux autres, quelle que soit leur importance sociale. Ce qui le frappait \u00e9galement, c\u2019\u00e9tait sa sinc\u00e9rit\u00e9\u00a0! Il fut souvent abasourdi par le franc-parler d\u2019Istomin. Tr\u00e8s respectueux de ses coll\u00e8gues instrumentistes, il ne se g\u00eanait nullement, en revanche, pour dire tout le mal qu\u2019il pensait des managers ou de certains chefs d\u2019orchestre. Lorsque la direction musicale du Detroit Symphony, nagu\u00e8re l\u2019apanage de grands musiciens comme Paul Paray ou Antal Dorati, fut confi\u00e9e \u00e0 Neeme J\u00e4rvi, Istomin d\u00e9clara que c\u2019\u00e9tait une aberration, quasiment une d\u00e9ch\u00e9ance\u00a0! Laredo ajoute qu\u2019Istomin pouvait \u00eatre tr\u00e8s intimidant, m\u00eame pour de fortes personnalit\u00e9s, en particulier pour des chefs d\u2019orchestre.<\/p>\n<p>Bien s\u00fbr, Jaime Laredo fut l\u2019un des invit\u00e9s d\u2019Istomin lors des <em>Grandes Conversations en Musique<\/em> \u00e0 la Library of Congress. Interrog\u00e9 sur les grands musiciens qui l\u2019avaient marqu\u00e9, Laredo\u00a0avait r\u00e9pondu : \u2018\u2019Heifetz, pour la perfection mais pas seulement\u00a0! Casals, qui a tout chang\u00e9 dans ma fa\u00e7on de ressentir la musique, j\u2019ai sa photo dans mon studio, m\u00eal\u00e9e \u00e0 beaucoup d\u2019autres photos mais c\u2019est lui que je regarde le plus, que j\u2019interroge, qui m\u2019inspire\u2026 Et puis Leonard Rose, qui fut mon premier professeur de musique de chambre, et avec qui j\u2019ai jou\u00e9 tout le grand r\u00e9pertoire de musique de chambre pour la premi\u00e8re fois.\u2019\u2019 Laredo y disait aussi son regret qu\u2019il soit devenu impossible aujourd\u2019hui de reconna\u00eetre la sonorit\u00e9 des violonistes, alors qu\u2019avant il lui suffisait de quelques notes pour savoir qui jouait\u2026 Et Istomin pensait la m\u00eame chose pour les pianistes. Les interpr\u00e8tes d\u2019aujourd\u2019hui cherchent le style ad\u00e9quat, ils craignent de faire des fautes de go\u00fbt, ils \u00e9coutent beaucoup de disques et reproduisent un son et une interpr\u00e9tation standardis\u00e9e.<\/p>\n<\/div><div class=\"fusion-title title fusion-title-1 fusion-title-text fusion-title-size-four\"><h4 class=\"title-heading-left fusion-responsive-typography-calculated\" style=\"margin:0;--fontSize:15;--minFontSize:15;line-height:1.33;\"><strong>Quelques concerts <\/strong><\/h4><span class=\"awb-title-spacer\"><\/span><div class=\"title-sep-container\"><div class=\"title-sep sep-double sep-solid\" style=\"border-color:#e0dede;\"><\/div><\/div><\/div><div class=\"fusion-text fusion-text-2\"><p><u>11 novembre 1973<\/u>. Carnegie Hall. Brahms. Quatuor pour piano et cordes Op. 26. Isaac Stern, Jaime Laredo (alto), Leonard Rose.<\/p>\n<p><u>19 et 20 d\u00e9cembre 79.<\/u> New York \u201892 Y. <strong>Brahms<\/strong>. Quintette op. 34. Jaime Laredo, Michael Tree, Sharon Robinson. Concert enregistr\u00e9.<\/p>\n<p><u>17 avril 1980.<\/u> Detroit<strong>.<\/strong> <strong>Brahms<\/strong>, Quatuor pour piano et cordes n\u00b0 1 Op. 25. Isaac Stern, Jaime Laredo (alto), Paul Tortelier.<\/p>\n<p><u>20 mai 1994.<\/u>\u00a0 Evian. <strong>Beethoven<\/strong>. <em>Sonate pour piano et violon No. 5 \u201cPrintemps\u201d.<\/em> <strong>Brahms<\/strong>. <em>Quatuor pour piano et cordes No. 2 Op. 26<\/em>. Choong-Jin Chang (alto), Mstislav Rostropovitch.<\/p>\n<p>&nbsp;<\/p>\n<p>Documents\u00a0: photo \u00e0 demander \u00e0 Jaime<\/p>\n<p>Extrait Quatuor de Brahms, voir aussi Evian<\/p>\n<\/div><div class=\"fusion-clearfix\"><\/div><\/div><\/div><\/div><\/div>\n","protected":false},"excerpt":{"rendered":"","protected":false},"author":2,"featured_media":0,"parent":385,"menu_order":0,"comment_status":"open","ping_status":"open","template":"","meta":[],"acf":[],"_links":{"self":[{"href":"https:\/\/www.eugeneistomin.com\/fr\/wp-json\/wp\/v2\/pages\/4109"}],"collection":[{"href":"https:\/\/www.eugeneistomin.com\/fr\/wp-json\/wp\/v2\/pages"}],"about":[{"href":"https:\/\/www.eugeneistomin.com\/fr\/wp-json\/wp\/v2\/types\/page"}],"author":[{"embeddable":true,"href":"https:\/\/www.eugeneistomin.com\/fr\/wp-json\/wp\/v2\/users\/2"}],"replies":[{"embeddable":true,"href":"https:\/\/www.eugeneistomin.com\/fr\/wp-json\/wp\/v2\/comments?post=4109"}],"version-history":[{"count":4,"href":"https:\/\/www.eugeneistomin.com\/fr\/wp-json\/wp\/v2\/pages\/4109\/revisions"}],"predecessor-version":[{"id":7376,"href":"https:\/\/www.eugeneistomin.com\/fr\/wp-json\/wp\/v2\/pages\/4109\/revisions\/7376"}],"up":[{"embeddable":true,"href":"https:\/\/www.eugeneistomin.com\/fr\/wp-json\/wp\/v2\/pages\/385"}],"wp:attachment":[{"href":"https:\/\/www.eugeneistomin.com\/fr\/wp-json\/wp\/v2\/media?parent=4109"}],"curies":[{"name":"wp","href":"https:\/\/api.w.org\/{rel}","templated":true}]}}