{"id":385,"date":"2015-07-22T15:24:18","date_gmt":"2015-07-22T14:24:18","guid":{"rendered":"http:\/\/eugeneistomin.com\/?page_id=385"},"modified":"2020-02-21T23:51:10","modified_gmt":"2020-02-21T22:51:10","slug":"violonistes-et-violoncellistes","status":"publish","type":"page","link":"https:\/\/www.eugeneistomin.com\/fr\/grandes-collaborations-musicales\/violonistes-et-violoncellistes\/","title":{"rendered":"Violonistes\u00a0et violoncellistes"},"content":{"rendered":"<div class=\"fusion-fullwidth fullwidth-box fusion-builder-row-1 hundred-percent-fullwidth non-hundred-percent-height-scrolling\" style=\"--awb-border-radius-top-left:0px;--awb-border-radius-top-right:0px;--awb-border-radius-bottom-right:0px;--awb-border-radius-bottom-left:0px;--awb-overflow:visible;\" ><div class=\"fusion-builder-row fusion-row\"><div class=\"fusion-layout-column fusion_builder_column fusion-builder-column-0 fusion_builder_column_1_1 1_1 fusion-one-full fusion-column-first fusion-column-last fusion-column-no-min-height\" style=\"--awb-bg-size:cover;--awb-margin-bottom:0px;\"><div class=\"fusion-column-wrapper fusion-flex-column-wrapper-legacy\"><div class=\"fusion-text fusion-text-1\"><p class=\"beautify\">Son oreille ayant \u00e9t\u00e9 \u00e9veill\u00e9e par l\u2019\u00e9coute du chant de ses parents, Istomin se trouva toujours tr\u00e8s attir\u00e9 par les instruments \u00e0 cordes, les plus proches de la voix humaine. \u00a0Lorsqu\u2019il mentionne les musiciens qui l\u2019ont inspir\u00e9, il cite presqu\u2019autant de violonistes et de violoncellistes que de pianistes. Voil\u00e0 ce qu\u2019il dit de Heifetz : \u00ab C\u2019est un g\u00e9nie \u00a0de l\u2019interpr\u00e9tation, c\u2019est le plus grand miracle instrumental que j\u2019aie connu. Plus grand que n\u2019importe quel pianiste ! Il a eu une influence \u00e9norme, consid\u00e9rable sur moi. C\u2019\u00e9tait presque une obsession pour moi \u00e0 une certaine \u00e9poque. Aussi important pour moi que les chanteurs. \u00bb<\/p>\n<p>Il aimait beaucoup accompagner des chanteurs, et le fit assez souvent dans le cadre des festivals de Prades et de Porto Rico dans des lieder de Schubert, Schumann et Brahms. Il le fit m\u00eame, de fa\u00e7on improvis\u00e9e, avec Luciano Pavarotti et Renata Scotto dans une soir\u00e9e priv\u00e9e. Surtout, il avait un tr\u00e8s grand plaisir \u00e0 dialoguer avec des instruments \u00e0 cordes, en sonate, en trio, quatuor ou quintette. Le dialogue pouvait presque devenir une rivalit\u00e9 dans l\u2019art du chant ! Isaac Stern \u00e9crivit dans ses m\u00e9moires, Mes 79 premi\u00e8res ann\u00e9es : \u201cEugene avait la capacit\u00e9 myst\u00e9rieuse au plus haut point de faire sonner le piano comme s\u2019il avait lui aussi un archet. Par ailleurs, il avait un sens remarquable de la base harmonique de chaque phrase, et une flexibilit\u00e9 dans le phras\u00e9 qui \u00e9tait aussi naturelle pour lui que de se servir de notre archet pour Lennie et moi. \u00bb Jaime Laredo, qui joua souvent avec lui en diff\u00e9rentes formations, disait qu\u2019aucun pianiste \u00ab ne pouvait s\u2019approcher du son d\u2019un instrument \u00e0 cordes comme Eugene le faisait \u00bb. Istomin \u00e9tait m\u00eame tent\u00e9 de bouger le doigt sur la touche du piano, comme s\u2019il pouvait faire un vibrato\u2026<\/p>\n<p>Cette capacit\u00e9 rare lui valut d\u2019\u00eatre appr\u00e9ci\u00e9 et soutenu par de grands violonistes et violoncellistes, parmi ses contemporains mais aussi ses a\u00een\u00e9s. Adolf Busch avait \u00e9t\u00e9 un de ses partisans dans le jury du Concours Leventritt 1943 et il l\u2019engagea aussit\u00f4t comme soliste pour deux grandes tourn\u00e9es avec le Little Orchestra. Pablo Casals le re\u00e7ut d\u2019embl\u00e9e comme un \u00e9lu et d\u00e9clara que s\u2019il devait reprendre sa carri\u00e8re, c\u2019est avec lui qu\u2019il jouerait. Privil\u00e8ge unique. Ces deux g\u00e9ants de la musique l\u2019initi\u00e8rent \u00e0 la musique de chambre.<\/p>\n<p>Un autre grand violoniste \u00e9tait pr\u00e9sent lorsqu\u2019Istomin fit ses d\u00e9buts avec l\u2019Orchestre Philharmonique de New York : Bronislaw Huberman. En 1896, alors qu\u2019il avait tout juste treize ans, Huberman avait jou\u00e9 le Concerto pour violon de Brahms devant le compositeur qui, d\u2019abord sceptique devant un si jeune musicien, s\u2019enthousiasma. Il recopia pour lui les quatre premi\u00e8res mesures, avec cette d\u00e9dicace : \u00ab En affectueux souvenir d\u2019un auditeur combl\u00e9 de joie et reconnaissant \u00bb. Apr\u00e8s avoir entendu Istomin jouer le Deuxi\u00e8me Concerto de Brahms, il lui d\u00e9clara : \u00ab Jeune homme, j\u2019ai jou\u00e9 le Concerto pour violon de Brahms pour Brahms lui-m\u00eame, et je peux vous assurer que ce soir il aurait \u00e9t\u00e9 tr\u00e8s heureux ! \u00bb<\/p>\n<\/div><div class=\"fusion-sep-clear\"><\/div><div class=\"fusion-separator fusion-full-width-sep\" style=\"margin-left: auto;margin-right: auto;margin-top:20px;margin-bottom:20px;width:100%;\"><\/div><div class=\"fusion-sep-clear\"><\/div><div class=\"fusion-clearfix\"><\/div><\/div><\/div><div class=\"fusion-layout-column fusion_builder_column fusion-builder-column-1 fusion_builder_column_1_5 1_5 fusion-one-fifth fusion-column-first\" style=\"--awb-bg-size:cover;width:16.8%; margin-right: 4%;\"><div class=\"fusion-column-wrapper fusion-flex-column-wrapper-legacy\"><div class=\"fusion-person person fusion-person-left fusion-person-1 fusion-person-icon-top\" style=\"--awb-pic-style-color:#000000;--awb-pic-borderradius:50%;--awb-margin-top:0px;--awb-margin-right:0px;--awb-margin-bottom:0px;--awb-margin-left:0px;--awb-social-box-border-top:0px;--awb-social-box-border-right:0px;--awb-social-box-border-bottom:0px;--awb-social-box-border-left:0px;--awb-social-box-border-color:var(--awb-color3);--awb-social-box-colors-hover:rgba(232,232,232,0.8);--awb-social-box-border-color-hover:var(--awb-color4);--awb-social-icon-colors-hover:rgba(190,189,189,0.8);\"><div class=\"person-shortcode-image-wrapper\"><div class=\"person-image-container hover-type-none glow person-rounded-overflow\" style=\"-webkit-border-radius:50%;-moz-border-radius:50%;border-radius:50%;border:0px solid #f6f6f6;-webkit-box-shadow: 0 0 3px rgba(0,0,0,0.3);box-shadow: 0 0 3px rgba(0,0,0,0.3);-webkit-border-radius:50%;-moz-border-radius:50%;border-radius:50%;\"><a href=\"\/fr\/grandes-collaborations-musicales\/violonistes-et-violoncellistes\/emanuel-feuermann\/\" target=\"_self\"><img decoding=\"async\" class=\"person-img img-responsive\" src=\"https:\/\/eugeneistomin.com\/wp-content\/uploads\/2015\/07\/Feuermann-thumb-300x300.jpg\" alt=\"Emanuel Feuermann\" \/><\/a><\/div><\/div><div class=\"person-desc\"><div class=\"person-author\"><div class=\"person-author-wrapper\"><span class=\"person-name\">Emanuel Feuermann<\/span><span class=\"person-title\"><\/span><\/div><\/div><div class=\"person-content fusion-clearfix\"><\/div><\/div><\/div><div class=\"fusion-clearfix\"><\/div><\/div><\/div><div class=\"fusion-layout-column fusion_builder_column fusion-builder-column-2 fusion_builder_column_1_5 1_5 fusion-one-fifth\" style=\"--awb-bg-size:cover;width:16.8%; margin-right: 4%;\"><div class=\"fusion-column-wrapper fusion-flex-column-wrapper-legacy\"><div class=\"fusion-person person fusion-person-left fusion-person-2 fusion-person-icon-top\" style=\"--awb-pic-style-color:#000000;--awb-pic-borderradius:50%;--awb-margin-top:0px;--awb-margin-right:0px;--awb-margin-bottom:0px;--awb-margin-left:0px;--awb-social-box-border-top:0px;--awb-social-box-border-right:0px;--awb-social-box-border-bottom:0px;--awb-social-box-border-left:0px;--awb-social-box-border-color:var(--awb-color3);--awb-social-box-colors-hover:rgba(232,232,232,0.8);--awb-social-box-border-color-hover:var(--awb-color4);--awb-social-icon-colors-hover:rgba(190,189,189,0.8);\"><div class=\"person-shortcode-image-wrapper\"><div class=\"person-image-container hover-type-none glow person-rounded-overflow\" style=\"-webkit-border-radius:50%;-moz-border-radius:50%;border-radius:50%;border:0px solid #f6f6f6;-webkit-box-shadow: 0 0 3px rgba(0,0,0,0.3);box-shadow: 0 0 3px rgba(0,0,0,0.3);-webkit-border-radius:50%;-moz-border-radius:50%;border-radius:50%;\"><a href=\"\/fr\/grandes-collaborations-musicales\/violonistes-et-violoncellistes\/madeline-foley\" target=\"_self\"><img decoding=\"async\" class=\"person-img img-responsive\" src=\"https:\/\/eugeneistomin.com\/wp-content\/uploads\/2015\/07\/Foley-1-001-thumb-300x300.jpg\" alt=\"Madeline Foley\" \/><\/a><\/div><\/div><div class=\"person-desc\"><div class=\"person-author\"><div class=\"person-author-wrapper\"><span class=\"person-name\">Madeline Foley<\/span><span class=\"person-title\"><\/span><\/div><\/div><div class=\"person-content fusion-clearfix\"><\/div><\/div><\/div><div class=\"fusion-clearfix\"><\/div><\/div><\/div><div class=\"fusion-layout-column fusion_builder_column fusion-builder-column-3 fusion_builder_column_1_5 1_5 fusion-one-fifth\" style=\"--awb-bg-size:cover;width:16.8%; margin-right: 4%;\"><div class=\"fusion-column-wrapper fusion-flex-column-wrapper-legacy\"><div class=\"fusion-person person fusion-person-left fusion-person-3 fusion-person-icon-top\" style=\"--awb-pic-style-color:#000000;--awb-pic-borderradius:50%;--awb-margin-top:0px;--awb-margin-right:0px;--awb-margin-bottom:0px;--awb-margin-left:0px;--awb-social-box-border-top:0px;--awb-social-box-border-right:0px;--awb-social-box-border-bottom:0px;--awb-social-box-border-left:0px;--awb-social-box-border-color:var(--awb-color3);--awb-social-box-colors-hover:rgba(232,232,232,0.8);--awb-social-box-border-color-hover:var(--awb-color4);--awb-social-icon-colors-hover:rgba(190,189,189,0.8);\"><div class=\"person-shortcode-image-wrapper\"><div class=\"person-image-container hover-type-none glow person-rounded-overflow\" style=\"-webkit-border-radius:50%;-moz-border-radius:50%;border-radius:50%;border:0px solid #f6f6f6;-webkit-box-shadow: 0 0 3px rgba(0,0,0,0.3);box-shadow: 0 0 3px rgba(0,0,0,0.3);-webkit-border-radius:50%;-moz-border-radius:50%;border-radius:50%;\"><a href=\"\/fr\/grandes-collaborations-musicales\/violonistes-et-violoncellistes\/joseph-fuchs\/\" target=\"_self\"><img decoding=\"async\" class=\"person-img img-responsive\" src=\"https:\/\/eugeneistomin.com\/wp-content\/uploads\/2015\/07\/Fuchs-2-thumb-300x300.jpg\" alt=\"Joseph Fuchs\" \/><\/a><\/div><\/div><div class=\"person-desc\"><div class=\"person-author\"><div class=\"person-author-wrapper\"><span class=\"person-name\">Joseph Fuchs<\/span><span class=\"person-title\"><\/span><\/div><\/div><div class=\"person-content fusion-clearfix\"><\/div><\/div><\/div><div class=\"fusion-clearfix\"><\/div><\/div><\/div><div class=\"fusion-layout-column fusion_builder_column fusion-builder-column-4 fusion_builder_column_1_5 1_5 fusion-one-fifth\" style=\"--awb-bg-size:cover;width:16.8%; margin-right: 4%;\"><div class=\"fusion-column-wrapper fusion-flex-column-wrapper-legacy\"><div class=\"fusion-person person fusion-person-left fusion-person-4 fusion-person-icon-top\" style=\"--awb-pic-style-color:#000000;--awb-pic-borderradius:50%;--awb-margin-top:0px;--awb-margin-right:0px;--awb-margin-bottom:0px;--awb-margin-left:0px;--awb-social-box-border-top:0px;--awb-social-box-border-right:0px;--awb-social-box-border-bottom:0px;--awb-social-box-border-left:0px;--awb-social-box-border-color:var(--awb-color3);--awb-social-box-colors-hover:rgba(232,232,232,0.8);--awb-social-box-border-color-hover:var(--awb-color4);--awb-social-icon-colors-hover:rgba(190,189,189,0.8);\"><div class=\"person-shortcode-image-wrapper\"><div class=\"person-image-container hover-type-none glow person-rounded-overflow\" style=\"-webkit-border-radius:50%;-moz-border-radius:50%;border-radius:50%;border:0px solid #f6f6f6;-webkit-box-shadow: 0 0 3px rgba(0,0,0,0.3);box-shadow: 0 0 3px rgba(0,0,0,0.3);-webkit-border-radius:50%;-moz-border-radius:50%;border-radius:50%;\"><a href=\"\/fr\/grandes-collaborations-musicales\/violonistes-et-violoncellistes\/jascha-heifetz\/\" target=\"_self\"><img decoding=\"async\" class=\"person-img img-responsive\" src=\"https:\/\/eugeneistomin.com\/wp-content\/uploads\/2015\/07\/Heifetz-1-thumb-300x300.jpg\" alt=\"Jascha Heifetz\" \/><\/a><\/div><\/div><div class=\"person-desc\"><div class=\"person-author\"><div class=\"person-author-wrapper\"><span class=\"person-name\">Jascha Heifetz<\/span><span class=\"person-title\"><\/span><\/div><\/div><div class=\"person-content fusion-clearfix\"><\/div><\/div><\/div><div class=\"fusion-clearfix\"><\/div><\/div><\/div><div class=\"fusion-layout-column fusion_builder_column fusion-builder-column-5 fusion_builder_column_1_5 1_5 fusion-one-fifth fusion-column-last\" style=\"--awb-bg-size:cover;width:16.8%;\"><div class=\"fusion-column-wrapper fusion-flex-column-wrapper-legacy\"><div class=\"fusion-person person fusion-person-left fusion-person-5 fusion-person-icon-top\" style=\"--awb-pic-style-color:#000000;--awb-pic-borderradius:50%;--awb-margin-top:0px;--awb-margin-right:0px;--awb-margin-bottom:0px;--awb-margin-left:0px;--awb-social-box-border-top:0px;--awb-social-box-border-right:0px;--awb-social-box-border-bottom:0px;--awb-social-box-border-left:0px;--awb-social-box-border-color:var(--awb-color3);--awb-social-box-colors-hover:rgba(232,232,232,0.8);--awb-social-box-border-color-hover:var(--awb-color4);--awb-social-icon-colors-hover:rgba(190,189,189,0.8);\"><div class=\"person-shortcode-image-wrapper\"><div class=\"person-image-container hover-type-none glow person-rounded-overflow\" style=\"-webkit-border-radius:50%;-moz-border-radius:50%;border-radius:50%;border:0px solid #f6f6f6;-webkit-box-shadow: 0 0 3px rgba(0,0,0,0.3);box-shadow: 0 0 3px rgba(0,0,0,0.3);-webkit-border-radius:50%;-moz-border-radius:50%;border-radius:50%;\"><a href=\"\/fr\/grandes-collaborations-musicales\/violonistes-et-violoncellistes\/jaime-laredo\/\" target=\"_self\"><img decoding=\"async\" class=\"person-img img-responsive\" src=\"https:\/\/eugeneistomin.com\/wp-content\/uploads\/2015\/07\/Laredo-au-CMIREB-thumb-300x300.jpg\" alt=\"Jaime Laredo\" \/><\/a><\/div><\/div><div class=\"person-desc\"><div class=\"person-author\"><div class=\"person-author-wrapper\"><span class=\"person-name\">Jaime Laredo<\/span><span class=\"person-title\"><\/span><\/div><\/div><div class=\"person-content fusion-clearfix\"><\/div><\/div><\/div><div class=\"fusion-clearfix\"><\/div><\/div><\/div><div class=\"fusion-layout-column fusion_builder_column fusion-builder-column-6 fusion_builder_column_1_5 1_5 fusion-one-fifth fusion-column-first\" style=\"--awb-bg-size:cover;width:16.8%; margin-right: 4%;\"><div class=\"fusion-column-wrapper fusion-flex-column-wrapper-legacy\"><div class=\"fusion-person person fusion-person-left fusion-person-6 fusion-person-icon-top\" style=\"--awb-pic-style-color:#000000;--awb-pic-borderradius:50%;--awb-margin-top:0px;--awb-margin-right:0px;--awb-margin-bottom:0px;--awb-margin-left:0px;--awb-social-box-border-top:0px;--awb-social-box-border-right:0px;--awb-social-box-border-bottom:0px;--awb-social-box-border-left:0px;--awb-social-box-border-color:var(--awb-color3);--awb-social-box-colors-hover:rgba(232,232,232,0.8);--awb-social-box-border-color-hover:var(--awb-color4);--awb-social-icon-colors-hover:rgba(190,189,189,0.8);\"><div class=\"person-shortcode-image-wrapper\"><div class=\"person-image-container hover-type-none glow person-rounded-overflow\" style=\"-webkit-border-radius:50%;-moz-border-radius:50%;border-radius:50%;border:0px solid #f6f6f6;-webkit-box-shadow: 0 0 3px rgba(0,0,0,0.3);box-shadow: 0 0 3px rgba(0,0,0,0.3);-webkit-border-radius:50%;-moz-border-radius:50%;border-radius:50%;\"><a href=\"\/fr\/grandes-collaborations-musicales\/violonistes-et-violoncellistes\/leonard-rose\/\" target=\"_self\"><img decoding=\"async\" class=\"person-img img-responsive\" src=\"https:\/\/eugeneistomin.com\/wp-content\/uploads\/2015\/07\/Leonard-Rose-001-thumb-300x300.jpg\" alt=\"Leonard Rose\" \/><\/a><\/div><\/div><div class=\"person-desc\"><div class=\"person-author\"><div class=\"person-author-wrapper\"><span class=\"person-name\">Leonard Rose<\/span><span class=\"person-title\"><\/span><\/div><\/div><div class=\"person-content fusion-clearfix\"><\/div><\/div><\/div><div class=\"fusion-clearfix\"><\/div><\/div><\/div><div class=\"fusion-layout-column fusion_builder_column fusion-builder-column-7 fusion_builder_column_1_5 1_5 fusion-one-fifth\" style=\"--awb-bg-size:cover;width:16.8%; margin-right: 4%;\"><div class=\"fusion-column-wrapper fusion-flex-column-wrapper-legacy\"><div class=\"fusion-person person fusion-person-left fusion-person-7 fusion-person-icon-top\" style=\"--awb-pic-style-color:#000000;--awb-pic-borderradius:50%;--awb-margin-top:0px;--awb-margin-right:0px;--awb-margin-bottom:0px;--awb-margin-left:0px;--awb-social-box-border-top:0px;--awb-social-box-border-right:0px;--awb-social-box-border-bottom:0px;--awb-social-box-border-left:0px;--awb-social-box-border-color:var(--awb-color3);--awb-social-box-colors-hover:rgba(232,232,232,0.8);--awb-social-box-border-color-hover:var(--awb-color4);--awb-social-icon-colors-hover:rgba(190,189,189,0.8);\"><div class=\"person-shortcode-image-wrapper\"><div class=\"person-image-container hover-type-none glow person-rounded-overflow\" style=\"-webkit-border-radius:50%;-moz-border-radius:50%;border-radius:50%;border:0px solid #f6f6f6;-webkit-box-shadow: 0 0 3px rgba(0,0,0,0.3);box-shadow: 0 0 3px rgba(0,0,0,0.3);-webkit-border-radius:50%;-moz-border-radius:50%;border-radius:50%;\"><a href=\"\/fr\/grandes-collaborations-musicales\/violonistes-et-violoncellistes\/alexander-schneider\/\" target=\"_self\"><img decoding=\"async\" class=\"person-img img-responsive\" src=\"https:\/\/eugeneistomin.com\/wp-content\/uploads\/2015\/07\/Schneider-jouant-du-violon-thumb.jpg\" alt=\"Alexander Schneider\" \/><\/a><\/div><\/div><div class=\"person-desc\"><div class=\"person-author\"><div class=\"person-author-wrapper\"><span class=\"person-name\">Alexander Schneider<\/span><span class=\"person-title\"><\/span><\/div><\/div><div class=\"person-content fusion-clearfix\"><\/div><\/div><\/div><div class=\"fusion-clearfix\"><\/div><\/div><\/div><div class=\"fusion-layout-column fusion_builder_column fusion-builder-column-8 fusion_builder_column_1_5 1_5 fusion-one-fifth\" style=\"--awb-bg-size:cover;width:16.8%; margin-right: 4%;\"><div class=\"fusion-column-wrapper fusion-flex-column-wrapper-legacy\"><div class=\"fusion-person person fusion-person-left fusion-person-8 fusion-person-icon-top\" style=\"--awb-pic-style-color:#000000;--awb-pic-borderradius:50%;--awb-margin-top:0px;--awb-margin-right:0px;--awb-margin-bottom:0px;--awb-margin-left:0px;--awb-social-box-border-top:0px;--awb-social-box-border-right:0px;--awb-social-box-border-bottom:0px;--awb-social-box-border-left:0px;--awb-social-box-border-color:var(--awb-color3);--awb-social-box-colors-hover:rgba(232,232,232,0.8);--awb-social-box-border-color-hover:var(--awb-color4);--awb-social-icon-colors-hover:rgba(190,189,189,0.8);\"><div class=\"person-shortcode-image-wrapper\"><div class=\"person-image-container hover-type-none glow person-rounded-overflow\" style=\"-webkit-border-radius:50%;-moz-border-radius:50%;border-radius:50%;border:0px solid #f6f6f6;-webkit-box-shadow: 0 0 3px rgba(0,0,0,0.3);box-shadow: 0 0 3px rgba(0,0,0,0.3);-webkit-border-radius:50%;-moz-border-radius:50%;border-radius:50%;\"><a href=\"\/fr\/grandes-collaborations-musicales\/violonistes-et-violoncellistes\/isaac-stern\/\" target=\"_self\"><img decoding=\"async\" class=\"person-img img-responsive\" src=\"https:\/\/eugeneistomin.com\/wp-content\/uploads\/2015\/07\/Isaac-Stern-1961-thumb-300x300.jpg\" alt=\"Isaac Stern\" \/><\/a><\/div><\/div><div class=\"person-desc\"><div class=\"person-author\"><div class=\"person-author-wrapper\"><span class=\"person-name\">Isaac Stern<\/span><span class=\"person-title\"><\/span><\/div><\/div><div class=\"person-content fusion-clearfix\"><\/div><\/div><\/div><div class=\"fusion-clearfix\"><\/div><\/div><\/div><div class=\"fusion-layout-column fusion_builder_column fusion-builder-column-9 fusion_builder_column_1_5 1_5 fusion-one-fifth\" style=\"--awb-bg-size:cover;width:16.8%; margin-right: 4%;\"><div class=\"fusion-column-wrapper fusion-flex-column-wrapper-legacy\"><div class=\"fusion-person person fusion-person-left fusion-person-9 fusion-person-icon-top\" style=\"--awb-pic-style-color:#000000;--awb-pic-borderradius:50%;--awb-margin-top:0px;--awb-margin-right:0px;--awb-margin-bottom:0px;--awb-margin-left:0px;--awb-social-box-border-top:0px;--awb-social-box-border-right:0px;--awb-social-box-border-bottom:0px;--awb-social-box-border-left:0px;--awb-social-box-border-color:var(--awb-color3);--awb-social-box-colors-hover:rgba(232,232,232,0.8);--awb-social-box-border-color-hover:var(--awb-color4);--awb-social-icon-colors-hover:rgba(190,189,189,0.8);\"><div class=\"person-shortcode-image-wrapper\"><div class=\"person-image-container hover-type-none glow person-rounded-overflow\" style=\"-webkit-border-radius:50%;-moz-border-radius:50%;border-radius:50%;border:0px solid #f6f6f6;-webkit-box-shadow: 0 0 3px rgba(0,0,0,0.3);box-shadow: 0 0 3px rgba(0,0,0,0.3);-webkit-border-radius:50%;-moz-border-radius:50%;border-radius:50%;\"><a href=\"\/fr\/grandes-collaborations-musicales\/violonistes-et-violoncellistes\/paul-tortelier\/\" target=\"_self\"><img decoding=\"async\" class=\"person-img img-responsive\" src=\"https:\/\/eugeneistomin.com\/wp-content\/uploads\/2015\/07\/Tortelier-thumb.jpg\" alt=\"Paul Tortelier\" \/><\/a><\/div><\/div><div class=\"person-desc\"><div class=\"person-author\"><div class=\"person-author-wrapper\"><span class=\"person-name\">Paul Tortelier<\/span><span class=\"person-title\"><\/span><\/div><\/div><div class=\"person-content fusion-clearfix\"><\/div><\/div><\/div><div class=\"fusion-clearfix\"><\/div><\/div><\/div><div class=\"fusion-layout-column fusion_builder_column fusion-builder-column-10 fusion_builder_column_1_5 1_5 fusion-one-fifth fusion-column-last\" style=\"--awb-bg-size:cover;width:16.8%;\"><div class=\"fusion-column-wrapper fusion-flex-column-wrapper-legacy\"><div class=\"fusion-person person fusion-person-left fusion-person-10 fusion-person-icon-top\" style=\"--awb-pic-style-color:#000000;--awb-pic-borderradius:50%;--awb-margin-top:0px;--awb-margin-right:0px;--awb-margin-bottom:0px;--awb-margin-left:0px;--awb-social-box-border-top:0px;--awb-social-box-border-right:0px;--awb-social-box-border-bottom:0px;--awb-social-box-border-left:0px;--awb-social-box-border-color:var(--awb-color3);--awb-social-box-colors-hover:rgba(232,232,232,0.8);--awb-social-box-border-color-hover:var(--awb-color4);--awb-social-icon-colors-hover:rgba(190,189,189,0.8);\"><div class=\"person-shortcode-image-wrapper\"><div class=\"person-image-container hover-type-none glow person-rounded-overflow\" style=\"-webkit-border-radius:50%;-moz-border-radius:50%;border-radius:50%;border:0px solid #f6f6f6;-webkit-box-shadow: 0 0 3px rgba(0,0,0,0.3);box-shadow: 0 0 3px rgba(0,0,0,0.3);-webkit-border-radius:50%;-moz-border-radius:50%;border-radius:50%;\"><a href=\"\/fr\/grandes-collaborations-musicales\/violonistes-et-violoncellistes\/pinchas-zukerman\/\" target=\"_self\"><img decoding=\"async\" class=\"person-img img-responsive\" src=\"https:\/\/eugeneistomin.com\/wp-content\/uploads\/2015\/07\/Zukerman-thumb.jpg\" alt=\"Pinchas Zukerman\" \/><\/a><\/div><\/div><div class=\"person-desc\"><div class=\"person-author\"><div class=\"person-author-wrapper\"><span class=\"person-name\">Pinchas Zukerman<\/span><span class=\"person-title\"><\/span><\/div><\/div><div class=\"person-content fusion-clearfix\"><\/div><\/div><\/div><div class=\"fusion-clearfix\"><\/div><\/div><\/div><\/div><\/div>\n","protected":false},"excerpt":{"rendered":"","protected":false},"author":2,"featured_media":0,"parent":17,"menu_order":0,"comment_status":"open","ping_status":"open","template":"","meta":[],"acf":[],"_links":{"self":[{"href":"https:\/\/www.eugeneistomin.com\/fr\/wp-json\/wp\/v2\/pages\/385"}],"collection":[{"href":"https:\/\/www.eugeneistomin.com\/fr\/wp-json\/wp\/v2\/pages"}],"about":[{"href":"https:\/\/www.eugeneistomin.com\/fr\/wp-json\/wp\/v2\/types\/page"}],"author":[{"embeddable":true,"href":"https:\/\/www.eugeneistomin.com\/fr\/wp-json\/wp\/v2\/users\/2"}],"replies":[{"embeddable":true,"href":"https:\/\/www.eugeneistomin.com\/fr\/wp-json\/wp\/v2\/comments?post=385"}],"version-history":[{"count":15,"href":"https:\/\/www.eugeneistomin.com\/fr\/wp-json\/wp\/v2\/pages\/385\/revisions"}],"predecessor-version":[{"id":7672,"href":"https:\/\/www.eugeneistomin.com\/fr\/wp-json\/wp\/v2\/pages\/385\/revisions\/7672"}],"up":[{"embeddable":true,"href":"https:\/\/www.eugeneistomin.com\/fr\/wp-json\/wp\/v2\/pages\/17"}],"wp:attachment":[{"href":"https:\/\/www.eugeneistomin.com\/fr\/wp-json\/wp\/v2\/media?parent=385"}],"curies":[{"name":"wp","href":"https:\/\/api.w.org\/{rel}","templated":true}]}}