{"id":361,"date":"2015-07-22T15:13:54","date_gmt":"2015-07-22T14:13:54","guid":{"rendered":"http:\/\/eugeneistomin.com\/?page_id=361"},"modified":"2020-02-21T23:51:14","modified_gmt":"2020-02-21T22:51:14","slug":"art-et-cinema","status":"publish","type":"page","link":"https:\/\/www.eugeneistomin.com\/fr\/lhomme\/art-et-cinema\/","title":{"rendered":"Art et cin\u00e9ma"},"content":{"rendered":"<p><div class=\"fusion-bg-parallax\" data-bg-align=\"left top\" data-direction=\"up\" data-mute=\"false\" data-opacity=\"100\" data-velocity=\"-0.6\" data-mobile-enabled=\"true\" data-break_parents=\"0\" data-bg-image=\"https:\/\/eugeneistomin.com\/wp-content\/uploads\/2015\/07\/zaritsky_joseph_zaritsky_18911985_sans_titre_aquarelle_et-5-1.jpg\" data-bg-repeat=\"false\" ><\/div><div class=\"fusion-fullwidth fullwidth-box fusion-builder-row-1 fusion-parallax-up parallax-link-light nonhundred-percent-fullwidth non-hundred-percent-height-scrolling\" style=\"--awb-background-position:left top;--awb-border-radius-top-left:0px;--awb-border-radius-top-right:0px;--awb-border-radius-bottom-right:0px;--awb-border-radius-bottom-left:0px;--awb-padding-top:150px;--awb-padding-right:0px;--awb-padding-bottom:50px;--awb-padding-left:20px;--awb-background-image:url(&quot;https:\/\/eugeneistomin.com\/wp-content\/uploads\/2015\/07\/zaritsky_joseph_zaritsky_18911985_sans_titre_aquarelle_et-5-1.jpg&quot;);--awb-background-size:cover;--awb-border-sizes-top:0px;--awb-border-sizes-bottom:0px;\" ><div class=\"fusion-builder-row fusion-row\"><div class=\"fusion-layout-column fusion_builder_column fusion-builder-column-0 fusion_builder_column_1_1 1_1 fusion-one-full fusion-column-first fusion-column-last fusion-column-no-min-height\" style=\"--awb-bg-size:cover;--awb-margin-bottom:0px;\"><div class=\"fusion-column-wrapper fusion-flex-column-wrapper-legacy\"><div class=\"fusion-title title fusion-title-1 fusion-sep-none fusion-title-text fusion-title-size-one\"><h1 class=\"title-heading-left fusion-responsive-typography-calculated\" style=\"margin:0;--fontSize:34;line-height:1.41;\"><span style=\"font-size: 60px!important; color: white; text-shadow: 4px 4px 8px #333333;\">Art  et Cin\u00e9ma<\/span><\/h1><\/div><div class=\"fusion-text fusion-text-1\"><p><a style=\"background: rgba(255,255,2550,0.6); padding: 8px; text-transform: uppercase;\" href=\"\/fr\/lhomme\/art-et-cinema\/lamateur-et-le-collectionneur-dart\/\">L\u2019amateur et le collectionneur d\u2019art<\/a> <a style=\"background: rgba(255,255,2550,0.6); padding: 8px; text-transform: uppercase; margin-left: 20px;\" href=\"\/fr\/lhomme\/art-et-cinema\/cinema\/\">Cin\u00e9ma<\/a> <a style=\"background: rgba(255,255,2550,0.6); padding: 8px; text-transform: uppercase; margin-left: 20px;\" href=\"\/fr\/lhomme\/art-et-cinema\/avigdor-arikha\/\">Avigdor Arikha<\/a><\/p>\n<\/div><div class=\"fusion-clearfix\"><\/div><\/div><\/div><\/div><\/div><div class=\"fusion-fullwidth fullwidth-box fusion-builder-row-2 nonhundred-percent-fullwidth non-hundred-percent-height-scrolling\" style=\"--awb-background-position:left top;--awb-border-radius-top-left:0px;--awb-border-radius-top-right:0px;--awb-border-radius-bottom-right:0px;--awb-border-radius-bottom-left:0px;--awb-padding-top:20px;--awb-padding-right:0px;--awb-padding-bottom:20px;--awb-padding-left:0px;--awb-border-sizes-top:0px;--awb-border-sizes-bottom:0px;\" ><div class=\"fusion-builder-row fusion-row\"><div class=\"fusion-layout-column fusion_builder_column fusion-builder-column-1 fusion_builder_column_1_1 1_1 fusion-one-full fusion-column-first fusion-column-last fusion-column-no-min-height\" style=\"--awb-bg-size:cover;--awb-margin-bottom:0px;\"><div class=\"fusion-column-wrapper fusion-flex-column-wrapper-legacy\"><div class=\"fusion-text fusion-text-2\"><p>\u00ab\u00a0Il est install\u00e9 au milieu d\u2019une collection d\u2019art qui pourrait constituer un petit mus\u00e9e : un portrait de Stravinsky par Giacometti regarde avec bienveillance une rang\u00e9e de Matisse, L\u00e9ger et Gris. Trois Picasso forment une r\u00e9trospective de la carri\u00e8re du g\u00e9nial catalan depuis une importante aquarelle de 1907, <em>Trois femmes<\/em>, qui a appartenu nagu\u00e8re \u00e0 Gertrude Stein, jusqu\u2019\u00e0 une sc\u00e8ne de corrida, extr\u00eamement personnelle, de 1959.\u00a0\u00bb C\u2019est ainsi qu\u2019Octavio Roca\u00a0d\u00e9crit l\u2019appartement des Istomin lors d\u2019une interview qui fut publi\u00e9e dans le <em>Washington Times<\/em> du 15 mars 1992, sous le titre Istomin, d\u00e9fenseur de l\u2019humanisme musical.<\/p>\n<p>Tr\u00e8s t\u00f4t, Istomin avait trouv\u00e9 naturel de s\u2019entourer de livres et d\u2019\u0153uvres d\u2019art. Il n\u2019aurait pas pu vivre sans\u00a0! Il n\u2019acheta jamais de voiture, et n\u2019eut jamais de maison \u00e0 lui, jusqu\u2019\u00e0 ce qu\u2019il s\u2019installe \u00e0 Washington avec Marta\u00a0au d\u00e9but des ann\u00e9es 80. Tout son argent passait dans les livres et les \u0153uvres d\u2019art!\u00a0<img decoding=\"async\" class=\" size-medium wp-image-3113 alignright\" src=\"https:\/\/eugeneistomin.com\/wp-content\/uploads\/2015\/07\/pablo_picasso_la_pique_d5734195h-300x232.jpg\" alt=\"pablo_picasso_la_pique_d5734195h\" width=\"300\" height=\"232\" srcset=\"https:\/\/www.eugeneistomin.com\/wp-content\/uploads\/2015\/07\/pablo_picasso_la_pique_d5734195h-180x138.jpg 180w, https:\/\/www.eugeneistomin.com\/wp-content\/uploads\/2015\/07\/pablo_picasso_la_pique_d5734195h-300x232.jpg 300w, https:\/\/www.eugeneistomin.com\/wp-content\/uploads\/2015\/07\/pablo_picasso_la_pique_d5734195h.jpg 340w\" sizes=\"(max-width: 300px) 100vw, 300px\" \/>Ses int\u00e9r\u00eats \u00e9taient infiniment vari\u00e9s, et sa curiosit\u00e9 toujours en \u00e9veil. La peinture du Vingti\u00e8me Si\u00e8cle \u00e9tait au centre de ses passions. Dans le choix de ses amiti\u00e9s avec les peintres contemporains, il privil\u00e9giait ceux qui s\u2019\u00e9taient nourris d\u2019une connaissance profonde de l\u2019histoire de leur art et qui s\u2019int\u00e9ressaient \u00e0 la musique et la litt\u00e9rature. C\u2019\u00e9tait bien s\u00fbr le cas d\u2019Avigdor Arikha, mais aussi des autres artistes dont il a \u00e9t\u00e9 proche\u00a0: Norris Embry, Barnett Newman, Richard Diebenkorn\u2026<\/p>\n<p>Le cin\u00e9ma fut une passion de jeunesse qui lui permit de s\u2019\u00e9vader du quotidien pianistique. Les personnages de cin\u00e9ma et les acteurs l\u2019habitaient en permanence. D\u00e8s le d\u00e9but des ann\u00e9es 50, il n\u2019eut plus gu\u00e8re le temps d\u2019aller dans les salles obscures, mais il garda la nostalgie des vieux films et les revoyait r\u00e9guli\u00e8rement sur son \u00e9cran lors de rediffusions nocturnes ou gr\u00e2ce \u00e0 sa collection de cassettes.<\/p>\n<\/div><div class=\"fusion-clearfix\"><\/div><\/div><\/div><\/div><\/div><\/p>\n","protected":false},"excerpt":{"rendered":"","protected":false},"author":2,"featured_media":0,"parent":15,"menu_order":0,"comment_status":"open","ping_status":"open","template":"100-width.php","meta":[],"acf":[],"_links":{"self":[{"href":"https:\/\/www.eugeneistomin.com\/fr\/wp-json\/wp\/v2\/pages\/361"}],"collection":[{"href":"https:\/\/www.eugeneistomin.com\/fr\/wp-json\/wp\/v2\/pages"}],"about":[{"href":"https:\/\/www.eugeneistomin.com\/fr\/wp-json\/wp\/v2\/types\/page"}],"author":[{"embeddable":true,"href":"https:\/\/www.eugeneistomin.com\/fr\/wp-json\/wp\/v2\/users\/2"}],"replies":[{"embeddable":true,"href":"https:\/\/www.eugeneistomin.com\/fr\/wp-json\/wp\/v2\/comments?post=361"}],"version-history":[{"count":20,"href":"https:\/\/www.eugeneistomin.com\/fr\/wp-json\/wp\/v2\/pages\/361\/revisions"}],"predecessor-version":[{"id":7686,"href":"https:\/\/www.eugeneistomin.com\/fr\/wp-json\/wp\/v2\/pages\/361\/revisions\/7686"}],"up":[{"embeddable":true,"href":"https:\/\/www.eugeneistomin.com\/fr\/wp-json\/wp\/v2\/pages\/15"}],"wp:attachment":[{"href":"https:\/\/www.eugeneistomin.com\/fr\/wp-json\/wp\/v2\/media?parent=361"}],"curies":[{"name":"wp","href":"https:\/\/api.w.org\/{rel}","templated":true}]}}