{"id":2150,"date":"2016-02-19T21:22:40","date_gmt":"2016-02-19T20:22:40","guid":{"rendered":"http:\/\/eugeneistomin.com\/?page_id=2150"},"modified":"2020-02-21T23:50:30","modified_gmt":"2020-02-21T22:50:30","slug":"le-trio-1962-1969","status":"publish","type":"page","link":"https:\/\/www.eugeneistomin.com\/fr\/grandes-collaborations-musicales\/le-trio-istomin-stern-rose\/le-trio-1962-1969\/","title":{"rendered":"Le Trio\u00a0: 1962 \u2013 1969"},"content":{"rendered":"<div class=\"fusion-fullwidth fullwidth-box fusion-builder-row-1 hundred-percent-fullwidth non-hundred-percent-height-scrolling\" style=\"--awb-border-radius-top-left:0px;--awb-border-radius-top-right:0px;--awb-border-radius-bottom-right:0px;--awb-border-radius-bottom-left:0px;--awb-overflow:visible;\" ><div class=\"fusion-builder-row fusion-row\"><div class=\"fusion-layout-column fusion_builder_column fusion-builder-column-0 fusion_builder_column_1_1 1_1 fusion-one-full fusion-column-first fusion-column-last fusion-column-no-min-height\" style=\"--awb-bg-size:cover;--awb-margin-bottom:0px;\"><div class=\"fusion-column-wrapper fusion-flex-column-wrapper-legacy\"><div class=\"fusion-text fusion-text-1\"><p>C\u2019est au printemps <strong>1962<\/strong>,  confort\u00e9 par l\u2019accueil enthousiaste qu\u2019il avait re\u00e7u l\u2019ann\u00e9e pr\u00e9c\u00e9dente en Isra\u00ebl et en Angleterre, que le Trio Istomin-Stern-Rose partit \u00e0 la conqu\u00eate de New York. En guise de pr\u00e9lude, pour \u00e9veiller la curiosit\u00e9 du public et de la critique, Istomin, Stern et Rose jou\u00e8rent le <em>Triple Concerto<\/em> de Beethoven \u00e0 Carnegie Hall avec The Symphony of The Air sous la direction d\u2019Alfred Wallenstein. Puis, n\u2019osant pas encore Carnegie Hall, ils donn\u00e8rent deux concerts de trios \u00e0 l\u2019Auditorium du Metropolitan Museum\u00a0: le 3 mai, Beethoven <em>opus 70 n\u00b0 2<\/em>, Ravel, Mendelssohn <em>n\u00b0 1<\/em>\u00a0; le 6 mai, Beethoven <em>opus 70 n\u00b0 1<\/em>, Brahms <em>n\u00b0 2<\/em>, Schubert <em>n\u00b0 1<\/em>. D\u2019embl\u00e9e, la critique fut enthousiaste, s\u2019extasiant \u00e0 la fois sur la perfection virtuose de leurs interpr\u00e9tations et sur le respect de l\u2019essence m\u00eame de la musique de chambre. Paul Henry Lang \u00e9crivit dans le <em>Herald Tribune\u00a0<\/em>: \u00ab\u00a0Trois grands musiciens jouent pour leur propre plaisir et le public est juste assis l\u00e0, plein de reconnaissance qu\u2019une telle chose soit possible\u00a0!\u00a0\u00bb<\/p>\n<div id=\"attachment_2151\" style=\"width: 307px\" class=\"wp-caption alignleft\"><a href=\"https:\/\/eugeneistomin.com\/wp-content\/uploads\/2016\/02\/Trio-\u00e0-la-Maison-Blanche-OK.jpg\"><img aria-describedby=\"caption-attachment-2151\" decoding=\"async\" class=\"wp-image-2151 size-medium\" src=\"https:\/\/eugeneistomin.com\/wp-content\/uploads\/2016\/02\/Trio-\u00e0-la-Maison-Blanche-OK-297x300.jpg\" alt=\"Trio \u00e0 la Maison Blanche OK\" width=\"297\" height=\"300\" srcset=\"https:\/\/www.eugeneistomin.com\/wp-content\/uploads\/2016\/02\/Trio-\u00e0-la-Maison-Blanche-OK-66x66.jpg 66w, https:\/\/www.eugeneistomin.com\/wp-content\/uploads\/2016\/02\/Trio-\u00e0-la-Maison-Blanche-OK-297x300.jpg 297w, https:\/\/www.eugeneistomin.com\/wp-content\/uploads\/2016\/02\/Trio-\u00e0-la-Maison-Blanche-OK.jpg 991w\" sizes=\"(max-width: 297px) 100vw, 297px\" \/><\/a><p id=\"caption-attachment-2151\" class=\"wp-caption-text\">Istomin, Jackie Kennedy, Stern et John Kennedy<\/p><\/div>\n<p>Quelques jours plus tard, un grand \u00e9v\u00e9nement politico-culturel ach\u00e8va de les lancer. Kennedy accueillait Andr\u00e9 Malraux \u00e0 la Maison Blanche pour c\u00e9l\u00e9brer la venue de <em>La Joconde<\/em> en Am\u00e9rique. Toute l\u2019intelligentsia am\u00e9ricaine \u00e9tait pr\u00e9sente et c\u2019est au Trio Istomin-Stern-Rose que l\u2019on demanda de venir jouer devant cette prestigieuse assistance\u00a0! Le Trio devint en peu de temps l\u2019une des grandes attractions de la vie musicale am\u00e9ricaine, alors que la musique de chambre n\u2019avait jamais eu r\u00e9ellement droit de cit\u00e9 aux Etats-Unis.\u00a0D\u00e9sormais, chaque ann\u00e9e, Eugene Istomin, Isaac Stern et Leonard Rose consacr\u00e8rent au moins deux mois aux activit\u00e9s du Trio.<\/p>\n<p>Pour l\u2019ann\u00e9e <strong>1963<\/strong>, il fallut m\u00eame trois mois et demi, de d\u00e9but juillet \u00e0 la mi-octobre, \u00e0 peine entrecoup\u00e9s de quelques concertos. Ils donn\u00e8rent une quarantaine de concerts, exclusivement en Isra\u00ebl et en Europe\u00a0: les grands festivals d\u2019\u00e9t\u00e9 (Edimbourg, Montreux, Lucerne, Divonne, Menton, Aix-en-Provence\u2026) puis le d\u00e9but de saison des grandes m\u00e9tropoles (Londres, Milan, Florence, Copenhague, Stockholm\u2026). Au mois de juillet, ils r\u00e9alis\u00e8rent leur premier enregistrement en studio\u00a0: le <em>Trio en si b\u00e9mol majeur<\/em> de Schubert pour la T\u00e9l\u00e9vision fran\u00e7aise.<\/p>\n<p>L\u2019ann\u00e9e <strong>1964<\/strong> fut r\u00e9serv\u00e9e aux Etats-Unis et marqua une nouvelle \u00e9tape. <a href=\"https:\/\/eugeneistomin.com\/wp-content\/uploads\/2016\/02\/Brahms-Trios-LP-All-001.jpg\"><img decoding=\"async\" class=\" size-medium wp-image-2152 alignright\" src=\"https:\/\/eugeneistomin.com\/wp-content\/uploads\/2016\/02\/Brahms-Trios-LP-All-001-300x218.jpg\" alt=\"Brahms Trios  LP All 001\" width=\"300\" height=\"218\" srcset=\"https:\/\/www.eugeneistomin.com\/wp-content\/uploads\/2016\/02\/Brahms-Trios-LP-All-001-220x161.jpg 220w, https:\/\/www.eugeneistomin.com\/wp-content\/uploads\/2016\/02\/Brahms-Trios-LP-All-001-300x218.jpg 300w, https:\/\/www.eugeneistomin.com\/wp-content\/uploads\/2016\/02\/Brahms-Trios-LP-All-001-1024x745.jpg 1024w, https:\/\/www.eugeneistomin.com\/wp-content\/uploads\/2016\/02\/Brahms-Trios-LP-All-001.jpg 2338w\" sizes=\"(max-width: 300px) 100vw, 300px\" \/><\/a>Le Trio avait pr\u00e9vu deux concerts \u00e0 New York, osant programmer le second (Beethoven, <em>Variations Kakadu<\/em>\u00a0; Brahms, <em>Trio n\u00b0 3<\/em>\u00a0; Schubert, <em>Trio en si b\u00e9mol majeur<\/em>) \u00e0 Carnegie Hall. Le succ\u00e8s fut tel qu\u2019il fallut rajouter plusieurs centaines de si\u00e8ges sur la sc\u00e8ne. Le magazine <em>Time<\/em> du 15 mai, fit un bref compte rendu du succ\u00e8s des concerts et donna la parole aux trois musiciens\u00a0: \u00ab\u00a0La semaine derni\u00e8re, le Trio Istomin-Stern-Rose, solidement \u00e9tabli comme le meilleur trio depuis cinquante ans, a donn\u00e9 son cinqui\u00e8me concert complet de la saison devant une salle comble et si enthousiaste qu\u2019on pouvait penser que Carnegie Hall avait la taille id\u00e9ale pour la musique de chambre. Chacun des trois musiciens a d\u00e9couvert dans le trio une satisfaction qui va au-del\u00e0 de la simple musique. \u2018 Il y a beaucoup de petites choses miraculeuses qui peuvent advenir \u00e0 n\u2019importe quel moment d\u2019une \u0153uvre\u2019, dit Rose. \u2018Nous jouons ensemble dans une sorte de conversation musicale\u2019, dit Stern, qui ajoute\u00a0: \u2018La musique est quelque chose qui doit donner du plaisir, et quand nous jouons ensemble, nous donnons du plaisir. Je suis si fier de ce trio que j\u2019ai envie de le crier sur les toits.\u2019\u00a0\u00bb Quant \u00e0 Istomin, il abondait dans le sens de ses partenaires\u00a0: ne pas faire trop de concerts et \u00ab\u00a0garder l\u2019esprit de f\u00eate\u00a0\u00bb. Cette ann\u00e9e 1964 voit aussi le Trio enregistrer ses premiers disques\u00a0: le <em>Triple Concerto<\/em> de Beethoven, le <em>Trio opus 87<\/em> de Brahms, et le <em>Trio en si b\u00e9mol majeur<\/em> de Schubert.<\/p>\n<div id=\"attachment_3760\" style=\"width: 310px\" class=\"wp-caption alignleft\"><a href=\"https:\/\/eugeneistomin.com\/wp-content\/uploads\/2016\/04\/Trio-Archiduc-Winthertur-1965.jpg\"><img aria-describedby=\"caption-attachment-3760\" decoding=\"async\" class=\"wp-image-3760 size-medium\" src=\"https:\/\/eugeneistomin.com\/wp-content\/uploads\/2016\/04\/Trio-Archiduc-Winthertur-1965-300x180.jpg\" alt=\"Trio-Archiduc-Winthertur-1965\" width=\"300\" height=\"180\" srcset=\"https:\/\/www.eugeneistomin.com\/wp-content\/uploads\/2016\/04\/Trio-Archiduc-Winthertur-1965-300x180.jpg 300w, https:\/\/www.eugeneistomin.com\/wp-content\/uploads\/2016\/04\/Trio-Archiduc-Winthertur-1965.jpg 879w\" sizes=\"(max-width: 300px) 100vw, 300px\" \/><\/a><p id=\"caption-attachment-3760\" class=\"wp-caption-text\">L&rsquo;\u00e9coute des play back du Trio l&rsquo;Archiduc \u00e0 Winthertur en 1965<\/p><\/div>\n<p><strong>1965<\/strong> fut partag\u00e9e entre l\u2019Am\u00e9rique et l\u2019Europe. En Am\u00e9rique, il y eut quelques concerts \u00e0 la fin du printemps, dont l\u2019un fut film\u00e9 par la T\u00e9l\u00e9vision canadienne (Beethoven <em>opus 1 n\u00b0 3<\/em> et Brahms <em>n\u00b0 2<\/em>) et a fait l&rsquo;objet d&rsquo;un DVD, puis une s\u00e9rie de <em>Triple Concerto<\/em> de Beethoven dans les grands festivals estivaux (Robin Hood Dell, Tanglewood, Hollywood Bowl). En Europe, Istomin et Stern et Rose enregistr\u00e8rent le <em>Trio l\u2019Archiduc<\/em> de Beethoven \u00e0 Winthertur, et donn\u00e8rent\u00a0leur premier concert \u00e0 Paris, au Th\u00e9\u00e2tre des Champs-Elys\u00e9es (Beethoven <em>opus 11<\/em>, Brahms <em>n\u00b0 1<\/em>, Beethoven <em>Archiduc<\/em>).<\/p>\n<p>En <strong>1966<\/strong>, l\u2019activit\u00e9 du Trio fut particuli\u00e8rement intense, notamment sur le plan discographique. Istomin, Stern et Rose compl\u00e9t\u00e8rent leur int\u00e9grale des <em>Trios<\/em> de Brahms en enregistrant le <em>Premier<\/em> et <em>Troisi\u00e8me Trio<\/em> fin ao\u00fbt, puis grav\u00e8rent le <em>Trio opus 1 n\u00b0 3<\/em> de Beethoven et le <em>Trio en r\u00e9 mineur<\/em> de Mendelssohn au d\u00e9but novembre. Ils pass\u00e8rent trois semaines, \u00e0 cheval sur juillet et ao\u00fbt, en r\u00e9sidence au Festival d\u2019\u00e9t\u00e9 de l\u2019Orchestre Symphonique de Detroit. Ils altern\u00e8rent concertos (pour Istomin, Brahms n\u00b0 2, Beethoven Triple et n\u00b0 4, chacun \u00e0 deux reprises), concerts de trios. Ils donn\u00e8rent aussi quelques master classes, chaque membre ayant invit\u00e9 un \u00e9l\u00e8ve\u00a0: Jean-Bernard Pommier, Pinchas Zukerman, Lynn Harrell\u2026 A l\u2019automne, il y eut une tourn\u00e9e triomphale dans les plus grandes m\u00e9tropoles am\u00e9ricaines.<\/p>\n<p><a href=\"https:\/\/eugeneistomin.com\/wp-content\/uploads\/2016\/02\/Trio-4.jpg\"><img decoding=\"async\" class=\"alignright size-medium wp-image-3758\" src=\"https:\/\/eugeneistomin.com\/wp-content\/uploads\/2016\/02\/Trio-4-300x216.jpg\" alt=\"Trio 4\" width=\"300\" height=\"216\" srcset=\"https:\/\/www.eugeneistomin.com\/wp-content\/uploads\/2016\/02\/Trio-4-300x216.jpg 300w, https:\/\/www.eugeneistomin.com\/wp-content\/uploads\/2016\/02\/Trio-4-1024x738.jpg 1024w, https:\/\/www.eugeneistomin.com\/wp-content\/uploads\/2016\/02\/Trio-4.jpg 1197w\" sizes=\"(max-width: 300px) 100vw, 300px\" \/><\/a>Les ann\u00e9es <strong>1967<\/strong> et <strong>1968<\/strong> marqu\u00e8rent une relative pause. Il n\u2019y eut aucune \u0153uvre enregistr\u00e9e en 1967, et seulement deux br\u00e8ves partitions en 1968 (un trio de Haydn et les <em>Variations Kakadu<\/em> de Beethoven). L\u2019enregistrement du <em>Trio<\/em> de Ravel \u00e9tait \u00e9galement pr\u00e9vu, mais apr\u00e8s une premi\u00e8re session, les musiciens, insatisfaits, y renonc\u00e8rent. Il y eut assez peu de concerts, mais qui furent souvent des \u00e9v\u00e9nements marquants. En 1967, le contexte politique et m\u00e9diatique s\u2019invita \u00e0 plusieurs reprises dans leur calendrier. Apr\u00e8s une invitation \u00e0 Montr\u00e9al pour l\u2019Exposition Universelle, ils devaient donner deux concerts au Festival d\u2019Ath\u00e8nes, dans le Th\u00e9\u00e2tre d\u2019Herod Atticus, les 29 et 30 juin, quelques semaines apr\u00e8s le coup d\u2019\u00e9tat militaire. Un comit\u00e9 d\u2019artistes et d\u2019intellectuels am\u00e9ricains, anim\u00e9 par Leonard Bernstein et Melina Mercouri, avait lanc\u00e9 le mot d\u2019ordre de boycotter toutes les manifestations culturelles organis\u00e9es en Gr\u00e8ce. Istomin, Stern et Rose h\u00e9sit\u00e8rent longuement, mais d\u00e9cid\u00e8rent finalement de jouer et de manifester aussi clairement que possible leur opposition au nouveau r\u00e9gime. Fin juillet, ils donn\u00e8rent trois concerts au Festival d\u2019Isra\u00ebl, quelques semaines apr\u00e8s la Guerre des Six jours, dans l\u2019atmosph\u00e8re euphorique des lendemains de victoire. En 1968, le Trio ajouta \u00e0 son r\u00e9pertoire le <em>Trio en mi b\u00e9mol majeur<\/em> de Schubert et le joua pour la premi\u00e8re fois au Festival d\u2019Edimbourg.<\/p>\n<div id=\"attachment_3762\" style=\"width: 310px\" class=\"wp-caption alignleft\"><a href=\"https:\/\/eugeneistomin.com\/wp-content\/uploads\/2016\/02\/Trio-enregistrant-Schubert-001.jpg\"><img aria-describedby=\"caption-attachment-3762\" decoding=\"async\" class=\"wp-image-3762 size-medium\" src=\"https:\/\/eugeneistomin.com\/wp-content\/uploads\/2016\/02\/Trio-enregistrant-Schubert-001-300x242.jpg\" alt=\"Trio enregistrant Schubert 001\" width=\"300\" height=\"242\" srcset=\"https:\/\/www.eugeneistomin.com\/wp-content\/uploads\/2016\/02\/Trio-enregistrant-Schubert-001-147x118.jpg 147w, https:\/\/www.eugeneistomin.com\/wp-content\/uploads\/2016\/02\/Trio-enregistrant-Schubert-001-177x142.jpg 177w, https:\/\/www.eugeneistomin.com\/wp-content\/uploads\/2016\/02\/Trio-enregistrant-Schubert-001-300x242.jpg 300w, https:\/\/www.eugeneistomin.com\/wp-content\/uploads\/2016\/02\/Trio-enregistrant-Schubert-001-1024x827.jpg 1024w, https:\/\/www.eugeneistomin.com\/wp-content\/uploads\/2016\/02\/Trio-enregistrant-Schubert-001.jpg 1269w\" sizes=\"(max-width: 300px) 100vw, 300px\" \/><\/a><p id=\"caption-attachment-3762\" class=\"wp-caption-text\">Une s\u00e9ance d&rsquo;enregistrement dans le studio Columbia de la 30\u00e8me Rue<\/p><\/div>\n<p>En <strong>1969<\/strong>, le Trio ne donna pratiquement pas de concerts, avec tout de m\u00eame une soir\u00e9e m\u00e9morable \u00e0 Carnegie Hall le 15 mai\u00a0(Beethoven <em>opus 70 n\u00b0 1<\/em>, Brahms <em>n\u00b0 3<\/em>, Schubert, <em>Trio en mi b\u00e9mol majeur<\/em>). Allen Hughes termina son compte-rendu dans le <em>New York Times<\/em> par cette phrase\u00a0: \u00ab\u00a0Si ce n\u2019\u00e9tait pas la perfection, cela s\u2019en approchait d\u2019aussi pr\u00e8s que les capacit\u00e9s humaines le permettent\u00a0\u00bb. En revanche, les trois musiciens multipli\u00e8rent les rendez-vous dans le studio Columbia de New York, en mai, juillet, novembre et d\u00e9cembre. La moisson de ces enregistrements est consid\u00e9rable\u00a0: le <em>Trio en mi b\u00e9mol majeur de Schubert<\/em>, trois trios (<em>opus 2 n\u00b0 2<\/em>, <em>opus 11<\/em> et <em>opus 70 n\u00b0 1<\/em>) et quatre sonates de Beethoven (pour violon n<em>\u00b0 1<\/em> et <em>n\u00b07<\/em>\u00a0; pour violoncelle n\u00b0 3 et <em>5<\/em>). Istomin, Stern et Rose \u00e9taient d\u00e9j\u00e0 tourn\u00e9s vers le grand d\u00e9fi qu\u2019ils s\u2019\u00e9taient fix\u00e9s pour l\u2019ann\u00e9e du bicentenaire de la naissance de Beethoven, un d\u00e9fi que personne n\u2019avait jamais relev\u00e9\u00a0: donner l\u2019int\u00e9grale de la musique de chambre avec piano de Beethoven au concert et au disque\u2026<\/p>\n<\/div><div class=\"fusion-clearfix\"><\/div><\/div><\/div><div class=\"fusion-layout-column fusion_builder_column fusion-builder-column-1 fusion_builder_column_1_1 1_1 fusion-one-full fusion-column-first fusion-column-last fusion-column-no-min-height\" style=\"--awb-bg-size:cover;--awb-margin-bottom:0px;\"><div class=\"fusion-column-wrapper fusion-flex-column-wrapper-legacy\"><div class=\"fusion-title title fusion-title-1 fusion-title-text fusion-title-size-two\"><h2 class=\"title-heading-left fusion-responsive-typography-calculated\" style=\"margin:0;--fontSize:18;--minFontSize:18;line-height:1.5;\"><strong>Musique<\/strong><\/h2><span class=\"awb-title-spacer\"><\/span><div class=\"title-sep-container\"><div class=\"title-sep sep-double sep-solid\" style=\"border-color:#e0dede;\"><\/div><\/div><\/div><div class=\"fusion-text fusion-text-2\"><p><strong>Brahms<\/strong>, <em>Trio n\u00b0 2 en ut majeur op. 87<\/em>, premier mouvement. Eugene Istomin, Isaac Stern, Leonard Rose. Enregistr\u00e9 pour Columbia le 28 f\u00e9vrier 1964.<\/p>\n<!--[if lt IE 9]><script>document.createElement('audio');<\/script><![endif]-->\n<audio class=\"wp-audio-shortcode\" id=\"audio-2150-1\" preload=\"none\" style=\"width: 100%;\" controls=\"controls\"><source type=\"audio\/mpeg\" src=\"https:\/\/eugeneistomin.com\/wp-content\/uploads\/2016\/02\/05-Piano-Trio-II-in-C-Major-Opus-87-I\u2014Allegro.mp3?_=1\" \/><a href=\"https:\/\/eugeneistomin.com\/wp-content\/uploads\/2016\/02\/05-Piano-Trio-II-in-C-Major-Opus-87-I\u2014Allegro.mp3\">https:\/\/eugeneistomin.com\/wp-content\/uploads\/2016\/02\/05-Piano-Trio-II-in-C-Major-Opus-87-I\u2014Allegro.mp3<\/a><\/audio>\n<p>&nbsp;<\/p>\n<p><strong>Mendelssohn<\/strong>, <em>Trio n\u00b0 1 en r\u00e9 mineur op. 49<\/em>, les deux derniers mouvements. Eugene Istomin, Isaac Stern, Leonard Rose.\u00a0Concert du 11 d\u00e9cembre 1961.<\/p>\n<audio class=\"wp-audio-shortcode\" id=\"audio-2150-2\" preload=\"none\" style=\"width: 100%;\" controls=\"controls\"><source type=\"audio\/mpeg\" src=\"https:\/\/eugeneistomin.com\/wp-content\/uploads\/2016\/02\/Mendelssohn-Trio-1-mvts-3-4-1961.mp3?_=2\" \/><a href=\"https:\/\/eugeneistomin.com\/wp-content\/uploads\/2016\/02\/Mendelssohn-Trio-1-mvts-3-4-1961.mp3\">https:\/\/eugeneistomin.com\/wp-content\/uploads\/2016\/02\/Mendelssohn-Trio-1-mvts-3-4-1961.mp3<\/a><\/audio>\n<p>&nbsp;<\/p>\n<p><strong>Beethoven<\/strong>, <em>Trio en ut mineur opus 1 n\u00b0 3<\/em>, troisi\u00e8me mouvement (Menuetto, quasi allegretto)<\/p>\n<\/div><div class=\"fusion-clearfix\"><\/div><\/div><\/div><div class=\"fusion-layout-column fusion_builder_column fusion-builder-column-2 fusion_builder_column_1_1 1_1 fusion-one-full fusion-column-first fusion-column-last fusion-column-no-min-height\" style=\"--awb-bg-size:cover;--awb-margin-bottom:0px;\"><div class=\"fusion-column-wrapper fusion-flex-column-wrapper-legacy\"><div class=\"fusion-video fusion-youtube\" style=\"--awb-max-width:600px;--awb-max-height:350px;\"><div class=\"video-shortcode\"><div class=\"fluid-width-video-wrapper\" style=\"padding-top:58.33%;\" ><iframe title=\"YouTube video player 1\" src=\"https:\/\/www.youtube.com\/embed\/ptlYAMWVXo8?wmode=transparent&autoplay=0\" width=\"600\" height=\"350\" allowfullscreen allow=\"autoplay; fullscreen\"><\/iframe><\/div><\/div><\/div><div class=\"fusion-clearfix\"><\/div><\/div><\/div><\/div><\/div>\n","protected":false},"excerpt":{"rendered":"","protected":false},"author":1,"featured_media":0,"parent":374,"menu_order":0,"comment_status":"open","ping_status":"open","template":"","meta":[],"acf":[],"_links":{"self":[{"href":"https:\/\/www.eugeneistomin.com\/fr\/wp-json\/wp\/v2\/pages\/2150"}],"collection":[{"href":"https:\/\/www.eugeneistomin.com\/fr\/wp-json\/wp\/v2\/pages"}],"about":[{"href":"https:\/\/www.eugeneistomin.com\/fr\/wp-json\/wp\/v2\/types\/page"}],"author":[{"embeddable":true,"href":"https:\/\/www.eugeneistomin.com\/fr\/wp-json\/wp\/v2\/users\/1"}],"replies":[{"embeddable":true,"href":"https:\/\/www.eugeneistomin.com\/fr\/wp-json\/wp\/v2\/comments?post=2150"}],"version-history":[{"count":8,"href":"https:\/\/www.eugeneistomin.com\/fr\/wp-json\/wp\/v2\/pages\/2150\/revisions"}],"predecessor-version":[{"id":7451,"href":"https:\/\/www.eugeneistomin.com\/fr\/wp-json\/wp\/v2\/pages\/2150\/revisions\/7451"}],"up":[{"embeddable":true,"href":"https:\/\/www.eugeneistomin.com\/fr\/wp-json\/wp\/v2\/pages\/374"}],"wp:attachment":[{"href":"https:\/\/www.eugeneistomin.com\/fr\/wp-json\/wp\/v2\/media?parent=2150"}],"curies":[{"name":"wp","href":"https:\/\/api.w.org\/{rel}","templated":true}]}}