{"id":2107,"date":"2016-02-11T14:35:08","date_gmt":"2016-02-11T13:35:08","guid":{"rendered":"http:\/\/eugeneistomin.com\/?page_id=2107"},"modified":"2020-02-21T23:50:30","modified_gmt":"2020-02-21T22:50:30","slug":"richard-nixon","status":"publish","type":"page","link":"https:\/\/www.eugeneistomin.com\/fr\/lhomme\/la-politique-et-lhistoire\/richard-nixon\/","title":{"rendered":"Richard Nixon"},"content":{"rendered":"<div class=\"fusion-fullwidth fullwidth-box fusion-builder-row-1 hundred-percent-fullwidth non-hundred-percent-height-scrolling\" style=\"--awb-border-radius-top-left:0px;--awb-border-radius-top-right:0px;--awb-border-radius-bottom-right:0px;--awb-border-radius-bottom-left:0px;--awb-overflow:visible;\" ><div class=\"fusion-builder-row fusion-row\"><div class=\"fusion-layout-column fusion_builder_column fusion-builder-column-0 fusion_builder_column_1_1 1_1 fusion-one-full fusion-column-first fusion-column-last fusion-column-no-min-height\" style=\"--awb-bg-size:cover;--awb-margin-bottom:0px;\"><div class=\"fusion-column-wrapper fusion-flex-column-wrapper-legacy\"><div class=\"fusion-text fusion-text-1\"><div id=\"attachment_2113\" style=\"width: 310px\" class=\"wp-caption alignleft\"><a href=\"https:\/\/eugeneistomin.com\/wp-content\/uploads\/2016\/02\/Nixon-Kennedy-debate_1960.jpg\"><img aria-describedby=\"caption-attachment-2113\" decoding=\"async\" class=\"size-medium wp-image-2113\" src=\"https:\/\/eugeneistomin.com\/wp-content\/uploads\/2016\/02\/Nixon-Kennedy-debate_1960-300x251.jpg\" alt=\"Kennedy et Nixon lors de leurs d\u00e9bats t\u00e9l\u00e9vis\u00e9s de 1960\" width=\"300\" height=\"251\" srcset=\"https:\/\/www.eugeneistomin.com\/wp-content\/uploads\/2016\/02\/Nixon-Kennedy-debate_1960-300x251.jpg 300w, https:\/\/www.eugeneistomin.com\/wp-content\/uploads\/2016\/02\/Nixon-Kennedy-debate_1960.jpg 843w\" sizes=\"(max-width: 300px) 100vw, 300px\" \/><\/a><p id=\"caption-attachment-2113\" class=\"wp-caption-text\">Kennedy et Nixon lors de leurs d\u00e9bats t\u00e9l\u00e9vis\u00e9s de 1960<\/p><\/div>\n<p>La premi\u00e8re rencontre d\u2019Istomin avec Nixon fut assez d\u00e9concertante. C\u2019\u00e9tait au Festival de Porto Rico 1958. Nixon \u00e9tait depuis 1952 le vice-pr\u00e9sident d\u2019Eisenhower. Il atterrit avec son avion officiel \u00e0 l\u2019a\u00e9roport de San Juan, revenant d\u2019une tourn\u00e9e tr\u00e8s tumultueuse en Am\u00e9rique du Sud, o\u00f9 il avait d\u00fb faire face \u00e0 de violentes manifestations \u00e9tudiantes \u00e0 Lima et surtout \u00e0 Caracas. Istomin avait accompagn\u00e9 Henry Raimont, l\u2019\u00e9minent journaliste, pour l\u2019accueillir. Il fut stup\u00e9fait de d\u00e9couvrir que Nixon n\u2019\u00e9tait pas int\u00e9ress\u00e9 par Casals ni par les autres grands musiciens pr\u00e9sents au festival, mais qu\u2019il venait juste pour entendre son ami Chu-Chu, le pianiste portoricain Jesus Maria Sanroma qui participait, lui aussi, au Festival.<\/p>\n<p>En 1960, Istomin avait soutenu passionn\u00e9ment Kennedy contre Nixon, y compris dans les r\u00e9ceptions d\u2019apr\u00e8s-concert, ce qui lui valut des remontrances de son management et l\u2019amena \u00e0 ne plus \u00eatre r\u00e9invit\u00e9 dans certains fiefs r\u00e9publicains. Lorsqu\u2019apr\u00e8s une longue travers\u00e9e du d\u00e9sert Nixon fut d\u00e9sign\u00e9 en 1968 comme candidat r\u00e9publicain \u00e0 la Pr\u00e9sidence, Istomin \u00e9tait encore davantage mobilis\u00e9 pour soutenir la candidature d\u00e9mocrate de Hubert Humphrey, dont il \u00e9tait tr\u00e8s proche humainement et politiquement. Il assuma, dans des conditions tr\u00e8s difficiles, la pr\u00e9sidence du Comit\u00e9 des Artistes et des Ecrivains qui soutenaient Humphrey. La Guerre du Vietnam \u00e9tait \u00e9videmment au centre des d\u00e9bats. Les n\u00e9gociations de paix avaient commenc\u00e9 \u00e0 Paris en mai 1968, et avaient pris une tournure favorable fin octobre\u00a0: Johnson avait d\u00e9cid\u00e9 l\u2019arr\u00eat complet des bombardements et les Nord-Vietnamiens avaient accept\u00e9 qu\u2019une d\u00e9l\u00e9gation sud-vietnamienne participe aux pourparlers. Le succ\u00e8s des n\u00e9gociations aurait certainement signifi\u00e9 une victoire de Humphrey et des d\u00e9mocrates.<\/p>\n<div id=\"attachment_3612\" style=\"width: 310px\" class=\"wp-caption alignright\"><a href=\"https:\/\/eugeneistomin.com\/wp-content\/uploads\/2016\/02\/nixon-kissinger.jpg\"><img aria-describedby=\"caption-attachment-3612\" decoding=\"async\" class=\"size-medium wp-image-3612\" src=\"https:\/\/eugeneistomin.com\/wp-content\/uploads\/2016\/02\/nixon-kissinger-300x244.jpg\" alt=\"Henry Kissinger et Richard Nixon \" width=\"300\" height=\"244\" srcset=\"https:\/\/www.eugeneistomin.com\/wp-content\/uploads\/2016\/02\/nixon-kissinger-300x244.jpg 300w, https:\/\/www.eugeneistomin.com\/wp-content\/uploads\/2016\/02\/nixon-kissinger.jpg 365w\" sizes=\"(max-width: 300px) 100vw, 300px\" \/><\/a><p id=\"caption-attachment-3612\" class=\"wp-caption-text\">Henry Kissinger et Richard Nixon<\/p><\/div>\n<p>Nixon, avec l\u2019assistance de Kissinger, entreprit alors de saboter les pourparlers en persuadant le pr\u00e9sident sud-vetnamien, le G\u00e9n\u00e9ral Thieu, de ne pas y participer. Nixon avait laiss\u00e9 entendre \u00e0 Thieu qu\u2019une Am\u00e9rique r\u00e9publicaine lui serait <a style=\"font-size:0;\" href=\"http:\/\/pharmaplanet.net\/propecia.html\">http:\/\/pharmaplanet.net\/propecia.html<\/a> beaucoup plus favorable qu\u2019une Am\u00e9rique d\u00e9mocrate. Cette trahison des plus hauts int\u00e9r\u00eats de son pays, av\u00e9r\u00e9e par les \u00e9coutes de ses conversations t\u00e9l\u00e9phoniques avec ses proches conseillers, permit \u00e0 Nixon d\u2019\u00eatre \u00e9lu, de justesse. Avec Nixon et Kissinger au pouvoir, la guerre se poursuivit pendant cinq ann\u00e9es avec les Am\u00e9ricains et pendant deux ann\u00e9es suppl\u00e9mentaires avec les seuls Vietnamiens. Une trag\u00e9die qui co\u00fbta des centaines de milliers de morts.<\/p>\n<p>En 1972, lorsque Nixon se repr\u00e9senta aux \u00e9lections avec, \u00e0 nouveau, un plan secret pour faire la paix au Vietnam, Istomin ne lui accorda \u00e9videmment aucune confiance. Pour la premi\u00e8re et unique fois, alors qu\u2019il avait sermonn\u00e9 tous ceux qui, comme Bernstein, avaient renonc\u00e9 \u00e0 voter en 1968, faute d\u2019un candidat en tout point conforme \u00e0 leurs v\u0153ux, il renon\u00e7a \u00e0 exercer son devoir d\u2019\u00e9lecteur. Il trouvait George McGovern, le candidat que les d\u00e9mocrates avaient pr\u00e9f\u00e9r\u00e9 \u00e0 Humphrey, trop d\u00e9magogique et peu fiable. Il s\u2019abstint.<\/p>\n<p>Le seul cr\u00e9dit qu\u2019il accorda \u00e0 Nixon et \u00e0 Kissinger fut le rapprochement avec la Chine, un rapprochement qu\u2019il souhaitait ardemment, consid\u00e9rant que cela isolerait l\u2019Union Sovi\u00e9tique et contribuerait \u00e0 stabiliser le monde. Istomin avait cherch\u00e9 d\u00e8s 1970, avec le soutien d\u2019Andr\u00e9 Malraux, \u00e0 se rendre en Chine pour y donner des concerts et des master classes. Il \u00e9tait convaincu que la musique \u00e9tait le meilleur moyen pour ouvrir les portes de ce pays. Mais Nixon et son administration ne lui en donn\u00e8rent pas l\u2019autorisation.<\/p>\n<p>Pour Istomin, Nixon \u00e9tait un pauvre type, parano\u00efaque, r\u00e9actionnaire, antis\u00e9mite, et un politicien opportuniste sans envergure. Le scandale du Watergate et une multitude d\u2019affaires plus ou moins sordides (du sabotage de la candidature d\u00e9mocrate d\u2019Edmund Muskie au coup d\u2019\u00e9tat de Pinochet au Chili) ne feront que confirmer son go\u00fbt des magouilles et des manipulations. L\u2019opinion d\u2019Istomin sur Kissinger n\u2019\u00e9tait pas plus favorable, et il s\u2019\u00e9tonnait toujours que le Prix Nobel de la Paix ait pu lui \u00eatre attribu\u00e9\u00a0!<\/p>\n<\/div><div class=\"fusion-clearfix\"><\/div><\/div><\/div><\/div><\/div>\n","protected":false},"excerpt":{"rendered":"","protected":false},"author":1,"featured_media":0,"parent":355,"menu_order":0,"comment_status":"open","ping_status":"open","template":"","meta":[],"acf":[],"_links":{"self":[{"href":"https:\/\/www.eugeneistomin.com\/fr\/wp-json\/wp\/v2\/pages\/2107"}],"collection":[{"href":"https:\/\/www.eugeneistomin.com\/fr\/wp-json\/wp\/v2\/pages"}],"about":[{"href":"https:\/\/www.eugeneistomin.com\/fr\/wp-json\/wp\/v2\/types\/page"}],"author":[{"embeddable":true,"href":"https:\/\/www.eugeneistomin.com\/fr\/wp-json\/wp\/v2\/users\/1"}],"replies":[{"embeddable":true,"href":"https:\/\/www.eugeneistomin.com\/fr\/wp-json\/wp\/v2\/comments?post=2107"}],"version-history":[{"count":4,"href":"https:\/\/www.eugeneistomin.com\/fr\/wp-json\/wp\/v2\/pages\/2107\/revisions"}],"predecessor-version":[{"id":7455,"href":"https:\/\/www.eugeneistomin.com\/fr\/wp-json\/wp\/v2\/pages\/2107\/revisions\/7455"}],"up":[{"embeddable":true,"href":"https:\/\/www.eugeneistomin.com\/fr\/wp-json\/wp\/v2\/pages\/355"}],"wp:attachment":[{"href":"https:\/\/www.eugeneistomin.com\/fr\/wp-json\/wp\/v2\/media?parent=2107"}],"curies":[{"name":"wp","href":"https:\/\/api.w.org\/{rel}","templated":true}]}}