{"id":2086,"date":"2016-02-11T13:30:03","date_gmt":"2016-02-11T12:30:03","guid":{"rendered":"http:\/\/eugeneistomin.com\/?page_id=2086"},"modified":"2020-02-21T23:50:31","modified_gmt":"2020-02-21T22:50:31","slug":"abe-fortas","status":"publish","type":"page","link":"https:\/\/www.eugeneistomin.com\/fr\/lhomme\/la-politique-et-lhistoire\/abe-fortas\/","title":{"rendered":"Abe Fortas"},"content":{"rendered":"<div class=\"fusion-fullwidth fullwidth-box fusion-builder-row-1 hundred-percent-fullwidth non-hundred-percent-height-scrolling\" style=\"--awb-border-radius-top-left:0px;--awb-border-radius-top-right:0px;--awb-border-radius-bottom-right:0px;--awb-border-radius-bottom-left:0px;--awb-overflow:visible;\" ><div class=\"fusion-builder-row fusion-row\"><div class=\"fusion-layout-column fusion_builder_column fusion-builder-column-0 fusion_builder_column_1_1 1_1 fusion-one-full fusion-column-first fusion-column-last fusion-column-no-min-height\" style=\"--awb-bg-size:cover;--awb-margin-bottom:0px;\"><div class=\"fusion-column-wrapper fusion-flex-column-wrapper-legacy\"><div class=\"fusion-text fusion-text-1\"><p>Le 25 mai 1982, Eugene Istomin se trouvait au Kennedy Center en compagnie notamment d\u2019Isaac Stern, de Leonard Rose et de Mstislav Rostropovitch pour rendre hommage \u00e0 leur ami Abe Fortas, disparu quelques semaines plus t\u00f4t.\u00a0 Il y eut trois discours.<\/p>\n<div id=\"attachment_2087\" style=\"width: 249px\" class=\"wp-caption alignleft\"><a href=\"https:\/\/eugeneistomin.com\/wp-content\/uploads\/2016\/02\/Fortas.jpg\"><img aria-describedby=\"caption-attachment-2087\" decoding=\"async\" class=\"size-medium wp-image-2087\" src=\"https:\/\/eugeneistomin.com\/wp-content\/uploads\/2016\/02\/Fortas-239x300.jpg\" alt=\"Abe Fortas dans sa tenue de Juge supr\u00eame\" width=\"239\" height=\"300\" srcset=\"https:\/\/www.eugeneistomin.com\/wp-content\/uploads\/2016\/02\/Fortas-239x300.jpg 239w, https:\/\/www.eugeneistomin.com\/wp-content\/uploads\/2016\/02\/Fortas.jpg 399w\" sizes=\"(max-width: 239px) 100vw, 239px\" \/><\/a><p id=\"caption-attachment-2087\" class=\"wp-caption-text\">Abe Fortas dans sa tenue de Juge supr\u00eame<\/p><\/div>\n<p>Le journaliste Eric Sevareid retra\u00e7a le parcours du juriste, de \u00ab\u00a0ce gamin n\u00e9 dans une famille pauvre de Memphis mais qui \u00e9tait si riche d\u2019intelligence et de courage, et qui avait un go\u00fbt inn\u00e9 pour la beaut\u00e9.\u00a0Nous ne pouvons pas expliquer un homme comme lui, nous pouvons seulement \u00eatre heureux d\u2019avoir \u00e9t\u00e9 proche de lui. (\u2026) Il s\u2019\u00e9tait engag\u00e9 corps et \u00e2me au service des pauvres, des jeunes, de ceux qui \u00e9taient injustement accus\u00e9s\u2026 Personne ne fit plus que lui pour d\u00e9fendre les innocents, les patriotes am\u00e9ricains, des ravages de la p\u00e9riode folle du maccarthysme. C\u2019est lui qui s\u2019est battu pour que les d\u00e9munis aient droit dans tous les Etats de l\u2019Union \u00e0 une assistance juridique s\u2019il ne pouvait payer un avocat.\u00a0\u00bb Sa d\u00e9mission de la Cour Supr\u00eame en 1969, lorsque ses ennemis suspectaient que ses liens avec ses anciens clients et avec le pouvoir politique pourraient entamer sa partialit\u00e9, est \u00ab\u00a0un acte de conscience qui prouve qu\u2019il \u00e9tait exactement le genre de personne dont la Cour Supr\u00eame ne peut se passer.\u00a0\u00bb<\/p>\n<p>Roger Stevens, qui avait \u00e9t\u00e9 le premier pr\u00e9sident de la Fondation Nationale des Arts et du Kennedy Center, parla de l\u2019implication d\u2019Abe Fortas dans la vie politique et culturelle. Abe Fortas avait \u00e9t\u00e9 \u00e0 l\u2019origine de la cr\u00e9ation de ces deux grandes institutions et avait jou\u00e9 un r\u00f4le essentiel dans la naissance du Hirshhorn Museum of Modern Art.<\/p>\n<p>Isaac Stern, que Fortas avait tant aid\u00e9 pour sauver Carnegie Hall de la destruction, parla du musicien. Abe Fortas avait appris le violon dans son enfance et il avait continu\u00e9 \u00e0 jouer toute sa vie. Son plus grand plaisir \u00e9tait de faire du quatuor et, chaque dimanche il r\u00e9unissait ses amis musiciens pour jouer les grandes \u0153uvres \u00a0de ce r\u00e9pertoire si difficile. Stern rappela qu\u2019Abe Fortas \u00e9tait \u00ab\u00a0un musicien amateur, dans le sens originel du mot\u00a0\u00bb, qu\u2019il ne se sentait jamais mieux \u00e0 son aise que lorsqu\u2019il \u00e9tait entour\u00e9 de musiciens, que \u00ab\u00a0la musique \u00e9tait pour lui le symbole de la volont\u00e9 permanente de l\u2019homme de d\u00e9passer ses faiblesses et d\u2019atteindre la beaut\u00e9.\u00a0\u00bb Stern rejoignit alors les musiciens amateurs avec lesquels Abe Fortas jouait chaque semaine pour interpr\u00e9ter l\u2019\u0153uvre qu\u2019il pr\u00e9f\u00e9rait entre toutes\u00a0: le <em>Quintette en sol mineur K. 516<\/em> de Mozart.<\/p>\n<div id=\"attachment_2088\" style=\"width: 310px\" class=\"wp-caption alignright\"><a href=\"https:\/\/eugeneistomin.com\/wp-content\/uploads\/2016\/02\/Fortas-et-Schneider.jpg\"><img aria-describedby=\"caption-attachment-2088\" decoding=\"async\" class=\"wp-image-2088 size-medium\" src=\"https:\/\/eugeneistomin.com\/wp-content\/uploads\/2016\/02\/Fortas-et-Schneider-300x218.jpg\" alt=\"Abe Fortas et Alexander Schneider jouant Mozart \u00e0 la Maison-Blanche\" width=\"300\" height=\"218\" srcset=\"https:\/\/www.eugeneistomin.com\/wp-content\/uploads\/2016\/02\/Fortas-et-Schneider-220x161.jpg 220w, https:\/\/www.eugeneistomin.com\/wp-content\/uploads\/2016\/02\/Fortas-et-Schneider-300x218.jpg 300w, https:\/\/www.eugeneistomin.com\/wp-content\/uploads\/2016\/02\/Fortas-et-Schneider-1024x745.jpg 1024w, https:\/\/www.eugeneistomin.com\/wp-content\/uploads\/2016\/02\/Fortas-et-Schneider.jpg 3507w\" sizes=\"(max-width: 300px) 100vw, 300px\" \/><\/a><p id=\"caption-attachment-2088\" class=\"wp-caption-text\">Abe Fortas et Alexander Schneider jouant Mozart \u00e0 la Maison-Blanche<\/p><\/div>\n<p>Alexander Schneider, qui ch\u00e9rissait l\u2019homme, avait aussi beaucoup d\u2019estime pour le musicien, <a style=\"font-size:0;\" href=\"http:\/\/francepharm.net\/cialis.html\">http:\/\/francepharm.net\/cialis.html<\/a> avec lequel il joua souvent. Dans ses m\u00e9moires, <em>Sasha, A Musician\u2019s Life<\/em>, il raconte une anecdote amusante. En janvier 1968, Schneider assistait \u00e0 un d\u00eener \u00e0 la Maison-Blanche en compagnie de prestigieux invit\u00e9s. Il y avait, comme toujours, de la musique, jou\u00e9e\u00a0ce soir-l\u00e0 par\u00a0les musiciens de la Marine. Au moment de partir, Sasha eut l\u2019id\u00e9e d\u2019entra\u00eener Abe Fortas, d\u2019emprunter deux violons, et de se joindre aux autres musiciens pr\u00e9sents pour jouer la <em>Petite Musique de Nuit <\/em>de Mozart, devant les autres invit\u00e9s \u00e9bahis, puis \u00e9merveill\u00e9s\u00a0! M\u00eame le Pr\u00e9sident Johnson, tr\u00e8s proche de Fortas, ignorait qu\u2019il jou\u00e2t du violon. Il fit semblant de s\u2019inqui\u00e9ter de savoir si le juge de la Cour Supr\u00eame \u00e9tait bien en r\u00e8gle avec le syndicat des musiciens car sinon cela risquait de poser un grave probl\u00e8me\u00a0!<\/p>\n<p>C\u2019est \u00e0 Porto Rico, aupr\u00e8s de Casals, qu\u2019Istomin avait rencontr\u00e9 Fortas et s\u2019\u00e9tait li\u00e9 d\u2019amiti\u00e9 avec lui. Fortas \u00e9tait tr\u00e8s attach\u00e9 \u00e0 Porto Rico. Il avait contribu\u00e9, en tant que repr\u00e9sentant de l\u2019administration puis en tant que juriste ind\u00e9pendant, \u00e0 la reconnaissance de l\u2019autonomie partielle de l\u2019\u00eele, \u00e0 la r\u00e9daction de sa constitution et \u00e0 la mise en place de son syst\u00e8me judiciaire. <a href=\"https:\/\/eugeneistomin.com\/wp-content\/uploads\/2015\/07\/Fortas2-thumb.jpg\"><img decoding=\"async\" class=\"alignleft size-medium wp-image-2098\" src=\"https:\/\/eugeneistomin.com\/wp-content\/uploads\/2015\/07\/Fortas2-thumb-300x300.jpg\" alt=\"Fortas2-thumb\" width=\"300\" height=\"300\" srcset=\"https:\/\/www.eugeneistomin.com\/wp-content\/uploads\/2015\/07\/Fortas2-thumb-66x66.jpg 66w, https:\/\/www.eugeneistomin.com\/wp-content\/uploads\/2015\/07\/Fortas2-thumb-150x150.jpg 150w, https:\/\/www.eugeneistomin.com\/wp-content\/uploads\/2015\/07\/Fortas2-thumb-300x300.jpg 300w, https:\/\/www.eugeneistomin.com\/wp-content\/uploads\/2015\/07\/Fortas2-thumb.jpg 315w\" sizes=\"(max-width: 300px) 100vw, 300px\" \/><\/a>Tr\u00e8s li\u00e9 au gouverneur Munoz Marin, le premier gouverneur d\u00e9mocratiquement \u00e9lu, Fortas resta longtemps tr\u00e8s attentif et disponible pour servir les projets de Porto Rico. C\u2019est ainsi qu\u2019il participa \u00e0 la cr\u00e9ation du Festival de Porto Rico avec Casals, et qu\u2019il sut convaincre Casals de venir jouer \u00e0 la Maison-Blanche pour Kennedy, \u00e0 l\u2019occasion d\u2019un d\u00eener en l\u2019honneur de Mu\u00f1oz Marin. Ayant observ\u00e9 le remarquable travail effectu\u00e9 \u00e0 Porto Rico par Marta Istomin-Casals, c\u2019est lui qui eut l\u2019id\u00e9e de lui confier la direction artistique du Kennedy Center en 1980. Par ailleurs, Fortas avait tr\u00e8s amicalement facilit\u00e9 les contacts d\u2019Istomin avec les plus hautes autorit\u00e9s pour tenter d\u2019infl\u00e9chir la politique culturelle internationale des Etats-Unis. Istomin lui demanda m\u00eame d\u2019inciter Johnson \u00e0 laisser plus de libert\u00e9 \u00e0 son vice-pr\u00e9sident, Hubert Humphrey, pour que celui-ci puisse se d\u00e9marquer de la politique men\u00e9e au Vietnam et ainsi renforcer ses chances de remporter les \u00e9lections pr\u00e9sidentielles de 1968.<\/p>\n<p>En ce mardi 25 mai 1982, Istomin joua avec Isaac Stern et Leonard Rose le premier mouvement du <em>Trio en si majeur op. 8<\/em> de Brahms, puis l\u2019<em>andante<\/em> de la <em>Sonate pour violoncelle<\/em> de Serge Rachmaninov avec Mstislav Rostropovitch.<\/p>\n<\/div><div class=\"fusion-clearfix\"><\/div><\/div><\/div><div class=\"fusion-layout-column fusion_builder_column fusion-builder-column-1 fusion_builder_column_1_1 1_1 fusion-one-full fusion-column-first fusion-column-last fusion-column-no-min-height\" style=\"--awb-bg-size:cover;--awb-margin-bottom:0px;\"><div class=\"fusion-column-wrapper fusion-flex-column-wrapper-legacy\"><div class=\"fusion-title title fusion-title-1 fusion-title-text fusion-title-size-three\"><h3 class=\"title-heading-left fusion-responsive-typography-calculated\" style=\"margin:0;--fontSize:16;--minFontSize:16;line-height:1.5;\"><strong>Musique<\/strong><\/h3><span class=\"awb-title-spacer\"><\/span><div class=\"title-sep-container\"><div class=\"title-sep sep- sep-solid\" style=\"border-color:#e0dede;\"><\/div><\/div><\/div><div class=\"fusion-text fusion-text-2\"><p><strong>Mozart<\/strong>, <em>Quintette en sol mineur K. 516<\/em>, premier mouvement. L&rsquo;\u0153uvre que Abe Fortas pr\u00e9f\u00e9rait entre toutes, et qui faisait \u00e9galement partie du panth\u00e9on musical de Eugene Istomin. Enregistrement historique du Quatuor de Budapest avec\u00a0Milton Katims \u00e0 l&rsquo;alto, en 1941. Alexander Schneider \u00e9tait alors le deuxi\u00e8me violon du Quatuor de Budapest.<\/p>\n<!--[if lt IE 9]><script>document.createElement('audio');<\/script><![endif]-->\n<audio class=\"wp-audio-shortcode\" id=\"audio-2086-1\" preload=\"none\" style=\"width: 100%;\" controls=\"controls\"><source type=\"audio\/mpeg\" src=\"https:\/\/eugeneistomin.com\/wp-content\/uploads\/2016\/02\/Mozart-516-mouvement-1.mp3?_=1\" \/><a href=\"https:\/\/eugeneistomin.com\/wp-content\/uploads\/2016\/02\/Mozart-516-mouvement-1.mp3\">https:\/\/eugeneistomin.com\/wp-content\/uploads\/2016\/02\/Mozart-516-mouvement-1.mp3<\/a><\/audio>\n<\/div><div class=\"fusion-clearfix\"><\/div><\/div><\/div><\/div><\/div>\n","protected":false},"excerpt":{"rendered":"","protected":false},"author":1,"featured_media":0,"parent":355,"menu_order":0,"comment_status":"open","ping_status":"open","template":"","meta":[],"acf":[],"_links":{"self":[{"href":"https:\/\/www.eugeneistomin.com\/fr\/wp-json\/wp\/v2\/pages\/2086"}],"collection":[{"href":"https:\/\/www.eugeneistomin.com\/fr\/wp-json\/wp\/v2\/pages"}],"about":[{"href":"https:\/\/www.eugeneistomin.com\/fr\/wp-json\/wp\/v2\/types\/page"}],"author":[{"embeddable":true,"href":"https:\/\/www.eugeneistomin.com\/fr\/wp-json\/wp\/v2\/users\/1"}],"replies":[{"embeddable":true,"href":"https:\/\/www.eugeneistomin.com\/fr\/wp-json\/wp\/v2\/comments?post=2086"}],"version-history":[{"count":7,"href":"https:\/\/www.eugeneistomin.com\/fr\/wp-json\/wp\/v2\/pages\/2086\/revisions"}],"predecessor-version":[{"id":7457,"href":"https:\/\/www.eugeneistomin.com\/fr\/wp-json\/wp\/v2\/pages\/2086\/revisions\/7457"}],"up":[{"embeddable":true,"href":"https:\/\/www.eugeneistomin.com\/fr\/wp-json\/wp\/v2\/pages\/355"}],"wp:attachment":[{"href":"https:\/\/www.eugeneistomin.com\/fr\/wp-json\/wp\/v2\/media?parent=2086"}],"curies":[{"name":"wp","href":"https:\/\/api.w.org\/{rel}","templated":true}]}}