{"id":1996,"date":"2016-01-18T16:31:09","date_gmt":"2016-01-18T15:31:09","guid":{"rendered":"http:\/\/eugeneistomin.com\/?page_id=1996"},"modified":"2020-02-21T23:50:34","modified_gmt":"2020-02-21T22:50:34","slug":"seymour-lipkin","status":"publish","type":"page","link":"https:\/\/www.eugeneistomin.com\/fr\/grandes-collaborations-musicales\/pianistes\/seymour-lipkin\/","title":{"rendered":"Seymour Lipkin"},"content":{"rendered":"<div class=\"fusion-fullwidth fullwidth-box fusion-builder-row-1 hundred-percent-fullwidth non-hundred-percent-height-scrolling\" style=\"--awb-border-radius-top-left:0px;--awb-border-radius-top-right:0px;--awb-border-radius-bottom-right:0px;--awb-border-radius-bottom-left:0px;--awb-overflow:visible;\" ><div class=\"fusion-builder-row fusion-row\"><div class=\"fusion-layout-column fusion_builder_column fusion-builder-column-0 fusion_builder_column_1_1 1_1 fusion-one-full fusion-column-first fusion-column-last fusion-column-no-min-height\" style=\"--awb-bg-size:cover;--awb-margin-bottom:0px;\"><div class=\"fusion-column-wrapper fusion-flex-column-wrapper-legacy\"><div class=\"fusion-text fusion-text-1\"><div id=\"attachment_1297\" style=\"width: 235px\" class=\"wp-caption alignleft\"><a href=\"https:\/\/eugeneistomin.com\/wp-content\/uploads\/2015\/11\/Lipkin-3.jpg\"><img aria-describedby=\"caption-attachment-1297\" decoding=\"async\" class=\"wp-image-1297 size-medium\" src=\"https:\/\/eugeneistomin.com\/wp-content\/uploads\/2015\/11\/Lipkin-3-225x300.jpg\" alt=\"Seymour Lipkin entour\u00e9 de Vladimir Horowitz et de Madame Rachmaninov\" width=\"225\" height=\"300\" \/><\/a><p id=\"caption-attachment-1297\" class=\"wp-caption-text\">Lipkin entour\u00e9 de Horowitz et de Madame Rachmaninov<\/p><\/div>\n<p>N\u00e9 en 1927, Seymour Lipkin a pass\u00e9 six ann\u00e9es dans la classe de Rudolf Serkin au Curtis Institute, dont deux en m\u00eame temps qu\u2019Istomin. En 1948, Lipkin remporta le Prix Rachmaninov, qui lui fut remis par Madame Rachmaninov et par Vladimir Horowitz, ce qui lui ouvrit les portes des grands orchestres am\u00e9ricains. Il avait aussi \u00e9tudi\u00e9 la direction avec Koussevitsky et il s\u2019y consacra longtemps en priorit\u00e9, devenant l\u2019assistant de Szell et de Bernstein. Il fut ensuite pendant pr\u00e8s de vingt ans le directeur musical du Long Island Symphony Orchestra et du Joffrey Ballet, une des plus importantes compagnies am\u00e9ricaines de danse. En 1969, Seymour Lipkin accepta la proposition de Serkin de venir enseigner au Curtis, et en 1979 il abandonna la direction pour se remettre tr\u00e8s s\u00e9rieusement au piano. Il se partage alors entre l\u2019enseignement (depuis 1986 il donne \u00e9galement des cours \u00e0 la Juilliard School), la direction du Kneissel Hall Chamber Music Festival and School et sa carri\u00e8re de pianiste. Il vient d\u2019enregistrer l\u2019int\u00e9grale des sonates de Beethoven et de Schubert.<\/p>\n<p>Istomin et Lipkin ont gard\u00e9 des relations amicales pendant plus de soixante ann\u00e9es. En 2001 Istomin parlait de Lipkin \u00e0 son biographe, James Gollin, comme d\u2019 \u00abun chic type et d\u2019un merveilleux musicien\u00a0\u00bb. \u00a0Outre l\u2019h\u00e9ritage de Serkin, ils avaient beaucoup de points de vue et d\u2019int\u00e9r\u00eats communs\u00a0: l\u2019admiration pour Toscanini et Heifetz, une v\u00e9n\u00e9ration pour Stravinsky, la passion de la musique de chambre\u2026 Lorsqu\u2019Istomin d\u00e9cida, en 1987,\u00a0d\u2019abandonner la direction du Concours Kapell et du Festival de piano de l\u2019Universit\u00e9 du Maryland, il pensa que c\u2019\u00e9tait <a style=\"font-size:0;\" href=\"http:\/\/www.francemedicale.net\/viagra\/\">http:\/\/www.francemedicale.net\/viagra\/<\/a> Seymour Lipkin qui \u00e9tait le plus apte \u00e0 le remplacer. Effectivement Lipkin lui succ\u00e9da jusqu\u2019en 1992.<\/p>\n<p><a href=\"https:\/\/eugeneistomin.com\/wp-content\/uploads\/2015\/11\/Lipkin.jpg\"><img decoding=\"async\" class=\" size-medium wp-image-1296 alignright\" src=\"https:\/\/eugeneistomin.com\/wp-content\/uploads\/2015\/11\/Lipkin-228x300.jpg\" alt=\"Lipkin\" width=\"228\" height=\"300\" srcset=\"https:\/\/www.eugeneistomin.com\/wp-content\/uploads\/2015\/11\/Lipkin-228x300.jpg 228w, https:\/\/www.eugeneistomin.com\/wp-content\/uploads\/2015\/11\/Lipkin.jpg 450w\" sizes=\"(max-width: 228px) 100vw, 228px\" \/><\/a>Seymour Lipkin \u00e9tait pr\u00e9sent lors de certains grands moments de la carri\u00e8re d\u2019Istomin, comme ses d\u00e9buts avec l\u2019Orchestre Philharmonique de New York en 1943, ou le premier Festival de Prades en 1950. De son c\u00f4t\u00e9, Istomin est venu jouer le <em>Concerto l\u2019Empereur<\/em> sous sa direction avec le Long Island Symphony Orchestra pour trois concerts de gala en novembre 1976.\u00a0 A cette occasion, un journaliste avait interview\u00e9 Lipkin et lui avait parl\u00e9 de son ami Istomin comme de quelqu\u2019un de tr\u00e8s r\u00e9serv\u00e9, qui gardait sa raideur jusque dans le fauteuil de son salon, et qui ne parlait que d\u2019une voix calme et mesur\u00e9e. Seymour Lipkin s\u2019en amusa et r\u00e9pondit\u00a0que ces apparences dissimulaient en fait \u00ab\u00a0une \u00e2me tr\u00e8s po\u00e9tique\u00a0\u00bb.<\/p>\n<p>Pour le soixante-quinzi\u00e8me anniversaire d\u2019Istomin, Lipkin lui \u00e9crivit\u00a0: \u00ab\u00a0Je me souviens \u00e0 quel point j\u2019admirais l\u2019id\u00e9alisme et l\u2019exigence que tu as apport\u00e9s au Concours Kapell, quand j\u2019eus la chance de t\u2019y succ\u00e9der. Beaucoup d\u2019autres choses me reviennent en m\u00e9moire\u00a0: la beaut\u00e9 et la passion de ton <em>Deuxi\u00e8me\u00a0Concerto<\/em> de Brahms lors de tes d\u00e9buts avec le New York Philharmonic\u00a0; des phras\u00e9s admirablement sculpt\u00e9s dans le <em>Quatuor en sol mineur<\/em> de Brahms\u2026\u00a0\u00bb.\u00a0A noter que Seymour Lipkin a effectu\u00e9 lui-m\u00eame le report sur CD des ac\u00e9tates de l\u2019enregistrement d\u2019Istomin du <em>Deuxi\u00e8me <\/em>de Brahms avec Rodzinski en 1943, pour les offrir \u00e0 Marta Istomin apr\u00e8s la mort de son mari.<\/p>\n<\/div><div class=\"fusion-clearfix\"><\/div><\/div><\/div><div class=\"fusion-layout-column fusion_builder_column fusion-builder-column-1 fusion_builder_column_1_1 1_1 fusion-one-full fusion-column-first fusion-column-last fusion-column-no-min-height\" style=\"--awb-bg-size:cover;--awb-margin-bottom:0px;\"><div class=\"fusion-column-wrapper fusion-flex-column-wrapper-legacy\"><div class=\"fusion-title title fusion-title-1 fusion-title-text fusion-title-size-two\"><h2 class=\"title-heading-left fusion-responsive-typography-calculated\" style=\"margin:0;--fontSize:18;--minFontSize:18;line-height:1.5;\"><strong>Documents<\/strong><\/h2><span class=\"awb-title-spacer\"><\/span><div class=\"title-sep-container\"><div class=\"title-sep sep-double sep-solid\" style=\"border-color:#e0dede;\"><\/div><\/div><\/div><div class=\"fusion-text fusion-text-2\"><p><strong>Beethoven<\/strong>. <em>32 Variations en ut mineur<\/em>. Seymour Lipkin. (enregistrement propos\u00e9 par www.hdclassicalmusic.com.)<\/p>\n<!--[if lt IE 9]><script>document.createElement('audio');<\/script><![endif]-->\n<audio class=\"wp-audio-shortcode\" id=\"audio-1996-1\" preload=\"none\" style=\"width: 100%;\" controls=\"controls\"><source type=\"audio\/mpeg\" src=\"https:\/\/eugeneistomin.com\/wp-content\/uploads\/2015\/11\/Beethoven-32-variations.mp3?_=1\" \/><a href=\"https:\/\/eugeneistomin.com\/wp-content\/uploads\/2015\/11\/Beethoven-32-variations.mp3\">https:\/\/eugeneistomin.com\/wp-content\/uploads\/2015\/11\/Beethoven-32-variations.mp3<\/a><\/audio>\n<p>&nbsp;<\/p>\n<p><strong>Interview du 13 avril 2013.<\/strong><\/p>\n<\/div><div class=\"fusion-clearfix\"><\/div><\/div><\/div><div class=\"fusion-layout-column fusion_builder_column fusion-builder-column-2 fusion_builder_column_1_1 1_1 fusion-one-full fusion-column-first fusion-column-last fusion-column-no-min-height\" style=\"--awb-bg-size:cover;--awb-margin-bottom:0px;\"><div class=\"fusion-column-wrapper fusion-flex-column-wrapper-legacy\"><div class=\"fusion-video fusion-youtube\" style=\"--awb-max-width:600px;--awb-max-height:350px;\"><div class=\"video-shortcode\"><div class=\"fluid-width-video-wrapper\" style=\"padding-top:58.33%;\" ><iframe title=\"YouTube video player 1\" src=\"https:\/\/www.youtube.com\/embed\/lkgMbYsMTGw?wmode=transparent&autoplay=0\" width=\"600\" height=\"350\" allowfullscreen allow=\"autoplay; fullscreen\"><\/iframe><\/div><\/div><\/div><div class=\"fusion-clearfix\"><\/div><\/div><\/div><\/div><\/div>\n","protected":false},"excerpt":{"rendered":"","protected":false},"author":1,"featured_media":0,"parent":383,"menu_order":0,"comment_status":"open","ping_status":"open","template":"","meta":[],"acf":[],"_links":{"self":[{"href":"https:\/\/www.eugeneistomin.com\/fr\/wp-json\/wp\/v2\/pages\/1996"}],"collection":[{"href":"https:\/\/www.eugeneistomin.com\/fr\/wp-json\/wp\/v2\/pages"}],"about":[{"href":"https:\/\/www.eugeneistomin.com\/fr\/wp-json\/wp\/v2\/types\/page"}],"author":[{"embeddable":true,"href":"https:\/\/www.eugeneistomin.com\/fr\/wp-json\/wp\/v2\/users\/1"}],"replies":[{"embeddable":true,"href":"https:\/\/www.eugeneistomin.com\/fr\/wp-json\/wp\/v2\/comments?post=1996"}],"version-history":[{"count":3,"href":"https:\/\/www.eugeneistomin.com\/fr\/wp-json\/wp\/v2\/pages\/1996\/revisions"}],"predecessor-version":[{"id":7472,"href":"https:\/\/www.eugeneistomin.com\/fr\/wp-json\/wp\/v2\/pages\/1996\/revisions\/7472"}],"up":[{"embeddable":true,"href":"https:\/\/www.eugeneistomin.com\/fr\/wp-json\/wp\/v2\/pages\/383"}],"wp:attachment":[{"href":"https:\/\/www.eugeneistomin.com\/fr\/wp-json\/wp\/v2\/media?parent=1996"}],"curies":[{"name":"wp","href":"https:\/\/api.w.org\/{rel}","templated":true}]}}