{"id":1803,"date":"2016-01-14T12:47:59","date_gmt":"2016-01-14T11:47:59","guid":{"rendered":"http:\/\/eugeneistomin.com\/?page_id=1803"},"modified":"2020-02-21T23:50:40","modified_gmt":"2020-02-21T22:50:40","slug":"reagan","status":"publish","type":"page","link":"https:\/\/www.eugeneistomin.com\/fr\/lhomme\/la-politique-et-lhistoire\/reagan\/","title":{"rendered":"Ronald Reagan"},"content":{"rendered":"<p>Ce n\u2019est pas parce qu\u2019il avait beaucoup de tendresse pour les films de s\u00e9rie B, auxquels Reagan avait souvent particip\u00e9, qu\u2019Istomin manifesta de la sympathie pour ses id\u00e9es politiques. Lorsque Reagan fut \u00e9lu Pr\u00e9sident des Etats-Unis en 1980, Istomin avait m\u00eame envisag\u00e9 de quitter son pays, par d\u00e9pit de voir son Am\u00e9rique id\u00e9ale sombrer dans un conservatisme inculte. Si Marta n\u2019avait pas \u00e9t\u00e9 nomm\u00e9e r\u00e9cemment directrice artistique du Kennedy Center, peut-\u00eatre aurait-il r\u00e9ellement pris cette d\u00e9cision\u2026<\/p>\n<p class=\"p1\"><a href=\"https:\/\/eugeneistomin.com\/wp-content\/uploads\/2015\/07\/Raegan.jpg\"><img decoding=\"async\" class=\" size-full wp-image-1824 alignleft\" src=\"https:\/\/eugeneistomin.com\/wp-content\/uploads\/2015\/07\/Raegan.jpg\" alt=\"Raegan\" width=\"300\" height=\"300\" srcset=\"https:\/\/www.eugeneistomin.com\/wp-content\/uploads\/2015\/07\/Raegan-66x66.jpg 66w, https:\/\/www.eugeneistomin.com\/wp-content\/uploads\/2015\/07\/Raegan-150x150.jpg 150w, https:\/\/www.eugeneistomin.com\/wp-content\/uploads\/2015\/07\/Raegan.jpg 300w\" sizes=\"(max-width: 300px) 100vw, 300px\" \/><\/a>Les  circonstances le conduisirent pourtant \u00e0 accepter de jouer pour l\u2019investiture de Reagan! Le 21 janvier 1981, Rudolf Serkin devait \u00eatre le soliste du concert donn\u00e9 par le National Symphony au Kennedy Center en l\u2019honneur du nouveau pr\u00e9sident. Quelques jours avant, Serkin fit savoir qu\u2019il n\u2019\u00e9tait pas en mesure de jouer. En fait, il n\u2019\u00e9tait pas malade au point de ne pouvoir jouer mais il \u00e9tait en profond d\u00e9saccord politique avec les id\u00e9es de Reagan. Ses enfants l\u2019\u00e9taient encore davantage et achev\u00e8rent de le dissuader de participer \u00e0 un tel \u00e9v\u00e9nement. En tant que directeur musical du National Symphony, Rostropovitch \u00e9tait charg\u00e9 de diriger le concert et il \u00e9tait tr\u00e8s embarrass\u00e9. Ayant appris qu\u2019Istomin \u00e9tait disponible et venait de jouer le<i> Concerto K. 467 <\/i>de Mozart \u00e0 San Francisco, il fit usage de toute sa persuasion et de toute sa s\u00e9duction pour le convaincre de remplacer Serkin. A la fois par amiti\u00e9 pour Slava et par respect pour la fonction pr\u00e9sidentielle, Istomin accepta, tout en indiquant clairement qu\u2019il n\u2019avait pas vot\u00e9 pour Reagan. Rostropovitch n\u2019avait jamais eu l\u2019occasion de diriger ce concerto c\u00e9l\u00e9brissime, et cela le rassurait de le pr\u00e9parer avec Istomin, qui vint aussit\u00f4t le jouer pour lui.<\/p>\n<p class=\"p1\">La situation devint plut\u00f4t cocasse lors de la visite de Nancy et de Ronald Reagan en coulisses avant le concert. Harold Schonberg, le c\u00e9l\u00e8bre critique de <i>New York Times<\/i>, \u00e9tait pr\u00e9sent et se comporta \u00e0 cette occasion comme s\u2019il \u00e9tait depuis toujours un grand ami d\u2019Istomin, alors qu\u2019il avait d\u00e9moli syst\u00e9matiquement toutes ses prestations depuis trente ans\u2026<\/p>\n<p class=\"p1\">En premi\u00e8re partie du concert, apr\u00e8s l\u2019hymne am\u00e9ricain, Rostropovitch dirigea la musique de Korngold pour le film <i>King\u2019s Row, <\/i>un m\u00e9lodrame qui eut beaucoup de succ\u00e8s \u00e0 sa sortie en 1942, et qui avait fait la c\u00e9l\u00e9brit\u00e9 de Reagan comme acteur. Le nouveau pr\u00e9sident et son vice-pr\u00e9sident, George Busch Sr, ne tard\u00e8rent pas \u00e0 quitter le concert et n\u2019entendirent pas le concerto de Mozart qui, d\u2019apr\u00e8s le critique du <i>Washington Post<\/i>, Paul Hume, avait \u00e9t\u00e9 le grand moment de la soir\u00e9e&#8230;<\/p>\n<p class=\"p1\">La culture en g\u00e9n\u00e9ral, et la musique classique en particulier, n\u2019\u00e9tait pas vraiment une priorit\u00e9 pour Reagan. Istomin sourit d\u2019un air d\u00e9sol\u00e9 lorsqu\u2019on lui raconta qu\u2019au G7 de 1982 Reagan s\u2019\u00e9tait endormi en entendant Lully \u00e0 l\u2019Op\u00e9ra Royal de Versailles et qu\u2019il s\u2019\u00e9tait ridiculis\u00e9 par des remarques ineptes en venant saluer William Christie apr\u00e8s le concert.<\/p>\n<p class=\"p1\">MUSIQUE<\/p>\n<div class=\"fusion-fullwidth fullwidth-box fusion-builder-row-1 hundred-percent-fullwidth non-hundred-percent-height-scrolling\" style=\"--awb-border-radius-top-left:0px;--awb-border-radius-top-right:0px;--awb-border-radius-bottom-right:0px;--awb-border-radius-bottom-left:0px;--awb-overflow:visible;\" ><div class=\"fusion-builder-row fusion-row\"><div class=\"fusion-layout-column fusion_builder_column fusion-builder-column-0 fusion_builder_column_1_1 1_1 fusion-one-full fusion-column-first fusion-column-last fusion-column-no-min-height\" style=\"--awb-bg-size:cover;--awb-margin-bottom:0px;\"><div class=\"fusion-column-wrapper fusion-flex-column-wrapper-legacy\"><!--[if lt IE 9]><script>document.createElement('audio');<\/script><![endif]-->\n<audio class=\"wp-audio-shortcode\" id=\"audio-1803-1\" preload=\"none\" style=\"width: 100%;\" controls=\"controls\"><source type=\"audio\/mpeg\" src=\"https:\/\/eugeneistomin.com\/wp-content\/uploads\/2016\/03\/Mozart-Concerto-n\u00b021_3emeMvt_128k.mp3?_=1\" \/><a href=\"https:\/\/eugeneistomin.com\/wp-content\/uploads\/2016\/03\/Mozart-Concerto-n\u00b021_3emeMvt_128k.mp3\">https:\/\/eugeneistomin.com\/wp-content\/uploads\/2016\/03\/Mozart-Concerto-n\u00b021_3emeMvt_128k.mp3<\/a><\/audio>\n<p><strong>W.A. Mozart.<\/strong> <em>Concerto n\u00b0 21 en ut majeur K. 467<\/em> : troisi\u00e8me mouvement du concerto\u00a0que Ronald Reagan n&rsquo;avait pas eu le temps d&rsquo;\u00e9couter lors de sa soir\u00e9e d&rsquo;investiture&#8230;<\/p>\n<p>Eugene Istomin, piano. Nouvel Orchestre Philharmonique de l&rsquo;ORTF. Emmanuel Krivine. Paris, 29 juin 1977.<div class=\"fusion-clearfix\"><\/div><\/div><\/div><\/div><\/div>\n","protected":false},"excerpt":{"rendered":"<p>Ce n\u2019est pas parce qu\u2019il avait beaucoup de tendresse pour les films de s\u00e9rie B, auxquels Reagan avait souvent particip\u00e9, qu\u2019Istomin manifesta de la sympathie pour ses id\u00e9es politiques. Lorsque Reagan fut \u00e9lu Pr\u00e9sident des Etats-Unis en 1980, Istomin avait m\u00eame envisag\u00e9 de quitter son pays, par d\u00e9pit de voir son Am\u00e9rique id\u00e9ale sombrer dans [&hellip;]<\/p>\n","protected":false},"author":2,"featured_media":0,"parent":355,"menu_order":0,"comment_status":"open","ping_status":"open","template":"","meta":[],"acf":[],"_links":{"self":[{"href":"https:\/\/www.eugeneistomin.com\/fr\/wp-json\/wp\/v2\/pages\/1803"}],"collection":[{"href":"https:\/\/www.eugeneistomin.com\/fr\/wp-json\/wp\/v2\/pages"}],"about":[{"href":"https:\/\/www.eugeneistomin.com\/fr\/wp-json\/wp\/v2\/types\/page"}],"author":[{"embeddable":true,"href":"https:\/\/www.eugeneistomin.com\/fr\/wp-json\/wp\/v2\/users\/2"}],"replies":[{"embeddable":true,"href":"https:\/\/www.eugeneistomin.com\/fr\/wp-json\/wp\/v2\/comments?post=1803"}],"version-history":[{"count":7,"href":"https:\/\/www.eugeneistomin.com\/fr\/wp-json\/wp\/v2\/pages\/1803\/revisions"}],"predecessor-version":[{"id":7500,"href":"https:\/\/www.eugeneistomin.com\/fr\/wp-json\/wp\/v2\/pages\/1803\/revisions\/7500"}],"up":[{"embeddable":true,"href":"https:\/\/www.eugeneistomin.com\/fr\/wp-json\/wp\/v2\/pages\/355"}],"wp:attachment":[{"href":"https:\/\/www.eugeneistomin.com\/fr\/wp-json\/wp\/v2\/media?parent=1803"}],"curies":[{"name":"wp","href":"https:\/\/api.w.org\/{rel}","templated":true}]}}