{"id":1797,"date":"2016-01-14T12:31:05","date_gmt":"2016-01-14T11:31:05","guid":{"rendered":"http:\/\/eugeneistomin.com\/?page_id=1797"},"modified":"2020-02-21T23:50:40","modified_gmt":"2020-02-21T22:50:40","slug":"kennedy","status":"publish","type":"page","link":"https:\/\/www.eugeneistomin.com\/fr\/lhomme\/la-politique-et-lhistoire\/kennedy\/","title":{"rendered":"John Fitzgerald Kennedy"},"content":{"rendered":"<div class=\"fusion-fullwidth fullwidth-box fusion-builder-row-1 hundred-percent-fullwidth non-hundred-percent-height-scrolling\" style=\"--awb-border-radius-top-left:0px;--awb-border-radius-top-right:0px;--awb-border-radius-bottom-right:0px;--awb-border-radius-bottom-left:0px;--awb-overflow:visible;\" ><div class=\"fusion-builder-row fusion-row\"><div class=\"fusion-layout-column fusion_builder_column fusion-builder-column-0 fusion_builder_column_1_1 1_1 fusion-one-full fusion-column-first fusion-column-last fusion-column-no-min-height\" style=\"--awb-bg-size:cover;--awb-margin-bottom:0px;\"><div class=\"fusion-column-wrapper fusion-flex-column-wrapper-legacy\"><div class=\"fusion-text fusion-text-1\"><p class=\"p1\"><a href=\"https:\/\/eugeneistomin.com\/wp-content\/uploads\/2016\/01\/1962-Photo-with-Kennedy.jpg\"><img decoding=\"async\" class=\"alignleft wp-image-1849 size-full\" src=\"https:\/\/eugeneistomin.com\/wp-content\/uploads\/2016\/01\/1962-Photo-with-Kennedy.jpg\" alt=\"1962-Photo-with-Kennedy\" width=\"300\" height=\"300\" srcset=\"https:\/\/www.eugeneistomin.com\/wp-content\/uploads\/2016\/01\/1962-Photo-with-Kennedy-66x66.jpg 66w, https:\/\/www.eugeneistomin.com\/wp-content\/uploads\/2016\/01\/1962-Photo-with-Kennedy-150x150.jpg 150w, https:\/\/www.eugeneistomin.com\/wp-content\/uploads\/2016\/01\/1962-Photo-with-Kennedy.jpg 300w\" sizes=\"(max-width: 300px) 100vw, 300px\" \/><\/a>\u00ab\u00a0J\u2019ai  eu l\u2019honneur de jouer \u00e0 la Maison Blanche en 1962 pour le pr\u00e9sident Kennedy. C\u2019\u00e9tait une grande soir\u00e9e en l\u2019honneur d\u2019Andr\u00e9 Malraux et de la venue en Am\u00e9rique de <i>La Joconde<\/i>, qui allait \u00eatre expos\u00e9e \u00e0 Washington. Avec mes amis et coll\u00e8gues du Trio, Isaac Stern et Leonard Rose, nous avons pass\u00e9 apr\u00e8s le concert une heure-et-demie dans l\u2019intimit\u00e9 du<span class=\"Apple-converted-space\">\u00a0 <\/span>Pr\u00e9sident, dans son appartement. Avec nous, il y avait juste Andr\u00e9 Malraux, qui parlait essentiellement avec Jackie Kennedy, Herv\u00e9 Alphand, l\u2019ambassadeur de France, Leonard Bernstein, Charles Lindbergh et sa femme. C\u2019est un souvenir fantastique pour moi. Nous \u00e9tions tous debout car le Pr\u00e9sident ne pouvait s\u2019asseoir tant il avait mal au dos. Ce qui \u00e9tait extraordinaire, c\u2019est que Kennedy questionnait tout le monde, qu\u2019il \u00e9tait pr\u00eat \u00e0 \u00e9couter. Il donnait un sentiment \u00e9tonnant, touchant, de vuln\u00e9rabilit\u00e9 au niveau des id\u00e9es\u2026\u00a0\u00bb<\/p>\n<\/div><div class=\"fusion-sep-clear\"><\/div><div class=\"fusion-separator fusion-full-width-sep\" style=\"margin-left: auto;margin-right: auto;width:100%;\"><\/div><div class=\"fusion-sep-clear\"><\/div><div class=\"fusion-clearfix\"><\/div><\/div><\/div><div class=\"fusion-layout-column fusion_builder_column fusion-builder-column-1 fusion_builder_column_1_1 1_1 fusion-one-full fusion-column-first fusion-column-last fusion-column-no-min-height\" style=\"--awb-bg-size:cover;--awb-margin-bottom:0px;\"><div class=\"fusion-column-wrapper fusion-flex-column-wrapper-legacy\"><div class=\"fusion-title title fusion-title-1 fusion-title-text fusion-title-size-three\"><h3 class=\"title-heading-left fusion-responsive-typography-calculated\" style=\"margin:0;--fontSize:16;--minFontSize:16;line-height:1.5;\"><strong>Le soutien de Kennedy<\/strong><\/h3><span class=\"awb-title-spacer\"><\/span><div class=\"title-sep-container\"><div class=\"title-sep sep- sep-solid\" style=\"border-color:#e0dede;\"><\/div><\/div><\/div><div class=\"fusion-text fusion-text-2\"><div id=\"attachment_3601\" style=\"width: 219px\" class=\"wp-caption alignright\"><a href=\"https:\/\/eugeneistomin.com\/wp-content\/uploads\/2016\/01\/Kennedy-et-Bumbry-recadr\u00e9.jpg\"><img aria-describedby=\"caption-attachment-3601\" decoding=\"async\" class=\"size-medium wp-image-3601\" src=\"https:\/\/eugeneistomin.com\/wp-content\/uploads\/2016\/01\/Kennedy-et-Bumbry-recadr\u00e9-209x300.jpg\" alt=\"John et Jackie Kennedy avec Grace Bumbry\" width=\"209\" height=\"300\" srcset=\"https:\/\/www.eugeneistomin.com\/wp-content\/uploads\/2016\/01\/Kennedy-et-Bumbry-recadr\u00e9-209x300.jpg 209w, https:\/\/www.eugeneistomin.com\/wp-content\/uploads\/2016\/01\/Kennedy-et-Bumbry-recadr\u00e9.jpg 623w\" sizes=\"(max-width: 209px) 100vw, 209px\" \/><\/a><p id=\"caption-attachment-3601\" class=\"wp-caption-text\">John et Jackie Kennedy avec Grace Bumbry<\/p><\/div>\n<p class=\"p1\">Istomin avait \u00e9t\u00e9 un fervent supporter de Kennedy aux \u00e9lections de 1960, au point de se lancer dans de grandes discussions politiques dans les r\u00e9ceptions d\u2019apr\u00e8s concert, y compris en territoire r\u00e9publicain. Cela lui valut un rappel de l\u2019ordre de son management, lui recommandant de ne plus faire \u00e9tat de ses opinions politiques, et il ne fut plus jamais invit\u00e9 dans certaines villes du Texas\u2026 Gr\u00e2ce \u00e0 deux amis journalistes, Henry Brandon et surtout Henry Raymont, Istomin se trouvait tr\u00e8s proche des hautes sph\u00e8res du pouvoir. Il se lia d\u2019ailleurs d\u2019une amiti\u00e9 durable avec Pierre Salinger, le porte-parole de la Maison-Blanche.<span class=\"Apple-converted-space\">\u00a0 \u00a0<\/span><\/p>\n<p class=\"p1\">Un des points qui avaient s\u00e9duit Istomin, c\u2019\u00e9tait la volont\u00e9 de mettre la culture au premier plan de la vie politique. En partie gr\u00e2ce \u00e0 Abe Fortas et \u00e0 Henry Raimont, Kennedy avait r\u00e9ussi \u00e0 convaincre Casals de venir jouer \u00e0 la Maison-Blanche et l\u2019\u00e9v\u00e9nement avait eu un retentissement consid\u00e9rable dans le monde entier. Comme symbole de sa volont\u00e9 de d\u00e9fendre l\u2019\u00e9galit\u00e9 des droits civiques, Kennedy invita Grace Bumbry, qui fut donc la premi\u00e8re cantatrice noire \u00e0 se produire \u00e0 la Maison-Blanche.<\/p>\n<\/div><div class=\"fusion-clearfix\"><\/div><\/div><\/div><div class=\"fusion-layout-column fusion_builder_column fusion-builder-column-2 fusion_builder_column_1_1 1_1 fusion-one-full fusion-column-first fusion-column-last fusion-column-no-min-height\" style=\"--awb-bg-size:cover;--awb-margin-bottom:0px;\"><div class=\"fusion-column-wrapper fusion-flex-column-wrapper-legacy\"><div class=\"fusion-title title fusion-title-2 fusion-title-text fusion-title-size-three\"><h3 class=\"title-heading-left fusion-responsive-typography-calculated\" style=\"margin:0;--fontSize:16;--minFontSize:16;line-height:1.5;\"><strong>Le concert \u00e0 la Maison Blanche<\/strong><\/h3><span class=\"awb-title-spacer\"><\/span><div class=\"title-sep-container\"><div class=\"title-sep sep- sep-solid\" style=\"border-color:#e0dede;\"><\/div><\/div><\/div><div class=\"fusion-text fusion-text-3\"><div id=\"attachment_1850\" style=\"width: 310px\" class=\"wp-caption alignleft\"><a href=\"https:\/\/eugeneistomin.com\/wp-content\/uploads\/2016\/01\/Istomin-Jackie.jpg\"><img aria-describedby=\"caption-attachment-1850\" decoding=\"async\" class=\"wp-image-1850 size-full\" src=\"https:\/\/eugeneistomin.com\/wp-content\/uploads\/2016\/01\/Istomin-Jackie.jpg\" alt=\"Eugene Istomin et Jackie Kennedy\" width=\"300\" height=\"300\" srcset=\"https:\/\/www.eugeneistomin.com\/wp-content\/uploads\/2016\/01\/Istomin-Jackie-66x66.jpg 66w, https:\/\/www.eugeneistomin.com\/wp-content\/uploads\/2016\/01\/Istomin-Jackie-150x150.jpg 150w, https:\/\/www.eugeneistomin.com\/wp-content\/uploads\/2016\/01\/Istomin-Jackie.jpg 300w\" sizes=\"(max-width: 300px) 100vw, 300px\" \/><\/a><p id=\"caption-attachment-1850\" class=\"wp-caption-text\">Istomin et Jackie Kennedy<\/p><\/div>\n<p class=\"p1\">Lorsqu\u2019Istomin fut invit\u00e9 en mai 1962 avec Isaac Stern et Leonard Rose \u00e0 donner un concert en l\u2019honneur d\u2019Andr\u00e9 Malraux, Kennedy<span class=\"Apple-converted-space\">\u00a0 <\/span>avait convi\u00e9 \u00e0 la Maison Blanche la fine fleur des artistes et des \u00e9crivains am\u00e9ricains, de George Balanchine \u00e0 Tennessee Williams. Avant le concert, il y eut un d\u00eener froid somptueux, arros\u00e9 de Ch\u00e2teau-Petrus et de Champagne Dom P\u00e9rignon. Istomin fut fort marri de ne pouvoir ni manger ni boire\u00a0! La dur\u00e9e du concert fut \u00e9court\u00e9e, le programme se limitant au seul <i>Trio en si b\u00e9mol majeur<\/i> de Schubert, car le Pr\u00e9sident Kennedy avait si mal au dos qu\u2019il ne pouvait rester assis longuement.<\/p>\n<p class=\"p1\">Il y eut ensuite le privil\u00e8ge de cette r\u00e9ception en petit comit\u00e9 dans les appartements de la Maison-Blanche. Kennedy avoua sans fa\u00e7on qu\u2019il ne connaissait rien en musique, mais Istomin le lui pardonna volontiers. Ce qui l\u2019\u00e9merveilla, ce fut la simplicit\u00e9 et la disponibilit\u00e9 de Kennedy, pr\u00eat \u00e0 \u00e9couter toutes les id\u00e9es, toutes les propositions qui pourraient lui \u00eatre utiles pour la bonne marche du pays et du monde. Istomin osa donc lui sugg\u00e9rer de s\u2019adresser r\u00e9guli\u00e8rement, directement, aux Am\u00e9ricains sur les ondes radiophoniques sans l\u2019interm\u00e9diaire des journalistes. Et Kennedy prit au s\u00e9rieux cette suggestion, r\u00e9pondant\u00a0: \u00ab\u00a0Vous voulez dire comme les causeries au coin du feu de Roosevelt\u00a0? Je crois que pour cela je n\u2019ai pas son charisme\u2026\u00a0\u00bb Et de fait, Kennedy, fascin\u00e9 par le pouvoir de l\u2019image poursuivit exclusivement ses conf\u00e9rences de presse t\u00e9l\u00e9vis\u00e9es.<\/p>\n<\/div><div class=\"fusion-clearfix\"><\/div><\/div><\/div><div class=\"fusion-layout-column fusion_builder_column fusion-builder-column-3 fusion_builder_column_1_1 1_1 fusion-one-full fusion-column-first fusion-column-last fusion-column-no-min-height\" style=\"--awb-bg-size:cover;--awb-margin-bottom:0px;\"><div class=\"fusion-column-wrapper fusion-flex-column-wrapper-legacy\"><div class=\"fusion-title title fusion-title-3 fusion-title-text fusion-title-size-three\"><h3 class=\"title-heading-left fusion-responsive-typography-calculated\" style=\"margin:0;--fontSize:16;--minFontSize:16;line-height:1.5;\"><strong>Au service de l\u2019Am\u00e9rique<\/strong><\/h3><span class=\"awb-title-spacer\"><\/span><div class=\"title-sep-container\"><div class=\"title-sep sep- sep-solid\" style=\"border-color:#e0dede;\"><\/div><\/div><\/div><div class=\"fusion-text fusion-text-4\"><p class=\"p1\">Istomin sortit de cette soir\u00e9e compl\u00e8tement s\u00e9duit par Kennedy. Il en parla abondamment<span class=\"Apple-converted-space\">\u00a0 <\/span>\u00e0 tous ses proches en termes dithyrambiques\u00a0! Il \u00e9tait pr\u00eat \u00e0 faire sienne l\u2019exhortation de Kennedy : \u00ab\u00a0Ne vous demandez pas ce que votre pays peut faire pour vous, demandez-vous ce que vous pouvez faire pour votre pays\u00a0!\u00a0\u00bb Et ce qu\u2019il avait de mieux \u00e0 proposer, c\u2019\u00e9tait de mettre son talent au service de son pays et de son pr\u00e9sident, et d\u2019aller jouer partout o\u00f9 cela pourrait servir l\u2019image de l\u2019Am\u00e9rique. La Russie avait su imposer son image de grand pays de culture en envoyant O\u00efstrakh, Gilels et Richter, tandis que les Etats-Unis ne d\u00e9l\u00e9guaient le plus souvent que des artistes de second plan. Non seulement Istomin se tenait \u00e0 la disposition du D\u00e9partement d\u2019Etat, mais il s\u2019engageait \u00e0 entra\u00eener dans l\u2019aventure ses coll\u00e8gues les plus prestigieux, Bernstein et Maazel, Stern et Menuhin, Fleisher, Graffman, van Cliburn\u2026 Tous \u00e9taient pr\u00eats \u00e0 se produire sans cachet et Istomin\u00a0allait servir\u00a0d\u2019\u00e9claireur en assumant une longue mission en Bulgarie en avril 1963, suivie d\u2019un concert \u00e0 T\u00e9h\u00e9ran.<\/p>\n<\/div><div class=\"fusion-clearfix\"><\/div><\/div><\/div><div class=\"fusion-layout-column fusion_builder_column fusion-builder-column-4 fusion_builder_column_1_1 1_1 fusion-one-full fusion-column-first fusion-column-last fusion-column-no-min-height\" style=\"--awb-bg-size:cover;--awb-margin-bottom:0px;\"><div class=\"fusion-column-wrapper fusion-flex-column-wrapper-legacy\"><div class=\"fusion-title title fusion-title-4 fusion-title-text fusion-title-size-three\"><h3 class=\"title-heading-left fusion-responsive-typography-calculated\" style=\"margin:0;--fontSize:16;--minFontSize:16;line-height:1.5;\"><strong>De la mort de Kennedy \u00e0 l\u2019inauguration du Kennedy Center<\/strong><\/h3><span class=\"awb-title-spacer\"><\/span><div class=\"title-sep-container\"><div class=\"title-sep sep- sep-solid\" style=\"border-color:#e0dede;\"><\/div><\/div><\/div><div class=\"fusion-text fusion-text-5\"><p class=\"p1\">L\u2019assassinat de Kennedy, le 22 novembre 1963, fut un tr\u00e8s grand choc pour Istomin, qui se traduisit par une volont\u00e9 encore plus grande de servir son pays et d\u2019entrer en politique. Gr\u00e2ce \u00e0 Abe Fortas, qui \u00e9tait tr\u00e8s proche de Johnson, et \u00e0 Humphrey, devenu vice-pr\u00e9sident en janvier 1965, Istomin resta en contact avec les plus hautes sph\u00e8res du pouvoir. Il esp\u00e9rait beaucoup que Humphrey soit \u00e9lu en 1968\u2026<\/p>\n<div id=\"attachment_3603\" style=\"width: 310px\" class=\"wp-caption alignright\"><a href=\"https:\/\/eugeneistomin.com\/wp-content\/uploads\/2016\/01\/kennedy-center.jpg\"><img aria-describedby=\"caption-attachment-3603\" decoding=\"async\" class=\"size-medium wp-image-3603\" src=\"https:\/\/eugeneistomin.com\/wp-content\/uploads\/2016\/01\/kennedy-center-300x300.jpg\" alt=\"La statue de Kennedy au Kennedy Center\" width=\"300\" height=\"300\" srcset=\"https:\/\/www.eugeneistomin.com\/wp-content\/uploads\/2016\/01\/kennedy-center-66x66.jpg 66w, https:\/\/www.eugeneistomin.com\/wp-content\/uploads\/2016\/01\/kennedy-center-150x150.jpg 150w, https:\/\/www.eugeneistomin.com\/wp-content\/uploads\/2016\/01\/kennedy-center-300x300.jpg 300w, https:\/\/www.eugeneistomin.com\/wp-content\/uploads\/2016\/01\/kennedy-center.jpg 450w\" sizes=\"(max-width: 300px) 100vw, 300px\" \/><\/a><p id=\"caption-attachment-3603\" class=\"wp-caption-text\">La statue de Kennedy au Kennedy Center<\/p><\/div>\n<p class=\"p1\">En 1971, pour l\u2019inauguration du Kennedy Center, Istomin fut invit\u00e9 \u00e0 y donner le premier concert de musique de chambre avec ses amis Isaac Stern et Leonard Rose, en pr\u00e9sence des plus hautes personnalit\u00e9s am\u00e9ricaines, du corps diplomatique au complet et des m\u00e9dias du monde entier. C\u2019\u00e9tait un grand honneur et une immense \u00e9motion. La soir\u00e9e avait commenc\u00e9 par la lecture d\u2019une longue et \u00e9mouvante lettre de Casals en hommage \u00e0 Kennedy. Elle s\u2019\u00e9tait achev\u00e9e par une longue <i>standing ovation<\/i>. Quelques jours plus tard le Trio partait pour plus de trois semaines au Japon, pour se faire pardonner son absence de l\u2019ann\u00e9e Beethoven. En novembre 1983, le Trio Istomin-Stern-Rose participa au grand concert de c\u00e9l\u00e9bration du 20<sup>\u00e8me<\/sup> anniversaire de la mort de Kennedy. Ce fut leur dernier concert et un symbole \u00e9mouvant de la fin de leur aventure. A ce moment, Marta Istomin \u00e9tait devenue directrice artistique du Kennedy Center et le restera jusqu\u2019en 1990.<\/p>\n<\/div><div class=\"fusion-clearfix\"><\/div><\/div><\/div><div class=\"fusion-layout-column fusion_builder_column fusion-builder-column-5 fusion_builder_column_1_1 1_1 fusion-one-full fusion-column-first fusion-column-last fusion-column-no-min-height\" style=\"--awb-bg-size:cover;--awb-margin-bottom:0px;\"><div class=\"fusion-column-wrapper fusion-flex-column-wrapper-legacy\"><div class=\"fusion-title title fusion-title-5 fusion-title-text fusion-title-size-three\"><h3 class=\"title-heading-left fusion-responsive-typography-calculated\" style=\"margin:0;--fontSize:16;--minFontSize:16;line-height:1.5;\"><strong>Avec le recul<\/strong><\/h3><span class=\"awb-title-spacer\"><\/span><div class=\"title-sep-container\"><div class=\"title-sep sep- sep-solid\" style=\"border-color:#e0dede;\"><\/div><\/div><\/div><div class=\"fusion-text fusion-text-6\"><p class=\"p1\">Avec le temps, certains aspects de la personnalit\u00e9 de Kennedy furent r\u00e9v\u00e9l\u00e9s et le bilan de sa pr\u00e9sidence fut r\u00e9\u00e9valu\u00e9 sensiblement \u00e0 la baisse. Istomin eut le sentiment de s\u2019\u00eatre laiss\u00e9, lui aussi, prendre \u00e0 la mystique Kennedy, d\u2019avoir \u00e9t\u00e9 abus\u00e9 par l\u2019habilet\u00e9 de la communication politique orchestr\u00e9e par Salinger et Sorensen, deux de ses amis\u00a0! Il prit ses distances, tout en ayant conscience que l\u2019optimisme, l\u2019id\u00e9alisme, le sentiment que l\u2019on pouvait changer le monde, semblaient alors aller de soi. Kennedy les avait symbolis\u00e9s au-del\u00e0 de la r\u00e9alit\u00e9 de sa personne et de son action. La guerre du Vietnam, la succession des assassinats politiques, les crises du Moyen-Orient allaient ramener l\u2019humanit\u00e9 \u00e0 de plus tristes r\u00e9alit\u00e9s.<\/p>\n<p class=\"p1\">Istomin entretint des liens amicaux avec le plus jeune des fr\u00e8res Kennedy, Ted, qui lui \u00e9crivit en 2000, \u00e0 l\u2019occasion de son soixante-quinzi\u00e8me anniversaire\u00a0: \u00ab\u00a0 Tu as enrichi nos vies avec la grandeur de ta musique et la g\u00e9n\u00e9rosit\u00e9 de ton amiti\u00e9.\u00a0\u00bb<\/p>\n<p class=\"p1\">A noter que le d\u00e9but du finale de la <i>Troisi\u00e8me Sonate<\/i> de Roger Sessions, d\u00e9di\u00e9e \u00e0 Eugene Istomin, a \u00e9t\u00e9 inspir\u00e9 par la mort de John Kennedy.<\/p>\n<\/div><div class=\"fusion-clearfix\"><\/div><\/div><\/div><div class=\"fusion-layout-column fusion_builder_column fusion-builder-column-6 fusion_builder_column_1_1 1_1 fusion-one-full fusion-column-first fusion-column-last fusion-column-no-min-height\" style=\"--awb-bg-size:cover;--awb-margin-bottom:0px;\"><div class=\"fusion-column-wrapper fusion-flex-column-wrapper-legacy\"><div class=\"fusion-title title fusion-title-6 fusion-title-text fusion-title-size-three\"><h3 class=\"title-heading-left fusion-responsive-typography-calculated\" style=\"margin:0;--fontSize:16;--minFontSize:16;line-height:1.5;\"><strong>Musique<\/strong><\/h3><span class=\"awb-title-spacer\"><\/span><div class=\"title-sep-container\"><div class=\"title-sep sep- sep-solid\" style=\"border-color:#e0dede;\"><\/div><\/div><\/div><div class=\"fusion-text fusion-text-7\"><p>Lors du vingti\u00e8me anniversaire de la mort de Kennedy, le 22 novembre 1983, Istomin, Stern et Rose sont venus jouer au Kennedy Center l&rsquo;<em>andante<\/em> du <em>Trio en si b\u00e9mol majeur<\/em> de Schubert. Ce fut leur derni\u00e8re apparition publique&#8230;<\/p>\n<!--[if lt IE 9]><script>document.createElement('audio');<\/script><![endif]-->\n<audio class=\"wp-audio-shortcode\" id=\"audio-1797-1\" preload=\"none\" style=\"width: 100%;\" controls=\"controls\"><source type=\"audio\/mpeg\" src=\"https:\/\/eugeneistomin.com\/wp-content\/uploads\/2016\/03\/Schubert-Trio-Op99_II_128k.mp3?_=1\" \/><a href=\"https:\/\/eugeneistomin.com\/wp-content\/uploads\/2016\/03\/Schubert-Trio-Op99_II_128k.mp3\">https:\/\/eugeneistomin.com\/wp-content\/uploads\/2016\/03\/Schubert-Trio-Op99_II_128k.mp3<\/a><\/audio>\n<p>Eugene Istomin, Isaac Stern, Leonard Rose, enregistrement pour Columbia, 15-17 ao\u00fbt 1964.<\/p>\n<\/div><div class=\"fusion-clearfix\"><\/div><\/div><\/div><\/div><\/div>\n","protected":false},"excerpt":{"rendered":"","protected":false},"author":2,"featured_media":0,"parent":355,"menu_order":0,"comment_status":"open","ping_status":"open","template":"","meta":[],"acf":[],"_links":{"self":[{"href":"https:\/\/www.eugeneistomin.com\/fr\/wp-json\/wp\/v2\/pages\/1797"}],"collection":[{"href":"https:\/\/www.eugeneistomin.com\/fr\/wp-json\/wp\/v2\/pages"}],"about":[{"href":"https:\/\/www.eugeneistomin.com\/fr\/wp-json\/wp\/v2\/types\/page"}],"author":[{"embeddable":true,"href":"https:\/\/www.eugeneistomin.com\/fr\/wp-json\/wp\/v2\/users\/2"}],"replies":[{"embeddable":true,"href":"https:\/\/www.eugeneistomin.com\/fr\/wp-json\/wp\/v2\/comments?post=1797"}],"version-history":[{"count":11,"href":"https:\/\/www.eugeneistomin.com\/fr\/wp-json\/wp\/v2\/pages\/1797\/revisions"}],"predecessor-version":[{"id":7504,"href":"https:\/\/www.eugeneistomin.com\/fr\/wp-json\/wp\/v2\/pages\/1797\/revisions\/7504"}],"up":[{"embeddable":true,"href":"https:\/\/www.eugeneistomin.com\/fr\/wp-json\/wp\/v2\/pages\/355"}],"wp:attachment":[{"href":"https:\/\/www.eugeneistomin.com\/fr\/wp-json\/wp\/v2\/media?parent=1797"}],"curies":[{"name":"wp","href":"https:\/\/api.w.org\/{rel}","templated":true}]}}