{"id":1683,"date":"2015-12-14T15:14:58","date_gmt":"2015-12-14T14:14:58","guid":{"rendered":"http:\/\/eugeneistomin.com\/?page_id=1683"},"modified":"2020-02-21T23:50:45","modified_gmt":"2020-02-21T22:50:45","slug":"david-henry","status":"publish","type":"page","link":"https:\/\/www.eugeneistomin.com\/fr\/le-musicien\/lenseignement\/david-henry\/","title":{"rendered":"David Henry"},"content":{"rendered":"<div class=\"fusion-fullwidth fullwidth-box fusion-builder-row-1 hundred-percent-fullwidth non-hundred-percent-height-scrolling\" style=\"--awb-border-radius-top-left:0px;--awb-border-radius-top-right:0px;--awb-border-radius-bottom-right:0px;--awb-border-radius-bottom-left:0px;--awb-overflow:visible;\" ><div class=\"fusion-builder-row fusion-row\"><div class=\"fusion-layout-column fusion_builder_column fusion-builder-column-0 fusion_builder_column_1_1 1_1 fusion-one-full fusion-column-first fusion-column-last fusion-column-no-min-height\" style=\"--awb-bg-size:cover;--awb-margin-bottom:0px;\"><div class=\"fusion-column-wrapper fusion-flex-column-wrapper-legacy\"><div class=\"fusion-text fusion-text-1\"><p><a href=\"https:\/\/eugeneistomin.com\/wp-content\/uploads\/2015\/12\/David-Henry.jpg\"><img decoding=\"async\" class=\" size-full wp-image-1684 alignleft\" src=\"https:\/\/eugeneistomin.com\/wp-content\/uploads\/2015\/12\/David-Henry.jpg\" alt=\"David Henry\" width=\"219\" height=\"293\" \/><\/a>David  Henry a \u00e9tudi\u00e9 \u00e0 la Royal Scottish Academy de Glasgow. En 2002, il a re\u00e7u la prestigieuse bourse <em>Wingate Scholarship<\/em> pour \u00e9tudier \u00e0 la Manhattan School of Music avec Eugene Istomin. Il partage son r\u00e9pertoire entre Beethoven et Brahms et la musique du vingti\u00e8me si\u00e8cle. Il s\u2019int\u00e9resse beaucoup \u00e0 la musique de chambre et joue en duo de pianos avec Sohyun Ahn. Voici ses souvenirs sur les deux ann\u00e9es pass\u00e9es avec Istomin.<br \/>\n\u00ab\u00a0J\u2019ai rencontr\u00e9 Eugene \u00e0 l\u2019automne 2000, peu apr\u00e8s que j\u2019aie quitt\u00e9 l\u2019Ecosse pour New York. Je commen\u00e7ais mes \u00e9tudes \u00e0 la Manhattan School of Music en vue d\u2019un Master, et je devais \u00e9tudier avec lui. Il ne m\u2019avait jamais entendu jouer, alors nous avons eu une r\u00e9union avec Marta et le responsable du d\u00e9partement piano. Je me souviens de la premi\u00e8re question que Eugene m\u2019a pos\u00e9e, \u00e0 mi-chemin entre la plaisanterie et le s\u00e9rieux\u00a0: \u00ab\u00a0Est-ce que vos doigts fonctionnent bien\u00a0?\u00a0\u00bb Un peu perplexe, j\u2019ai r\u00e9pondu\u00a0: \u00ab\u00a0Je crois que oui\u00a0\u00bb. Et il a poursuivi en me demandant\u00a0: \u00ab\u00a0 Ne fait-il pas tr\u00e8s froid en Ecosse\u00a0? Vos doigts ont s\u00fbrement d\u00fb geler\u00a0!\u00a0\u00bb Peu apr\u00e8s, je lui ai jou\u00e9 du Beethoven, et il a d\u00fb sentir un certain potentiel en moi puisqu\u2019ensuite j\u2019ai \u00e9tudi\u00e9 avec lui pendant deux ans.<br \/>\nJ\u2019ai appris de lui un nombre incroyable de choses, sur le piano et sur la musique (pour lui, c\u2019\u00e9tait quasiment la m\u00eame chose). Beaucoup de cet apport est en fait difficile \u00e0 d\u00e9crire en mots ou \u00e0 r\u00e9sumer en termes simples. C\u2019\u00e9tait un moment difficile dans ma vie, o\u00f9 j\u2019essayais de donner du sens \u00e0 un million de choses \u00e0 la fois. J\u2019\u00e9tais livr\u00e9 \u00e0 moi-m\u00eame, dans un nouveau pays. Eugene avait compris que son r\u00f4le \u00e9tait de me mettre au d\u00e9fi et de ne pas accepter que j\u2019abaisse mes exigences en dessous de ce dont j\u2019\u00e9tais capable. En m\u00eame temps, il devait me proposer la meilleure direction possible pour avancer sur mon chemin pianistique. On a beaucoup travaill\u00e9 tous les deux pour am\u00e9liorer mon jeu. Je lui garde une grande reconnaissance pour ses efforts et pour l\u2019\u00e9nergie qu\u2019il a investie. M\u00eame si nous nous sommes s\u00e9rieusement accroch\u00e9s \u00e0 plusieurs reprises\u00a0!<br \/>\nLes b\u00e9n\u00e9fices m\u2019apparaissent beaucoup mieux aujourd\u2019hui qu\u2019\u00e0 cette \u00e9poque, car j\u2019ai m\u00fbri, aussi bien dans ma sensibilit\u00e9 musicale que dans ma d\u00e9marche technique.\u00a0\u00bb<br \/>\n<em>14 f\u00e9vrier 2013<\/em><\/p>\n<\/div><div class=\"fusion-clearfix\"><\/div><\/div><\/div><\/div><\/div>\n","protected":false},"excerpt":{"rendered":"","protected":false},"author":1,"featured_media":0,"parent":335,"menu_order":0,"comment_status":"open","ping_status":"open","template":"","meta":[],"acf":[],"_links":{"self":[{"href":"https:\/\/www.eugeneistomin.com\/fr\/wp-json\/wp\/v2\/pages\/1683"}],"collection":[{"href":"https:\/\/www.eugeneistomin.com\/fr\/wp-json\/wp\/v2\/pages"}],"about":[{"href":"https:\/\/www.eugeneistomin.com\/fr\/wp-json\/wp\/v2\/types\/page"}],"author":[{"embeddable":true,"href":"https:\/\/www.eugeneistomin.com\/fr\/wp-json\/wp\/v2\/users\/1"}],"replies":[{"embeddable":true,"href":"https:\/\/www.eugeneistomin.com\/fr\/wp-json\/wp\/v2\/comments?post=1683"}],"version-history":[{"count":3,"href":"https:\/\/www.eugeneistomin.com\/fr\/wp-json\/wp\/v2\/pages\/1683\/revisions"}],"predecessor-version":[{"id":7532,"href":"https:\/\/www.eugeneistomin.com\/fr\/wp-json\/wp\/v2\/pages\/1683\/revisions\/7532"}],"up":[{"embeddable":true,"href":"https:\/\/www.eugeneistomin.com\/fr\/wp-json\/wp\/v2\/pages\/335"}],"wp:attachment":[{"href":"https:\/\/www.eugeneistomin.com\/fr\/wp-json\/wp\/v2\/media?parent=1683"}],"curies":[{"name":"wp","href":"https:\/\/api.w.org\/{rel}","templated":true}]}}