{"id":1679,"date":"2015-12-14T13:57:13","date_gmt":"2015-12-14T12:57:13","guid":{"rendered":"http:\/\/eugeneistomin.com\/?page_id=1679"},"modified":"2020-02-21T23:50:45","modified_gmt":"2020-02-21T22:50:45","slug":"yefim-bronfman","status":"publish","type":"page","link":"https:\/\/www.eugeneistomin.com\/fr\/le-musicien\/lenseignement\/yefim-bronfman\/","title":{"rendered":"Yefim Bronfman"},"content":{"rendered":"<div class=\"fusion-fullwidth fullwidth-box fusion-builder-row-1 hundred-percent-fullwidth non-hundred-percent-height-scrolling\" style=\"--awb-border-radius-top-left:0px;--awb-border-radius-top-right:0px;--awb-border-radius-bottom-right:0px;--awb-border-radius-bottom-left:0px;--awb-overflow:visible;\" ><div class=\"fusion-builder-row fusion-row\"><div class=\"fusion-layout-column fusion_builder_column fusion-builder-column-0 fusion_builder_column_1_1 1_1 fusion-one-full fusion-column-first fusion-column-last\" style=\"--awb-bg-size:cover;\"><div class=\"fusion-column-wrapper fusion-flex-column-wrapper-legacy\"><div class=\"fusion-title title fusion-title-1 fusion-title-text fusion-title-size-two\"><h2 class=\"title-heading-left fusion-responsive-typography-calculated\" style=\"margin:0;--fontSize:18;--minFontSize:18;line-height:1.5;\"><strong>Les  souvenirs de Yefim Bronfman<\/strong><\/h2><span class=\"awb-title-spacer\"><\/span><div class=\"title-sep-container\"><div class=\"title-sep sep- sep-solid\" style=\"border-color:#e0dede;\"><\/div><\/div><\/div><div class=\"fusion-text fusion-text-1\"><p><a href=\"https:\/\/eugeneistomin.com\/wp-content\/uploads\/2015\/10\/Bronfman-3-001.jpg\"><img decoding=\"async\" class=\" size-medium wp-image-866 alignright\" src=\"https:\/\/eugeneistomin.com\/wp-content\/uploads\/2015\/10\/Bronfman-3-001-292x300.jpg\" alt=\"Bronfman 3 001\" width=\"292\" height=\"300\" srcset=\"https:\/\/www.eugeneistomin.com\/wp-content\/uploads\/2015\/10\/Bronfman-3-001-292x300.jpg 292w, https:\/\/www.eugeneistomin.com\/wp-content\/uploads\/2015\/10\/Bronfman-3-001-998x1024.jpg 998w, https:\/\/www.eugeneistomin.com\/wp-content\/uploads\/2015\/10\/Bronfman-3-001.jpg 1854w\" sizes=\"(max-width: 292px) 100vw, 292px\" \/><\/a>\u00ab J\u2019ai auditionn\u00e9 pour Eugene Istomin peu apr\u00e8s que je sois arriv\u00e9 en Isra\u00ebl. C\u2019\u00e9tait en 1973, j\u2019avais quinze ans. A cette \u00e9poque on cherchait syst\u00e9matiquement \u00e0 d\u00e9tecter les jeunes talents. J\u2019ai jou\u00e9 le <em>Deuxi\u00e8me Concerto<\/em> de Liszt et la <em>Septi\u00e8me Sonate<\/em> de Beethoven, l\u2019<em>opus 10 n\u00b0 3<\/em>. Il avait fait beaucoup de compliments \u00e0 tout le monde, sauf \u00e0 moi. Il m\u2019avait simplement sugg\u00e9r\u00e9 de jouer de la musique pour violoncelle et piano. J\u2019avais pens\u00e9 qu\u2019il ne me trouvait pas assez de qualit\u00e9s pour devenir soliste, et j\u2019\u00e9tais tr\u00e8s d\u00e9\u00e7u, presque d\u00e9sesp\u00e9r\u00e9. En fait, je l\u2019avais convaincu et il m\u2019a recommand\u00e9 \u00e0 l\u2019America-Israel Cultural Foundation. C\u2019est ainsi que j\u2019ai pu venir \u00e9tudier aux Etats-Unis.<\/p>\n<p>J\u2019ai travaill\u00e9 souvent avec Eugene Istomin, chez lui. C\u2019\u00e9tait le plus exigeant de tous les professeurs que j\u2019ai connus. Techniquement et musicalement, il fallait \u00eatre parfaitement pr\u00e9par\u00e9. Il \u00e9tait d\u2019une grande franchise et n\u2019h\u00e9sitait pas \u00e0 me dire quand c\u2019\u00e9tait mauvais. C\u2019est avec lui que j\u2019ai appris \u00e0 vraiment lire une partition, \u00e0 \u00e9tudier le contrepoint, la polyphonie, la construction\u2026 Avant je me fiais surtout \u00e0 mon instinct. J\u2019ai jou\u00e9 avec lui tout mon r\u00e9pertoire de piano solo, et aussi des sonates avec Shlomo Mintz. Je me souviens en particulier d\u2019avoir beaucoup \u00e9tudi\u00e9 avec lui le <em>Troisi\u00e8me Concerto<\/em> de Beethoven pour lequel il m\u2019avait obtenu un engagement au Festival de Porto Rico. J\u2019avais aussi travaill\u00e9 le <em>Triple Concerto<\/em> avec lui, Stern et Rose ! C\u2019\u00e9tait en 1976, et je devais le jouer avec Shlomo Mintz et Yo-Yo Ma sous la direction d\u2019Alexander Schneider.<\/p>\n<p><a href=\"https:\/\/eugeneistomin.com\/wp-content\/uploads\/2015\/10\/Bronfman-2-001.jpg\"><img decoding=\"async\" class=\" size-medium wp-image-871 alignleft\" src=\"https:\/\/eugeneistomin.com\/wp-content\/uploads\/2015\/10\/Bronfman-2-001-300x247.jpg\" alt=\"Bronfman 2 001\" width=\"300\" height=\"247\" srcset=\"https:\/\/www.eugeneistomin.com\/wp-content\/uploads\/2015\/10\/Bronfman-2-001-300x247.jpg 300w, https:\/\/www.eugeneistomin.com\/wp-content\/uploads\/2015\/10\/Bronfman-2-001-1024x843.jpg 1024w, https:\/\/www.eugeneistomin.com\/wp-content\/uploads\/2015\/10\/Bronfman-2-001.jpg 1970w\" sizes=\"(max-width: 300px) 100vw, 300px\" \/><\/a>Au-del\u00e0 de sa grande exigence, nous avions une relation tr\u00e8s amicale. Il devait se retrouver un peu en moi. C\u2019est sans doute pour cela qu\u2019il m\u2019avait demand\u00e9 de jouer des \u0153uvres pour violoncelle et piano, se souvenant d\u2019avoir tant appris et eu tant de plaisir \u00e0 jouer avec Casals. Il m\u2019a pr\u00e9sent\u00e9 \u00e0 beaucoup de gens qui ont compt\u00e9 pour moi, comme Pinchas Zukerman ou Sasha Schneider. Il m\u2019a demand\u00e9 de jouer pour Jean-Bernard Pommier, qui avait \u00e9t\u00e9 son \u00e9l\u00e8ve, et qui a \u00e9t\u00e9 aussi pour moi un critique sans concession. Et puis il m\u2019a emmen\u00e9 chez Horowitz, qui nous a accueillis avec beaucoup de gentillesse. C\u2019est un souvenir inoubliable ! Horowitz m\u2019a demand\u00e9 de jouer et il s\u2019est montr\u00e9 tr\u00e8s enthousiaste. Il m\u2019a donn\u00e9 des conseils techniques et m\u2019a expliqu\u00e9 comment je devais travailler. Puis il s\u2019est mis au piano et a jou\u00e9 pendant des heures ! Du Chopin, beaucoup, et aussi du Medtner\u2026<\/p>\n<p>Je dois beaucoup \u00e0 Eugene Istomin, non seulement pour avoir cru en moi et m\u2019avoir fait venir en Am\u00e9rique, mais aussi pour ce qu\u2019il m\u2019a donn\u00e9 sur le plan musical. Il m\u2019a \u00e9galement aid\u00e9 \u00e0 me faire conna\u00eetre et \u00e0 obtenir mes premiers engagements.<\/p>\n<p>Je regrette qu\u2019il n\u2019ait pas re\u00e7u \u00e0 la fin de sa carri\u00e8re l\u2019admiration et le respect qu\u2019il m\u00e9ritait. Il avait connu la grande \u00e9poque exaltante des Casals, Walter, Munch, Monteux\u2026 Il n\u2019a pas voulu faire de concessions et s\u2019adapter \u00e0 l\u2019\u00e9volution du monde musical et du business. C\u2019\u00e9tait un pianiste extraordinaire, et je place au plus haut ses enregistrements de concertos, et ses trios, les plus beaux de l\u2019histoire du disque. \u00bb<br \/>\n<em>(Propos recueillis par Bernard Meillat en mars 2006)<\/em><\/p>\n<\/div><div class=\"fusion-text fusion-text-2\"><p>Istomin aurait souhait\u00e9 continuer \u00e0 s\u2019occuper plus longuement de Yefim Bronfman. L\u2019America-Israel Cultural Foundation en d\u00e9cida autrement et il en fut tr\u00e8s contrari\u00e9. Une Acad\u00e9mie avait \u00e9t\u00e9 cr\u00e9\u00e9e \u00e0 Guilford dans le Vermont pour permettre \u00e0 deux jeunes pianistes de travailler intens\u00e9ment sous la supervision de Rudolf Serkin, qui venait de quitter la direction du Curtis Institute. En 1978, Yefim Bronfman fut le premier \u00e0 faire partie de cette aventure, avec Stephanie Brown. Il n\u2019y resta finalement que quelques mois.<\/p>\n<\/div><div class=\"fusion-title title fusion-title-2 fusion-title-text fusion-title-size-two\"><h2 class=\"title-heading-left fusion-responsive-typography-calculated\" style=\"margin:0;--fontSize:18;--minFontSize:18;line-height:1.5;\"><strong>Document<\/strong><\/h2><span class=\"awb-title-spacer\"><\/span><div class=\"title-sep-container\"><div class=\"title-sep sep- sep-solid\" style=\"border-color:#e0dede;\"><\/div><\/div><\/div><div class=\"fusion-text fusion-text-3\"><p>Yefim Bronfman joue le <em>Concerto BWV 1052<\/em> de <strong>Bach <\/strong>en 1973, l&rsquo;ann\u00e9e m\u00eame o\u00f9 il avait auditionn\u00e9 pour Istomin.<\/p>\n<\/div><div class=\"fusion-video fusion-youtube\" style=\"--awb-max-width:600px;--awb-max-height:350px;\"><div class=\"video-shortcode\"><div class=\"fluid-width-video-wrapper\" style=\"padding-top:58.33%;\" ><iframe title=\"YouTube video player 1\" src=\"https:\/\/www.youtube.com\/embed\/qcQjpUMV1ro?wmode=transparent&autoplay=0\" width=\"600\" height=\"350\" allowfullscreen allow=\"autoplay; fullscreen\"><\/iframe><\/div><\/div><\/div><div class=\"fusion-clearfix\"><\/div><\/div><\/div><\/div><\/div>\n","protected":false},"excerpt":{"rendered":"","protected":false},"author":1,"featured_media":0,"parent":335,"menu_order":0,"comment_status":"open","ping_status":"open","template":"","meta":[],"acf":[],"_links":{"self":[{"href":"https:\/\/www.eugeneistomin.com\/fr\/wp-json\/wp\/v2\/pages\/1679"}],"collection":[{"href":"https:\/\/www.eugeneistomin.com\/fr\/wp-json\/wp\/v2\/pages"}],"about":[{"href":"https:\/\/www.eugeneistomin.com\/fr\/wp-json\/wp\/v2\/types\/page"}],"author":[{"embeddable":true,"href":"https:\/\/www.eugeneistomin.com\/fr\/wp-json\/wp\/v2\/users\/1"}],"replies":[{"embeddable":true,"href":"https:\/\/www.eugeneistomin.com\/fr\/wp-json\/wp\/v2\/comments?post=1679"}],"version-history":[{"count":4,"href":"https:\/\/www.eugeneistomin.com\/fr\/wp-json\/wp\/v2\/pages\/1679\/revisions"}],"predecessor-version":[{"id":7534,"href":"https:\/\/www.eugeneistomin.com\/fr\/wp-json\/wp\/v2\/pages\/1679\/revisions\/7534"}],"up":[{"embeddable":true,"href":"https:\/\/www.eugeneistomin.com\/fr\/wp-json\/wp\/v2\/pages\/335"}],"wp:attachment":[{"href":"https:\/\/www.eugeneistomin.com\/fr\/wp-json\/wp\/v2\/media?parent=1679"}],"curies":[{"name":"wp","href":"https:\/\/api.w.org\/{rel}","templated":true}]}}