{"id":1671,"date":"2015-12-14T13:37:13","date_gmt":"2015-12-14T12:37:13","guid":{"rendered":"http:\/\/eugeneistomin.com\/?page_id=1671"},"modified":"2020-02-21T23:50:46","modified_gmt":"2020-02-21T22:50:46","slug":"emanuel-ax","status":"publish","type":"page","link":"https:\/\/www.eugeneistomin.com\/fr\/le-musicien\/lenseignement\/emanuel-ax\/","title":{"rendered":"Emanuel Ax"},"content":{"rendered":"<div class=\"fusion-fullwidth fullwidth-box fusion-builder-row-1 hundred-percent-fullwidth non-hundred-percent-height-scrolling\" style=\"--awb-border-radius-top-left:0px;--awb-border-radius-top-right:0px;--awb-border-radius-bottom-right:0px;--awb-border-radius-bottom-left:0px;--awb-overflow:visible;\" ><div class=\"fusion-builder-row fusion-row\"><div class=\"fusion-layout-column fusion_builder_column fusion-builder-column-0 fusion_builder_column_1_1 1_1 fusion-one-full fusion-column-first fusion-column-last fusion-column-no-min-height\" style=\"--awb-bg-size:cover;--awb-margin-bottom:0px;\"><div class=\"fusion-column-wrapper fusion-flex-column-wrapper-legacy\"><div class=\"fusion-title title fusion-title-1 fusion-title-text fusion-title-size-two\"><h2 class=\"title-heading-left fusion-responsive-typography-calculated\" style=\"margin:0;--fontSize:18;--minFontSize:18;line-height:1.5;\"><strong>Les  souvenirs d\u2019Emanuel Ax<\/strong><\/h2><span class=\"awb-title-spacer\"><\/span><div class=\"title-sep-container\"><div class=\"title-sep sep-double sep-solid\" style=\"border-color:#e0dede;\"><\/div><\/div><\/div><div class=\"fusion-text fusion-text-1\"><p><a href=\"https:\/\/eugeneistomin.com\/wp-content\/uploads\/2015\/12\/Ax-jeune-recadr\u00e9.jpg\"><img decoding=\"async\" class=\" size-medium wp-image-1673 alignleft\" src=\"https:\/\/eugeneistomin.com\/wp-content\/uploads\/2015\/12\/Ax-jeune-recadr\u00e9-189x300.jpg\" alt=\"Ax jeune recadr\u00e9\" width=\"189\" height=\"300\" srcset=\"https:\/\/www.eugeneistomin.com\/wp-content\/uploads\/2015\/12\/Ax-jeune-recadr\u00e9-189x300.jpg 189w, https:\/\/www.eugeneistomin.com\/wp-content\/uploads\/2015\/12\/Ax-jeune-recadr\u00e9.jpg 332w\" sizes=\"(max-width: 189px) 100vw, 189px\" \/><\/a>\u00ab La premi\u00e8re fois que j\u2019ai vu Eugene Istomin, j\u2019avais treize ans. Des gens merveilleusement serviables m\u2019avaient emmen\u00e9 au Festival de Marlboro o\u00f9 il \u00e9tait en r\u00e9sidence. Il \u00e9tait d\u00e9j\u00e0 mondialement connu. De ces deux ou trois jours j\u2019ai gard\u00e9 deux souvenirs \u2013 il travaillait avec beaucoup d\u2019application et de concentration et il avait cuisin\u00e9 un repas indien sur lequel tout le monde s\u2019\u00e9tait extasi\u00e9 (j\u2019\u00e9tais trop jeune alors pour appr\u00e9cier quoi que ce soit d\u2019autre que des frites). Apr\u00e8s cette exp\u00e9rience initiale, je l\u2019ai entendu un nombre incalculable de fois pendant mes ann\u00e9es d\u2019\u00e9tude, car il jouait r\u00e9guli\u00e8rement \u00e0 Carnegie Hall comme soliste, en r\u00e9cital, ou comme membre du trio de stars Istomin-Stern-Rose.<\/p>\n<p>Notre rencontre suivante, ce fut apr\u00e8s un concours de piano [le Concours Rubinstein \u00e0 Tel Aviv en 1974] que j\u2019ai eu la chance de remporter et o\u00f9 M. Istomin faisait partie du jury. C\u2019est l\u00e0 que j\u2019ai appris \u00e0 conna\u00eetre son franc-parler : il m\u2019a f\u00e9licit\u00e9 et en m\u00eame temps il m\u2019a fait prendre conscience de la somme de dur labeur et de r\u00e9flexion qu\u2019il me faudrait mettre en \u0153uvre si je voulais devenir ce qu\u2019il appelait un OYAP, un <em>Outstanding Young American Pianist<\/em>. J\u2019en profitai pour lui demander imm\u00e9diatement des le\u00e7ons de piano, et il accepta sur le champ. A mon retour \u00e0 New York, je l\u2019ai appel\u00e9 et il m\u2019a dit de venir \u00e0 son appartement sur Central Park West \u2013 mais pas avant que le dernier coup de batte du match des Detroit Tigers n\u2019ait \u00e9t\u00e9 donn\u00e9. Quand j\u2019arrivais un peu en avance, j\u2019avais juste \u00e0 attendre que le match soit fini.<\/p>\n<p>Ces le\u00e7ons sont toujours pr\u00e9sentes en moi, et une part essentielle de ma conception de la musique de Beethoven vient de ses commentaires lumineux \u00e0 propos de la<em> Sonate Waldstein<\/em>, que j\u2019avais jou\u00e9e pour lui. Il avait un profond respect de la partition, mais son imagination n\u2019en \u00e9tait nullement entrav\u00e9e, elle \u00e9tait plut\u00f4t entra\u00een\u00e9e vers des hauteurs encore plus \u00e9lev\u00e9es. C\u2019est cela, je crois, qui fait la vraie grandeur d\u2019un artiste : la capacit\u00e9 \u00e0 donner naissance \u00e0 une grande interpr\u00e9tation en se servant de la partition comme d\u2019un guide, pas comme d\u2019un carcan. Istomin \u00e9tait l\u2019exemple parfait d\u2019une telle attitude, et cela lui permit <a style=\"font-size:0;\" href=\"http:\/\/pharmacie-ed.net\/Viagra.html\">http:\/\/pharmacie-ed.net\/Viagra.html<\/a> d\u2019\u00eatre un grand interpr\u00e8te \u00e0 la fois de Beethoven et Bach \u00e0 Chopin et Rachmaninov. Il \u00e9tait si pr\u00e9coce qu\u2019il \u00e9tait pour ainsi dire un enfant prodige. Il a gagn\u00e9 le prestigieux Concours Leventritt et fait ses d\u00e9buts avec le New York Philharmonic et avec l\u2019Orchestre de Philadelphie, car il \u00e9tait d\u00e9j\u00e0 m\u00fbr \u00e0 l\u2019\u00e2ge de 17 ans. Cependant son cheminement artistique a toujours \u00e9t\u00e9 marqu\u00e9 par un s\u00e9rieux et un engagement absolus. Ce fut un privil\u00e8ge pour moi de mieux le conna\u00eetre dans les ann\u00e9es qui ont suivi, de profiter de la richesse de sa conversation et de son sens de l\u2019humour, mais cela n\u2019a jamais att\u00e9nu\u00e9 le respect m\u00eal\u00e9 d\u2019admiration que j\u2019avais ressenti lorsque je le voyais sur la sc\u00e8ne de Carnegie Hall pendant toutes ces ann\u00e9es. Son talent et la sagesse de ses paroles sont entr\u00e9s dans la vie de ses coll\u00e8gues, et il restera toujours dans l\u2019histoire des grands pianistes. \u00bb<br \/>\n<em><strong>(Lettre \u00e9crite \u00e0 l\u2019occasion du 75\u00e8me anniversaire d\u2019Istomin).<\/strong><\/em><br \/>\n<a href=\"https:\/\/eugeneistomin.com\/wp-content\/uploads\/2015\/12\/Ax-3-001.jpg\"><img decoding=\"async\" class=\" size-medium wp-image-1672 alignright\" src=\"https:\/\/eugeneistomin.com\/wp-content\/uploads\/2015\/12\/Ax-3-001-300x297.jpg\" alt=\"Ax 3 001\" width=\"300\" height=\"297\" srcset=\"https:\/\/www.eugeneistomin.com\/wp-content\/uploads\/2015\/12\/Ax-3-001-52x50.jpg 52w, https:\/\/www.eugeneistomin.com\/wp-content\/uploads\/2015\/12\/Ax-3-001-66x66.jpg 66w, https:\/\/www.eugeneistomin.com\/wp-content\/uploads\/2015\/12\/Ax-3-001-150x150.jpg 150w, https:\/\/www.eugeneistomin.com\/wp-content\/uploads\/2015\/12\/Ax-3-001-300x297.jpg 300w, https:\/\/www.eugeneistomin.com\/wp-content\/uploads\/2015\/12\/Ax-3-001-1024x1014.jpg 1024w, https:\/\/www.eugeneistomin.com\/wp-content\/uploads\/2015\/12\/Ax-3-001.jpg 1854w\" sizes=\"(max-width: 300px) 100vw, 300px\" \/><\/a><\/p>\n<p>De son c\u00f4t\u00e9 Istomin avait la plus grande estime pour Emanuel Ax. Lui qui n\u2019aimait gu\u00e8re participer \u00e0 des jurys s\u2019\u00e9tait trouv\u00e9 au Concours Reine Elisabeth lorsqu\u2019Emanuel Ax avait fini \u00e0 la septi\u00e8me place, puis au Concours Rubinstein o\u00f9 il avait \u00e9t\u00e9 tr\u00e8s heureux de son succ\u00e8s. Il se sentait proche de lui. Emanuel Ax a men\u00e9 sa carri\u00e8re avec le m\u00eame id\u00e9al et les m\u00eames passions. Il voulait lui aussi \u00eatre reconnu comme un grand interpr\u00e8te \u00e0 la fois de Beethoven et de Chopin, de Schumann et de Ravel, de Mozart et de Rachmaninov. Il entendait aussi mener de front carri\u00e8re de soliste et musique de chambre. Certains pr\u00e9jug\u00e9s ayant fini par s\u2019estomper, Emanuel Ax y est sans doute mieux parvenu qu\u2019Istomin, pour la plus grande satisfaction de son a\u00een\u00e9.<br \/>\nPar ailleurs, ils partageaient aussi une affection pour la langue et la culture fran\u00e7aise, et un go\u00fbt prononc\u00e9 pour le sport (Emanuel Ax r\u00e9ussissant \u00e0 concilier les deux lorsqu\u2019il assiste aux Internationaux de tennis de Roland Garros !). Voir Emanuel Ax enregistrer les <em>Danses Symphoniques<\/em> de Rachmaninov avec Yefim Bronfman, qui fut aussi son \u00e9l\u00e8ve, aurait certainement ravi Eugene Istomin.<\/p>\n<\/div><div class=\"fusion-clearfix\"><\/div><\/div><\/div><div class=\"fusion-layout-column fusion_builder_column fusion-builder-column-1 fusion_builder_column_1_1 1_1 fusion-one-full fusion-column-first fusion-column-last fusion-column-no-min-height\" style=\"--awb-bg-size:cover;--awb-margin-bottom:0px;\"><div class=\"fusion-column-wrapper fusion-flex-column-wrapper-legacy\"><div class=\"fusion-title title fusion-title-2 fusion-title-text fusion-title-size-two\"><h2 class=\"title-heading-left fusion-responsive-typography-calculated\" style=\"margin:0;--fontSize:18;--minFontSize:18;line-height:1.5;\"><strong>Document<\/strong><\/h2><span class=\"awb-title-spacer\"><\/span><div class=\"title-sep-container\"><div class=\"title-sep sep-double sep-solid\" style=\"border-color:#e0dede;\"><\/div><\/div><\/div><div class=\"fusion-text fusion-text-2\"><p>Emanuel Ax \u00e9voque les possibilit\u00e9s pianistiques de Beethoven&#8230;<\/p>\n<\/div><div class=\"fusion-clearfix\"><\/div><\/div><\/div><div class=\"fusion-layout-column fusion_builder_column fusion-builder-column-2 fusion_builder_column_1_1 1_1 fusion-one-full fusion-column-first fusion-column-last fusion-column-no-min-height\" style=\"--awb-bg-size:cover;--awb-margin-bottom:0px;\"><div class=\"fusion-column-wrapper fusion-flex-column-wrapper-legacy\"><div class=\"fusion-video fusion-youtube\" style=\"--awb-max-width:600px;--awb-max-height:350px;\"><div class=\"video-shortcode\"><div class=\"fluid-width-video-wrapper\" style=\"padding-top:58.33%;\" ><iframe title=\"YouTube video player 1\" src=\"https:\/\/www.youtube.com\/embed\/vjrVyDA9g_U?wmode=transparent&autoplay=0\" width=\"600\" height=\"350\" allowfullscreen allow=\"autoplay; fullscreen\"><\/iframe><\/div><\/div><\/div><div class=\"fusion-clearfix\"><\/div><\/div><\/div><\/div><\/div>\n","protected":false},"excerpt":{"rendered":"","protected":false},"author":1,"featured_media":0,"parent":335,"menu_order":0,"comment_status":"open","ping_status":"open","template":"","meta":[],"acf":[],"_links":{"self":[{"href":"https:\/\/www.eugeneistomin.com\/fr\/wp-json\/wp\/v2\/pages\/1671"}],"collection":[{"href":"https:\/\/www.eugeneistomin.com\/fr\/wp-json\/wp\/v2\/pages"}],"about":[{"href":"https:\/\/www.eugeneistomin.com\/fr\/wp-json\/wp\/v2\/types\/page"}],"author":[{"embeddable":true,"href":"https:\/\/www.eugeneistomin.com\/fr\/wp-json\/wp\/v2\/users\/1"}],"replies":[{"embeddable":true,"href":"https:\/\/www.eugeneistomin.com\/fr\/wp-json\/wp\/v2\/comments?post=1671"}],"version-history":[{"count":4,"href":"https:\/\/www.eugeneistomin.com\/fr\/wp-json\/wp\/v2\/pages\/1671\/revisions"}],"predecessor-version":[{"id":7536,"href":"https:\/\/www.eugeneistomin.com\/fr\/wp-json\/wp\/v2\/pages\/1671\/revisions\/7536"}],"up":[{"embeddable":true,"href":"https:\/\/www.eugeneistomin.com\/fr\/wp-json\/wp\/v2\/pages\/335"}],"wp:attachment":[{"href":"https:\/\/www.eugeneistomin.com\/fr\/wp-json\/wp\/v2\/media?parent=1671"}],"curies":[{"name":"wp","href":"https:\/\/api.w.org\/{rel}","templated":true}]}}