{"id":1655,"date":"2015-12-09T15:40:38","date_gmt":"2015-12-09T14:40:38","guid":{"rendered":"http:\/\/eugeneistomin.com\/?page_id=1655"},"modified":"2020-02-21T23:50:47","modified_gmt":"2020-02-21T22:50:47","slug":"karol-szymanowski","status":"publish","type":"page","link":"https:\/\/www.eugeneistomin.com\/fr\/le-musicien\/les-compositeurs-de-predilection\/karol-szymanowski\/","title":{"rendered":"Karol Szymanowski"},"content":{"rendered":"<div class=\"fusion-fullwidth fullwidth-box fusion-builder-row-1 hundred-percent-fullwidth non-hundred-percent-height-scrolling\" style=\"--awb-border-radius-top-left:0px;--awb-border-radius-top-right:0px;--awb-border-radius-bottom-right:0px;--awb-border-radius-bottom-left:0px;--awb-overflow:visible;\" ><div class=\"fusion-builder-row fusion-row\"><div class=\"fusion-layout-column fusion_builder_column fusion-builder-column-0 fusion_builder_column_1_1 1_1 fusion-one-full fusion-column-first fusion-column-last fusion-column-no-min-height\" style=\"--awb-bg-size:cover;--awb-margin-bottom:0px;\"><div class=\"fusion-column-wrapper fusion-flex-column-wrapper-legacy\"><div class=\"fusion-text fusion-text-1\"><p><a href=\"https:\/\/eugeneistomin.com\/wp-content\/uploads\/2015\/12\/Szymanowski.jpg\"><img decoding=\"async\" class=\"size-medium wp-image-1657 alignleft\" src=\"https:\/\/eugeneistomin.com\/wp-content\/uploads\/2015\/12\/Szymanowski-287x300.jpg\" alt=\"Karol Szymanowski ( 1882-1937 ), Polish composer. Paris, May, 1936.  05.1936 PARYZ KAROL SZYMANOWSKI - KOMPOZYTOR\" width=\"287\" height=\"300\" srcset=\"https:\/\/www.eugeneistomin.com\/wp-content\/uploads\/2015\/12\/Szymanowski-287x300.jpg 287w, https:\/\/www.eugeneistomin.com\/wp-content\/uploads\/2015\/12\/Szymanowski.jpg 480w\" sizes=\"(max-width: 287px) 100vw, 287px\" \/><\/a><\/p>\n<p class=\"beautify\">La  <em>Symphonie concertante<\/em> de Karol Szymanowski est une \u0153uvre mal-aim\u00e9e. Elle fut cr\u00e9\u00e9e par le compositeur au piano le 9 octobre 1932, quelques semaines \u00e0 peine apr\u00e8s son ach\u00e8vement. Szymanowski l\u2019interpr\u00e9ta dans la plupart des capitales europ\u00e9ennes dans les mois qui suivirent. Pass\u00e9 ce grand moment de curiosit\u00e9, l\u2019\u0153uvre fut laiss\u00e9e dans l\u2019ombre. En Am\u00e9rique, c\u2019est Arthur Rubinstein, son d\u00e9dicataire, qui en donna la premi\u00e8re audition, en 1941, avec l\u2019Orchestre de Philadelphie sous la direction d\u2019Ormandy. Rubinstein l\u2019enregistra au d\u00e9but des ann\u00e9es 50 et la joua de temps \u00e0 autre au concert, aussi souvent que les grands orchestres am\u00e9ricains, peu hardis dans leur programmation, avaient bien voulu l\u2019accepter. A l\u2019approche de son quatre-vingti\u00e8me anniversaire, il avait le sentiment qu\u2019il fallait que l\u2019\u0153uvre ait un autre champion, plus jeune, capable de l\u2019imposer et de la mettre en valeur. Et c\u2019est vers Istomin qu\u2019il se tourna, lui disant tout simplement\u00a0: \u00ab\u00a0C\u2019est \u00e0 toi maintenant\u00a0!\u00a0\u00bb.<\/p>\n<p>Eugene accepta volontiers cette mission d\u00e9licate. L\u2019\u0153uvre est peu publique. Elle est difficile pour l\u2019orchestre et le pianiste n\u2019est gu\u00e8re mis en valeur au sein d\u2019une instrumentation tr\u00e8s riche. Elle demande beaucoup de r\u00e9p\u00e9titions, ce qui est rarement possible. Rubinstein raconte dans ses souvenirs que lorsqu\u2019il l\u2019a jou\u00e9e pour la premi\u00e8re fois, avec l\u2019Orchestre de Philadelphie et Eugene Ormandy, le meilleur orchestre d\u2019Am\u00e9rique, il avait fallu trois r\u00e9p\u00e9titions compl\u00e8tes et six concerts pour qu\u2019il se sente compl\u00e8tement \u00e0 l\u2019aise.<\/p>\n<div id=\"attachment_3367\" style=\"width: 212px\" class=\"wp-caption alignright\"><a href=\"https:\/\/eugeneistomin.com\/wp-content\/uploads\/2015\/12\/skrowaczewski-2.jpg\"><img aria-describedby=\"caption-attachment-3367\" decoding=\"async\" class=\"size-medium wp-image-3367\" src=\"https:\/\/eugeneistomin.com\/wp-content\/uploads\/2015\/12\/skrowaczewski-2-202x300.jpg\" alt=\"Stanislaw Skrowaczewski\" width=\"202\" height=\"300\" srcset=\"https:\/\/www.eugeneistomin.com\/wp-content\/uploads\/2015\/12\/skrowaczewski-2-202x300.jpg 202w, https:\/\/www.eugeneistomin.com\/wp-content\/uploads\/2015\/12\/skrowaczewski-2.jpg 225w\" sizes=\"(max-width: 202px) 100vw, 202px\" \/><\/a><p id=\"caption-attachment-3367\" class=\"wp-caption-text\">Stanislaw Skrowaczewski<\/p><\/div>\n<p>C\u2019est sous la direction d\u2019un grand musicien polonais, Stanislas Skrowaczewski, qui avait remport\u00e9 en 1947 le prix Szymanowski, qu\u2019Istomin joua pour la premi\u00e8re fois la <em>Symphonie concertante<\/em>. C\u2019\u00e9tait en 1965, avec l\u2019Orchestre Symphonique de Minneapolis. L\u2019ann\u00e9e suivante, il la joua \u00e0 deux reprises avec des interpr\u00e8tes familiers de l\u2019\u0153uvre, Eugene Ormandy et l\u2019Orchestre de Philadelphie. Pour rendre le programme plus attractif, Istomin jouait \u00e9galement le <em>Troisi\u00e8me Concerto<\/em> de Beethoven. La timidit\u00e9 des orchestres am\u00e9ricains fit qu\u2019il n\u2019eut plus gu\u00e8re d\u2019occasions de la jouer. Il n\u2019y eut que deux concerts dans les festivals d&rsquo;\u00e9t\u00e9, en 1972 avec l\u2019Orchestre Symphonique de Detroit et Sixten Erhling, et en 1973 avec l\u2019Orchestre de Cleveland et Stanislas Skrowaczewski. Un projet vit le jour un peu plus tard, tentant d&rsquo;associer un concert et un enregistrement discographique, avec son ami Jerzy Semkow. Il ne put aboutir, si bien que Semkow finit par enregistrer l\u2019\u0153uvre avec un pianiste polonais, Piotr Paleczny. Quant \u00e0 Istomin, il finit par\u00a0retirer l\u2019\u0153uvre de son r\u00e9pertoire.<\/p>\n<\/div><div class=\"fusion-clearfix\"><\/div><\/div><\/div><div class=\"fusion-layout-column fusion_builder_column fusion-builder-column-1 fusion_builder_column_1_1 1_1 fusion-one-full fusion-column-first fusion-column-last fusion-column-no-min-height\" style=\"--awb-bg-size:cover;--awb-margin-bottom:0px;\"><div class=\"fusion-column-wrapper fusion-flex-column-wrapper-legacy\"><div class=\"fusion-title title fusion-title-1 fusion-title-text fusion-title-size-two\"><h2 class=\"title-heading-left fusion-responsive-typography-calculated\" style=\"margin:0;--fontSize:18;--minFontSize:18;line-height:1.5;\"><strong>Concerts<\/strong><\/h2><span class=\"awb-title-spacer\"><\/span><div class=\"title-sep-container\"><div class=\"title-sep sep-double sep-solid\" style=\"border-color:#e0dede;\"><\/div><\/div><\/div><div class=\"fusion-text fusion-text-2\"><p><strong>Karol Szymanowski. <\/strong><em>Symphonie concertante opus 60<\/em><\/p>\n<p><strong>1965<\/strong>,\u00a0? Orchestre Symphonique de Minneapolis, Stanislas Skrowaczewski.<\/p>\n<p><strong>1966<\/strong>, 4 et 5 f\u00e9vrier. Philadelphie, Academy of Music. Orchestre de Philadelphie, Eugene Ormandy\u00a0(+ Beethoven, <em>Concerto n\u00b0 3<\/em>)<\/p>\n<p><strong>1972<\/strong>, 13 juillet. Meadow Brooke. Orchestre Symphonique de Detroit, Sixten Erhling\u00a0 (+ Mozart, <em>Concerto K. 271<\/em>)<\/p>\n<p><strong>1973<\/strong>, 27 juillet. Blossom. Orchestre de Cleveland, Stanislas Skrowaczewski. <em>Concert enregistr\u00e9.<\/em><\/p>\n<\/div><div class=\"fusion-clearfix\"><\/div><\/div><\/div><div class=\"fusion-layout-column fusion_builder_column fusion-builder-column-2 fusion_builder_column_1_1 1_1 fusion-one-full fusion-column-first fusion-column-last fusion-column-no-min-height\" style=\"--awb-bg-size:cover;--awb-margin-bottom:0px;\"><div class=\"fusion-column-wrapper fusion-flex-column-wrapper-legacy\"><div class=\"fusion-title title fusion-title-2 fusion-title-text fusion-title-size-two\"><h2 class=\"title-heading-left fusion-responsive-typography-calculated\" style=\"margin:0;--fontSize:18;--minFontSize:18;line-height:1.5;\"><strong>Musique<\/strong><\/h2><span class=\"awb-title-spacer\"><\/span><div class=\"title-sep-container\"><div class=\"title-sep sep-double sep-solid\" style=\"border-color:#e0dede;\"><\/div><\/div><\/div><div class=\"fusion-text fusion-text-3\"><!--[if lt IE 9]><script>document.createElement('audio');<\/script><![endif]-->\n<audio class=\"wp-audio-shortcode\" id=\"audio-1655-1\" preload=\"none\" style=\"width: 100%;\" controls=\"controls\"><source type=\"audio\/mpeg\" src=\"https:\/\/eugeneistomin.com\/wp-content\/uploads\/2015\/12\/Szymanowski-premier-mouvement1973.mp3?_=1\" \/><a href=\"https:\/\/eugeneistomin.com\/wp-content\/uploads\/2015\/12\/Szymanowski-premier-mouvement1973.mp3\">https:\/\/eugeneistomin.com\/wp-content\/uploads\/2015\/12\/Szymanowski-premier-mouvement1973.mp3<\/a><\/audio>\n<\/div><div class=\"fusion-text fusion-text-4\"><p><strong>Karol Szymanowski<\/strong>. <em>Symphonie concertante opus 60<\/em>, premier mouvement.<\/p>\n<p>Eugene Istomin, piano. Orchestre de Cleveland. Stanislaw Skrowaczewski. Blossom,\u00a027 juillet 1973.<\/p>\n<\/div><div class=\"fusion-clearfix\"><\/div><\/div><\/div><\/div><\/div>\n","protected":false},"excerpt":{"rendered":"","protected":false},"author":1,"featured_media":0,"parent":325,"menu_order":0,"comment_status":"open","ping_status":"open","template":"","meta":[],"acf":[],"_links":{"self":[{"href":"https:\/\/www.eugeneistomin.com\/fr\/wp-json\/wp\/v2\/pages\/1655"}],"collection":[{"href":"https:\/\/www.eugeneistomin.com\/fr\/wp-json\/wp\/v2\/pages"}],"about":[{"href":"https:\/\/www.eugeneistomin.com\/fr\/wp-json\/wp\/v2\/types\/page"}],"author":[{"embeddable":true,"href":"https:\/\/www.eugeneistomin.com\/fr\/wp-json\/wp\/v2\/users\/1"}],"replies":[{"embeddable":true,"href":"https:\/\/www.eugeneistomin.com\/fr\/wp-json\/wp\/v2\/comments?post=1655"}],"version-history":[{"count":10,"href":"https:\/\/www.eugeneistomin.com\/fr\/wp-json\/wp\/v2\/pages\/1655\/revisions"}],"predecessor-version":[{"id":7540,"href":"https:\/\/www.eugeneistomin.com\/fr\/wp-json\/wp\/v2\/pages\/1655\/revisions\/7540"}],"up":[{"embeddable":true,"href":"https:\/\/www.eugeneistomin.com\/fr\/wp-json\/wp\/v2\/pages\/325"}],"wp:attachment":[{"href":"https:\/\/www.eugeneistomin.com\/fr\/wp-json\/wp\/v2\/media?parent=1655"}],"curies":[{"name":"wp","href":"https:\/\/api.w.org\/{rel}","templated":true}]}}