{"id":1647,"date":"2015-12-09T15:18:06","date_gmt":"2015-12-09T14:18:06","guid":{"rendered":"http:\/\/eugeneistomin.com\/?page_id=1647"},"modified":"2020-02-21T23:50:47","modified_gmt":"2020-02-21T22:50:47","slug":"igor-stravinsky","status":"publish","type":"page","link":"https:\/\/www.eugeneistomin.com\/fr\/le-musicien\/les-compositeurs-de-predilection\/igor-stravinsky\/","title":{"rendered":"Igor Stravinsky"},"content":{"rendered":"<div class=\"fusion-fullwidth fullwidth-box fusion-builder-row-1 hundred-percent-fullwidth non-hundred-percent-height-scrolling\" style=\"--awb-border-radius-top-left:0px;--awb-border-radius-top-right:0px;--awb-border-radius-bottom-right:0px;--awb-border-radius-bottom-left:0px;--awb-overflow:visible;\" ><div class=\"fusion-builder-row fusion-row\"><div class=\"fusion-layout-column fusion_builder_column fusion-builder-column-0 fusion_builder_column_1_1 1_1 fusion-one-full fusion-column-first fusion-column-last fusion-column-no-min-height\" style=\"--awb-bg-size:cover;--awb-margin-bottom:0px;\"><div class=\"fusion-column-wrapper fusion-flex-column-wrapper-legacy\"><div class=\"fusion-text fusion-text-1\"><p><a href=\"https:\/\/eugeneistomin.com\/wp-content\/uploads\/2015\/12\/Stravinsky-fumant.jpg\"><img decoding=\"async\" class=\"size-medium wp-image-1649 alignleft\" src=\"https:\/\/eugeneistomin.com\/wp-content\/uploads\/2015\/12\/Stravinsky-fumant-300x169.jpg\" alt=\"Don't be caught \" width=\"300\" height=\"169\" srcset=\"https:\/\/www.eugeneistomin.com\/wp-content\/uploads\/2015\/12\/Stravinsky-fumant-300x169.jpg 300w, https:\/\/www.eugeneistomin.com\/wp-content\/uploads\/2015\/12\/Stravinsky-fumant-1024x576.jpg 1024w, https:\/\/www.eugeneistomin.com\/wp-content\/uploads\/2015\/12\/Stravinsky-fumant.jpg 1400w\" sizes=\"(max-width: 300px) 100vw, 300px\" \/><\/a><\/p>\n<p class=\"beautify\">Pour Eugene Istomin, Igor Stravinsky \u00e9tait sans conteste le plus grand compositeur du\u00a0Vingti\u00e8me Si\u00e8cle. Il s\u2019\u00e9tait procur\u00e9 l\u2019\u00e9dition discographique compl\u00e8te, dirig\u00e9e ou supervis\u00e9e par le compositeur, et avait tenu \u00e0 l\u2019\u00e9couter enti\u00e8rement. Il partageait cette admiration avec son ami David Oppenheim, qu\u2019il avait encourag\u00e9 \u00e0 r\u00e9aliser pour CBS son fameux documentaire sur Stravinsky. L\u2019initiative venait de Stravinsky lui-m\u00eame, qui venait de voir le tr\u00e8s beau film qu\u2019Oppenheim avait consacr\u00e9 \u00e0 Casals (<em>Casals at 88<\/em>). C\u2019\u00e9tait en 1965, au moment o\u00f9 Istomin venait de mettre \u00e0 son r\u00e9pertoire la <em>Sonate<\/em> d\u2019Igor Stravinsky. Il n\u2019avait pas os\u00e9 d\u00e9ranger le compositeur pour lui demander conseil. Il s\u2019\u00e9tait tourn\u00e9 vers son fils, Soulima Stravinsky, qui enseignait \u00e0 l\u2019Universit\u00e9 de l\u2019Illinois et qui avait travaill\u00e9 l\u2019\u0153uvre avec son p\u00e8re.<br \/>\nEn 1968, Istomin se permit d&rsquo;\u00e9crire \u00e0 Stravinsky, pour lui demander de rejoindre le Comit\u00e9 des Artistes et des Ecrivains qui soutenait Hubert Humphrey pour la candidature d\u00e9mocrate aux \u00e9lections pr\u00e9sidentielles. Stravinsky lui r\u00e9pondit gentiment qu\u2019il pr\u00e9f\u00e9rait apporter son soutien \u00e0 Eugene McCarthy, qui lui semblait s\u2019opposer plus radicalement \u00e0 la poursuite de la guerre au Vietnam.<br \/>\nL\u2019admiration d\u2019Istomin s\u2019est traduite aussi par l\u2019acquisition d\u2019un des portraits de Stravinsky dessin\u00e9s par Alberto Giacometti \u00e0 Paris en 1957.<\/p>\n<\/div><div class=\"fusion-clearfix\"><\/div><\/div><\/div><div class=\"fusion-layout-column fusion_builder_column fusion-builder-column-1 fusion_builder_column_1_1 1_1 fusion-one-full fusion-column-first fusion-column-last fusion-column-no-min-height\" style=\"--awb-bg-size:cover;--awb-margin-bottom:0px;\"><div class=\"fusion-column-wrapper fusion-flex-column-wrapper-legacy\"><div class=\"fusion-title title fusion-title-1 fusion-title-text fusion-title-size-two\"><h2 class=\"title-heading-left fusion-responsive-typography-calculated\" style=\"margin:0;--fontSize:18;--minFontSize:18;line-height:1.5;\"><strong>Sonate<\/strong><\/h2><span class=\"awb-title-spacer\"><\/span><div class=\"title-sep-container\"><div class=\"title-sep sep-double sep-solid\" style=\"border-color:#e0dede;\"><\/div><\/div><\/div><div class=\"fusion-text fusion-text-2\"><p><a href=\"https:\/\/eugeneistomin.com\/wp-content\/uploads\/2015\/12\/Stravinsky-au-piano.jpg\"><img decoding=\"async\" class=\" size-medium wp-image-1650 alignright\" src=\"https:\/\/eugeneistomin.com\/wp-content\/uploads\/2015\/12\/Stravinsky-au-piano-300x238.jpg\" alt=\"Stravinsky au piano\" width=\"300\" height=\"238\" srcset=\"https:\/\/www.eugeneistomin.com\/wp-content\/uploads\/2015\/12\/Stravinsky-au-piano-147x118.jpg 147w, https:\/\/www.eugeneistomin.com\/wp-content\/uploads\/2015\/12\/Stravinsky-au-piano-300x238.jpg 300w, https:\/\/www.eugeneistomin.com\/wp-content\/uploads\/2015\/12\/Stravinsky-au-piano.jpg 550w\" sizes=\"(max-width: 300px) 100vw, 300px\" \/><\/a>En 1965, Istomin fit une tourn\u00e9e en Russie, sous l\u2019\u00e9gide du D\u00e9partement d\u2019Etat. Il avait \u00e9t\u00e9 \u00e9chaud\u00e9 en 1963 par une tourn\u00e9e en Bulgarie o\u00f9 les autorit\u00e9s communistes avaient tout fait pour lui mettre des b\u00e2tons dans les roues et avaient fini par dire, apr\u00e8s le grand succ\u00e8s de ses concerts, que ce succ\u00e8s \u00e9tait normal car il \u00e9tait d\u2019origine russe ! Alors il d\u00e9cida de ne proposer en Russie que des concertos de Beethoven et de Brahms, et de ne jouer qu\u2019une \u0153uvre \u00ab russe \u00bb dans ses r\u00e9citals : la <em>Sonate<\/em> d\u2019Igor Stravinsky ! \u00ab J\u2019adore cette sonate. Elle respire la simplicit\u00e9, alors qu\u2019elle est d\u2019une extr\u00eame complexit\u00e9 d\u2019\u00e9criture. C\u2019est une musique tr\u00e8s \u00e9mouvante, m\u00eame si elle s\u2019abrite derri\u00e8re une apparence d\u2019objectivit\u00e9, d\u2019impassibilit\u00e9. Elle me fait penser \u00e0 Beethoven, jusque dans son humour\u2026 \u00bb. Istomin avait enregistr\u00e9 cette sonate pour Columbia en avril 1967. Sony l\u2019a publi\u00e9e pour la premi\u00e8re fois en 2015<\/p>\n<\/div><div class=\"fusion-clearfix\"><\/div><\/div><\/div><div class=\"fusion-layout-column fusion_builder_column fusion-builder-column-2 fusion_builder_column_1_1 1_1 fusion-one-full fusion-column-first fusion-column-last fusion-column-no-min-height\" style=\"--awb-bg-size:cover;--awb-margin-bottom:0px;\"><div class=\"fusion-column-wrapper fusion-flex-column-wrapper-legacy\"><div class=\"fusion-title title fusion-title-2 fusion-title-text fusion-title-size-two\"><h2 class=\"title-heading-left fusion-responsive-typography-calculated\" style=\"margin:0;--fontSize:18;--minFontSize:18;line-height:1.5;\"><strong>Documents<\/strong><\/h2><span class=\"awb-title-spacer\"><\/span><div class=\"title-sep-container\"><div class=\"title-sep sep-double sep-solid\" style=\"border-color:#e0dede;\"><\/div><\/div><\/div><div class=\"fusion-text fusion-text-3\"><p>Conversation \u00ab\u00a0superficielle et polyglotte\u00a0\u00bb avec Nabokov.<\/p>\n<\/div><div class=\"fusion-clearfix\"><\/div><\/div><\/div><div class=\"fusion-layout-column fusion_builder_column fusion-builder-column-3 fusion_builder_column_1_1 1_1 fusion-one-full fusion-column-first fusion-column-last fusion-column-no-min-height\" style=\"--awb-bg-size:cover;--awb-margin-bottom:0px;\"><div class=\"fusion-column-wrapper fusion-flex-column-wrapper-legacy\"><div class=\"fusion-video fusion-youtube\" style=\"--awb-max-width:600px;--awb-max-height:350px;\"><div class=\"video-shortcode\"><div class=\"fluid-width-video-wrapper\" style=\"padding-top:58.33%;\" ><iframe title=\"YouTube video player 1\" src=\"https:\/\/www.youtube.com\/embed\/t-FzkDuqF7k?wmode=transparent&autoplay=0\" width=\"600\" height=\"350\" allowfullscreen allow=\"autoplay; fullscreen\"><\/iframe><\/div><\/div><\/div><div class=\"fusion-text fusion-text-4\"><p>Souvenirs du <em>Sacre du printemps<\/em>.<\/p>\n<\/div><div class=\"fusion-clearfix\"><\/div><\/div><\/div><div class=\"fusion-layout-column fusion_builder_column fusion-builder-column-4 fusion_builder_column_1_1 1_1 fusion-one-full fusion-column-first fusion-column-last fusion-column-no-min-height\" style=\"--awb-bg-size:cover;--awb-margin-bottom:0px;\"><div class=\"fusion-column-wrapper fusion-flex-column-wrapper-legacy\"><div class=\"fusion-video fusion-youtube\" style=\"--awb-max-width:600px;--awb-max-height:350px;\"><div class=\"video-shortcode\"><div class=\"fluid-width-video-wrapper\" style=\"padding-top:58.33%;\" ><iframe title=\"YouTube video player 2\" src=\"https:\/\/www.youtube.com\/embed\/3vwq1AyYGzo?wmode=transparent&autoplay=0\" width=\"600\" height=\"350\" allowfullscreen allow=\"autoplay; fullscreen\"><\/iframe><\/div><\/div><\/div><div class=\"fusion-clearfix\"><\/div><\/div><\/div><\/div><\/div>\n","protected":false},"excerpt":{"rendered":"","protected":false},"author":1,"featured_media":0,"parent":325,"menu_order":0,"comment_status":"open","ping_status":"open","template":"","meta":[],"acf":[],"_links":{"self":[{"href":"https:\/\/www.eugeneistomin.com\/fr\/wp-json\/wp\/v2\/pages\/1647"}],"collection":[{"href":"https:\/\/www.eugeneistomin.com\/fr\/wp-json\/wp\/v2\/pages"}],"about":[{"href":"https:\/\/www.eugeneistomin.com\/fr\/wp-json\/wp\/v2\/types\/page"}],"author":[{"embeddable":true,"href":"https:\/\/www.eugeneistomin.com\/fr\/wp-json\/wp\/v2\/users\/1"}],"replies":[{"embeddable":true,"href":"https:\/\/www.eugeneistomin.com\/fr\/wp-json\/wp\/v2\/comments?post=1647"}],"version-history":[{"count":7,"href":"https:\/\/www.eugeneistomin.com\/fr\/wp-json\/wp\/v2\/pages\/1647\/revisions"}],"predecessor-version":[{"id":7542,"href":"https:\/\/www.eugeneistomin.com\/fr\/wp-json\/wp\/v2\/pages\/1647\/revisions\/7542"}],"up":[{"embeddable":true,"href":"https:\/\/www.eugeneistomin.com\/fr\/wp-json\/wp\/v2\/pages\/325"}],"wp:attachment":[{"href":"https:\/\/www.eugeneistomin.com\/fr\/wp-json\/wp\/v2\/media?parent=1647"}],"curies":[{"name":"wp","href":"https:\/\/api.w.org\/{rel}","templated":true}]}}