{"id":1601,"date":"2015-12-02T17:45:44","date_gmt":"2015-12-02T16:45:44","guid":{"rendered":"http:\/\/eugeneistomin.com\/?page_id=1601"},"modified":"2020-02-21T23:50:48","modified_gmt":"2020-02-21T22:50:48","slug":"felix-mendelssohn","status":"publish","type":"page","link":"https:\/\/www.eugeneistomin.com\/fr\/le-musicien\/les-compositeurs-de-predilection\/felix-mendelssohn\/","title":{"rendered":"Felix Mendelssohn"},"content":{"rendered":"<div class=\"fusion-fullwidth fullwidth-box fusion-builder-row-1 hundred-percent-fullwidth non-hundred-percent-height-scrolling\" style=\"--awb-border-radius-top-left:0px;--awb-border-radius-top-right:0px;--awb-border-radius-bottom-right:0px;--awb-border-radius-bottom-left:0px;--awb-overflow:visible;\" ><div class=\"fusion-builder-row fusion-row\"><div class=\"fusion-layout-column fusion_builder_column fusion-builder-column-0 fusion_builder_column_1_1 1_1 fusion-one-full fusion-column-first fusion-column-last fusion-column-no-min-height\" style=\"--awb-bg-size:cover;--awb-margin-bottom:0px;\"><div class=\"fusion-column-wrapper fusion-flex-column-wrapper-legacy\"><div class=\"fusion-text fusion-text-1\"><p><a href=\"https:\/\/eugeneistomin.com\/wp-content\/uploads\/2015\/12\/Mendelssohn-3.jpg\"><img decoding=\"async\" class=\" size-medium wp-image-1602 alignleft\" src=\"https:\/\/eugeneistomin.com\/wp-content\/uploads\/2015\/12\/Mendelssohn-3-300x242.jpg\" alt=\"Mendelssohn 3\" width=\"300\" height=\"242\" srcset=\"https:\/\/www.eugeneistomin.com\/wp-content\/uploads\/2015\/12\/Mendelssohn-3-147x118.jpg 147w, https:\/\/www.eugeneistomin.com\/wp-content\/uploads\/2015\/12\/Mendelssohn-3-177x142.jpg 177w, https:\/\/www.eugeneistomin.com\/wp-content\/uploads\/2015\/12\/Mendelssohn-3-300x242.jpg 300w, https:\/\/www.eugeneistomin.com\/wp-content\/uploads\/2015\/12\/Mendelssohn-3.jpg 1024w\" sizes=\"(max-width: 300px) 100vw, 300px\" \/><\/a><\/p>\n<p class=\"beautify\">Rudolf  Serkin, le professeur d\u2019Istomin, fut un grand d\u00e9fenseur de Mendelssohn. Non seulement il joua et enregistra son \u0153uvre concertante mais, dans les ann\u00e9es 40 et 50, il mit souvent \u00e0 ses programmes des petites pi\u00e8ces de Mendelssohn, c\u00e9l\u00e8bres (le <em>Rondo capriccioso<\/em>, des <em>Romances sans paroles<\/em>) ou n\u00e9glig\u00e9es (<em>Fantaisies opus 16<\/em>, <em>Pr\u00e9lude et fugue opus 35 n\u00b0 1<\/em>, <em>Etudes<\/em>\u2026). Sous ses doigts, ces musiques ne sonnaient pas \u00ab\u00a0l\u00e9g\u00e8res\u00a0\u00bb, il les jouait dans un esprit tout beethov\u00e9nien, avec une grande tension dramatique.\u00a0Istomin fut tent\u00e9 de jouer le\u00a0<em>Premier Concerto<\/em> de Mendelssohn. Il \u00e9tait amoureux des deux premiers mouvements, mais le <em>finale<\/em>, qu\u2019il trouvait trop brillant, trop ext\u00e9rieur, lui restait \u00e9tranger. Il h\u00e9sita pendant plusieurs ann\u00e9es, puis renon\u00e7a.<\/p>\n<p><a href=\"https:\/\/eugeneistomin.com\/wp-content\/uploads\/2015\/12\/Mendelssohn-Trio-n\u00b02.png\"><img decoding=\"async\" class=\" size-medium wp-image-1603 alignright\" src=\"https:\/\/eugeneistomin.com\/wp-content\/uploads\/2015\/12\/Mendelssohn-Trio-n\u00b02-230x300.png\" alt=\"Mendelssohn Trio n\u00b02\" width=\"230\" height=\"300\" srcset=\"https:\/\/www.eugeneistomin.com\/wp-content\/uploads\/2015\/12\/Mendelssohn-Trio-n\u00b02-230x300.png 230w, https:\/\/www.eugeneistomin.com\/wp-content\/uploads\/2015\/12\/Mendelssohn-Trio-n\u00b02-785x1024.png 785w, https:\/\/www.eugeneistomin.com\/wp-content\/uploads\/2015\/12\/Mendelssohn-Trio-n\u00b02.png 1200w\" sizes=\"(max-width: 230px) 100vw, 230px\" \/><\/a>En revanche, le <em>Premier Trio<\/em> de Mendelssohn fut au c\u0153ur de son r\u00e9pertoire de musique de chambre pendant plus de 20 ans. Il le joua pour la premi\u00e8re fois en 1955, au Festival de Ravinia, lors de la premi\u00e8re apparition publique du Trio Istomin-Stern-Rose. A partir du moment o\u00f9 les trois musiciens officialis\u00e8rent leur formation, en 1961, ils gard\u00e8rent l\u2019\u0153uvre \u00e0 leur r\u00e9pertoire et\u00a0l\u2019enregistr\u00e8rent en 1966.\u00a0Istomin ne fut pourtant jamais compl\u00e8tement satisfait de cette interpr\u00e9tation. Peut-\u00eatre gardait-il le souvenir d\u2019un concert de 1959, au Festival de Porto-Rico, o\u00f9 Casals, Stern et lui-m\u00eame avaient donn\u00e9 des interpr\u00e9tations magiques des premiers trios de Mendelssohn et de Brahms.<br \/>\nIstomin, Stern et Rose n\u2019ont abord\u00e9 le <em>Deuxi\u00e8me Trio<\/em> de Mendelssohn qu\u2019au milieu des ann\u00e9es 70. Ce sera d\u2019ailleurs leur ultime enregistrement, en juillet 1979. Et cette fois, Istomin s\u2019avoua vraiment tr\u00e8s heureux, tant de sa propre performance comme de celle de ses partenaires. Il trouvait d\u2019ailleurs que cette partition ne m\u00e9ritait pas d\u2019\u00eatre laiss\u00e9e dans l\u2019ombre par le succ\u00e8s du <em>Premier Trio<\/em>, plus extraverti mais moins \u00e9mouvant.\u00a0D&rsquo;ailleurs Leonard Rose \u00e9crivit \u00e0 Istomin en ao\u00fbt 1981\u00a0: \u201cJe ne peux m\u2019emp\u00eacher de t\u2019\u00e9crire, aussit\u00f4t apr\u00e8s avoir \u00e9cout\u00e9 le Trio de Mendelssohn en ut mineur. Notre interpr\u00e9tation rayonne d\u2019un bout \u00e0 l\u2019autre, c\u2019est magnifique, c\u2019est habit\u00e9\u00a0! Je tiens \u00e0 te dire combien j\u2019ai \u00e9t\u00e9 boulevers\u00e9 par ton jeu, par ta fantastique ma\u00eetrise technique et par ton inventivit\u00e9 musicale si \u00e9mouvante.\u00bb<\/p>\n<p>La <em>Romance sans paroles en sol majeur opus 62 n\u00b0 1<\/em> de Mendelssohn, surnomm\u00e9e <em>Brise de mai<\/em> \u00e9tait un des bis pr\u00e9f\u00e9r\u00e9s d\u2019Istomin dans les derni\u00e8res ann\u00e9es de sa carri\u00e8re. Sa sonorit\u00e9 y est reconnaissable entre toutes, avec son art de faire chanter le piano, de donner l\u2019impression d\u2019un legato parfait, tout en attaquant chaque note s\u00e9par\u00e9ment\u2026<\/p>\n<\/div><div class=\"fusion-clearfix\"><\/div><\/div><\/div><div class=\"fusion-layout-column fusion_builder_column fusion-builder-column-1 fusion_builder_column_1_1 1_1 fusion-one-full fusion-column-first fusion-column-last fusion-column-no-min-height\" style=\"--awb-bg-size:cover;--awb-margin-bottom:0px;\"><div class=\"fusion-column-wrapper fusion-flex-column-wrapper-legacy\"><div class=\"fusion-title title fusion-title-1 fusion-title-text fusion-title-size-two\"><h2 class=\"title-heading-left fusion-responsive-typography-calculated\" style=\"margin:0;--fontSize:18;--minFontSize:18;line-height:1.5;\"><strong>Musique<\/strong><\/h2><span class=\"awb-title-spacer\"><\/span><div class=\"title-sep-container\"><div class=\"title-sep sep-double sep-solid\" style=\"border-color:#e0dede;\"><\/div><\/div><\/div><div class=\"fusion-text fusion-text-2\"><!--[if lt IE 9]><script>document.createElement('audio');<\/script><![endif]-->\n<audio class=\"wp-audio-shortcode\" id=\"audio-1601-1\" preload=\"none\" style=\"width: 100%;\" controls=\"controls\"><source type=\"audio\/mpeg\" src=\"https:\/\/eugeneistomin.com\/wp-content\/uploads\/2016\/03\/Mendelssohn-Trio-1_1erMvt_128k.mp3?_=1\" \/><a href=\"https:\/\/eugeneistomin.com\/wp-content\/uploads\/2016\/03\/Mendelssohn-Trio-1_1erMvt_128k.mp3\">https:\/\/eugeneistomin.com\/wp-content\/uploads\/2016\/03\/Mendelssohn-Trio-1_1erMvt_128k.mp3<\/a><\/audio>\n<p><strong>Felix Mendelssohn<\/strong>. <em>Trio\u00a0en r\u00e9 mineur op.\u00a049<\/em> : premier mouvement<\/p>\n<p>Eugene Istomin, piano. Isaac Stern, violon; Pablo Casals, violoncelle.\u00a0Th\u00e9\u00e2tre de l&rsquo;Universit\u00e9 de San Juan, Porto Rico, 2 mai 1959<\/p>\n<\/div><div class=\"fusion-text fusion-text-3\"><audio class=\"wp-audio-shortcode\" id=\"audio-1601-2\" preload=\"none\" style=\"width: 100%;\" controls=\"controls\"><source type=\"audio\/mpeg\" src=\"https:\/\/eugeneistomin.com\/wp-content\/uploads\/2016\/03\/Mendelssohn-Romance-Op62_128k.mp3?_=2\" \/><a href=\"https:\/\/eugeneistomin.com\/wp-content\/uploads\/2016\/03\/Mendelssohn-Romance-Op62_128k.mp3\">https:\/\/eugeneistomin.com\/wp-content\/uploads\/2016\/03\/Mendelssohn-Romance-Op62_128k.mp3<\/a><\/audio>\n<p><strong>Felix Mendelssohn<\/strong>. <em>Romance sans parole op. 62 n\u00b0 1. <\/em><\/p>\n<p>Eugene Istomin, piano. Th\u00e9\u00e2tre des Champs-Elys\u00e9es, 2 novembre 1993<\/p>\n<\/div><div class=\"fusion-clearfix\"><\/div><\/div><\/div><\/div><\/div>\n","protected":false},"excerpt":{"rendered":"","protected":false},"author":1,"featured_media":0,"parent":325,"menu_order":0,"comment_status":"open","ping_status":"open","template":"","meta":[],"acf":[],"_links":{"self":[{"href":"https:\/\/www.eugeneistomin.com\/fr\/wp-json\/wp\/v2\/pages\/1601"}],"collection":[{"href":"https:\/\/www.eugeneistomin.com\/fr\/wp-json\/wp\/v2\/pages"}],"about":[{"href":"https:\/\/www.eugeneistomin.com\/fr\/wp-json\/wp\/v2\/types\/page"}],"author":[{"embeddable":true,"href":"https:\/\/www.eugeneistomin.com\/fr\/wp-json\/wp\/v2\/users\/1"}],"replies":[{"embeddable":true,"href":"https:\/\/www.eugeneistomin.com\/fr\/wp-json\/wp\/v2\/comments?post=1601"}],"version-history":[{"count":7,"href":"https:\/\/www.eugeneistomin.com\/fr\/wp-json\/wp\/v2\/pages\/1601\/revisions"}],"predecessor-version":[{"id":7552,"href":"https:\/\/www.eugeneistomin.com\/fr\/wp-json\/wp\/v2\/pages\/1601\/revisions\/7552"}],"up":[{"embeddable":true,"href":"https:\/\/www.eugeneistomin.com\/fr\/wp-json\/wp\/v2\/pages\/325"}],"wp:attachment":[{"href":"https:\/\/www.eugeneistomin.com\/fr\/wp-json\/wp\/v2\/media?parent=1601"}],"curies":[{"name":"wp","href":"https:\/\/api.w.org\/{rel}","templated":true}]}}