{"id":1554,"date":"2015-12-02T15:24:33","date_gmt":"2015-12-02T14:24:33","guid":{"rendered":"http:\/\/eugeneistomin.com\/?page_id=1554"},"modified":"2020-02-21T23:50:51","modified_gmt":"2020-02-21T22:50:51","slug":"leonard-bernstein","status":"publish","type":"page","link":"https:\/\/www.eugeneistomin.com\/fr\/le-musicien\/les-compositeurs-de-predilection\/leonard-bernstein\/","title":{"rendered":"Leonard Bernstein"},"content":{"rendered":"<div class=\"fusion-fullwidth fullwidth-box fusion-builder-row-1 hundred-percent-fullwidth non-hundred-percent-height-scrolling\" style=\"--awb-border-radius-top-left:0px;--awb-border-radius-top-right:0px;--awb-border-radius-bottom-right:0px;--awb-border-radius-bottom-left:0px;--awb-overflow:visible;\" ><div class=\"fusion-builder-row fusion-row\"><div class=\"fusion-layout-column fusion_builder_column fusion-builder-column-0 fusion_builder_column_1_1 1_1 fusion-one-full fusion-column-first fusion-column-last fusion-column-no-min-height\" style=\"--awb-bg-size:cover;--awb-margin-bottom:0px;\"><div class=\"fusion-column-wrapper fusion-flex-column-wrapper-legacy\"><div class=\"fusion-title title fusion-title-1 fusion-title-text fusion-title-size-two\"><h2 class=\"title-heading-left fusion-responsive-typography-calculated\" style=\"margin:0;--fontSize:18;--minFontSize:18;line-height:1.5;\"><strong>Chef  et compositeur<\/strong><\/h2><span class=\"awb-title-spacer\"><\/span><div class=\"title-sep-container\"><div class=\"title-sep sep-double sep-solid\" style=\"border-color:#e0dede;\"><\/div><\/div><\/div><div class=\"fusion-text fusion-text-1\"><p><a href=\"https:\/\/eugeneistomin.com\/wp-content\/uploads\/2015\/11\/Bernstein-jeune-21.jpg\"><img decoding=\"async\" class=\"size-medium wp-image-1250 alignleft\" src=\"https:\/\/eugeneistomin.com\/wp-content\/uploads\/2015\/11\/Bernstein-jeune-21-300x300.jpg\" alt=\"Handmade Software, Inc. Image Alchemy v1.11\" width=\"300\" height=\"300\" srcset=\"https:\/\/www.eugeneistomin.com\/wp-content\/uploads\/2015\/11\/Bernstein-jeune-21-66x66.jpg 66w, https:\/\/www.eugeneistomin.com\/wp-content\/uploads\/2015\/11\/Bernstein-jeune-21-150x150.jpg 150w, https:\/\/www.eugeneistomin.com\/wp-content\/uploads\/2015\/11\/Bernstein-jeune-21-300x300.jpg 300w, https:\/\/www.eugeneistomin.com\/wp-content\/uploads\/2015\/11\/Bernstein-jeune-21.jpg 500w\" sizes=\"(max-width: 300px) 100vw, 300px\" \/><\/a><\/p>\n<p class=\"beautify\">Eugene Istomin aurait d\u00fb avoir une collaboration suivie, une complicit\u00e9 m\u00eame, avec Leonard Bernstein, son a\u00een\u00e9 de sept ann\u00e9es. Ils avaient \u00e9t\u00e9 ensemble au Curtis, o\u00f9 ils \u00e9taient tr\u00e8s proches, malgr\u00e9 leur diff\u00e9rence d\u2019\u00e2ge. Istomin \u00e9tait d\u00e9j\u00e0 fascin\u00e9 par son g\u00e9nie et son charisme. Quant \u00e0 Bernstein, il lui avait d\u00e9clar\u00e9, apr\u00e8s une audition des \u00e9l\u00e8ves du Curtis\u00a0: \u00ab\u00a0Eugene, tu es une oasis dans le d\u00e9sert\u00a0! Une oasis dans le d\u00e9sert!\u201d. Ils \u00e9taient amis et le sont rest\u00e9s tout au long de leur vie, se t\u00e9moignant souvent leur affection et leur estime. Istomin d\u00e9fendit \u00e9nergiquement Bernstein compositeur lorsque certaines de ses \u0153uvres furent mal accueillies par la critique, en particulier <em>Mass<\/em>, qui avait \u00e9t\u00e9 hu\u00e9e lors de sa cr\u00e9ation pour l\u2019inauguration du Kennedy Center. Parmi les rares \u0153uvres contemporaines de son r\u00e9pertoire figurait ses <em>Anniversaries<\/em> qu\u2019il joua dans de nombreux r\u00e9citals. Bernstein le remercia en lui d\u00e9dica\u00e7ant sa partition, \u00e9voquant leur pass\u00e9 commun et \u00ab\u00a0all what\u2019s to come\u00a0\u00bb.<\/p>\n<div id=\"attachment_1251\" style=\"width: 310px\" class=\"wp-caption alignright\"><a href=\"https:\/\/eugeneistomin.com\/wp-content\/uploads\/2015\/11\/1958-Group-Photo-after-Schumann-Concerto.jpg\"><img aria-describedby=\"caption-attachment-1251\" decoding=\"async\" class=\"size-medium wp-image-1251\" src=\"https:\/\/eugeneistomin.com\/wp-content\/uploads\/2015\/11\/1958-Group-Photo-after-Schumann-Concerto-300x235.jpg\" alt=\"Schneider, Horszowski, Casals, Istomin, Bernstein, Stern et Serkin \u00e0 Carnegie Hall en 1958\" width=\"300\" height=\"235\" srcset=\"https:\/\/www.eugeneistomin.com\/wp-content\/uploads\/2015\/11\/1958-Group-Photo-after-Schumann-Concerto-300x235.jpg 300w, https:\/\/www.eugeneistomin.com\/wp-content\/uploads\/2015\/11\/1958-Group-Photo-after-Schumann-Concerto-1024x802.jpg 1024w, https:\/\/www.eugeneistomin.com\/wp-content\/uploads\/2015\/11\/1958-Group-Photo-after-Schumann-Concerto.jpg 1659w\" sizes=\"(max-width: 300px) 100vw, 300px\" \/><\/a><p id=\"caption-attachment-1251\" class=\"wp-caption-text\"><em>Schneider, Horszowski, Casals, Istomin, Bernstein, Stern et Serkin \u00e0 Carnegie Hall en 1958<\/em><\/p><\/div>\n<p>En fait leurs <strong>collaborations avec l\u2019Orchestre Philharmonique de New York<\/strong> furent assez rares. En 1958, la premi\u00e8re ann\u00e9e de Bernstein comme directeur musical \u00e0 part enti\u00e8re, ils jou\u00e8rent le <em>Concerto<\/em> de Schumann. Il y avait m\u00eame un projet d\u2019enregistrement mais Columbia pr\u00e9f\u00e9ra finalement associer Istomin et Bruno Walter. En 1962, Istomin participa \u00e0 l\u2019inauguration du Lincoln Center avec le <em>Concerto pour 4 claviers BWV 1065<\/em> de Bach aux c\u00f4t\u00e9s de ses amis Gary Graffman et Leon Fleisher, puis joua le <em>Deuxi\u00e8me Concerto<\/em> de Brahms pour un cycle au cours duquel Bernstein c\u00e9l\u00e9brait son\u00a0cinq centi\u00e8me\u00a0concert \u00e0 la t\u00eate du New York Philharmonic. Il y eut enfin en 1968, dans une situation politique extr\u00eamement tendue, une s\u00e9rie de concerts qui associait le\u00a0<em>Quatri\u00e8me Concerto<\/em> de Beethoven et la <em>Sinfonia<\/em> de Berio, en cr\u00e9ation mondiale. Ce fut un moment difficile pour Istomin, qui re\u00e7ut quelques sifflets \u00e0 son arriv\u00e9e sur sc\u00e8ne, pour la premi\u00e8re fois de sa vie. Les raisons \u00e9taient \u00e9minemment politiques et venaient, en plein duel \u00e9lectoral entre Nixon et Humphrey, soit de r\u00e9publicains acharn\u00e9s, soit de d\u00e9mocrates peu favorables \u00e0 la candidature de Humphrey, qu\u2019ils ne jugeaient pas assez ouvertement oppos\u00e9 \u00e0 la poursuite de la guerre au Vietnam. Or Istomin \u00e9tait le pr\u00e9sident du Comit\u00e9 de soutien des Ecrivains et des Artistes \u00e0 la candidature de Humphrey. Bernstein avait refus\u00e9 son concours malgr\u00e9 l\u2019insistance d\u2019Istomin. Il lui expliqua que Humphrey \u00e9tait sans doute quelqu\u2019un de bien, mais qu\u2019il pensait que le peuple am\u00e9ricain avait besoin d\u2019\u00eatre \u00ab\u00a0caut\u00e9ris\u00e9\u00a0\u00bb par Nixon pour retrouver le chemin de l\u2019id\u00e9al\u00a0! Sur le plan musical le d\u00e9saccord avait \u00e9t\u00e9 grand aussi, Bernstein ayant d\u00e9lib\u00e9r\u00e9ment choisi un tempo excessivement lent dans l\u2019<em>andante<\/em> du concerto\u2026<\/p>\n<p><a href=\"https:\/\/eugeneistomin.com\/wp-content\/uploads\/2015\/11\/Bernstein-Anniversaries1.jpg\"><img decoding=\"async\" class=\"alignleft wp-image-1256 size-medium\" src=\"https:\/\/eugeneistomin.com\/wp-content\/uploads\/2015\/11\/Bernstein-Anniversaries1-232x300.jpg\" alt=\"Bernstein Thirteen Anniversaries\" width=\"232\" height=\"300\" srcset=\"https:\/\/www.eugeneistomin.com\/wp-content\/uploads\/2015\/11\/Bernstein-Anniversaries1-232x300.jpg 232w, https:\/\/www.eugeneistomin.com\/wp-content\/uploads\/2015\/11\/Bernstein-Anniversaries1.jpg 350w\" sizes=\"(max-width: 232px) 100vw, 232px\" \/><\/a>Quelques mois plus tard, Bernstein abandonnait la direction musicale du New York Philharmonic et n\u2019acceptant plus de poste fixe, les occasions devinrent plus difficiles \u00e0 trouver. A plusieurs reprises Bernstein dit \u00e0 Istomin qu\u2019il voulait absolument faire un concerto de Mozart avec lui, mais rien ne se fit.\u00a0On peut imaginer que Bernstein avait \u00e9t\u00e9 bless\u00e9 qu\u2019Istomin n\u2019ait pas insist\u00e9 pour enregistrer le <em>Concerto<\/em> de Schumann avec lui, et qu\u2019il lui ait pr\u00e9f\u00e9r\u00e9 Bruno Walter. Il y a aussi le myst\u00e8re de la personnalit\u00e9 infiniment complexe de Bernstein. Il y eut surtout cette violente discussion autour d\u2019Humphrey et de Nixon dans laquelle Eugene n\u2019avait pas m\u00e2ch\u00e9 ses mots.\u00a0Cela n\u2019emp\u00eacha pas leurs relations de redevenir tr\u00e8s cordiales et de le rester jusqu\u2019\u00e0 la mort de Bernstein,\u00a0qui fit dire \u00e0 Istomin : \u00ab\u00a0En fait, je ne pouvais pas l\u2019imaginer vieillir\u00a0! \u00bb<\/p>\n<p>Dans une interview \u00e0 John Gruen pour le <em>New York Times<\/em> en 1971, Istomin avait dit toute son admiration pour <strong>Bernstein compositeur<\/strong>, apr\u00e8s le mauvais accueil r\u00e9serv\u00e9 \u00e0 <em>Mass<\/em> lors de l\u2019inauguration du Kennedy Center\u00a0: \u00ab\u00a0Je pense que c\u2019est le grand \u0153uvre de Bernstein. Pour moi tout sonne juste! Vous avez son \u00e2me et ses convictions, et tout son fantastique talent pr\u00e9sent\u00e9 sur un plat d\u2019argent. Oui c\u2019est &lsquo;populaire&rsquo;. Non ce n\u2019est pas h\u00e9t\u00e9roclite. C\u2019est du pur Bernstein. Si vous l\u2019aimez, vous aimerez l\u2019\u0153uvre. C\u2019est ce que je fais. Dans mon univers, il y a de la place pour Stravinsky, Nono et Bernstein. Je suis fatigu\u00e9 de voir un des plus grands talents du si\u00e8cle se faire \u00e9reinter et calomnier. Profitons plut\u00f4t de lui tant qu\u2019il est l\u00e0!\u00bb<\/p>\n<\/div><div class=\"fusion-clearfix\"><\/div><\/div><\/div><div class=\"fusion-layout-column fusion_builder_column fusion-builder-column-1 fusion_builder_column_1_1 1_1 fusion-one-full fusion-column-first fusion-column-last fusion-column-no-min-height\" style=\"--awb-bg-size:cover;--awb-margin-bottom:0px;\"><div class=\"fusion-column-wrapper fusion-flex-column-wrapper-legacy\"><div class=\"fusion-title title fusion-title-2 fusion-title-text fusion-title-size-two\"><h2 class=\"title-heading-left fusion-responsive-typography-calculated\" style=\"margin:0;--fontSize:18;--minFontSize:18;line-height:1.5;\"><strong>Concerts<\/strong><\/h2><span class=\"awb-title-spacer\"><\/span><div class=\"title-sep-container\"><div class=\"title-sep sep-double sep-solid\" style=\"border-color:#e0dede;\"><\/div><\/div><\/div><div class=\"fusion-text fusion-text-2\"><p><strong>1958<\/strong>, 23, 25 &amp; 27 octobre. Carnegie Hall. <strong>Schumann<\/strong>, <em>Concerto.<\/em> New York Philharmonic.<\/p>\n<p><strong>1962<\/strong>, 26 septembre. Avery Fischer Hall. <strong>Bach<\/strong>, <em>Concerto BWV 1065<\/em> (avec Leon Fleisher, Gary Graffman, William Masselos). New York Philharmonic.<\/p>\n<p><strong>1962<\/strong>, 25, 26, 27 &amp; 28 octobre. Avery Fischer Hall. <strong>Brahms<\/strong>, <em>Concerto n\u00b0 2<\/em>. New York Philharmonic.<\/p>\n<p><strong>1968<\/strong>, 10, 11, 12 &amp; 14 octobre. Avery Fischer Hall. <strong>Beethoven<\/strong>, <em>Concerto n\u00b0 4<\/em>. New York Philharmonic. <em>Concert enregistr\u00e9<\/em><\/p>\n<\/div><div class=\"fusion-clearfix\"><\/div><\/div><\/div><div class=\"fusion-layout-column fusion_builder_column fusion-builder-column-2 fusion_builder_column_1_1 1_1 fusion-one-full fusion-column-first fusion-column-last fusion-column-no-min-height\" style=\"--awb-bg-size:cover;--awb-margin-bottom:0px;\"><div class=\"fusion-column-wrapper fusion-flex-column-wrapper-legacy\"><div class=\"fusion-title title fusion-title-3 fusion-title-text fusion-title-size-two\"><h2 class=\"title-heading-left fusion-responsive-typography-calculated\" style=\"margin:0;--fontSize:18;--minFontSize:18;line-height:1.5;\"><strong>Document<\/strong><\/h2><span class=\"awb-title-spacer\"><\/span><div class=\"title-sep-container\"><div class=\"title-sep sep-double sep-solid\" style=\"border-color:#e0dede;\"><\/div><\/div><\/div><div class=\"fusion-clearfix\"><\/div><\/div><\/div><div class=\"fusion-layout-column fusion_builder_column fusion-builder-column-3 fusion_builder_column_1_1 1_1 fusion-one-full fusion-column-first fusion-column-last fusion-column-no-min-height\" style=\"--awb-bg-size:cover;--awb-margin-bottom:0px;\"><div class=\"fusion-column-wrapper fusion-flex-column-wrapper-legacy\"><div class=\"fusion-video fusion-youtube\" style=\"--awb-max-width:600px;--awb-max-height:350px;\"><div class=\"video-shortcode\"><div class=\"fluid-width-video-wrapper\" style=\"padding-top:58.33%;\" ><iframe title=\"YouTube video player 1\" src=\"https:\/\/www.youtube.com\/embed\/GMxcTqTXADc?wmode=transparent&autoplay=0\" width=\"600\" height=\"350\" allowfullscreen allow=\"autoplay; fullscreen\"><\/iframe><\/div><\/div><\/div><div class=\"fusion-clearfix\"><\/div><\/div><\/div><\/div><\/div>\n","protected":false},"excerpt":{"rendered":"","protected":false},"author":1,"featured_media":0,"parent":325,"menu_order":0,"comment_status":"open","ping_status":"open","template":"","meta":[],"acf":[],"_links":{"self":[{"href":"https:\/\/www.eugeneistomin.com\/fr\/wp-json\/wp\/v2\/pages\/1554"}],"collection":[{"href":"https:\/\/www.eugeneistomin.com\/fr\/wp-json\/wp\/v2\/pages"}],"about":[{"href":"https:\/\/www.eugeneistomin.com\/fr\/wp-json\/wp\/v2\/types\/page"}],"author":[{"embeddable":true,"href":"https:\/\/www.eugeneistomin.com\/fr\/wp-json\/wp\/v2\/users\/1"}],"replies":[{"embeddable":true,"href":"https:\/\/www.eugeneistomin.com\/fr\/wp-json\/wp\/v2\/comments?post=1554"}],"version-history":[{"count":11,"href":"https:\/\/www.eugeneistomin.com\/fr\/wp-json\/wp\/v2\/pages\/1554\/revisions"}],"predecessor-version":[{"id":7564,"href":"https:\/\/www.eugeneistomin.com\/fr\/wp-json\/wp\/v2\/pages\/1554\/revisions\/7564"}],"up":[{"embeddable":true,"href":"https:\/\/www.eugeneistomin.com\/fr\/wp-json\/wp\/v2\/pages\/325"}],"wp:attachment":[{"href":"https:\/\/www.eugeneistomin.com\/fr\/wp-json\/wp\/v2\/media?parent=1554"}],"curies":[{"name":"wp","href":"https:\/\/api.w.org\/{rel}","templated":true}]}}