{"id":1512,"date":"2015-11-28T17:28:42","date_gmt":"2015-11-28T16:28:42","guid":{"rendered":"http:\/\/eugeneistomin.com\/?page_id=1512"},"modified":"2020-02-21T23:50:53","modified_gmt":"2020-02-21T22:50:53","slug":"henri-dutilleux","status":"publish","type":"page","link":"https:\/\/www.eugeneistomin.com\/fr\/le-musicien\/les-compositeurs-de-predilection\/henri-dutilleux\/","title":{"rendered":"Henri Dutilleux"},"content":{"rendered":"<div class=\"fusion-fullwidth fullwidth-box fusion-builder-row-1 hundred-percent-fullwidth non-hundred-percent-height-scrolling\" style=\"--awb-border-radius-top-left:0px;--awb-border-radius-top-right:0px;--awb-border-radius-bottom-right:0px;--awb-border-radius-bottom-left:0px;--awb-overflow:visible;\" ><div class=\"fusion-builder-row fusion-row\"><div class=\"fusion-layout-column fusion_builder_column fusion-builder-column-0 fusion_builder_column_1_1 1_1 fusion-one-full fusion-column-first fusion-column-last\" style=\"--awb-bg-size:cover;\"><div class=\"fusion-column-wrapper fusion-flex-column-wrapper-legacy\"><div class=\"fusion-text fusion-text-1\"><div id=\"attachment_1030\" style=\"width: 310px\" class=\"wp-caption alignleft\"><a href=\"https:\/\/eugeneistomin.com\/wp-content\/uploads\/2015\/11\/Munch-et-Dutilleux.jpg\"><img aria-describedby=\"caption-attachment-1030\" decoding=\"async\" class=\"wp-image-1030 size-medium\" src=\"https:\/\/eugeneistomin.com\/wp-content\/uploads\/2015\/11\/Munch-et-Dutilleux-300x208.jpg\" alt=\"Munch et Dutilleux\" width=\"300\" height=\"208\" srcset=\"https:\/\/www.eugeneistomin.com\/wp-content\/uploads\/2015\/11\/Munch-et-Dutilleux-300x208.jpg 300w, https:\/\/www.eugeneistomin.com\/wp-content\/uploads\/2015\/11\/Munch-et-Dutilleux.jpg 701w\" sizes=\"(max-width: 300px) 100vw, 300px\" \/><\/a><p id=\"caption-attachment-1030\" class=\"wp-caption-text\">Charles Munch et Henri Dutilleux<\/p><\/div>\n<p>\u00ab Dutilleux est un des plus importants compositeurs de notre \u00e9poque. Je n\u2019invente \u00e9videmment rien en disant cela. Je l\u2019ai d\u00e9couvert gr\u00e2ce \u00e0 Charles Munch lors d\u2019un concert \u00e0 Tanglewood o\u00f9 je jouais le <em>Deuxi\u00e8me Concerto<\/em> de Brahms. En premi\u00e8re partie Munch avait dirig\u00e9 les <em>M\u00e9taboles<\/em> de Dutilleux. Je ressens une attirance particuli\u00e8re pour sa musique si profond\u00e9ment fran\u00e7aise, si fid\u00e8le \u00e0 l\u2019esth\u00e9tique debussyste, m\u00eame si elle est \u00e9videmment beaucoup plus moderne et tr\u00e8s personnelle. C\u2019est une musique qui n\u2019a rien \u00e0 voir avec l\u2019esprit germanique. Dutilleux repr\u00e9sente pour moi la floraison, l\u2019\u00e9panouissement de l\u2019arbre de la musique fran\u00e7aise. Il y a une complexit\u00e9 d\u2019\u00e9criture, une densit\u00e9, une texture instrumentale, une profondeur d\u2019expression qui me touchent infiniment. Je consid\u00e8re sa <em>Sonate pour piano<\/em> comme un chef-d\u2019\u0153uvre digne des plus grandes \u0153uvres pour piano du Vingti\u00e8me Si\u00e8cle.<\/p>\n<div id=\"attachment_2305\" style=\"width: 228px\" class=\"wp-caption alignright\"><a href=\"https:\/\/eugeneistomin.com\/wp-content\/uploads\/2015\/07\/Dutilleux-de?dicace-00112.jpg\"><img aria-describedby=\"caption-attachment-2305\" decoding=\"async\" class=\"wp-image-2305 size-medium\" src=\"https:\/\/eugeneistomin.com\/wp-content\/uploads\/2015\/07\/Dutilleux-de?dicace-00112-218x300.jpg\" alt=\"Dutilleux-de?dicace-0011\" width=\"218\" height=\"300\" \/><\/a><p id=\"caption-attachment-2305\" class=\"wp-caption-text\">D\u00e9dicace du Pr\u00e9lude par Henri Dutilleux<\/p><\/div>\n<p>En tant qu\u2019homme, je l\u2019aime et l\u2019admire tout autant. C\u2019est une personnalit\u00e9 tr\u00e8s forte, mais aussi tr\u00e8s modeste, humble, avec une politesse exquise, un respect, une attention aux autres qu\u2019on ne rencontre presque plus jamais. Je suis tr\u00e8s fier qu\u2019il ait accept\u00e9 ma demande d\u2019\u00e9crire une pi\u00e8ce pour le Concours de piano William Kapell, organis\u00e9 par l\u2019Universit\u00e9 du Maryland, que je pr\u00e9sidais \u00e0 ce moment-l\u00e0. Il n\u2019avait pas \u00e9crit pour le piano depuis pr\u00e8s de quinze ans et il a compos\u00e9 en 1988 son troisi\u00e8me pr\u00e9lude, intitul\u00e9 <em>Jeu de contrastes<\/em>. Je suis tr\u00e8s heureux qu\u2019il me l\u2019ait d\u00e9di\u00e9 et j\u2019ai eu la grande satisfaction de le jouer en public, en sa pr\u00e9sence, en 1996 \u00e0 la Salle Gaveau. L\u2019\u00e9motion et le succ\u00e8s \u00e9taient tels que je l\u2019ai biss\u00e9 aussit\u00f4t ! \u00bb (Interview avec Bernard Meillat 1997)<\/p>\n<\/div><div class=\"fusion-title title fusion-title-1 fusion-title-text fusion-title-size-two\"><h2 class=\"title-heading-left fusion-responsive-typography-calculated\" style=\"margin:0;--fontSize:18;--minFontSize:18;line-height:1.5;\">Musique<\/h2><span class=\"awb-title-spacer\"><\/span><div class=\"title-sep-container\"><div class=\"title-sep sep-double sep-solid\" style=\"border-color:#e0dede;\"><\/div><\/div><\/div><div class=\"fusion-text fusion-text-2\"><p>Interview d\u2019Henri Dutilleux<\/p>\n<\/div><div class=\"fusion-video fusion-youtube\" style=\"--awb-max-width:600px;--awb-max-height:350px;\"><div class=\"video-shortcode\"><div class=\"fluid-width-video-wrapper\" style=\"padding-top:58.33%;\" ><iframe title=\"YouTube video player 1\" src=\"https:\/\/www.youtube.com\/embed\/YRPsXuQV-l4?wmode=transparent&autoplay=0\" width=\"600\" height=\"350\" allowfullscreen allow=\"autoplay; fullscreen\"><\/iframe><\/div><\/div><\/div><div class=\"fusion-clearfix\"><\/div><\/div><\/div><\/div><\/div>\n","protected":false},"excerpt":{"rendered":"","protected":false},"author":1,"featured_media":0,"parent":325,"menu_order":0,"comment_status":"open","ping_status":"open","template":"","meta":[],"acf":[],"_links":{"self":[{"href":"https:\/\/www.eugeneistomin.com\/fr\/wp-json\/wp\/v2\/pages\/1512"}],"collection":[{"href":"https:\/\/www.eugeneistomin.com\/fr\/wp-json\/wp\/v2\/pages"}],"about":[{"href":"https:\/\/www.eugeneistomin.com\/fr\/wp-json\/wp\/v2\/types\/page"}],"author":[{"embeddable":true,"href":"https:\/\/www.eugeneistomin.com\/fr\/wp-json\/wp\/v2\/users\/1"}],"replies":[{"embeddable":true,"href":"https:\/\/www.eugeneistomin.com\/fr\/wp-json\/wp\/v2\/comments?post=1512"}],"version-history":[{"count":6,"href":"https:\/\/www.eugeneistomin.com\/fr\/wp-json\/wp\/v2\/pages\/1512\/revisions"}],"predecessor-version":[{"id":7572,"href":"https:\/\/www.eugeneistomin.com\/fr\/wp-json\/wp\/v2\/pages\/1512\/revisions\/7572"}],"up":[{"embeddable":true,"href":"https:\/\/www.eugeneistomin.com\/fr\/wp-json\/wp\/v2\/pages\/325"}],"wp:attachment":[{"href":"https:\/\/www.eugeneistomin.com\/fr\/wp-json\/wp\/v2\/media?parent=1512"}],"curies":[{"name":"wp","href":"https:\/\/api.w.org\/{rel}","templated":true}]}}