{"id":1474,"date":"2015-11-26T18:08:50","date_gmt":"2015-11-26T17:08:50","guid":{"rendered":"http:\/\/eugeneistomin.com\/?page_id=1474"},"modified":"2020-02-21T23:50:54","modified_gmt":"2020-02-21T22:50:54","slug":"john-browning","status":"publish","type":"page","link":"https:\/\/www.eugeneistomin.com\/fr\/grandes-collaborations-musicales\/pianistes\/john-browning\/","title":{"rendered":"John Browning"},"content":{"rendered":"<div class=\"fusion-fullwidth fullwidth-box fusion-builder-row-1 hundred-percent-fullwidth non-hundred-percent-height-scrolling\" style=\"--awb-border-radius-top-left:0px;--awb-border-radius-top-right:0px;--awb-border-radius-bottom-right:0px;--awb-border-radius-bottom-left:0px;--awb-overflow:visible;\" ><div class=\"fusion-builder-row fusion-row\"><div class=\"fusion-layout-column fusion_builder_column fusion-builder-column-0 fusion_builder_column_1_1 1_1 fusion-one-full fusion-column-first fusion-column-last\" style=\"--awb-bg-size:cover;\"><div class=\"fusion-column-wrapper fusion-flex-column-wrapper-legacy\"><div class=\"fusion-text fusion-text-1\"><p><a href=\"https:\/\/eugeneistomin.com\/wp-content\/uploads\/2015\/10\/Browning-1.jpg\"><img decoding=\"async\" class=\" size-medium wp-image-884 alignleft\" src=\"https:\/\/eugeneistomin.com\/wp-content\/uploads\/2015\/10\/Browning-1-245x300.jpg\" alt=\"Browning 1\" width=\"245\" height=\"300\" srcset=\"https:\/\/www.eugeneistomin.com\/wp-content\/uploads\/2015\/10\/Browning-1-245x300.jpg 245w, https:\/\/www.eugeneistomin.com\/wp-content\/uploads\/2015\/10\/Browning-1.jpg 610w\" sizes=\"(max-width: 245px) 100vw, 245px\" \/><\/a>A  l\u2019occasion du soixante-quinzi\u00e8me anniversaire d\u2019Istomin, voici ce que John Browning \u00e9crivit : \u00ab Cela fait plus de trente ans que je connais Eugene. Bien s\u00fbr c\u2019est un pianiste et un musicien exceptionnel. Mais Eugene est, au-del\u00e0 de ses dons remarquables, un ami et un coll\u00e8gue extraordinairement attentionn\u00e9. Il s\u2019inqui\u00e8te toujours du bien-\u00eatre des autres \u2013 de leurs besoins et de leurs probl\u00e8mes \u2013 et il est toujours \u00e0 la recherche de solutions pour am\u00e9liorer le statut du musicien et le monde musical. \u00bb<br \/>\nCette estime et cette affection \u00e9taient absolument r\u00e9ciproques. Istomin, qui avait d\u00e9cid\u00e9 de ne jamais jouer de Prokofiev, avait \u00e9t\u00e9 n\u00e9anmoins conquis par l\u2019int\u00e9grale des <em>Concertos pour piano<\/em> que John Browning avait enregistr\u00e9e avec Erich Leinsdorf. Il admirait plus encore son investissement total dans l\u2019\u0153uvre de Samuel Barber et ses interpr\u00e9tations \u00e0 la fois idiomatiques et tr\u00e8s personnelles d\u2019\u0153uvres aussi diff\u00e9rentes que les sonates de Scarlatti, le <em>Concerto pour la main gauche<\/em> de Ravel, les <em>Variations Diabelli<\/em> de Beethoven ou les <em>Etudes<\/em> de Chopin.<br \/>\nJohn Browning participa tout naturellement \u00e0 l\u2019aventure du Concours William Kapell. En 1987, Istomin l\u2019invita \u00e0 faire partie du jury et \u00e0 donner un r\u00e9cital. Leurs conceptions de la musique et de la carri\u00e8re \u00e9taient proches. Tous deux d\u00e9ploraient les artifices des enregistrements modernes, truff\u00e9s de montage et sans vie. Ils en \u00e9taient venus \u00e0 regretter le temps des 78 tours, quand il \u00e9tait impossible de tricher. Ils avaient le sentiment que les jeunes pianistes manquaient de conviction musicale et de technique, que loin de s\u2019am\u00e9liorer, comme on l\u2019entend dire souvent, le niveau g\u00e9n\u00e9ral baissait.<br \/>\n<a href=\"https:\/\/eugeneistomin.com\/wp-content\/uploads\/2015\/10\/Browning.jpg\"><img decoding=\"async\" class=\" size-medium wp-image-883 alignright\" src=\"https:\/\/eugeneistomin.com\/wp-content\/uploads\/2015\/10\/Browning-239x300.jpg\" alt=\"Browning\" width=\"239\" height=\"300\" srcset=\"https:\/\/www.eugeneistomin.com\/wp-content\/uploads\/2015\/10\/Browning-239x300.jpg 239w, https:\/\/www.eugeneistomin.com\/wp-content\/uploads\/2015\/10\/Browning-817x1024.jpg 817w, https:\/\/www.eugeneistomin.com\/wp-content\/uploads\/2015\/10\/Browning.jpg 3192w\" sizes=\"(max-width: 239px) 100vw, 239px\" \/><\/a><\/p>\n<p>En conclusion d\u2019une interview donn\u00e9e \u00e0 Bruce Duffie, John Browning d\u00e9finissait le r\u00f4le de l\u2019interpr\u00e8te en des termes qu\u2019Istomin n\u2019aurait certainement pas reni\u00e9 : \u00ab Bien s\u00fbr, l\u2019\u0153uvre et les compositeurs doivent rester le plus important, mais l\u2019artiste est la voix, le messager, et la musique ne peut na\u00eetre qu\u2019\u00e0 travers le messager, et avec sa conviction, sinon cela ne marche pas. Elle ne vit que sous les doigts de l\u2019artiste, qui la recr\u00e9e. Ce qui est le plus difficile dans l\u2019art de l\u2019interpr\u00e9tation, c\u2019est d\u2019arriver au point o\u00f9 on sent \u00e0 la fois qu\u2019on comprend le compositeur et qu\u2019on peut aussi \u00eatre soi-m\u00eame, qu\u2019on n\u2019est pas l\u2019esclave du compositeur. Ce n\u2019est pas suffisant de juste accepter que Schubert ait \u00e9crit forte \u00e0 cet endroit. Il faut se demander pourquoi il a \u00e9crit forte. Si on a conscience de cela, alors on sera vraiment en mesure de savoir quelle sorte de forte on va faire. Il y a un point o\u00f9 on sent qu\u2019on est assez intime avec le compositeur pour avoir une id\u00e9e assez pr\u00e9cise de ce qu\u2019il veut. \u00bb<\/p>\n<\/div><div class=\"fusion-title title fusion-title-1 fusion-title-text fusion-title-size-two\"><h2 class=\"title-heading-left fusion-responsive-typography-calculated\" style=\"margin:0;--fontSize:18;--minFontSize:18;line-height:1.5;\"><strong>Document<\/strong><\/h2><span class=\"awb-title-spacer\"><\/span><div class=\"title-sep-container\"><div class=\"title-sep sep- sep-solid\" style=\"border-color:#e0dede;\"><\/div><\/div><\/div><div class=\"fusion-text fusion-text-2\"><p>John Browning donne une master class sur le <em>Premier Concerto<\/em> de <strong>Brahms. <\/strong><\/p>\n<\/div><div class=\"fusion-video fusion-youtube\" style=\"--awb-max-width:600px;--awb-max-height:350px;\"><div class=\"video-shortcode\"><div class=\"fluid-width-video-wrapper\" style=\"padding-top:58.33%;\" ><iframe title=\"YouTube video player 1\" src=\"https:\/\/www.youtube.com\/embed\/jB1_Wr4C81w?wmode=transparent&autoplay=0\" width=\"600\" height=\"350\" allowfullscreen allow=\"autoplay; fullscreen\"><\/iframe><\/div><\/div><\/div><div class=\"fusion-clearfix\"><\/div><\/div><\/div><\/div><\/div>\n","protected":false},"excerpt":{"rendered":"","protected":false},"author":1,"featured_media":0,"parent":383,"menu_order":0,"comment_status":"open","ping_status":"open","template":"","meta":[],"acf":[],"_links":{"self":[{"href":"https:\/\/www.eugeneistomin.com\/fr\/wp-json\/wp\/v2\/pages\/1474"}],"collection":[{"href":"https:\/\/www.eugeneistomin.com\/fr\/wp-json\/wp\/v2\/pages"}],"about":[{"href":"https:\/\/www.eugeneistomin.com\/fr\/wp-json\/wp\/v2\/types\/page"}],"author":[{"embeddable":true,"href":"https:\/\/www.eugeneistomin.com\/fr\/wp-json\/wp\/v2\/users\/1"}],"replies":[{"embeddable":true,"href":"https:\/\/www.eugeneistomin.com\/fr\/wp-json\/wp\/v2\/comments?post=1474"}],"version-history":[{"count":4,"href":"https:\/\/www.eugeneistomin.com\/fr\/wp-json\/wp\/v2\/pages\/1474\/revisions"}],"predecessor-version":[{"id":7584,"href":"https:\/\/www.eugeneistomin.com\/fr\/wp-json\/wp\/v2\/pages\/1474\/revisions\/7584"}],"up":[{"embeddable":true,"href":"https:\/\/www.eugeneistomin.com\/fr\/wp-json\/wp\/v2\/pages\/383"}],"wp:attachment":[{"href":"https:\/\/www.eugeneistomin.com\/fr\/wp-json\/wp\/v2\/media?parent=1474"}],"curies":[{"name":"wp","href":"https:\/\/api.w.org\/{rel}","templated":true}]}}