{"id":1389,"date":"2015-11-20T12:58:49","date_gmt":"2015-11-20T11:58:49","guid":{"rendered":"http:\/\/eugeneistomin.com\/?page_id=1389"},"modified":"2020-02-21T23:50:58","modified_gmt":"2020-02-21T22:50:58","slug":"bruno-walter","status":"publish","type":"page","link":"https:\/\/www.eugeneistomin.com\/fr\/grandes-collaborations-musicales\/chefs-dorchestre\/bruno-walter\/","title":{"rendered":"Bruno Walter"},"content":{"rendered":"<div class=\"fusion-fullwidth fullwidth-box fusion-builder-row-1 hundred-percent-fullwidth non-hundred-percent-height-scrolling\" style=\"--awb-border-radius-top-left:0px;--awb-border-radius-top-right:0px;--awb-border-radius-bottom-right:0px;--awb-border-radius-bottom-left:0px;--awb-overflow:visible;\" ><div class=\"fusion-builder-row fusion-row\"><div class=\"fusion-layout-column fusion_builder_column fusion-builder-column-0 fusion_builder_column_1_1 1_1 fusion-one-full fusion-column-first fusion-column-last fusion-column-no-min-height\" style=\"--awb-bg-size:cover;--awb-margin-bottom:0px;\"><div class=\"fusion-column-wrapper fusion-flex-column-wrapper-legacy\"><div class=\"fusion-text fusion-text-1\"><p><a href=\"https:\/\/eugeneistomin.com\/wp-content\/uploads\/2015\/11\/Eugene-avec-Walter.jpg\"><img decoding=\"async\" class=\" size-medium wp-image-1390 alignleft\" src=\"https:\/\/eugeneistomin.com\/wp-content\/uploads\/2015\/11\/Eugene-avec-Walter-300x193.jpg\" alt=\"Eugene avec Walter\" width=\"300\" height=\"193\" srcset=\"https:\/\/www.eugeneistomin.com\/wp-content\/uploads\/2015\/11\/Eugene-avec-Walter-300x193.jpg 300w, https:\/\/www.eugeneistomin.com\/wp-content\/uploads\/2015\/11\/Eugene-avec-Walter-460x295.jpg 460w, https:\/\/www.eugeneistomin.com\/wp-content\/uploads\/2015\/11\/Eugene-avec-Walter-1024x657.jpg 1024w, https:\/\/www.eugeneistomin.com\/wp-content\/uploads\/2015\/11\/Eugene-avec-Walter.jpg 3030w\" sizes=\"(max-width: 300px) 100vw, 300px\" \/><\/a>Dans  une interview avec Bernard Meillat en 1987, Istomin raconta l\u2019histoire de son enregistrement du <em>Concerto <\/em>de Schumann avec Bruno Walter.<br \/>\n\u00ab\u00a0En 1958, je jouais le <em>Concerto<\/em> de Schumann dans une s\u00e9rie de concerts avec Bernstein et l\u2019Orchestre Philharmonique de New York. Il \u00e9tait question de faire aussi l\u2019enregistrement, car nous \u00e9tions tous les deux artistes exclusifs Columbia. Et cela devait \u00eatre coupl\u00e9 avec le <em>Deuxi\u00e8me Concerto<\/em> de Chopin que je m\u2019appr\u00eatais \u00e0 enregistrer avec l\u2019Orchestre de Philadelphie et Ormandy. J\u2019\u00e9tais tr\u00e8s ami avec Bernstein mais nous n\u2019avions encore rien enregistr\u00e9, m\u00eame si nous avions d\u00e9j\u00e0 jou\u00e9 ensemble (Souvenez-vous de mes d\u00e9buts avec l\u2019Orchestre Philharmonique de New York !). Il \u00e9tait mon a\u00een\u00e9 de sept ans, nous nous \u00e9tions connus au Curtis Institute. Il \u00e9tait d\u00e9j\u00e0 g\u00e9nial\u00a0! On n\u2019\u00e9tait pas vraiment intimes, mais nous avions une grande affection r\u00e9ciproque.<br \/>\n<a href=\"https:\/\/eugeneistomin.com\/wp-content\/uploads\/2015\/11\/Walter.jpg\"><img decoding=\"async\" class=\" size-medium wp-image-1391 alignright\" src=\"https:\/\/eugeneistomin.com\/wp-content\/uploads\/2015\/11\/Walter-300x225.jpg\" alt=\"Walter\" width=\"300\" height=\"225\" srcset=\"https:\/\/www.eugeneistomin.com\/wp-content\/uploads\/2015\/11\/Walter-300x225.jpg 300w, https:\/\/www.eugeneistomin.com\/wp-content\/uploads\/2015\/11\/Walter-1024x768.jpg 1024w, https:\/\/www.eugeneistomin.com\/wp-content\/uploads\/2015\/11\/Walter.jpg 1440w\" sizes=\"(max-width: 300px) 100vw, 300px\" \/><\/a>Columbia trouvait que l\u2019association Istomin-Bernstein n\u2019\u00e9tait pas tr\u00e8s sexy pour le disque. Bernstein-Gould, deux personnalit\u00e9s flamboyantes, c\u2019\u00e9tait parfait\u00a0! Mais Istomin et Bernstein, c\u2019\u00e9tait un peu comme rosbeaf et compote de mangue.\u00a0John Mc Clure, qui \u00e9tait le directeur artistique de Bruno Walter depuis plusieurs ann\u00e9es, pensa que c\u2019\u00e9tait une bien meilleure id\u00e9e de m\u2019associer \u00e0 lui. J\u2019avais cette image d\u2019\u00eatre un lien entre les g\u00e9n\u00e9rations,\u00a0d\u2019avoir d\u00e9j\u00e0 recueilli la grande tradition de Casals et de Busch. John Mc Clure a envoy\u00e9 \u00e0 Bruno Walter le premier disque de piano solo que j\u2019avais enregistr\u00e9 pour Columbia, en 1951, les <em>Variations Haendel<\/em> de Brahms. Walter, qui \u00e9tait lui-m\u00eame un grand pianiste, ne dirigeait que tr\u00e8s rarement des concertos pour piano en concert. Au disque c\u2019\u00e9tait encore plus rare, il n\u2019en avait enregistr\u00e9 qu\u2019un, le <em>Concerto l\u2019Empereur<\/em> de Beethoven, en 1934 avec Gieseking \u00e0 Vienne et en 1941 avec Serkin \u00e0 New York. Walter a r\u00e9pondu tr\u00e8s vite par une carte postale que j\u2019ai gard\u00e9e\u00a0: \u00ab\u00a0J\u2019ai \u00e9cout\u00e9. Je comprends pourquoi Casals a \u00e9t\u00e9 enthousiasm\u00e9 par ce jeune pianiste. Je suis pr\u00eat \u00e0 enregistrer tout ce que vous voulez avec lui.\u00a0\u00bb C\u2019est ainsi que nous avons fait le Schumann. C\u2019\u00e9tait tr\u00e8s facile de travailler avec lui car, comme Casals (ils avaient le m\u00eame \u00e2ge), les probl\u00e8mes d\u2019ego et de vanit\u00e9 \u00e9taient depuis longtemps d\u00e9pass\u00e9s, tout \u00e9tait simple. Il \u00e9tait tr\u00e8s content de l\u2019enregistrement, il m\u2019a dit en allemand qu\u2019il le trouvait \u00ab\u00a0streng aber frei\u00a0\u00bb (fort mais libre). Apr\u00e8s, il aurait voulu enregistrer d\u2019autres concertos et il m\u2019a parl\u00e9 du <em>Premier<\/em> de Brahms et du <em>r\u00e9 mineur<\/em> de Mozart, mais je n\u2019ai pas pu accepter. Je n\u2019\u00e9tais pas pr\u00eat. Je lui ai dit que c\u2019\u00e9tait une trop grande responsabilit\u00e9. C\u2019\u00e9tait stupide en termes de carri\u00e8re, mais c\u2019\u00e9tait honn\u00eate et je ne le regrette pas\u2026 Quelques ann\u00e9es plus tard, je l\u2019aurais fait volontiers, mais il n\u2019\u00e9tait plus l\u00e0.\u00a0\u00bb<\/p>\n<\/div><div class=\"fusion-clearfix\"><\/div><\/div><\/div><div class=\"fusion-layout-column fusion_builder_column fusion-builder-column-1 fusion_builder_column_1_1 1_1 fusion-one-full fusion-column-first fusion-column-last fusion-column-no-min-height\" style=\"--awb-bg-size:cover;--awb-margin-bottom:0px;\"><div class=\"fusion-column-wrapper fusion-flex-column-wrapper-legacy\"><div class=\"fusion-title title fusion-title-1 fusion-title-text fusion-title-size-two\"><h2 class=\"title-heading-left fusion-responsive-typography-calculated\" style=\"margin:0;--fontSize:18;--minFontSize:18;line-height:1.5;\">Enregistrement\u00a0<\/h2><span class=\"awb-title-spacer\"><\/span><div class=\"title-sep-container\"><div class=\"title-sep sep-double sep-solid\" style=\"border-color:#e0dede;\"><\/div><\/div><\/div><div class=\"fusion-text fusion-text-2\"><p><strong>Schumann<\/strong>, <em>Concerto<\/em>. Orchestre Symphonique Columbia. 20 et 25\u00a0janvier 1960.<\/p>\n<\/div><div class=\"fusion-clearfix\"><\/div><\/div><\/div><div class=\"fusion-layout-column fusion_builder_column fusion-builder-column-2 fusion_builder_column_1_1 1_1 fusion-one-full fusion-column-first fusion-column-last fusion-column-no-min-height\" style=\"--awb-bg-size:cover;--awb-margin-bottom:0px;\"><div class=\"fusion-column-wrapper fusion-flex-column-wrapper-legacy\"><div class=\"fusion-title title fusion-title-2 fusion-title-text fusion-title-size-two\"><h2 class=\"title-heading-left fusion-responsive-typography-calculated\" style=\"margin:0;--fontSize:18;--minFontSize:18;line-height:1.5;\">Musique<\/h2><span class=\"awb-title-spacer\"><\/span><div class=\"title-sep-container\"><div class=\"title-sep sep-double sep-solid\" style=\"border-color:#e0dede;\"><\/div><\/div><\/div><div class=\"fusion-text fusion-text-3\"><!--[if lt IE 9]><script>document.createElement('audio');<\/script><![endif]-->\n<audio class=\"wp-audio-shortcode\" id=\"audio-1389-1\" preload=\"none\" style=\"width: 100%;\" controls=\"controls\"><source type=\"audio\/mpeg\" src=\"https:\/\/eugeneistomin.com\/wp-content\/uploads\/2016\/03\/Schumann-Piano-Concerto-op.-54_1er-mvt_128k.mp3?_=1\" \/><a href=\"https:\/\/eugeneistomin.com\/wp-content\/uploads\/2016\/03\/Schumann-Piano-Concerto-op.-54_1er-mvt_128k.mp3\">https:\/\/eugeneistomin.com\/wp-content\/uploads\/2016\/03\/Schumann-Piano-Concerto-op.-54_1er-mvt_128k.mp3<\/a><\/audio>\n<p><strong>Schumann, <\/strong><em>Concerto pour piano et orchestre en la mineur opus 54<\/em> : premier mouvement.<\/p>\n<p>Eugene Istomin, piano. Orchestre Symphonique Columbia. Enregistr\u00e9 les 20 et 25 janvier 1960. Edit\u00e9 par Columbia, CBS puis Sony.<\/p>\n<\/div><div class=\"fusion-clearfix\"><\/div><\/div><\/div><\/div><\/div>\n","protected":false},"excerpt":{"rendered":"","protected":false},"author":1,"featured_media":0,"parent":380,"menu_order":0,"comment_status":"open","ping_status":"open","template":"","meta":[],"acf":[],"_links":{"self":[{"href":"https:\/\/www.eugeneistomin.com\/fr\/wp-json\/wp\/v2\/pages\/1389"}],"collection":[{"href":"https:\/\/www.eugeneistomin.com\/fr\/wp-json\/wp\/v2\/pages"}],"about":[{"href":"https:\/\/www.eugeneistomin.com\/fr\/wp-json\/wp\/v2\/types\/page"}],"author":[{"embeddable":true,"href":"https:\/\/www.eugeneistomin.com\/fr\/wp-json\/wp\/v2\/users\/1"}],"replies":[{"embeddable":true,"href":"https:\/\/www.eugeneistomin.com\/fr\/wp-json\/wp\/v2\/comments?post=1389"}],"version-history":[{"count":5,"href":"https:\/\/www.eugeneistomin.com\/fr\/wp-json\/wp\/v2\/pages\/1389\/revisions"}],"predecessor-version":[{"id":7600,"href":"https:\/\/www.eugeneistomin.com\/fr\/wp-json\/wp\/v2\/pages\/1389\/revisions\/7600"}],"up":[{"embeddable":true,"href":"https:\/\/www.eugeneistomin.com\/fr\/wp-json\/wp\/v2\/pages\/380"}],"wp:attachment":[{"href":"https:\/\/www.eugeneistomin.com\/fr\/wp-json\/wp\/v2\/media?parent=1389"}],"curies":[{"name":"wp","href":"https:\/\/api.w.org\/{rel}","templated":true}]}}