{"id":1361,"date":"2015-11-20T11:26:45","date_gmt":"2015-11-20T10:26:45","guid":{"rendered":"http:\/\/eugeneistomin.com\/?page_id=1361"},"modified":"2020-02-21T23:50:59","modified_gmt":"2020-02-21T22:50:59","slug":"stanislas-skrowaczewski","status":"publish","type":"page","link":"https:\/\/www.eugeneistomin.com\/fr\/grandes-collaborations-musicales\/chefs-dorchestre\/stanislas-skrowaczewski\/","title":{"rendered":"Stanislas Skrowaczewski"},"content":{"rendered":"<div class=\"fusion-fullwidth fullwidth-box fusion-builder-row-1 hundred-percent-fullwidth non-hundred-percent-height-scrolling\" style=\"--awb-border-radius-top-left:0px;--awb-border-radius-top-right:0px;--awb-border-radius-bottom-right:0px;--awb-border-radius-bottom-left:0px;--awb-overflow:visible;\" ><div class=\"fusion-builder-row fusion-row\"><div class=\"fusion-layout-column fusion_builder_column fusion-builder-column-0 fusion_builder_column_1_1 1_1 fusion-one-full fusion-column-first fusion-column-last fusion-column-no-min-height\" style=\"--awb-bg-size:cover;--awb-margin-bottom:0px;\"><div class=\"fusion-column-wrapper fusion-flex-column-wrapper-legacy\"><div class=\"fusion-text fusion-text-1\"><p><a href=\"https:\/\/eugeneistomin.com\/wp-content\/uploads\/2015\/11\/Skrowaczewski.jpg\"><img decoding=\"async\" class=\" size-medium wp-image-1362 alignleft\" src=\"https:\/\/eugeneistomin.com\/wp-content\/uploads\/2015\/11\/Skrowaczewski-300x208.jpg\" alt=\"Skrowaczewski\" width=\"300\" height=\"208\" srcset=\"https:\/\/www.eugeneistomin.com\/wp-content\/uploads\/2015\/11\/Skrowaczewski-300x208.jpg 300w, https:\/\/www.eugeneistomin.com\/wp-content\/uploads\/2015\/11\/Skrowaczewski.jpg 650w\" sizes=\"(max-width: 300px) 100vw, 300px\" \/><\/a>Stanislas  Skrowaczewski, n\u00e9 en 1923, est un chef d\u2019orchestre qui a beaucoup compt\u00e9 pour Istomin. En 1960, Skrowaczewski avait succ\u00e9d\u00e9 \u00e0 Dorati comme directeur musical de l\u2019Orchestre Symphonique de Minneapolis, qui deviendra en 1968 l\u2019Orchestre du Minnesota. Pendant ses dix-neuf ann\u00e9es de pr\u00e9sence, Eugene fut fr\u00e9quemment son soliste et c\u2019est sous sa direction qu\u2019il joua pour la premi\u00e8re fois la <em>Symphonie Concertante<\/em> de Szymanowski en 1965. Ils se retrouv\u00e8rent aussi \u00e0 de nombreuses reprises en Am\u00e9rique et en Europe, notamment en Angleterre lorsque Skrowaczewski prit la t\u00eate du Hall\u00e9 Orchestra \u00e0 partir de 1983.<br \/>\nSkrowaczewski avait commenc\u00e9 sa carri\u00e8re comme pianiste puis s\u2019\u00e9tait r\u00e9v\u00e9l\u00e9 tr\u00e8s t\u00f4t comme un grand chef d\u2019orchestre, et c\u2019est George Szell qui l\u2019encouragea \u00e0 venir diriger aux Etats-Unis. Il \u00e9tait aussi un compositeur de talent, qui continua \u00e0 \u00e9crire tout au long de sa vie. Cela lui donnait la facult\u00e9 de comprendre les \u0153uvres de l\u2019int\u00e9rieur, quels que soient leur \u00e9poque et leur style. C\u2019\u00e9tait un des rares chefs avec lesquels Istomin consid\u00e9rait qu\u2019il pouvait tout jouer, de Mozart \u00e0 Szymanowski, de Chopin \u00e0 Brahms. Cette compr\u00e9hension musicale se doublait de relations tr\u00e8s amicales. C&rsquo;est ainsi qu&rsquo;\u00e0 la demande d&rsquo;Istomin Skrowaczewski accourut pour diriger la finale du Concours Kapell 1987, en remplacement de Sixten Ehrling, malade.<\/p>\n<\/div><div class=\"fusion-clearfix\"><\/div><\/div><\/div><div class=\"fusion-layout-column fusion_builder_column fusion-builder-column-1 fusion_builder_column_1_1 1_1 fusion-one-full fusion-column-first fusion-column-last fusion-column-no-min-height\" style=\"--awb-bg-size:cover;--awb-margin-bottom:0px;\"><div class=\"fusion-column-wrapper fusion-flex-column-wrapper-legacy\"><div class=\"fusion-title title fusion-title-1 fusion-title-text fusion-title-size-two\"><h2 class=\"title-heading-left fusion-responsive-typography-calculated\" style=\"margin:0;--fontSize:18;--minFontSize:18;line-height:1.5;\"><strong>Quelques concerts<\/strong><\/h2><span class=\"awb-title-spacer\"><\/span><div class=\"title-sep-container\"><div class=\"title-sep sep-double sep-solid\" style=\"border-color:#e0dede;\"><\/div><\/div><\/div><div class=\"fusion-text fusion-text-2\"><p><strong>1965<\/strong>,\u00a0? Minneapolis. <strong>Szymanowski<\/strong>, <em>Symphonie concertante<\/em>.<\/p>\n<p><strong>1973<\/strong>, 27 juillet. Blossom. Cleveland Orchestra. <strong>Szymanowski<\/strong>, <em>Symphonie concertante<\/em>. Concert enregistr\u00e9.<\/p>\n<p><strong>1974<\/strong>, 18 juillet. Meadow Brook. Detroit Symphony Orchestra. <strong>Schumann<\/strong>, <em>Concerto<\/em><\/p>\n<p><strong>1974<\/strong>, 20 juillet. Meadow Brook. Detroit Symphony Orchestra. <strong>Chopin<\/strong>, <em>Concerto n\u00b0 2<\/em><\/p>\n<p><strong>1975<\/strong>, 6, 8 &amp; 10 janvier. Minnesota Orchestra. <strong>Beethoven<\/strong>, <em>Concerto n\u00b0 5<\/em><\/p>\n<p><strong>1978<\/strong>, 5 &amp; 10 octobre. Minnesota Orchestra. <strong>Brahms<\/strong>, <em>Concerto n\u00b0 2<\/em><\/p>\n<p><strong>1981<\/strong>, 19 f\u00e9vrier. Bruxelles. Orchestre ?. <strong>Brahms<\/strong>. <em>Concerto n\u00b0 2<\/em><\/p>\n<p><strong>1990<\/strong>, 19 juin. Basilique Notre-Dame de Montr\u00e9al. Orchestre Symphonique de Montr\u00e9al. <strong>Mozart<\/strong>, <em>Concerto n\u00b0 21<\/em><\/p>\n<p><strong>1990<\/strong>, 17 et 18 octobre (Manchester) 24 octobre (Cardiff) 25 octobre (Londres Barbican Center) 26 octobre (Nottingham). Hall\u00e9 Orchestra. <strong>Mozart<\/strong>, <em>Concerto n\u00b0 21<\/em><\/p>\n<p>Autres dates avec l&rsquo;Orchestre du Minnesota indisponibles.<\/p>\n<\/div><div class=\"fusion-clearfix\"><\/div><\/div><\/div><div class=\"fusion-layout-column fusion_builder_column fusion-builder-column-2 fusion_builder_column_1_1 1_1 fusion-one-full fusion-column-first fusion-column-last fusion-column-no-min-height\" style=\"--awb-bg-size:cover;--awb-margin-bottom:0px;\"><div class=\"fusion-column-wrapper fusion-flex-column-wrapper-legacy\"><div class=\"fusion-title title fusion-title-2 fusion-title-text fusion-title-size-two\"><h2 class=\"title-heading-left fusion-responsive-typography-calculated\" style=\"margin:0;--fontSize:18;--minFontSize:18;line-height:1.5;\"><strong>Musique<\/strong><\/h2><span class=\"awb-title-spacer\"><\/span><div class=\"title-sep-container\"><div class=\"title-sep sep-double sep-solid\" style=\"border-color:#e0dede;\"><\/div><\/div><\/div><div class=\"fusion-text fusion-text-3\"><p class=\"western\"><span style=\"font-family: Calibri,serif;\"><strong>Karol Szymanowski<\/strong>. <em>Symphonie concertante<\/em>, deuxi\u00e8me et troisi\u00e8me mouvements. <\/span><\/p>\n<p class=\"western\"><span style=\"font-family: Calibri,serif;\">Eugene Istomin, piano. Orchestre de Cleveland. Stanislaw Skrowaczewski. Blossom, 27 juillet 1973<\/span><\/p>\n<!--[if lt IE 9]><script>document.createElement('audio');<\/script><![endif]-->\n<audio class=\"wp-audio-shortcode\" id=\"audio-1361-1\" preload=\"none\" style=\"width: 100%;\" controls=\"controls\"><source type=\"audio\/mpeg\" src=\"https:\/\/eugeneistomin.com\/wp-content\/uploads\/2015\/11\/Szymanowski-mouvements-2-et-31973.mp3?_=1\" \/><a href=\"https:\/\/eugeneistomin.com\/wp-content\/uploads\/2015\/11\/Szymanowski-mouvements-2-et-31973.mp3\">https:\/\/eugeneistomin.com\/wp-content\/uploads\/2015\/11\/Szymanowski-mouvements-2-et-31973.mp3<\/a><\/audio>\n<\/div><div class=\"fusion-clearfix\"><\/div><\/div><\/div><\/div><\/div>\n","protected":false},"excerpt":{"rendered":"","protected":false},"author":1,"featured_media":0,"parent":380,"menu_order":0,"comment_status":"open","ping_status":"open","template":"","meta":[],"acf":[],"_links":{"self":[{"href":"https:\/\/www.eugeneistomin.com\/fr\/wp-json\/wp\/v2\/pages\/1361"}],"collection":[{"href":"https:\/\/www.eugeneistomin.com\/fr\/wp-json\/wp\/v2\/pages"}],"about":[{"href":"https:\/\/www.eugeneistomin.com\/fr\/wp-json\/wp\/v2\/types\/page"}],"author":[{"embeddable":true,"href":"https:\/\/www.eugeneistomin.com\/fr\/wp-json\/wp\/v2\/users\/1"}],"replies":[{"embeddable":true,"href":"https:\/\/www.eugeneistomin.com\/fr\/wp-json\/wp\/v2\/comments?post=1361"}],"version-history":[{"count":5,"href":"https:\/\/www.eugeneistomin.com\/fr\/wp-json\/wp\/v2\/pages\/1361\/revisions"}],"predecessor-version":[{"id":7610,"href":"https:\/\/www.eugeneistomin.com\/fr\/wp-json\/wp\/v2\/pages\/1361\/revisions\/7610"}],"up":[{"embeddable":true,"href":"https:\/\/www.eugeneistomin.com\/fr\/wp-json\/wp\/v2\/pages\/380"}],"wp:attachment":[{"href":"https:\/\/www.eugeneistomin.com\/fr\/wp-json\/wp\/v2\/media?parent=1361"}],"curies":[{"name":"wp","href":"https:\/\/api.w.org\/{rel}","templated":true}]}}