{"id":1225,"date":"2015-11-19T12:49:41","date_gmt":"2015-11-19T11:49:41","guid":{"rendered":"http:\/\/eugeneistomin.com\/?page_id=1225"},"modified":"2020-02-21T23:51:07","modified_gmt":"2020-02-21T22:51:07","slug":"antal-dorati","status":"publish","type":"page","link":"https:\/\/www.eugeneistomin.com\/fr\/grandes-collaborations-musicales\/chefs-dorchestre\/antal-dorati\/","title":{"rendered":"Antal Dorati"},"content":{"rendered":"<div class=\"fusion-fullwidth fullwidth-box fusion-builder-row-1 hundred-percent-fullwidth non-hundred-percent-height-scrolling\" style=\"--awb-border-radius-top-left:0px;--awb-border-radius-top-right:0px;--awb-border-radius-bottom-right:0px;--awb-border-radius-bottom-left:0px;--awb-overflow:visible;\" ><div class=\"fusion-builder-row fusion-row\"><div class=\"fusion-layout-column fusion_builder_column fusion-builder-column-0 fusion_builder_column_1_1 1_1 fusion-one-full fusion-column-first fusion-column-last\" style=\"--awb-bg-size:cover;\"><div class=\"fusion-column-wrapper fusion-flex-column-wrapper-legacy\"><div class=\"fusion-text fusion-text-1\"><p><a href=\"https:\/\/eugeneistomin.com\/wp-content\/uploads\/2015\/10\/Antal-Dorati.jpg\"><img decoding=\"async\" class=\" size-medium wp-image-604 alignleft\" src=\"https:\/\/eugeneistomin.com\/wp-content\/uploads\/2015\/10\/Antal-Dorati-217x300.jpg\" alt=\"Antal Dorati\" width=\"217\" height=\"300\" srcset=\"https:\/\/www.eugeneistomin.com\/wp-content\/uploads\/2015\/10\/Antal-Dorati-217x300.jpg 217w, https:\/\/www.eugeneistomin.com\/wp-content\/uploads\/2015\/10\/Antal-Dorati.jpg 572w\" sizes=\"(max-width: 217px) 100vw, 217px\" \/><\/a><\/p>\n<p class=\"beautify\">Antal  Dorati \u00e9tait un des rares chefs de l\u2019ancienne g\u00e9n\u00e9ration qui \u00e9tait arriv\u00e9 en Am\u00e9rique lors de l\u2019av\u00e8nement du nazisme et qui \u00e9tait encore en poste au milieu des ann\u00e9es 70. Il avait des relations privil\u00e9gi\u00e9es avec Istomin. Ils s\u2019\u00e9taient connus lorsque Dorati occupait son premier poste de directeur musical, \u00e0 Dallas, \u00e0 la fin des ann\u00e9es 40. Dorati l\u2019avait \u00e0 nouveau invit\u00e9 \u00e0 Minneapolis dans les ann\u00e9es 50 puis \u00e0 Washington o\u00f9 il avait pris la t\u00eate du National Symphony en 1970.<\/p>\n<p>Leur amiti\u00e9 sortit grandie de l\u2019\u00e9preuve qu\u2019ils partag\u00e8rent en avril 1975. Dorati se pr\u00e9parait \u00e0 diriger une s\u00e9rie de concerts dont Istomin devait \u00eatre le soliste. C\u2019est alors que Dorati apprit par la presse que, contrairement aux engagements pris, son contrat ne serait pas renouvel\u00e9. L\u2019Am\u00e9rique voulait accueillir dignement Mstislav Rostropovitch, chass\u00e9 d\u2019Union Sovi\u00e9tique, et lui avait propos\u00e9 de prendre la succession de Dorati \u00e0 la t\u00eate du National Symphony. L\u2019affection que lui t\u00e9moigna Istomin, et les conseils qu\u2019il lui prodigua, aid\u00e8rent Dorati \u00e0 surmonter sa profonde col\u00e8re, et \u00e0 se lancer tout de suite dans d\u2019autres projets. Leur <em>Quatri\u00e8me Concerto<\/em> de Beethoven fut particuli\u00e8rement \u00e9mouvant et charg\u00e9 d\u2019\u00e9lectricit\u00e9. Quelques jours plus tard Dorati lui \u00e9crivit : \u201cQuelle gentillesse vous m\u2019avez t\u00e9moign\u00e9 dans ce moment difficile de ma vie, quel v\u00e9ritable ami vous vous \u00eates montr\u00e9\u00a0!\u00a0\u00bb Rostropovitch n\u2019\u00e9tait pour rien dans ce sc\u00e9nario d\u00e9sagr\u00e9able et Istomin put contribuer \u00e0 rapprocher les deux musiciens\u00a0: Slava invita Dorati \u00e0 diriger \u00e0 nouveau le National Symphony et celui-ci accepta. Quelques ann\u00e9es auparavant, en novembre 1971, Dorati avait su, lui aussi, trouver les mots qu\u2019il fallait pour r\u00e9conforter Istomin. Ils donnaient ensemble une s\u00e9rie de concerts, lorsque le p\u00e8re d\u2019Istomin mourut.<\/p>\n<div id=\"attachment_3624\" style=\"width: 225px\" class=\"wp-caption alignright\"><a href=\"https:\/\/eugeneistomin.com\/wp-content\/uploads\/2015\/11\/Dorati-ann\u00e9es-60.jpg\"><img aria-describedby=\"caption-attachment-3624\" decoding=\"async\" class=\"wp-image-3624 size-medium\" src=\"https:\/\/eugeneistomin.com\/wp-content\/uploads\/2015\/11\/Dorati-ann\u00e9es-60-215x300.jpg\" alt=\"Antal Dorati dans les ann\u00e9es 60\" width=\"215\" height=\"300\" srcset=\"https:\/\/www.eugeneistomin.com\/wp-content\/uploads\/2015\/11\/Dorati-ann\u00e9es-60-215x300.jpg 215w, https:\/\/www.eugeneistomin.com\/wp-content\/uploads\/2015\/11\/Dorati-ann\u00e9es-60-733x1024.jpg 733w, https:\/\/www.eugeneistomin.com\/wp-content\/uploads\/2015\/11\/Dorati-ann\u00e9es-60.jpg 1173w\" sizes=\"(max-width: 215px) 100vw, 215px\" \/><\/a><p id=\"caption-attachment-3624\" class=\"wp-caption-text\">Antal Dorati dans les ann\u00e9es 60<\/p><\/div>\n<p>L\u2019\u0153uvre qu\u2019ils jou\u00e8rent le plus souvent ensemble fut le <em>Deuxi\u00e8me Concerto<\/em> de Brahms, plus d\u2019une dizaine de fois en tout, notamment avec les trois orchestres dont Dorati devint <em>laureate conductor<\/em>, le Detroit Symphony, le Royal Philharmonic et le Stockholm Philharmonic. Ils partageaient dans Brahms le m\u00eame souci d\u2019associer l\u2019\u00e9lan romantique avec la clart\u00e9 de l\u2019architecture classique et du contrepoint. Leurs discussions autour de la peinture et surtout de la philosophie (Dorati publia ses r\u00e9flexions en 1987 sous le titre <em>For Inner and Outer Peace<\/em>) \u00e9taient particuli\u00e8rement riches et passionn\u00e9es. Leurs liens rest\u00e8rent \u00e9troits jusqu\u2019\u00e0 la maladie et la mort de Dorati, en novembre 1988. Istomin \u00e9tait boulevers\u00e9 apr\u00e8s la derni\u00e8re visite qu\u2019il lui rendit dans sa maison proche de Berne, quelques semaines avant sa disparition.<\/p>\n<\/div><div class=\"fusion-title title fusion-title-1 fusion-title-text fusion-title-size-two\"><h2 class=\"title-heading-left fusion-responsive-typography-calculated\" style=\"margin:0;--fontSize:18;--minFontSize:18;line-height:1.5;\"><strong>Quelques concerts<\/strong><\/h2><span class=\"awb-title-spacer\"><\/span><div class=\"title-sep-container\"><div class=\"title-sep sep-double sep-solid\" style=\"border-color:#e0dede;\"><\/div><\/div><\/div><div class=\"fusion-text fusion-text-2\"><p><strong>1971<\/strong>, 9 &amp; 11 novembre. Kennedy Center. <strong>Schumann<\/strong>, <em>Concerto<\/em>. National Symphony.<\/p>\n<p><strong>1971<\/strong>, 14 novembre. Avery Fischer Hall (New York). <strong>Schumann<\/strong>, <em>Concerto<\/em>. National Symphony.<\/p>\n<p><strong>1975<\/strong>, 15 &amp; 17 avril. Kennedy Center. <strong>Beethoven<\/strong>, <em>Concerto n\u00b0 4<\/em>. National Symphony.<\/p>\n<p><strong>1975<\/strong>, 20 avril. Avery Fischer Hall (New York). <strong>Beethoven<\/strong>, <em>Concerto n\u00b0 4<\/em>. National Symphony.<\/p>\n<p><strong>1978<\/strong>, 25 &amp; 26 avril. Kennedy Center. <strong>Beethoven<\/strong>, <em>Concerto n\u00b0 5<\/em>. National Symphony.<\/p>\n<p><strong>1980<\/strong>, 18, 20 &amp; 23 avril. Ford Auditorium. <strong>Brahms<\/strong>, <em>Concerto n\u00b0 2<\/em>. Detroit Symphony.<\/p>\n<p><strong>1980<\/strong>, 1er juillet. Royal Festival Hall. <strong>Brahms<\/strong>, <em>Concerto n\u00b0 2<\/em>. Royal Philharmonic Orchestra.<\/p>\n<p>Concerts \u00e0 Dallas, \u00e0 Minneapolis et \u00e0 Stockholm\u00a0: pas d\u2019informations disponibles.<\/p>\n<\/div><div class=\"fusion-title title fusion-title-2 fusion-title-text fusion-title-size-two\"><h2 class=\"title-heading-left fusion-responsive-typography-calculated\" style=\"margin:0;--fontSize:18;--minFontSize:18;line-height:1.5;\"><strong>Document<\/strong><\/h2><span class=\"awb-title-spacer\"><\/span><div class=\"title-sep-container\"><div class=\"title-sep sep-double sep-solid\" style=\"border-color:#e0dede;\"><\/div><\/div><\/div><div class=\"fusion-text fusion-text-3\"><p>Il n&rsquo;y a aucun document audio-visuel accessible actuellement pour faire revivre les collaborations entre Dorati et Istomin.<\/p>\n<p>Voici un document \u00e9mouvant, l&rsquo;ultime grand\u00a0projet d&rsquo;Antal Dorati, une tourn\u00e9e effectu\u00e9e en 1988,\u00a0l&rsquo;ann\u00e9e m\u00eame de sa disparition, avec un orchestre constitu\u00e9e de musiciens de nombreux pays europ\u00e9ens, le Ch\u0153ur de l&rsquo;Universit\u00e9 du Maryland et quatre chanteurs venus de Suisse (Barbara Martig-T\u00fcller, soprano), de\u00a0RDA (Rosemarie Lang, alto), des Etats-Unis (William Cochran, t\u00e9nor) et d&rsquo;URSS (Mikha\u00efl Krutikov, basse). Dorati dirigea quatre fois la <em>Missa Solemnis<\/em> de Beethoven, \u00e0 Berlin, Dresde, Moscou et Londres, pour apporter un message de paix et mettre en garde contre les dangers d&rsquo;une guerre nucl\u00e9aire.<\/p>\n<p>Ci-dessous, l&rsquo;<em>Agnus Dei<\/em> tel qu&rsquo;il fut film\u00e9 au Semper Oper de Dresde, puis un bref extrait du <em>Gloria<\/em>, suivi d&rsquo;une interview d&rsquo;Antal Dorati (en allemand)<\/p>\n<\/div><div class=\"fusion-video fusion-youtube\" style=\"--awb-max-width:600px;--awb-max-height:350px;\"><div class=\"video-shortcode\"><div class=\"fluid-width-video-wrapper\" style=\"padding-top:58.33%;\" ><iframe title=\"YouTube video player 1\" src=\"https:\/\/www.youtube.com\/embed\/2uCO_kNRzY8?wmode=transparent&autoplay=0\" width=\"600\" height=\"350\" allowfullscreen allow=\"autoplay; fullscreen\"><\/iframe><\/div><\/div><\/div><div class=\"fusion-video fusion-youtube\" style=\"--awb-max-width:600px;--awb-max-height:350px;\"><div class=\"video-shortcode\"><div class=\"fluid-width-video-wrapper\" style=\"padding-top:58.33%;\" ><iframe title=\"YouTube video player 2\" src=\"https:\/\/www.youtube.com\/embed\/pN_gw6UoNtU?wmode=transparent&autoplay=0\" width=\"600\" height=\"350\" allowfullscreen allow=\"autoplay; fullscreen\"><\/iframe><\/div><\/div><\/div><div class=\"fusion-clearfix\"><\/div><\/div><\/div><\/div><\/div>\n","protected":false},"excerpt":{"rendered":"","protected":false},"author":1,"featured_media":0,"parent":380,"menu_order":0,"comment_status":"open","ping_status":"open","template":"","meta":[],"acf":[],"_links":{"self":[{"href":"https:\/\/www.eugeneistomin.com\/fr\/wp-json\/wp\/v2\/pages\/1225"}],"collection":[{"href":"https:\/\/www.eugeneistomin.com\/fr\/wp-json\/wp\/v2\/pages"}],"about":[{"href":"https:\/\/www.eugeneistomin.com\/fr\/wp-json\/wp\/v2\/types\/page"}],"author":[{"embeddable":true,"href":"https:\/\/www.eugeneistomin.com\/fr\/wp-json\/wp\/v2\/users\/1"}],"replies":[{"embeddable":true,"href":"https:\/\/www.eugeneistomin.com\/fr\/wp-json\/wp\/v2\/comments?post=1225"}],"version-history":[{"count":8,"href":"https:\/\/www.eugeneistomin.com\/fr\/wp-json\/wp\/v2\/pages\/1225\/revisions"}],"predecessor-version":[{"id":7646,"href":"https:\/\/www.eugeneistomin.com\/fr\/wp-json\/wp\/v2\/pages\/1225\/revisions\/7646"}],"up":[{"embeddable":true,"href":"https:\/\/www.eugeneistomin.com\/fr\/wp-json\/wp\/v2\/pages\/380"}],"wp:attachment":[{"href":"https:\/\/www.eugeneistomin.com\/fr\/wp-json\/wp\/v2\/media?parent=1225"}],"curies":[{"name":"wp","href":"https:\/\/api.w.org\/{rel}","templated":true}]}}