{"id":578,"date":"2015-09-02T09:31:09","date_gmt":"2015-09-02T07:31:09","guid":{"rendered":"http:\/\/eugeneistomin.com\/?page_id=578"},"modified":"2020-04-27T01:30:52","modified_gmt":"2020-04-26T23:30:52","slug":"musique-de-chambre","status":"publish","type":"page","link":"http:\/\/www.eugeneistomin.com\/fr\/discographie-et-repertoire\/repertoire\/musique-de-chambre\/","title":{"rendered":"Musique de chambre"},"content":{"rendered":"<p><div class=\"fusion-fullwidth fullwidth-box fusion-builder-row-1 hundred-percent-fullwidth non-hundred-percent-height-scrolling\" style=\"--awb-border-radius-top-left:0px;--awb-border-radius-top-right:0px;--awb-border-radius-bottom-right:0px;--awb-border-radius-bottom-left:0px;--awb-overflow:visible;\" ><div class=\"fusion-builder-row fusion-row\"><div class=\"fusion-layout-column fusion_builder_column fusion-builder-column-0 fusion_builder_column_1_1 1_1 fusion-one-full fusion-column-first fusion-column-last\" style=\"--awb-bg-size:cover;\"><div class=\"fusion-column-wrapper fusion-flex-column-wrapper-legacy\"><div class=\"fusion-text fusion-text-1\"><p class=\"beautify\">La musique de chambre a tenu une place essentielle dans la carri\u00e8re d\u2019Istomin pendant plus de trente ans. Apr\u00e8s 1980, derni\u00e8re ann\u00e9e d\u2019activit\u00e9 du Trio qu\u2019il avait fond\u00e9 avec Isaac Stern et Leonard Rose, il ne la pratiqua plus que tr\u00e8s \u00e9pisodiquement.<\/p>\n<p>Son r\u00e9pertoire comprend une soixantaine d\u2019\u0153uvres et, contrairement au piano solo ou \u00e0 la musique concertante, il est presque enti\u00e8rement consacr\u00e9 \u00e0 Beethoven et \u00e0 Brahms.<\/p>\n<\/div><div class=\"fusion-clearfix\"><\/div><\/div><\/div><\/div><\/div><div class=\"fusion-fullwidth fullwidth-box fusion-builder-row-2 hundred-percent-fullwidth non-hundred-percent-height-scrolling\" style=\"--awb-background-position:left top;--awb-border-radius-top-left:0px;--awb-border-radius-top-right:0px;--awb-border-radius-bottom-right:0px;--awb-border-radius-bottom-left:0px;--awb-padding-top:20px;--awb-padding-right:0px;--awb-padding-bottom:20px;--awb-padding-left:0px;--awb-border-sizes-top:0px;--awb-border-sizes-bottom:0px;\" ><div class=\"fusion-builder-row fusion-row\"><div class=\"fusion-layout-column fusion_builder_column fusion-builder-column-1 fusion_builder_column_1_1 1_1 fusion-one-full fusion-column-first fusion-column-last fusion-column-no-min-height\" style=\"--awb-bg-size:cover;--awb-margin-bottom:0px;\"><div class=\"fusion-column-wrapper fusion-flex-column-wrapper-legacy\"><div class=\"accordian fusion-accordian\" style=\"--awb-border-size:1px;--awb-icon-size:16px;--awb-content-font-size:16px;--awb-icon-alignment:left;--awb-hover-color:#f9f9fb;--awb-border-color:#e2e2e2;--awb-background-color:#ffffff;--awb-divider-color:#e0dede;--awb-divider-hover-color:#e0dede;--awb-icon-color:#ffffff;--awb-title-color:#333333;--awb-content-color:#4f4f4f;--awb-icon-box-color:#333333;--awb-toggle-hover-accent-color:#9e9e9e;--awb-title-font-family:&quot;Roboto&quot;;--awb-title-font-weight:400;--awb-title-font-style:normal;--awb-title-font-size:15px;--awb-content-font-family:&quot;Open Sans&quot;;--awb-content-font-style:normal;--awb-content-font-weight:400;\"><div class=\"panel-group fusion-toggle-icon-boxed\" id=\"accordion-578-1\"><div class=\"fusion-panel panel-default panel-575568db506eac206 fusion-toggle-has-divider\"><div class=\"panel-heading\"><h4 class=\"panel-title toggle\" id=\"toggle_575568db506eac206\"><a aria-expanded=\"false\" aria-controls=\"575568db506eac206\" role=\"button\" data-toggle=\"collapse\" data-parent=\"#accordion-578-1\" data-target=\"#575568db506eac206\" href=\"#575568db506eac206\"><span class=\"fusion-toggle-icon-wrapper\" aria-hidden=\"true\"><i class=\"fa-fusion-box active-icon awb-icon-minus\" aria-hidden=\"true\"><\/i><i class=\"fa-fusion-box inactive-icon awb-icon-plus\" aria-hidden=\"true\"><\/i><\/span><span class=\"fusion-toggle-heading\">Lire plus<\/span><\/a><\/h4><\/div><div id=\"575568db506eac206\" class=\"panel-collapse collapse \" araia-labelledby=\"toggle_575568db506eac206\"><div class=\"panel-body toggle-content fusion-clearfix\">\n<p class=\"p1\">Istomin a jou\u00e9 l\u2019int\u00e9gralit\u00e9 de la musique de chambre avec piano de Beethoven (\u00e0 l\u2019exception des trois quatuors de jeunesse pour piano et cordes et de la musique pour fl\u00fbte), soit trente-et-une \u0153uvres. En 1970, l\u2019ann\u00e9e du bicentenaire de Beethoven, il donna le cycle complet avec Stern et Rose, en quatre s\u00e9ries de huit concerts. Istomin interpr\u00e9ta \u00e9galement la quasi totalit\u00e9 de la musique de chambre de Brahms en de multiples circonstances. Les seules \u0153uvres qu\u2019il<span class=\"Apple-converted-space\">\u00a0 <\/span>n\u2019interpr\u00e9ta pas en public sont le <i>Quatuor opus 60<\/i> et le <i>Trio avec cor opus 40<\/i>.<\/p>\n<p class=\"p1\">Par ailleurs, on trouve bien s\u00fbr les grands trios de Schubert et de Mendelssohn, ainsi qu\u2019un unique trio de Mozart (K. 502). Mais il n\u2019y a pas de musique russe (seulement l\u2019<i>andante<\/i> de la <i>Sonate pour violoncelle<\/i> de Rachmaninov\u00a0!) et pratiquement pas de musique fran\u00e7aise (\u00e0 part le <i>Trio<\/i> de Ravel).<\/p>\n<p class=\"p1\">Ce qui est frappant aussi, c\u2019est le nombre relativement restreint de musiciens avec lesquels Istomin accepta de faire de la musique de chambre, si l\u2019on excepte bien s\u00fbr Casals (avec lequel il joua en priv\u00e9 tout le r\u00e9pertoire pour violoncelle \u2013 sonates et concertos) et ses complices du Trio, Isaac Stern et Leonard Rose. Voici la liste de ses partenaires, class\u00e9s par instrument et dans l\u2019ordre chronologique des participations. Les collaborations ponctuelles sont inscrites en italiques, les collaborations r\u00e9guli\u00e8res en caract\u00e8res normaux.<\/p>\n<p class=\"p1\"><b>Violonistes<\/b>\u00a0: Alexander Schneider, Joseph Fuchs, <i>Szymon Goldberg<\/i>, <i>Yehudi Menuhin<\/i>, <i>Henryk Szeryng<\/i>, <i>Irina Botchkova<\/i>, Jaime Laredo, <i>Leonidas Kavakos<\/i>, Pinchas Zukerman.<\/p>\n<p class=\"p1\"><b>Altistes<\/b>\u00a0: Milton Katims, <i>Milton Thomas<\/i>, Michael Tree, <i>Bruno Giuranna<\/i>, <i>Youri Bashmet<\/i>,<span class=\"s1\"> <i>Choong- Jin Chang<\/i>.<\/span><\/p>\n<p class=\"p1\"><b>Violoncellistes\u00a0<\/b>: <i>Mischa Schneider<\/i>, <i>Frank Miller<\/i>, <i>Paul Tortelier<\/i>, Sharon Robinson, Mstislav Rostropovitch.<\/p>\n<p class=\"p1\"><b>Quatuors<\/b>\u00a0: Kroll, Budapest, Guarneri.<\/p>\n<p class=\"p1\"><b>Clarinettistes<\/b> : David Oppenheim, <i>Robert Marcellus<\/i>.<\/p>\n<p class=\"p1\"><b>Chanteurs<\/b> : <i>Jenny Tourel<\/i>, Maureen Forrester, <i>David Lloyd<\/i>, <i>Eileen Farrell<\/i>, <i>Adele Addison<\/i>, <i>Donald Gramm<\/i>.<\/p>\n<p class=\"p1\">Voici la liste, aussi compl\u00e8te et pr\u00e9cise que possible, des \u0153uvres de musique de chambre (y compris les lieder) qu\u2019Istomin interpr\u00e9ta au cours de sa carri\u00e8re, avec la mention des enregistrements \u00e9ventuels.<\/p>\n<\/div><\/div><\/div><\/div><\/div><div class=\"fusion-clearfix\"><\/div><\/div><\/div><\/div><\/div><div class=\"fusion-fullwidth fullwidth-box fusion-builder-row-3 nonhundred-percent-fullwidth non-hundred-percent-height-scrolling\" style=\"--awb-background-position:left top;--awb-border-radius-top-left:0px;--awb-border-radius-top-right:0px;--awb-border-radius-bottom-right:0px;--awb-border-radius-bottom-left:0px;--awb-padding-top:20px;--awb-padding-right:0px;--awb-padding-bottom:20px;--awb-padding-left:0px;--awb-border-sizes-top:0px;--awb-border-sizes-bottom:0px;\" ><div class=\"fusion-builder-row fusion-row\"><div class=\"fusion-layout-column fusion_builder_column fusion-builder-column-2 fusion_builder_column_1_1 1_1 fusion-one-full fusion-column-first fusion-column-last fusion-column-no-min-height\" style=\"--awb-bg-size:cover;--awb-margin-bottom:0px;\"><div class=\"fusion-column-wrapper fusion-flex-column-wrapper-legacy\"><div class=\"fusion-text fusion-text-2\"><\/div><div class=\"fusion-clearfix\"><\/div><\/div><\/div><\/div><\/div><\/p>\n","protected":false},"excerpt":{"rendered":"","protected":false},"author":2,"featured_media":0,"parent":544,"menu_order":0,"comment_status":"open","ping_status":"open","template":"","meta":[],"acf":[],"_links":{"self":[{"href":"http:\/\/www.eugeneistomin.com\/fr\/wp-json\/wp\/v2\/pages\/578"}],"collection":[{"href":"http:\/\/www.eugeneistomin.com\/fr\/wp-json\/wp\/v2\/pages"}],"about":[{"href":"http:\/\/www.eugeneistomin.com\/fr\/wp-json\/wp\/v2\/types\/page"}],"author":[{"embeddable":true,"href":"http:\/\/www.eugeneistomin.com\/fr\/wp-json\/wp\/v2\/users\/2"}],"replies":[{"embeddable":true,"href":"http:\/\/www.eugeneistomin.com\/fr\/wp-json\/wp\/v2\/comments?post=578"}],"version-history":[{"count":12,"href":"http:\/\/www.eugeneistomin.com\/fr\/wp-json\/wp\/v2\/pages\/578\/revisions"}],"predecessor-version":[{"id":12279,"href":"http:\/\/www.eugeneistomin.com\/fr\/wp-json\/wp\/v2\/pages\/578\/revisions\/12279"}],"up":[{"embeddable":true,"href":"http:\/\/www.eugeneistomin.com\/fr\/wp-json\/wp\/v2\/pages\/544"}],"wp:attachment":[{"href":"http:\/\/www.eugeneistomin.com\/fr\/wp-json\/wp\/v2\/media?parent=578"}],"curies":[{"name":"wp","href":"https:\/\/api.w.org\/{rel}","templated":true}]}}