{"id":576,"date":"2015-09-02T09:30:13","date_gmt":"2015-09-02T07:30:13","guid":{"rendered":"http:\/\/eugeneistomin.com\/?page_id=576"},"modified":"2020-04-27T01:30:14","modified_gmt":"2020-04-26T23:30:14","slug":"piano-solo","status":"publish","type":"page","link":"http:\/\/www.eugeneistomin.com\/fr\/discographie-et-repertoire\/repertoire\/piano-solo\/","title":{"rendered":"Piano solo"},"content":{"rendered":"<p><div class=\"fusion-fullwidth fullwidth-box fusion-builder-row-1 nonhundred-percent-fullwidth non-hundred-percent-height-scrolling\" style=\"--awb-background-position:left top;--awb-border-radius-top-left:0px;--awb-border-radius-top-right:0px;--awb-border-radius-bottom-right:0px;--awb-border-radius-bottom-left:0px;--awb-padding-top:20px;--awb-padding-right:0px;--awb-padding-bottom:20px;--awb-padding-left:0px;--awb-border-sizes-top:0px;--awb-border-sizes-bottom:0px;\" ><div class=\"fusion-builder-row fusion-row\"><div class=\"fusion-layout-column fusion_builder_column fusion-builder-column-0 fusion_builder_column_1_1 1_1 fusion-one-full fusion-column-first fusion-column-last\" style=\"--awb-bg-size:cover;\"><div class=\"fusion-column-wrapper fusion-flex-column-wrapper-legacy\"><div class=\"fusion-text fusion-text-1\"><p><img decoding=\"async\" class=\"alignleft wp-image-2205\" src=\"https:\/\/eugeneistomin.com\/wp-content\/uploads\/2015\/09\/1950s-Eugene-au-piano-300x237.jpg\" alt=\"1950s-Eugene-au-piano\" width=\"450\" height=\"356\" srcset=\"http:\/\/www.eugeneistomin.com\/wp-content\/uploads\/2015\/09\/1950s-Eugene-au-piano-300x237.jpg 300w, http:\/\/www.eugeneistomin.com\/wp-content\/uploads\/2015\/09\/1950s-Eugene-au-piano.jpg 1000w\" sizes=\"(max-width: 450px) 100vw, 450px\" \/><\/p>\n<p class=\"lead beautify\">Le r\u00e9pertoire de piano solo d\u2019Eugene Istomin est \u00e0 la fois large par la diversit\u00e9 des compositeurs, et restreint par le nombre d\u2019\u0153uvres.<\/p>\n<p>Les sollicitations des tr\u00e8s nombreux orchestres am\u00e9ricains (il arriva qu\u2019il donne cent concerts avec orchestre en une seule saison) et l\u2019intense activit\u00e9 du Trio Istomin-Stern-Rose dans les ann\u00e9es 60 et 70) laissaient peu de place aux r\u00e9citals. La densit\u00e9 de son calendrier, son investissement dans de multiples activit\u00e9s musicales (la direction artistique du Festival de Prades au d\u00e9but des ann\u00e9es 50, sa pr\u00e9sence fr\u00e9quente \u00e0 Marlboro, les Jornadas Casals de Mexico en 76, le Concours William Kapell au milieu des ann\u00e9es 80, etc) et non musicales (dans le domaine politique et litt\u00e9raire en particulier) ne lui permettaient gu\u00e8re de trouver le temps de pr\u00e9parer de nouveaux r\u00e9pertoires. Par ailleurs, son exigence de ne jouer que des \u0153uvres dans lesquelles il ait quelque chose de vraiment personnel \u00e0 dire contribuait \u00e0 limiter l\u2019extension de son r\u00e9pertoire. Autre raison \u00e0 prendre en consid\u00e9ration, le d\u00e9part de David Oppenheim et la rupture avec Columbia lui enlev\u00e8rent la motivation de pr\u00e9parer de nouvelles \u0153uvres pour les enregistrer.<\/p>\n<\/div><div class=\"accordian fusion-accordian\" style=\"--awb-border-size:1px;--awb-icon-size:16px;--awb-content-font-size:16px;--awb-icon-alignment:left;--awb-hover-color:#f9f9fb;--awb-border-color:#e2e2e2;--awb-background-color:#ffffff;--awb-divider-color:#e0dede;--awb-divider-hover-color:#e0dede;--awb-icon-color:#ffffff;--awb-title-color:#333333;--awb-content-color:#4f4f4f;--awb-icon-box-color:#333333;--awb-toggle-hover-accent-color:#9e9e9e;--awb-title-font-family:&quot;Roboto&quot;;--awb-title-font-weight:400;--awb-title-font-style:normal;--awb-title-font-size:15px;--awb-content-font-family:&quot;Open Sans&quot;;--awb-content-font-style:normal;--awb-content-font-weight:400;\"><div class=\"panel-group fusion-toggle-icon-boxed\" id=\"accordion-576-1\"><div class=\"fusion-panel panel-default panel-89097fc6697d6d773 fusion-toggle-has-divider\"><div class=\"panel-heading\"><h4 class=\"panel-title toggle\" id=\"toggle_89097fc6697d6d773\"><a aria-expanded=\"false\" aria-controls=\"89097fc6697d6d773\" role=\"button\" data-toggle=\"collapse\" data-parent=\"#accordion-576-1\" data-target=\"#89097fc6697d6d773\" href=\"#89097fc6697d6d773\"><span class=\"fusion-toggle-icon-wrapper\" aria-hidden=\"true\"><i class=\"fa-fusion-box active-icon awb-icon-minus\" aria-hidden=\"true\"><\/i><i class=\"fa-fusion-box inactive-icon awb-icon-plus\" aria-hidden=\"true\"><\/i><\/span><span class=\"fusion-toggle-heading\">Lire plus<\/span><\/a><\/h4><\/div><div id=\"89097fc6697d6d773\" class=\"panel-collapse collapse \" araia-labelledby=\"toggle_89097fc6697d6d773\"><div class=\"panel-body toggle-content fusion-clearfix\">A partir des ann\u00e9es 80, avec l\u2019arr\u00eat du Trio, Istomin a donn\u00e9 davantage de r\u00e9citals et a commenc\u00e9 \u00e0 \u00e9largir sensiblement son r\u00e9pertoire. Ce ph\u00e9nom\u00e8ne s\u2019accentua encore davantage \u00e0 la fin des ann\u00e9es 80 et au d\u00e9but des ann\u00e9es 90 avec ses grandes tourn\u00e9es \u00e0 travers les Etats-Unis, accompagn\u00e9 d\u2019un camion transportant ses propres pianos.<\/p>\n<p>A l\u2019exception d\u2019un programme enti\u00e8rement consacr\u00e9 \u00e0 Beethoven, il garda le principe de l\u2019\u00e9clectisme des compositeurs.<br \/>\nIl conserva aussi l\u2019habitude de construire son programme en s\u2019appuyant sur une \u0153uvre centrale (la Waldstein, les Variations Haendel de Brahms, la Sonate D. 850 de Schubert, la Sonate op. 11 de Schumann\u2026).<\/p>\n<p>Voici la liste, aussi compl\u00e8te et pr\u00e9cise que possible, des \u0153uvres pour piano seul qu\u2019Istomin a jou\u00e9es au cours de sa carri\u00e8re, avec la mention des enregistrements \u00e9ventuels.<\/div><\/div><\/div><\/div><\/div><div class=\"fusion-clearfix\"><\/div><\/div><\/div><\/div><\/div><div class=\"fusion-fullwidth fullwidth-box fusion-builder-row-2 nonhundred-percent-fullwidth non-hundred-percent-height-scrolling\" style=\"--awb-background-position:left top;--awb-border-radius-top-left:0px;--awb-border-radius-top-right:0px;--awb-border-radius-bottom-right:0px;--awb-border-radius-bottom-left:0px;--awb-padding-top:20px;--awb-padding-right:0px;--awb-padding-bottom:20px;--awb-padding-left:0px;--awb-border-sizes-top:0px;--awb-border-sizes-bottom:0px;\" ><div class=\"fusion-builder-row fusion-row\"><div class=\"fusion-layout-column fusion_builder_column fusion-builder-column-1 fusion_builder_column_1_1 1_1 fusion-one-full fusion-column-first fusion-column-last fusion-column-no-min-height\" style=\"--awb-bg-size:cover;--awb-margin-bottom:0px;\"><div class=\"fusion-column-wrapper fusion-flex-column-wrapper-legacy\"><div class=\"fusion-text fusion-text-2\"><\/div><div class=\"fusion-clearfix\"><\/div><\/div><\/div><\/div><\/div><\/p>\n","protected":false},"excerpt":{"rendered":"","protected":false},"author":2,"featured_media":0,"parent":544,"menu_order":0,"comment_status":"open","ping_status":"open","template":"","meta":[],"acf":[],"_links":{"self":[{"href":"http:\/\/www.eugeneistomin.com\/fr\/wp-json\/wp\/v2\/pages\/576"}],"collection":[{"href":"http:\/\/www.eugeneistomin.com\/fr\/wp-json\/wp\/v2\/pages"}],"about":[{"href":"http:\/\/www.eugeneistomin.com\/fr\/wp-json\/wp\/v2\/types\/page"}],"author":[{"embeddable":true,"href":"http:\/\/www.eugeneistomin.com\/fr\/wp-json\/wp\/v2\/users\/2"}],"replies":[{"embeddable":true,"href":"http:\/\/www.eugeneistomin.com\/fr\/wp-json\/wp\/v2\/comments?post=576"}],"version-history":[{"count":17,"href":"http:\/\/www.eugeneistomin.com\/fr\/wp-json\/wp\/v2\/pages\/576\/revisions"}],"predecessor-version":[{"id":12278,"href":"http:\/\/www.eugeneistomin.com\/fr\/wp-json\/wp\/v2\/pages\/576\/revisions\/12278"}],"up":[{"embeddable":true,"href":"http:\/\/www.eugeneistomin.com\/fr\/wp-json\/wp\/v2\/pages\/544"}],"wp:attachment":[{"href":"http:\/\/www.eugeneistomin.com\/fr\/wp-json\/wp\/v2\/media?parent=576"}],"curies":[{"name":"wp","href":"https:\/\/api.w.org\/{rel}","templated":true}]}}