{"id":374,"date":"2015-07-22T15:17:56","date_gmt":"2015-07-22T14:17:56","guid":{"rendered":"http:\/\/eugeneistomin.com\/?page_id=374"},"modified":"2020-02-21T23:51:13","modified_gmt":"2020-02-21T22:51:13","slug":"le-trio-istomin-stern-rose","status":"publish","type":"page","link":"http:\/\/www.eugeneistomin.com\/fr\/grandes-collaborations-musicales\/le-trio-istomin-stern-rose\/","title":{"rendered":"Le Trio Istomin-Stern-Rose"},"content":{"rendered":"<p><div class=\"fusion-bg-parallax\" data-bg-align=\"center center\" data-direction=\"up\" data-mute=\"false\" data-opacity=\"100\" data-velocity=\"-0.2\" data-mobile-enabled=\"true\" data-break_parents=\"0\" data-bg-image=\"https:\/\/eugeneistomin.com\/wp-content\/uploads\/2016\/02\/15-Trio-sur-pont.jpg\" data-bg-repeat=\"false\" ><\/div><div class=\"fusion-fullwidth fullwidth-box fusion-builder-row-1 fusion-parallax-up nonhundred-percent-fullwidth non-hundred-percent-height-scrolling\" style=\"--awb-border-radius-top-left:0px;--awb-border-radius-top-right:0px;--awb-border-radius-bottom-right:0px;--awb-border-radius-bottom-left:0px;--awb-padding-top:20px;--awb-padding-right:0px;--awb-padding-bottom:20px;--awb-padding-left:0px;--awb-background-image:url(&quot;https:\/\/eugeneistomin.com\/wp-content\/uploads\/2016\/02\/15-Trio-sur-pont.jpg&quot;);--awb-background-size:cover;--awb-border-sizes-top:0px;--awb-border-sizes-bottom:0px;\" ><div class=\"fusion-builder-row fusion-row\"><div class=\"fusion-layout-column fusion_builder_column fusion-builder-column-0 fusion_builder_column_1_1 1_1 fusion-one-full fusion-column-first fusion-column-last\" style=\"--awb-bg-size:cover;--awb-margin-top:450px;--awb-margin-bottom:50px;\"><div class=\"fusion-column-wrapper fusion-flex-column-wrapper-legacy\"><div class=\"fusion-text fusion-text-1\"><p><a style=\"color: white;\" href=\"\/fr\/grandes-collaborations-musicales\/\">GRANDES COLLABORATIONS MUSICALES<\/a><\/p>\n<\/div><div class=\"fusion-title title fusion-title-1 fusion-title-text fusion-title-size-one\" style=\"--awb-sep-color:#ffffff;\"><h1 class=\"title-heading-left fusion-responsive-typography-calculated\" style=\"margin:0;--fontSize:34;line-height:1.41;\"><span style=\"color: #ffffff;\">Le Trio Istomin-Stern-Rose<\/span><\/h1><span class=\"awb-title-spacer\"><\/span><div class=\"title-sep-container\"><div class=\"title-sep sep-double sep-dotted\" style=\"border-color:#ffffff;\"><\/div><\/div><\/div><div class=\"fusion-text fusion-text-2\"><p><span style=\"color: #ffffff; text-transform: uppercase;\">&gt; <a style=\"color: #ffffff; text-decoration: underline;\" href=\"https:\/\/eugeneistomin.com\/fr\/grandes-collaborations-musicales\/le-trio-istomin-stern-rose\/les-debuts-du-trio-1955-1961\/\">Les d\u00e9buts du Trio<\/a> | <a style=\"color: #ffffff; text-decoration: underline;\" href=\"https:\/\/eugeneistomin.com\/fr\/grandes-collaborations-musicales\/le-trio-istomin-stern-rose\/le-trio-1962-1969\/\">1962 \u2013 1969<\/a> | <a style=\"color: #ffffff; text-decoration: underline;\" href=\"https:\/\/eugeneistomin.com\/fr\/grandes-collaborations-musicales\/le-trio-istomin-stern-rose\/1970-annee-beethoven\">1970 : ann\u00e9e Beethoven<\/a> | <a style=\"color: #ffffff; text-decoration: underline;\" href=\"https:\/\/eugeneistomin.com\/fr\/grandes-collaborations-musicales\/le-trio-istomin-stern-rose\/le-trio-apres-1970\/\">Le Trio apr\u00e8s 1970<\/a> | <a style=\"color: #ffffff; text-decoration: underline;\" href=\"https:\/\/eugeneistomin.com\/fr\/grandes-collaborations-musicales\/le-trio-istomin-stern-rose\/les-difficultes-du-trio\/\">Les difficult\u00e9s<\/a> | <a style=\"color: #ffffff; text-decoration: underline;\" href=\"https:\/\/eugeneistomin.com\/fr\/grandes-collaborations-musicales\/le-trio-istomin-stern-rose\/histoire-du-trio-racontee-par-eugene-istomin\/\">Histoire du Trio racont\u00e9e par Eugene Istomin<\/a><\/span><\/p>\n<\/div><div class=\"fusion-clearfix\"><\/div><\/div><\/div><\/div><\/div><div class=\"fusion-fullwidth fullwidth-box fusion-builder-row-2 nonhundred-percent-fullwidth non-hundred-percent-height-scrolling\" style=\"--awb-background-position:left top;--awb-border-radius-top-left:0px;--awb-border-radius-top-right:0px;--awb-border-radius-bottom-right:0px;--awb-border-radius-bottom-left:0px;--awb-padding-top:20px;--awb-padding-right:0px;--awb-padding-bottom:20px;--awb-padding-left:0px;--awb-border-sizes-top:0px;--awb-border-sizes-bottom:0px;\" ><div class=\"fusion-builder-row fusion-row\"><div class=\"fusion-layout-column fusion_builder_column fusion-builder-column-1 fusion_builder_column_1_1 1_1 fusion-one-full fusion-column-first fusion-column-last\" style=\"--awb-bg-size:cover;\"><div class=\"fusion-column-wrapper fusion-flex-column-wrapper-legacy\"><div class=\"fusion-text fusion-text-3\"><p>Le Trio Istomin-Stern-Rose, qui se voulait l\u2019h\u00e9ritier de Cortot-Thibaud-Casals aura finalement battu de justesse leur record de long\u00e9vit\u00e9\u00a0: 28 ann\u00e9es au lieu de 27\u00a0! Encore faut-il remarquer que dans les trois derni\u00e8res ann\u00e9es de leur activit\u00e9, Istomin, Stern et Rose ne se sont produits que lors de concerts d\u2019hommage. En revanche, ils ont largement devanc\u00e9 leurs glorieux a\u00een\u00e9s pour le nombre de concerts (plus de deux cents au lieu d\u2019environ cent-soixante) et de trios enregistr\u00e9s (dix-neuf contre six). Bien s\u00fbr, certains ensembles permanents, comme le Beaux-Arts Trio ou le Trio de Trieste, ont dur\u00e9 beaucoup plus longtemps, avec des changements d\u2019effectif, et ont donn\u00e9 davantage de concerts. Mais la perspective est compl\u00e8tement diff\u00e9rente, car la d\u00e9marche des trios Cortot-Thibaud-Casals et Istomin-Stern-Rose part du principe que les \u0153uvres de musique de chambre des grands compositeurs ont la m\u00eame ambition, la m\u00eame valeur que leurs symphonies, leurs concertos ou leurs \u0153uvres pour piano seul. Par cons\u00e9quent, ces \u0153uvres ont besoin de solistes de premier plan pour trouver leur vraie dimension.<\/p>\n<p>Or, l\u2019histoire le prouve, il est tr\u00e8s difficile \u00e0 trois musiciens \u00e0 la personnalit\u00e9 tr\u00e8s affirm\u00e9e, habitu\u00e9s \u00e0 d\u00e9cider seuls de leurs choix d\u2019interpr\u00e9tation, de se r\u00e9unir durablement pour explorer le riche r\u00e9pertoire du trio avec piano. C\u2019est une aventure musicale et humaine passionnante\u00a0! La voici, articul\u00e9e en quatre p\u00e9riodes, et accompagn\u00e9e d\u2019une \u00e9vocation de la difficult\u00e9 de former un trio&#8230;<\/p>\n<p>Pour beaucoup, Istomin fut l\u2019\u00e2me et le moteur du Trio Istomin-Stern-Rose. Il \u00e9tait aussi, par ses relations privil\u00e9gi\u00e9es avec Casals, Serkin et Busch, le lien vivant avec les deux plus grands trios de la premi\u00e8re moiti\u00e9 du\u00a0vingti\u00e8me si\u00e8cle. Voil\u00e0 comment il tente d\u2019expliquer le miracle de leur r\u00e9ussite\u00a0: \u00ab\u00a0Je dois dire que nous avons beaucoup ri, que nous nous sommes chamaill\u00e9s et querell\u00e9s pas mal de fois, une ou deux fois tr\u00e8s s\u00e9rieusement, mais notre id\u00e9al musical n\u2019a jamais vacill\u00e9, non plus que notre capacit\u00e9 \u00e0 atteindre la plus intime des communications que des musiciens puissent avoir ensemble. Quand nous nous retrouvions apr\u00e8s avoir rempli nos engagements comme solistes, il suffisait de quelques mesures pour rallumer l\u2019\u00e9tincelle. C\u2019est quelque chose qu\u2019on ne peut ni apprendre, ni obtenir par des r\u00e9p\u00e9titions\u00a0!\u00a0\u00bb<\/p>\n<p>Aujourd\u2019hui, les interpr\u00e9tations du Trio restent de grandes r\u00e9f\u00e9rences aux c\u00f4t\u00e9s de Cortot-Thibaud-Casals et de quelques r\u00e9ussites isol\u00e9es plus r\u00e9centes. Les enregistrements r\u00e9alis\u00e9s par Columbia entre 1964 et 1979 ont \u00e9t\u00e9 r\u00e9guli\u00e8rement r\u00e9\u00e9dit\u00e9s par Sony. Plus r\u00e9cemment, EMI a publi\u00e9 dans la s\u00e9rie Classic Archives l\u2019int\u00e9grale des <em>Trios<\/em> de Beethoven puis des <em>Trios<\/em> de Brahms, film\u00e9s par la T\u00e9l\u00e9vision fran\u00e7aise en 1970 et 1974. Ce sont des documents peut-\u00eatre encore plus pr\u00e9cieux car r\u00e9alis\u00e9s d\u2019une seule traite, dans la tension des enregistrements t\u00e9l\u00e9visuels de cette \u00e9poque, lorsqu\u2019aucun montage n\u2019\u00e9tait possible.<\/p>\n<p>Leur r\u00e9pertoire discographique couvre exactement leur r\u00e9pertoire de concert, \u00e0 l\u2019exception du <em>Trio<\/em> de Ravel qu\u2019ils avaient commenc\u00e9 \u00e0 enregistrer, mais qu\u2019ils abandonn\u00e8rent, insatisfaits, et du <em>Trio K. 502<\/em> de Mozart dont la bande fut perdue. Il ne comprend que des compositeurs et des \u0153uvres c\u00e9l\u00e8bres, \u00e0 la fois parce c\u2019\u00e9tait la mission premi\u00e8re qu\u2019ils s\u2019\u00e9taient assign\u00e9e (faire d\u00e9couvrir la musique de chambre \u00e0 un large public en proposant des interpr\u00e9tations de haut-vol des grands chefs-d\u2019\u0153uvre), et parce qu\u2019ils \u00e9taient trop pris par leurs carri\u00e8res de solistes pour avoir le temps d\u2019\u00e9largir r\u00e9guli\u00e8rement leur r\u00e9pertoire.<\/p>\n<\/div><div class=\"fusion-title title fusion-title-2 fusion-title-text fusion-title-size-two\"><h2 class=\"title-heading-left fusion-responsive-typography-calculated\" style=\"margin:0;--fontSize:18;--minFontSize:18;line-height:1.5;\"><strong>Discographie<\/strong><\/h2><span class=\"awb-title-spacer\"><\/span><div class=\"title-sep-container\"><div class=\"title-sep sep-double sep-solid\" style=\"border-color:#e0dede;\"><\/div><\/div><\/div><div class=\"fusion-text fusion-text-4\"><p><strong>Beethoven<\/strong>\u00a0: int\u00e9grale des <em>Trios<\/em>, y compris les <em>Variations op. 44<\/em> et <em>op. 121a<\/em>, et les \u0153uvres sans num\u00e9ro d\u2019opus (<em>WoO 38<\/em> et <em>39<\/em>). [1965 \u00e0 1970]\n<strong>Brahms<\/strong> : int\u00e9grale des <em>Trios<\/em> [1964 et 1966]\n<strong>Haydn<\/strong>\u00a0: <em>Trio en mi b\u00e9mol majeur Hob. XV:10<\/em> [1968]\n<strong>Mendelssohn<\/strong>\u00a0: <em>Trios n\u00b0 1 op. 49<\/em> et <em>n\u00b0 2 op. 66<\/em> [1966 et 1979]\n<strong>Schubert<\/strong>\u00a0: <em>Trio en si b\u00e9mol majeur D. 898<\/em> et <em>Trio en mi b\u00e9mol majeur D. 929<\/em><\/p>\n<\/div><div class=\"fusion-title title fusion-title-3 fusion-title-text fusion-title-size-two\"><h2 class=\"title-heading-left fusion-responsive-typography-calculated\" style=\"margin:0;--fontSize:18;--minFontSize:18;line-height:1.5;\"><strong>Vid\u00e9ographie<\/strong><\/h2><span class=\"awb-title-spacer\"><\/span><div class=\"title-sep-container\"><div class=\"title-sep sep-double sep-solid\" style=\"border-color:#e0dede;\"><\/div><\/div><\/div><div class=\"fusion-text fusion-text-5\"><p><strong>1965<\/strong>\u00a0: <strong>Beethoven<\/strong>, T<em>rio op. 1 n\u00b0 3<\/em>. Brahms, <em>Trio n\u00b0 2 op. 87<\/em>. T\u00e9l\u00e9vision canadienne. DVD VAI 4337<br \/>\n<strong>1970<\/strong>\u00a0: <strong>Beethoven\u00a0<\/strong>: <em>Trios 1 <\/em>\u00e0<em> 7<\/em>. T\u00e9l\u00e9vision fran\u00e7aise. Double DVD EMI Classic Archives<br \/>\n<strong>1974<\/strong>\u00a0: <strong>Brahms<\/strong>, <em>Trios 1 <\/em>\u00e0<em> 3<\/em>. T\u00e9l\u00e9vision fran\u00e7aise. DVD EMI Classic Archives<\/p>\n<\/div><div class=\"fusion-title title fusion-title-4 fusion-title-text fusion-title-size-two\"><h2 class=\"title-heading-left fusion-responsive-typography-calculated\" style=\"margin:0;--fontSize:18;--minFontSize:18;line-height:1.5;\"><strong>Enregistrements vid\u00e9os in\u00e9dits<\/strong><\/h2><span class=\"awb-title-spacer\"><\/span><div class=\"title-sep-container\"><div class=\"title-sep sep-double sep-solid\" style=\"border-color:#e0dede;\"><\/div><\/div><\/div><div class=\"fusion-text fusion-text-6\"><p><strong>1963<\/strong> <strong>Schubert<\/strong>, <em>Trio en si b\u00e9mol majeur<\/em>. T\u00e9l\u00e9vision fran\u00e7aise.<br \/>\n<strong>1970<\/strong> Beethoven, <em>Trio op. 1 n\u00b0 2<\/em>. BBC<br \/>\n<strong>1976<\/strong> (\u00a0?) <strong>Mozart<\/strong>, <em>Trio K. 502<\/em>\u00a0; <strong>Mendelssohn<\/strong>, <em>Trio n\u00b0 2 op. 66<\/em> (en concert). Vid\u00e9o.<\/p>\n<\/div><div class=\"fusion-clearfix\"><\/div><\/div><\/div><\/div><\/div><\/p>\n","protected":false},"excerpt":{"rendered":"","protected":false},"author":2,"featured_media":0,"parent":17,"menu_order":0,"comment_status":"open","ping_status":"open","template":"100-width.php","meta":[],"acf":[],"_links":{"self":[{"href":"http:\/\/www.eugeneistomin.com\/fr\/wp-json\/wp\/v2\/pages\/374"}],"collection":[{"href":"http:\/\/www.eugeneistomin.com\/fr\/wp-json\/wp\/v2\/pages"}],"about":[{"href":"http:\/\/www.eugeneistomin.com\/fr\/wp-json\/wp\/v2\/types\/page"}],"author":[{"embeddable":true,"href":"http:\/\/www.eugeneistomin.com\/fr\/wp-json\/wp\/v2\/users\/2"}],"replies":[{"embeddable":true,"href":"http:\/\/www.eugeneistomin.com\/fr\/wp-json\/wp\/v2\/comments?post=374"}],"version-history":[{"count":25,"href":"http:\/\/www.eugeneistomin.com\/fr\/wp-json\/wp\/v2\/pages\/374\/revisions"}],"predecessor-version":[{"id":7680,"href":"http:\/\/www.eugeneistomin.com\/fr\/wp-json\/wp\/v2\/pages\/374\/revisions\/7680"}],"up":[{"embeddable":true,"href":"http:\/\/www.eugeneistomin.com\/fr\/wp-json\/wp\/v2\/pages\/17"}],"wp:attachment":[{"href":"http:\/\/www.eugeneistomin.com\/fr\/wp-json\/wp\/v2\/media?parent=374"}],"curies":[{"name":"wp","href":"https:\/\/api.w.org\/{rel}","templated":true}]}}