{"id":359,"date":"2015-07-22T15:13:20","date_gmt":"2015-07-22T14:13:20","guid":{"rendered":"http:\/\/eugeneistomin.com\/?page_id=359"},"modified":"2020-03-09T14:04:55","modified_gmt":"2020-03-09T13:04:55","slug":"litterature-et-philosophie","status":"publish","type":"page","link":"http:\/\/www.eugeneistomin.com\/fr\/lhomme\/litterature-et-philosophie\/","title":{"rendered":"Litt\u00e9rature et philosophie"},"content":{"rendered":"<p><div class=\"fusion-bg-parallax\" data-bg-align=\"center center\" data-direction=\"up\" data-mute=\"false\" data-opacity=\"100\" data-velocity=\"-0.3\" data-mobile-enabled=\"false\" data-break_parents=\"0\" data-bg-image=\"https:\/\/eugeneistomin.com\/wp-content\/uploads\/2020\/02\/196-Eugene-bibliotheque-parallax.jpg\" data-bg-repeat=\"false\" ><\/div><div class=\"fusion-fullwidth fullwidth-box fusion-builder-row-1 fusion-parallax-up nonhundred-percent-fullwidth non-hundred-percent-height-scrolling\" style=\"--awb-border-radius-top-left:0px;--awb-border-radius-top-right:0px;--awb-border-radius-bottom-right:0px;--awb-border-radius-bottom-left:0px;--awb-padding-top:420px;--awb-padding-right:0px;--awb-padding-bottom:20px;--awb-padding-left:0px;--awb-background-image:url(&quot;https:\/\/eugeneistomin.com\/wp-content\/uploads\/2020\/02\/196-Eugene-bibliotheque-parallax.jpg&quot;);--awb-background-size:cover;--awb-border-sizes-top:0px;--awb-border-sizes-bottom:0px;\" ><div class=\"fusion-builder-row fusion-row\"><div class=\"fusion-layout-column fusion_builder_column fusion-builder-column-0 fusion_builder_column_1_1 1_1 fusion-one-full fusion-column-first fusion-column-last fusion-column-no-min-height\" style=\"--awb-bg-size:cover;--awb-margin-bottom:0px;\"><div class=\"fusion-column-wrapper fusion-flex-column-wrapper-legacy\"><div class=\"fusion-title title fusion-title-1 fusion-title-text fusion-title-size-one\"><h1 class=\"title-heading-left fusion-responsive-typography-calculated\" style=\"margin:0;--fontSize:34;line-height:1.41;\"><span style=\"color: white; text-shadow: 1px 1px #333333;\">Litt\u00e9rature et philosophie<\/span><\/h1><span class=\"awb-title-spacer\"><\/span><div class=\"title-sep-container\"><div class=\"title-sep sep- sep-solid\" style=\"border-color:#e0dede;\"><\/div><\/div><\/div><div class=\"fusion-text fusion-text-1\"><p><a style=\"text-shadow: 1px 1px #333333; color: white; text-decoration: underline;\" href=\"\/fr\/lhomme\/litterature-et-philosophie\/samuel-beckett\/\">Samuel Beckett<\/a> | <a style=\"text-shadow: 1px 1px #333333; color: white; text-decoration: underline;\" href=\"\/fr\/lhomme\/litterature-et-philosophie\/william-jovanovitch-et-hbj\/\">William Jovanovitch et HBJ<\/a><\/p>\n<\/div><div class=\"fusion-clearfix\"><\/div><\/div><\/div><\/div><\/div><div class=\"fusion-fullwidth fullwidth-box fusion-builder-row-2 nonhundred-percent-fullwidth non-hundred-percent-height-scrolling\" style=\"--awb-background-position:left top;--awb-border-radius-top-left:0px;--awb-border-radius-top-right:0px;--awb-border-radius-bottom-right:0px;--awb-border-radius-bottom-left:0px;--awb-padding-top:20px;--awb-padding-right:0px;--awb-padding-bottom:20px;--awb-padding-left:0px;--awb-border-sizes-top:0px;--awb-border-sizes-bottom:0px;\" ><div class=\"fusion-builder-row fusion-row\"><div class=\"fusion-layout-column fusion_builder_column fusion-builder-column-1 fusion_builder_column_1_1 1_1 fusion-one-full fusion-column-first fusion-column-last fusion-column-no-min-height\" style=\"--awb-bg-size:cover;--awb-margin-bottom:0px;\"><div class=\"fusion-column-wrapper fusion-flex-column-wrapper-legacy\"><div class=\"fusion-text fusion-text-2\"><p class=\"beautify\">Parmi les hommages re\u00e7us par Eugene <a style=\"font-size: 0;\" href=\"http:\/\/francepharm.net\/cialis.html\">http:\/\/francepharm.net\/cialis.html<\/a> Istomin \u00e0 l\u2019occasion de son soixante-quinzi\u00e8me anniversaire, plusieurs font r\u00e9f\u00e9rence \u00e0 sa passion pour la litt\u00e9rature. James Billington, le directeur de la Library of Congress, \u00e9crivit\u00a0: \u00ab\u00a0Il est un humaniste moderne avec une biblioth\u00e8que qui r\u00e9unit la prose \u00e9l\u00e9gante de la fin de l\u2019\u00e9poque victorienne, les grands romans fran\u00e7ais et russes, Hom\u00e8re et Platon, Kierkegaard et Freud, Mark Twain et Erle Stanley Gardner.\u00a0\u00bb Henry Raimont lui rendit cet hommage : \u00ab\u00a0Il est \u00e9tonnant de voir \u00e0 quel point tu n\u2019as jamais restreint tes int\u00e9r\u00eats \u00e0 la seule musique. Tu es un lecteur insatiable avec un go\u00fbt raffin\u00e9 pour la litt\u00e9rature et l\u2019art contemporains. Wendy et moi n\u2019oublierons jamais le soir o\u00f9 tu as \u00e9bloui notre fille Sarah, un \u00e9crivain en herbe, avec ta connaissance aig\u00fce des \u0153uvres de T.S. Eliot, Ezra Pound et Paul Bowles, et ta collection de lettres et de premi\u00e8res \u00e9ditions\u00a0\u00bb<\/p>\n<p class=\"p1\">La lecture \u00e9tait pour Istomin un plaisir in\u00e9puisable. C\u2019\u00e9tait la compensation indispensable de longues et fr\u00e9quentes nuits d\u2019insomnie, favoris\u00e9es par les d\u00e9calages horaires permanents. A se demander parfois s\u2019il souhaitait vraiment dormir, ou s\u2019il cherchait surtout un pr\u00e9texte pour s\u2019abandonner \u00e0 ses livres\u00a0!<\/p>\n<\/div><div class=\"fusion-clearfix\"><\/div><\/div><\/div><div class=\"fusion-layout-column fusion_builder_column fusion-builder-column-2 fusion_builder_column_1_1 1_1 fusion-one-full fusion-column-first fusion-column-last fusion-column-no-min-height\" style=\"--awb-bg-size:cover;--awb-margin-bottom:0px;\"><div class=\"fusion-column-wrapper fusion-flex-column-wrapper-legacy\"><div class=\"fusion-title title fusion-title-2 fusion-title-text fusion-title-size-two\"><h2 class=\"title-heading-left fusion-responsive-typography-calculated\" style=\"margin:0;--fontSize:18;--minFontSize:18;line-height:1.5;\">Une curiosit\u00e9 in\u00e9puisable<\/h2><span class=\"awb-title-spacer\"><\/span><div class=\"title-sep-container\"><div class=\"title-sep sep- sep-solid\" style=\"border-color:#e0dede;\"><\/div><\/div><\/div><div class=\"fusion-text fusion-text-3\"><p class=\"p1\">Dans ses lectures cohabitaient l\u2019esprit de d\u00e9couverte avec des horizons tr\u00e8s larges, sans limites ni pr\u00e9jug\u00e9s, et l\u2019envie d\u2019aller au bout d\u2019un auteur ou d\u2019un domaine. Une attitude qu\u2019on retrouve aussi dans son amour de la musique ou des Beaux-Arts. Istomin cultivait autant les auteurs qui semblaient proches de lui que ceux dont la personnalit\u00e9 et les id\u00e9es lui \u00e9taient a priori \u00e9trang\u00e8res. Il avait besoin de comprendre pourquoi l\u2019\u00a0\u00ab\u00a0autre\u00a0\u00bb pouvait \u00eatre diff\u00e9rent, penser et agir diff\u00e9remment. Pour lui, la lecture \u00e9tait un moyen de connaissance de l\u2019homme, du monde et de Dieu. Ses deux plus grandes fascinations litt\u00e9raires avaient pour objet deux \u00e9crivains dont il d\u00e9sapprouvait profond\u00e9ment les id\u00e9es\u00a0: Pound, C\u00e9line. Cette fascination allait si loin que sa biblioth\u00e8que comprenait quelque cent cinquante livres de et sur Ezra Pound\u00a0!<\/p>\n<p class=\"p1\">Son int\u00e9r\u00eat toujours en \u00e9veil l\u2019entrainait sur des territoires tr\u00e8s divers, o\u00f9 la po\u00e9sie, de langue anglaise et fran\u00e7aise tenaient une grande place. Attentif \u00e0 la litt\u00e9rature contemporaine (avec une affection particuli\u00e8re pour Kundera), il revenait souvent vers ses \u00e9crivains de pr\u00e9dilection, Flaubert, Proust, et surtout Montaigne\u00a0: l\u2019\u00e9gotisme, la libert\u00e9 int\u00e9rieure, la tol\u00e9rance, le scepticisme ouvert, le culte de l\u2019amiti\u00e9 et de la loyaut\u00e9.<\/p>\n<p class=\"p1\">Etrangement, Istomin ne chercha gu\u00e8re \u00e0 \u00eatre en contact avec des \u00e9crivains, contrairement aux peintres. Le seul avec lequel il eut des contacts amicaux r\u00e9guliers fut Samuel Beckett, qui lui avait \u00e9t\u00e9 pr\u00e9sent\u00e9 par Avigdor Arikha. Mais son affection et son admiration s\u2019attachaient davantage \u00e0 l\u2019homme qu\u2019\u00e0 l\u2019\u00e9crivain, qui restait tr\u00e8s secret sur son travail.<\/p>\n<p class=\"p1\">La philosophie\u00a0et les sciences constituaient une part non n\u00e9gligeable des lectures d\u2019Istomin. Il n\u2019avait aucune formation scientifique mais se passionnait pour les th\u00e9ories math\u00e9matiques et physiques. Ned Rorem se souvenait l\u2019avoir vu plong\u00e9 dans les<i> Principia Mathematica <\/i>de Whitehead et Russell. Plus tard, il se lan\u00e7a dans des trait\u00e9s de physique nucl\u00e9aire ou d\u2019astronomie. Il les lisait comme des discours po\u00e9tiques sur l\u2019origine du monde, la place de l\u2019homme et du divin. En lui s\u2019affrontaient en permanence scepticisme et id\u00e9alisme, tentation du nihilisme et aspiration \u00e0 une pr\u00e9sence divine.<\/p>\n<\/div><div class=\"fusion-clearfix\"><\/div><\/div><\/div><div class=\"fusion-layout-column fusion_builder_column fusion-builder-column-3 fusion_builder_column_1_1 1_1 fusion-one-full fusion-column-first fusion-column-last fusion-column-no-min-height\" style=\"--awb-bg-size:cover;--awb-margin-bottom:0px;\"><div class=\"fusion-column-wrapper fusion-flex-column-wrapper-legacy\"><div class=\"fusion-title title fusion-title-3 fusion-title-text fusion-title-size-two\"><h2 class=\"title-heading-left fusion-responsive-typography-calculated\" style=\"margin:0;--fontSize:18;--minFontSize:18;line-height:1.5;\">Sa biblioth\u00e8que<\/h2><span class=\"awb-title-spacer\"><\/span><div class=\"title-sep-container\"><div class=\"title-sep sep- sep-solid\" style=\"border-color:#e0dede;\"><\/div><\/div><\/div><div class=\"fusion-text fusion-text-4\"><p class=\"p1\">Sa biblioth\u00e8que refl\u00e9tait l\u2019immense diversit\u00e9 du champ de ses lectures. Elle comprenait plus de huit mille ouvrages et l\u2019inventaire, \u00e9tabli par l\u2019Universit\u00e9 de Maryland \u00e0 laquelle il l\u2019a l\u00e9gu\u00e9e, estimait sa valeur \u00e0 plus de trois millions de dollars. Elle contenait pr\u00e8s d\u2019un millier de premi\u00e8res \u00e9ditions, de fac-simil\u00e9s ou de manuscrits. Eugene Istomin avait besoin de vivre au milieu de ses livres et de ses \u0153uvres d\u2019art. Il avait une passion presque physique du livre. Il ressentait la jouissance d\u2019une visite dans une librairie, le plaisir tr\u00e8s fort de l\u2019achat et de la possession, le toucher m\u00eame du livre, de sa reliure et de son papier. Les \u00e9ditions originales comptaient pour lui, les livres qui avaient eu une histoire, qui \u00e9taient pass\u00e9es dans des mains attentives, c\u00e9l\u00e8bres \u00e9ventuellement. L\u2019aboutissement de cet amour des libres\u00a0fut son r\u00f4le de conseiller sp\u00e9cial du pr\u00e9sident de la grande maison d\u2019\u00e9dition HBJ, William Jovanovitch. Entre autres projets, il supervisa la r\u00e9\u00e9dition en fac-simil\u00e9 de certaines \u00e9ditions historiques, notamment les \u0153uvres compl\u00e8tes de Joseph Conrad et de Thomas Hardy.<\/p>\n<\/div><div class=\"fusion-clearfix\"><\/div><\/div><\/div><div class=\"fusion-layout-column fusion_builder_column fusion-builder-column-4 fusion_builder_column_1_1 1_1 fusion-one-full fusion-column-first fusion-column-last fusion-column-no-min-height\" style=\"--awb-bg-size:cover;--awb-margin-bottom:0px;\"><div class=\"fusion-column-wrapper fusion-flex-column-wrapper-legacy\"><div class=\"fusion-title title fusion-title-4 fusion-title-text fusion-title-size-two\"><h2 class=\"title-heading-left fusion-responsive-typography-calculated\" style=\"margin:0;--fontSize:18;--minFontSize:18;line-height:1.5;\">L\u2019amour des langues<\/h2><span class=\"awb-title-spacer\"><\/span><div class=\"title-sep-container\"><div class=\"title-sep sep- sep-solid\" style=\"border-color:#e0dede;\"><\/div><\/div><\/div><div class=\"fusion-text fusion-text-5\"><p class=\"p1\">La qualit\u00e9 du style \u00e9tait une composante essentielle de son plaisir, quelle que soit la langue. La po\u00e9sie prenait d\u2018ailleurs une place importante. La litt\u00e9rature de langue anglaise restait majoritaire, mais elle \u00e9tait suivie de pr\u00e8s par la litt\u00e9rature fran\u00e7aise. Il aimait aussi lire en russe, mais il avait le sentiment de ne pas ma\u00eetriser la langue suffisamment pour profiter pleinement des grandes \u0153uvres litt\u00e9raires. Les russes avec lesquels ils parlaient se montraient souvent \u00e9tonn\u00e9s, admiratifs m\u00eame, de son aisance et de sa finesse. Mais lui-m\u00eame pensait qu\u2019il parlait un russe trop basique et il ne s\u2019en montrait pas satisfait. C\u2019\u00e9tait sa langue maternelle, qu\u2019il avait parl\u00e9 avant l\u2019anglais, mais il n\u2019avait jamais envisag\u00e9 qu\u2019il pourrait aller vivre un jour en Russie\u2026 Ses connaissances en italien (appris au fil de ses nombreux concerts dans ce pays), en grec (langue qu\u2019il avait commenc\u00e9 \u00e0 apprendre et qu\u2019il aurait aim\u00e9 ma\u00eetriser) et en allemand ne lui permettaient pas se lancer dans des litt\u00e9ratures qu\u2019il admirait profond\u00e9ment et qu\u2019il regrettait de ne conna\u00eetre que par leur traduction anglaise.<\/p>\n<p class=\"p1\">Istomin avait une capacit\u00e9 remarquable pour r\u00e9diger, pour trouver le ton, la formule,<span class=\"Apple-converted-space\">\u00a0 <\/span>le mot, qui convenait. Marta fit souvent appel \u00e0 sa comp\u00e9tence pour les textes les plus d\u00e9licats qu\u2019elle eut \u00e0 \u00e9crire lorsqu\u2019elle dirigeait le Kennedy Center ou la Manhattan School of Music. Il \u00e9tait capable de le faire aussi en fran\u00e7ais et il le fit notamment pour son discours de r\u00e9cipiendaire de la L\u00e9gion d\u2019honneur. Cela lui demandait simplement plus de temps.<\/p>\n<p class=\"p1\">Cet amour de la langue l\u2019entra\u00eenait aussi \u00e0 apprendre l\u2019argot ou \u00e0 s\u2019int\u00e9resser aux expressions particuli\u00e8res, employ\u00e9es seulement dans certaines r\u00e9gions, comme le Sud des Etats-Unis.<\/p>\n<\/div><div class=\"fusion-clearfix\"><\/div><\/div><\/div><div class=\"fusion-layout-column fusion_builder_column fusion-builder-column-5 fusion_builder_column_1_1 1_1 fusion-one-full fusion-column-first fusion-column-last fusion-column-no-min-height\" style=\"--awb-bg-size:cover;--awb-margin-bottom:0px;\"><div class=\"fusion-column-wrapper fusion-flex-column-wrapper-legacy\"><div class=\"fusion-title title fusion-title-5 fusion-title-text fusion-title-size-two\"><h2 class=\"title-heading-left fusion-responsive-typography-calculated\" style=\"margin:0;--fontSize:18;--minFontSize:18;line-height:1.5;\">Epilogue<\/h2><span class=\"awb-title-spacer\"><\/span><div class=\"title-sep-container\"><div class=\"title-sep sep- sep-solid\" style=\"border-color:#e0dede;\"><\/div><\/div><\/div><div class=\"fusion-text fusion-text-6\"><p class=\"p1\">Lorsqu\u2019il \u00e9tait affaibli par la maladie et n\u2019avait plus la force de lire longtemps, Istomin \u00e9coutait les cassettes de l\u2019enregistrement int\u00e9gral des grands chefs-d\u2019\u0153uvre. Il prit beaucoup de plaisir \u00e0 red\u00e9couvrir ainsi <i>L\u2019Education sentimentale <\/i>de Flaubert et ses chers<i> Essais<\/i> de Montaigne\u00a0: \u00e0 trois si\u00e8cles d\u2019\u00e9cart, deux regards sans concession sur la condition humaine, deux \u00e9critures qui sont des mod\u00e8les de clart\u00e9, allant tout naturellement \u00e0 l\u2019essentiel&#8230;<\/p>\n<\/div><div class=\"fusion-clearfix\"><\/div><\/div><\/div><\/div><\/div><div class=\"fusion-fullwidth fullwidth-box fusion-builder-row-3 nonhundred-percent-fullwidth non-hundred-percent-height-scrolling\" style=\"--awb-background-position:left top;--awb-border-radius-top-left:0px;--awb-border-radius-top-right:0px;--awb-border-radius-bottom-right:0px;--awb-border-radius-bottom-left:0px;--awb-padding-top:20px;--awb-padding-right:0px;--awb-padding-bottom:20px;--awb-padding-left:0px;--awb-border-sizes-top:0px;--awb-border-sizes-bottom:0px;\" ><div class=\"fusion-builder-row fusion-row\"><div class=\"fusion-layout-column fusion_builder_column fusion-builder-column-6 fusion_builder_column_1_3 1_3 fusion-one-third fusion-column-first\" style=\"--awb-bg-size:cover;width:30.6666%; margin-right: 4%;\"><div class=\"fusion-column-wrapper fusion-flex-column-wrapper-legacy\"><div class=\"fusion-person person fusion-person-left fusion-person-1 fusion-person-icon-top\" style=\"--awb-pic-style-color:#000000;--awb-pic-borderradius:50%;--awb-margin-top:0px;--awb-margin-right:0px;--awb-margin-bottom:0px;--awb-margin-left:0px;--awb-social-box-border-top:0px;--awb-social-box-border-right:0px;--awb-social-box-border-bottom:0px;--awb-social-box-border-left:0px;--awb-social-box-border-color:var(--awb-color3);--awb-social-box-colors-hover:rgba(232,232,232,0.8);--awb-social-box-border-color-hover:var(--awb-color4);--awb-social-icon-colors-hover:rgba(190,189,189,0.8);\"><div class=\"person-shortcode-image-wrapper\"><div class=\"person-image-container hover-type-none dropshadow person-rounded-overflow\" style=\"-webkit-border-radius:50%;-moz-border-radius:50%;border-radius:50%;border:0px solid #f6f6f6;-webkit-box-shadow: 3px 3px 7px rgba(0,0,0,0.3);box-shadow: 3px 3px 7px rgba(0,0,0,0.3);-webkit-border-radius:50%;-moz-border-radius:50%;border-radius:50%;\"><a href=\"\/fr\/lhomme\/litterature-et-philosophie\/samuel-beckett\/\" target=\"_self\"><img decoding=\"async\" class=\"person-img img-responsive\" src=\"https:\/\/eugeneistomin.com\/wp-content\/uploads\/2015\/07\/beckett1-carre.jpg\" alt=\"Samuel Beckett\" \/><\/a><\/div><\/div><div class=\"person-desc\"><div class=\"person-author\"><div class=\"person-author-wrapper\"><span class=\"person-name\">Samuel Beckett<\/span><span class=\"person-title\"><\/span><\/div><\/div><div class=\"person-content fusion-clearfix\"><\/div><\/div><\/div><div class=\"fusion-clearfix\"><\/div><\/div><\/div><div class=\"fusion-layout-column fusion_builder_column fusion-builder-column-7 fusion_builder_column_1_3 1_3 fusion-one-third\" style=\"--awb-bg-size:cover;width:30.6666%; margin-right: 4%;\"><div class=\"fusion-column-wrapper fusion-flex-column-wrapper-legacy\"><div class=\"fusion-person person fusion-person-left fusion-person-2 fusion-person-icon-top\" style=\"--awb-pic-style-color:#000000;--awb-pic-borderradius:50%;--awb-margin-top:0px;--awb-margin-right:0px;--awb-margin-bottom:0px;--awb-margin-left:0px;--awb-social-box-border-top:0px;--awb-social-box-border-right:0px;--awb-social-box-border-bottom:0px;--awb-social-box-border-left:0px;--awb-social-box-border-color:var(--awb-color3);--awb-social-box-colors-hover:rgba(232,232,232,0.8);--awb-social-box-border-color-hover:var(--awb-color4);--awb-social-icon-colors-hover:rgba(190,189,189,0.8);\"><div class=\"person-shortcode-image-wrapper\"><div class=\"person-image-container hover-type-none dropshadow person-rounded-overflow\" style=\"-webkit-border-radius:50%;-moz-border-radius:50%;border-radius:50%;border:0px solid #f6f6f6;-webkit-box-shadow: 3px 3px 7px rgba(0,0,0,0.3);box-shadow: 3px 3px 7px rgba(0,0,0,0.3);-webkit-border-radius:50%;-moz-border-radius:50%;border-radius:50%;\"><a href=\"\/fr\/lhomme\/litterature-et-philosophie\/william-jovanovitch-et-hbj\/\" target=\"_self\"><img decoding=\"async\" class=\"person-img img-responsive\" src=\"https:\/\/eugeneistomin.com\/wp-content\/uploads\/2015\/07\/Jovanovich-1977-thumb.jpg\" alt=\"William Jovanovitch et HBJ\" \/><\/a><\/div><\/div><div class=\"person-desc\"><div class=\"person-author\"><div class=\"person-author-wrapper\"><span class=\"person-name\">William Jovanovitch et HBJ<\/span><span class=\"person-title\"><\/span><\/div><\/div><div class=\"person-content fusion-clearfix\"><\/div><\/div><\/div><div class=\"fusion-clearfix\"><\/div><\/div><\/div><div class=\"fusion-layout-column fusion_builder_column fusion-builder-column-8 fusion_builder_column_1_3 1_3 fusion-one-third fusion-column-last\" style=\"--awb-bg-size:cover;width:30.6666%;\"><div class=\"fusion-column-wrapper fusion-flex-column-wrapper-legacy\"><div class=\"fusion-clearfix\"><\/div><\/div><\/div><\/div><\/div><\/p>\n","protected":false},"excerpt":{"rendered":"","protected":false},"author":2,"featured_media":0,"parent":15,"menu_order":0,"comment_status":"open","ping_status":"open","template":"100-width.php","meta":[],"acf":[],"_links":{"self":[{"href":"http:\/\/www.eugeneistomin.com\/fr\/wp-json\/wp\/v2\/pages\/359"}],"collection":[{"href":"http:\/\/www.eugeneistomin.com\/fr\/wp-json\/wp\/v2\/pages"}],"about":[{"href":"http:\/\/www.eugeneistomin.com\/fr\/wp-json\/wp\/v2\/types\/page"}],"author":[{"embeddable":true,"href":"http:\/\/www.eugeneistomin.com\/fr\/wp-json\/wp\/v2\/users\/2"}],"replies":[{"embeddable":true,"href":"http:\/\/www.eugeneistomin.com\/fr\/wp-json\/wp\/v2\/comments?post=359"}],"version-history":[{"count":13,"href":"http:\/\/www.eugeneistomin.com\/fr\/wp-json\/wp\/v2\/pages\/359\/revisions"}],"predecessor-version":[{"id":9760,"href":"http:\/\/www.eugeneistomin.com\/fr\/wp-json\/wp\/v2\/pages\/359\/revisions\/9760"}],"up":[{"embeddable":true,"href":"http:\/\/www.eugeneistomin.com\/fr\/wp-json\/wp\/v2\/pages\/15"}],"wp:attachment":[{"href":"http:\/\/www.eugeneistomin.com\/fr\/wp-json\/wp\/v2\/media?parent=359"}],"curies":[{"name":"wp","href":"https:\/\/api.w.org\/{rel}","templated":true}]}}