{"id":327,"date":"2015-07-22T14:58:56","date_gmt":"2015-07-22T13:58:56","guid":{"rendered":"http:\/\/eugeneistomin.com\/?page_id=327"},"modified":"2020-02-21T23:51:17","modified_gmt":"2020-02-21T22:51:17","slug":"la-musique-contemporaine","status":"publish","type":"page","link":"http:\/\/www.eugeneistomin.com\/fr\/le-musicien\/la-musique-contemporaine\/","title":{"rendered":"La musique contemporaine"},"content":{"rendered":"<p><div class=\"fusion-bg-parallax\" data-bg-align=\"left top\" data-direction=\"down\" data-mute=\"false\" data-opacity=\"100\" data-velocity=\"-0.3\" data-mobile-enabled=\"false\" data-break_parents=\"0\" data-bg-image=\"https:\/\/eugeneistomin.com\/wp-content\/uploads\/2015\/07\/Eugene-Misteri-parallax.jpg\" data-bg-repeat=\"false\" ><\/div><div class=\"fusion-fullwidth fullwidth-box fusion-builder-row-1 fusion-parallax-down nonhundred-percent-fullwidth non-hundred-percent-height-scrolling\" style=\"--awb-background-position:left top;--awb-border-radius-top-left:0px;--awb-border-radius-top-right:0px;--awb-border-radius-bottom-right:0px;--awb-border-radius-bottom-left:0px;--awb-padding-top:420px;--awb-padding-right:0px;--awb-padding-bottom:20px;--awb-padding-left:0px;--awb-background-image:url(&quot;https:\/\/eugeneistomin.com\/wp-content\/uploads\/2015\/07\/Eugene-Misteri-parallax.jpg&quot;);--awb-background-size:cover;--awb-border-sizes-top:0px;--awb-border-sizes-bottom:0px;\" ><div class=\"fusion-builder-row fusion-row\"><div class=\"fusion-layout-column fusion_builder_column fusion-builder-column-0 fusion_builder_column_1_1 1_1 fusion-one-full fusion-column-first fusion-column-last fusion-column-no-min-height\" style=\"--awb-bg-size:cover;--awb-margin-bottom:0px;\"><div class=\"fusion-column-wrapper fusion-flex-column-wrapper-legacy\"><div class=\"fusion-title title fusion-title-1 fusion-sep-none fusion-title-text fusion-title-size-one\"><h1 class=\"title-heading-left fusion-responsive-typography-calculated\" style=\"margin:0;--fontSize:34;line-height:1.41;\"><span style=\"color: white; text-shadow: 1px 1px #333333;\">LA  MUSIQUE CONTEMPORAINE<\/span><\/h1><\/div><div class=\"fusion-clearfix\"><\/div><\/div><\/div><\/div><\/div><div class=\"fusion-fullwidth fullwidth-box fusion-builder-row-2 nonhundred-percent-fullwidth non-hundred-percent-height-scrolling\" style=\"--awb-background-position:left top;--awb-border-radius-top-left:0px;--awb-border-radius-top-right:0px;--awb-border-radius-bottom-right:0px;--awb-border-radius-bottom-left:0px;--awb-padding-top:20px;--awb-padding-right:0px;--awb-padding-bottom:20px;--awb-padding-left:0px;--awb-border-sizes-top:0px;--awb-border-sizes-bottom:0px;\" ><div class=\"fusion-builder-row fusion-row\"><div class=\"fusion-layout-column fusion_builder_column fusion-builder-column-1 fusion_builder_column_1_1 1_1 fusion-one-full fusion-column-first fusion-column-last fusion-column-no-min-height\" style=\"--awb-bg-size:cover;--awb-margin-bottom:0px;\"><div class=\"fusion-column-wrapper fusion-flex-column-wrapper-legacy\"><div class=\"fusion-text fusion-text-1\"><div id=\"attachment_2301\" style=\"width: 195px\" class=\"wp-caption alignleft\"><img aria-describedby=\"caption-attachment-2301\" decoding=\"async\" class=\"wp-image-2301 size-full\" src=\"https:\/\/eugeneistomin.com\/wp-content\/uploads\/2015\/07\/Harold-Brown.png\" alt=\"Harold Brown\" width=\"185\" height=\"273\" \/><p id=\"caption-attachment-2301\" class=\"wp-caption-text\">Harold Brown<\/p><\/div>\n<p class=\"beautify\">Eugene Istomin s\u2019est relativement peu engag\u00e9 au service de la musique contemporaine. Il assumait ses contradictions par rapport \u00e0 elle. D\u2019un c\u00f4t\u00e9, il revendiquait l\u2019\u00e9litisme dans la culture, estimant que c\u2019\u00e9tait le devoir de la d\u00e9mocratie d\u2019inviter le plus grand nombre de gens possible \u00e0 de hautes exigences artistiques. Il rejetait la d\u00e9magogie qui avait commenc\u00e9 dans les ann\u00e9es 60 et qui r\u00e9pandait l\u2019id\u00e9e que toutes les cultures, que toutes les musiques se valent, et que c\u2019est la loi du march\u00e9 qui dicte les hi\u00e9rarchies. D\u2019un autre c\u00f4t\u00e9, il regrettait que la plupart des compositeurs contemporains se soient coup\u00e9s du public avec de la musique trop intellectualis\u00e9e et absconse. <img decoding=\"async\" class=\"alignright wp-image-1256 size-medium\" src=\"https:\/\/eugeneistomin.com\/wp-content\/uploads\/2015\/11\/Bernstein-Anniversaries1-232x300.jpg\" alt=\"Bernstein Anniversaries\" width=\"232\" height=\"300\" srcset=\"http:\/\/www.eugeneistomin.com\/wp-content\/uploads\/2015\/11\/Bernstein-Anniversaries1-232x300.jpg 232w, http:\/\/www.eugeneistomin.com\/wp-content\/uploads\/2015\/11\/Bernstein-Anniversaries1.jpg 350w\" sizes=\"(max-width: 232px) 100vw, 232px\" \/>Aujourd\u2019hui, disait-il, les gens ont le choix entre Madonna et Boulez. Il n\u2019y a rien entre les deux\u00a0! Mozart, aimait-il \u00e0 rappeler, trouvait le moyen dans une m\u00eame \u0153uvre de satisfaire le public, son d\u00e9dicataire, lui-m\u00eame, son p\u00e8re, ou m\u00eame l\u2019empereur\u2026<\/p>\n<p class=\"p1\">Istomin \u00e9tait curieux d\u2019entendre de nouvelles \u0153uvres. Il admirait Boulez et connaissait bien <i>Pli selon pli<\/i> et <i>Le marteau sans ma\u00eetre<\/i>. Mais il trouvait que cette musique ne parlait pas assez \u00e0 sa sensibilit\u00e9. Incit\u00e9 par Rostropovitch, il s\u2019\u00e9tait int\u00e9ress\u00e9 \u00e0 Schnittke, sans \u00eatre pour autant convaincu. Il avait confi\u00e9 \u00e0 Robert Jacobson qu\u2019il avait le plus grand respect pour nombre de compositeurs d\u2019aujourd\u2019hui, mais que leur musique ne lui apportait pas d\u2019\u00e9motions fortes ni d\u2019enthousiasme intellectuel (<i>Reverberations<\/i>).<\/p>\n<\/div><div class=\"fusion-clearfix\"><\/div><\/div><\/div><div class=\"fusion-layout-column fusion_builder_column fusion-builder-column-2 fusion_builder_column_1_1 1_1 fusion-one-full fusion-column-first fusion-column-last fusion-column-no-min-height\" style=\"--awb-bg-size:cover;--awb-margin-bottom:0px;\"><div class=\"fusion-column-wrapper fusion-flex-column-wrapper-legacy\"><div class=\"accordian fusion-accordian\" style=\"--awb-border-size:1px;--awb-icon-size:16px;--awb-content-font-size:16px;--awb-icon-alignment:left;--awb-hover-color:#f9f9fb;--awb-border-color:#e2e2e2;--awb-background-color:#ffffff;--awb-divider-color:#e0dede;--awb-divider-hover-color:#e0dede;--awb-icon-color:#ffffff;--awb-title-color:#333333;--awb-content-color:#4f4f4f;--awb-icon-box-color:#333333;--awb-toggle-hover-accent-color:#9e9e9e;--awb-title-font-family:&quot;Roboto&quot;;--awb-title-font-weight:400;--awb-title-font-style:normal;--awb-title-font-size:15px;--awb-content-font-family:&quot;Open Sans&quot;;--awb-content-font-style:normal;--awb-content-font-weight:400;\"><div class=\"panel-group fusion-toggle-icon-boxed\" id=\"accordion-327-1\"><div class=\"fusion-panel panel-default panel-7ebd880fde34b8906 fusion-toggle-has-divider\"><div class=\"panel-heading\"><h4 class=\"panel-title toggle\" id=\"toggle_7ebd880fde34b8906\"><a aria-expanded=\"false\" aria-controls=\"7ebd880fde34b8906\" role=\"button\" data-toggle=\"collapse\" data-parent=\"#accordion-327-1\" data-target=\"#7ebd880fde34b8906\" href=\"#7ebd880fde34b8906\"><span class=\"fusion-toggle-icon-wrapper\" aria-hidden=\"true\"><i class=\"fa-fusion-box active-icon awb-icon-minus\" aria-hidden=\"true\"><\/i><i class=\"fa-fusion-box inactive-icon awb-icon-plus\" aria-hidden=\"true\"><\/i><\/span><span class=\"fusion-toggle-heading\">Continuer \u00e0 lire<\/span><\/a><\/h4><\/div><div id=\"7ebd880fde34b8906\" class=\"panel-collapse collapse \" araia-labelledby=\"toggle_7ebd880fde34b8906\"><div class=\"panel-body toggle-content fusion-clearfix\"><img decoding=\"async\" class=\"alignleft wp-image-2305 size-medium\" src=\"https:\/\/eugeneistomin.com\/wp-content\/uploads\/2015\/07\/Dutilleux-de?dicace-00112-218x300.jpg\" alt=\"Dutilleux-de?dicace-0011\" width=\"218\" height=\"300\" \/>Lorsque son calendrier le lui permettait, il assistait volontiers aux cr\u00e9ations, surtout lorsqu\u2019il s\u2019agissait de compositeurs qu\u2019il connaissait bien, ou lorsque sa curiosit\u00e9 avait \u00e9t\u00e9 \u00e9veill\u00e9e par la presse ou par des amis. Ainsi, il s\u2019\u00e9tait enthousiasm\u00e9 pour Mass de Bernstein, qui avait \u00e9t\u00e9 tr\u00e8s mal accueilli lors de sa cr\u00e9ation. Il prit sa d\u00e9fense dans une interview donn\u00e9 \u00e0 John Gruen pour le New York Times en 1971\u00a0: \u00ab\u00a0Je pense que c\u2019est le grand \u0153uvre de Bernstein. Pour moi, tout sonne juste! Vous avez son \u00e2me et ses convictions, et tout son fantastique talent pr\u00e9sent\u00e9 sur un plat d\u2019argent. Oui, c\u2019est \u00ab\u00a0populaire\u00a0\u00bb. Non, ce n\u2019est pas h\u00e9t\u00e9roclite. C\u2019est du pur Bernstein. Si vous l\u2019aimez, vous aimerez l\u2019\u0153uvre. C\u2019est ce que je fais. Dans mon univers, il y a de la place pour Stravinsky, Nono et Bernstein. Je suis fatigu\u00e9 de voir un des plus grands talents du si\u00e8cle se faire \u00e9reinter et calomnier. Profitons plut\u00f4t de lui tant qu\u2019il est l\u00e0 !\u00bb<\/p>\n<p>Istomin avait \u00e0 c\u0153ur, chaque fois qu\u2019il effectuait une tourn\u00e9e officielle \u00e0 l\u2019\u00e9tranger (que ce soit au Japon, en Iran ou en Bulgarie), de toujours jouer quelques pi\u00e8ces de compositeurs am\u00e9ricains contemporains. Des Pr\u00e9ludes de Chasins, les Anniversaries de Bernstein, la Burlesque de Ned Rorem\u2026 Lorsqu\u2019il prit la direction du Concours William Kapell, il y d\u00e9fendit la place de la musique contemporaine, commandant une \u0153uvre impos\u00e9e successivement \u00e0 George Perle, Ned Rorem et Henri Dutilleux.<br \/>\nIl eut \u00e9galement des collaborations importantes avec plusieurs compositeurs. Le premier fut Harold Brown, un disciple de Nadia Boulanger. Brown lui fit d\u00e9couvrir d\u2019autres r\u00e9pertoires, comme la musique vocale de la Renaissance et du Baroque naissant. Istomin joua les Preludes de Brown lors de son premier r\u00e9cital \u00e0 New York et les rejoua de temps \u00e0 autre.<br \/>\nNed Rorem fut son ami pendant plus de soixante ann\u00e9es. Il joua quelques pi\u00e8ces pour piano et il admirait beaucoup les m\u00e9lodies, au point d\u2019enregistrer avec Donald Gramm deux cycles sur des po\u00e8mes de Walt Whitman. (lien)<\/p>\n<div id=\"attachment_2306\" style=\"width: 230px\" class=\"wp-caption alignright\"><img aria-describedby=\"caption-attachment-2306\" decoding=\"async\" class=\"wp-image-2306 size-full\" src=\"https:\/\/eugeneistomin.com\/wp-content\/uploads\/2015\/07\/Leon_Kirchner.jpg\" alt=\"Leon_Kirchner\" width=\"220\" height=\"304\" srcset=\"http:\/\/www.eugeneistomin.com\/wp-content\/uploads\/2015\/07\/Leon_Kirchner-217x300.jpg 217w, http:\/\/www.eugeneistomin.com\/wp-content\/uploads\/2015\/07\/Leon_Kirchner.jpg 220w\" sizes=\"(max-width: 220px) 100vw, 220px\" \/><p id=\"caption-attachment-2306\" class=\"wp-caption-text\">Leon Kirchner<\/p><\/div>\n<p>Les deux ann\u00e9es pass\u00e9es pr\u00e8s d\u2019Adolf Busch l\u2019incit\u00e8rent \u00e0 jouer plusieurs de ses \u0153uvres\u00a0: sa Suite pour piano qu\u2019il programma notamment lors de son r\u00e9cital \u00e0 Carnegie Hall en d\u00e9cembre 1946, les Seven Spirituals pour orchestre de chambre avec piano qu\u2019il joua sous sa direction (il existe un enregistrement), et la Sonatine pour violon et piano op. 64 dont il donna la premi\u00e8re audition en priv\u00e9.<br \/>\nEn 1956, Istomin avait pr\u00e9vu d\u2019assurer la cr\u00e9ation du Concerto pour piano de Roger Sessions, une commande de la Juilliard School pour c\u00e9l\u00e9brer son 50\u00e8me anniversaire, mais la complexit\u00e9 de l\u2019\u0153uvre et son calendrier tr\u00e8s charg\u00e9 l\u2019oblig\u00e8rent \u00e0 renoncer et c\u2019est Beveridge Webster qui s\u2019en chargea. Quelques ann\u00e9es plus tard, Istomin commanda \u00e0 Sessions sa Troisi\u00e8me Sonate pour piano, une \u0153uvre qui lui est d\u00e9di\u00e9e mais qu\u2019il ne joua pas non plus en concert. C\u2019est son ami Jacob Lateiner qui en assura la cr\u00e9ation.<br \/>\nAutre d\u00e9dicace importante, celle du troisi\u00e8me pr\u00e9lude de Dutilleux, Le Jeu des contraires, qu\u2019Istomin commanda pour le Concours William Kapell, et qu\u2019il interpr\u00e9ta en public quelques ann\u00e9es plus tard.<br \/>\nFinalement, son engagement le plus notoire comme interpr\u00e8te fut le 1er Concerto pour piano de Leon Kirchner, compos\u00e9 en 1953. Il l\u2019aimait beaucoup et le mit \u00e0 son r\u00e9pertoire en 1958, le jouant avec plusieurs orchestres am\u00e9ricains pendant les deux ann\u00e9es suivantes, notamment avec le San Francisco Symphony sous la direction du compositeur, en d\u00e9cembre 1960. Puis il cessa de le jouer, faute de demande des orchestres.<\/p>\n<p>Lorsqu\u2019il recevait des partitions, il trouvait toujours le temps de les regarder et de les d\u00e9chiffrer, mais il n\u2019en mit que tr\u00e8s peu \u00e0 son r\u00e9pertoire. Il \u00e9tait tr\u00e8s embarrass\u00e9 de ne jamais avoir jou\u00e9 les \u0153uvres de son ami George Perle. Il avait travaill\u00e9 la 2\u00e8me Sonate d\u2019un autre grand ami, Alberto Ginastera. Il l\u2019avait m\u00eame jou\u00e9e au compositeur, qui s\u2019en montra tr\u00e8s satisfait, mais il renon\u00e7a \u00e0 la donner en public. Il appelait Ginastera le \u00ab\u00a0Prokofiev argentin\u00a0\u00bb, ce qui signifiait que c\u2019\u00e9tait pour lui un piano trop percussif et que cela ne pouvait le satisfaire.<br \/>\nIl avait pr\u00e9vu que lorsqu\u2019il se retirerait, il prendrait enfin le temps d\u2019\u00e9couter, de d\u00e9couvrir, d\u2019\u00e9tudier les \u0153uvres de compositeurs contemporains, ce qu\u2019il n\u2019avait jamais eu le temps ni la disponibilit\u00e9 mentale de faire au long de sa carri\u00e8re. Pour cela, il avait mis de c\u00f4t\u00e9 des partitions et des enregistrements (du Mo\u00efse et Aaron de Schoenberg aux Etudes de Ligeti). La maladie lui laissa peu de temps pour satisfaire sa curiosit\u00e9.<\/div><\/div><\/div><\/div><\/div><div class=\"fusion-clearfix\"><\/div><\/div><\/div><\/div><\/div><div class=\"fusion-fullwidth fullwidth-box fusion-builder-row-3 nonhundred-percent-fullwidth non-hundred-percent-height-scrolling\" style=\"--awb-background-position:left top;--awb-border-radius-top-left:0px;--awb-border-radius-top-right:0px;--awb-border-radius-bottom-right:0px;--awb-border-radius-bottom-left:0px;--awb-padding-top:20px;--awb-padding-right:0px;--awb-padding-bottom:20px;--awb-padding-left:0px;--awb-border-sizes-top:0px;--awb-border-sizes-bottom:0px;\" ><div class=\"fusion-builder-row fusion-row\"><div class=\"fusion-layout-column fusion_builder_column fusion-builder-column-3 fusion_builder_column_1_1 1_1 fusion-one-full fusion-column-first fusion-column-last fusion-column-no-min-height\" style=\"--awb-bg-size:cover;--awb-margin-bottom:0px;\"><div class=\"fusion-column-wrapper fusion-flex-column-wrapper-legacy\"><div class=\"fusion-sep-clear\"><\/div><div class=\"fusion-separator fusion-has-icon fusion-full-width-sep\" style=\"margin-left: auto;margin-right: auto;margin-top:30px;margin-bottom:30px;width:100%;\"><\/div><div class=\"fusion-sep-clear\"><\/div><div class=\"fusion-clearfix\"><\/div><\/div><\/div><div class=\"fusion-layout-column fusion_builder_column fusion-builder-column-4 fusion_builder_column_1_4 1_4 fusion-one-fourth fusion-column-first\" style=\"--awb-bg-size:cover;width:22%; margin-right: 4%;\"><div class=\"fusion-column-wrapper fusion-flex-column-wrapper-legacy\"><div class=\"fusion-person person fusion-person-left fusion-person-1 fusion-person-icon-top\" style=\"--awb-pic-style-color:#000000;--awb-pic-borderradius:50%;--awb-margin-top:0px;--awb-margin-right:0px;--awb-margin-bottom:0px;--awb-margin-left:0px;--awb-social-box-border-top:0px;--awb-social-box-border-right:0px;--awb-social-box-border-bottom:0px;--awb-social-box-border-left:0px;--awb-social-box-border-color:var(--awb-color3);--awb-social-box-colors-hover:rgba(232,232,232,0.8);--awb-social-box-border-color-hover:var(--awb-color4);--awb-social-icon-colors-hover:rgba(190,189,189,0.8);\"><div class=\"person-shortcode-image-wrapper\"><div class=\"person-image-container hover-type-none dropshadow person-rounded-overflow\" style=\"-webkit-border-radius:50%;-moz-border-radius:50%;border-radius:50%;border:0px solid #f6f6f6;-webkit-box-shadow: 3px 3px 7px rgba(0,0,0,0.3);box-shadow: 3px 3px 7px rgba(0,0,0,0.3);-webkit-border-radius:50%;-moz-border-radius:50%;border-radius:50%;\"><a href=\"\/fr\/le-musicien\/la-musique-contemporaine\/grandes-conversations-les-compositeurs\/\" target=\"_self\"><img decoding=\"async\" class=\"person-img img-responsive\" src=\"https:\/\/eugeneistomin.com\/wp-content\/uploads\/2015\/07\/Conversations-composers-thumb-300x300.jpg\" alt=\"Grandes Conversations: les compositeurs\" \/><\/a><\/div><\/div><div class=\"person-desc\"><div class=\"person-author\"><div class=\"person-author-wrapper\"><span class=\"person-name\">Grandes Conversations: les compositeurs<\/span><span class=\"person-title\"><\/span><\/div><\/div><div class=\"person-content fusion-clearfix\"><\/div><\/div><\/div><div class=\"fusion-clearfix\"><\/div><\/div><\/div><div class=\"fusion-layout-column fusion_builder_column fusion-builder-column-5 fusion_builder_column_1_4 1_4 fusion-one-fourth\" style=\"--awb-bg-size:cover;width:22%; margin-right: 4%;\"><div class=\"fusion-column-wrapper fusion-flex-column-wrapper-legacy\"><div class=\"fusion-person person fusion-person-left fusion-person-2 fusion-person-icon-top\" style=\"--awb-pic-style-color:#000000;--awb-pic-borderradius:50%;--awb-margin-top:0px;--awb-margin-right:0px;--awb-margin-bottom:0px;--awb-margin-left:0px;--awb-social-box-border-top:0px;--awb-social-box-border-right:0px;--awb-social-box-border-bottom:0px;--awb-social-box-border-left:0px;--awb-social-box-border-color:var(--awb-color3);--awb-social-box-colors-hover:rgba(232,232,232,0.8);--awb-social-box-border-color-hover:var(--awb-color4);--awb-social-icon-colors-hover:rgba(190,189,189,0.8);\"><div class=\"person-shortcode-image-wrapper\"><div class=\"person-image-container hover-type-none dropshadow person-rounded-overflow\" style=\"-webkit-border-radius:50%;-moz-border-radius:50%;border-radius:50%;border:0px solid #f6f6f6;-webkit-box-shadow: 3px 3px 7px rgba(0,0,0,0.3);box-shadow: 3px 3px 7px rgba(0,0,0,0.3);-webkit-border-radius:50%;-moz-border-radius:50%;border-radius:50%;\"><a href=\"\/fr\/le-musicien\/la-musique-contemporaine\/bernstein-chef-et-compositeur\/\" target=\"_self\"><img decoding=\"async\" class=\"person-img img-responsive\" src=\"https:\/\/eugeneistomin.com\/wp-content\/uploads\/2015\/11\/Bernstein-jeune-2.jpg\" alt=\"Leonard Bernstein\" \/><\/a><\/div><\/div><div class=\"person-desc\"><div class=\"person-author\"><div class=\"person-author-wrapper\"><span class=\"person-name\">Leonard Bernstein<\/span><span class=\"person-title\"><\/span><\/div><\/div><div class=\"person-content fusion-clearfix\"><\/div><\/div><\/div><div class=\"fusion-clearfix\"><\/div><\/div><\/div><div class=\"fusion-layout-column fusion_builder_column fusion-builder-column-6 fusion_builder_column_1_4 1_4 fusion-one-fourth\" style=\"--awb-bg-size:cover;width:22%; margin-right: 4%;\"><div class=\"fusion-column-wrapper fusion-flex-column-wrapper-legacy\"><div class=\"fusion-person person fusion-person-left fusion-person-3 fusion-person-icon-top\" style=\"--awb-pic-style-color:#000000;--awb-pic-borderradius:50%;--awb-margin-top:0px;--awb-margin-right:0px;--awb-margin-bottom:0px;--awb-margin-left:0px;--awb-social-box-border-top:0px;--awb-social-box-border-right:0px;--awb-social-box-border-bottom:0px;--awb-social-box-border-left:0px;--awb-social-box-border-color:var(--awb-color3);--awb-social-box-colors-hover:rgba(232,232,232,0.8);--awb-social-box-border-color-hover:var(--awb-color4);--awb-social-icon-colors-hover:rgba(190,189,189,0.8);\"><div class=\"person-shortcode-image-wrapper\"><div class=\"person-image-container hover-type-none dropshadow person-rounded-overflow\" style=\"-webkit-border-radius:50%;-moz-border-radius:50%;border-radius:50%;border:0px solid #f6f6f6;-webkit-box-shadow: 3px 3px 7px rgba(0,0,0,0.3);box-shadow: 3px 3px 7px rgba(0,0,0,0.3);-webkit-border-radius:50%;-moz-border-radius:50%;border-radius:50%;\"><a href=\"\/fr\/le-musicien\/la-musique-contemporaine\/henri-dutilleux\" target=\"_self\"><img decoding=\"async\" class=\"person-img img-responsive\" src=\"https:\/\/eugeneistomin.com\/wp-content\/uploads\/2015\/07\/Dutilleux2-300x300.jpg\" alt=\"Henri Dutilleux\" \/><\/a><\/div><\/div><div class=\"person-desc\"><div class=\"person-author\"><div class=\"person-author-wrapper\"><span class=\"person-name\">Henri Dutilleux<\/span><span class=\"person-title\"><\/span><\/div><\/div><div class=\"person-content fusion-clearfix\"><\/div><\/div><\/div><div class=\"fusion-clearfix\"><\/div><\/div><\/div><div class=\"fusion-layout-column fusion_builder_column fusion-builder-column-7 fusion_builder_column_1_4 1_4 fusion-one-fourth fusion-column-last\" style=\"--awb-bg-size:cover;width:22%;\"><div class=\"fusion-column-wrapper fusion-flex-column-wrapper-legacy\"><div class=\"fusion-person person fusion-person-left fusion-person-4 fusion-person-icon-top\" style=\"--awb-pic-style-color:#000000;--awb-pic-borderradius:50%;--awb-margin-top:0px;--awb-margin-right:0px;--awb-margin-bottom:0px;--awb-margin-left:0px;--awb-social-box-border-top:0px;--awb-social-box-border-right:0px;--awb-social-box-border-bottom:0px;--awb-social-box-border-left:0px;--awb-social-box-border-color:var(--awb-color3);--awb-social-box-colors-hover:rgba(232,232,232,0.8);--awb-social-box-border-color-hover:var(--awb-color4);--awb-social-icon-colors-hover:rgba(190,189,189,0.8);\"><div class=\"person-shortcode-image-wrapper\"><div class=\"person-image-container hover-type-none dropshadow person-rounded-overflow\" style=\"-webkit-border-radius:50%;-moz-border-radius:50%;border-radius:50%;border:0px solid #f6f6f6;-webkit-box-shadow: 3px 3px 7px rgba(0,0,0,0.3);box-shadow: 3px 3px 7px rgba(0,0,0,0.3);-webkit-border-radius:50%;-moz-border-radius:50%;border-radius:50%;\"><a href=\"\/fr\/le-musicien\/la-musique-contemporaine\/ned-rorem\" target=\"_self\"><img decoding=\"async\" class=\"person-img img-responsive\" src=\"https:\/\/eugeneistomin.com\/wp-content\/uploads\/2015\/07\/ned-rorem-carre.jpg\" alt=\"Ned Rorem\" \/><\/a><\/div><\/div><div class=\"person-desc\"><div class=\"person-author\"><div class=\"person-author-wrapper\"><span class=\"person-name\">Ned Rorem<\/span><span class=\"person-title\"><\/span><\/div><\/div><div class=\"person-content fusion-clearfix\"><\/div><\/div><\/div><div class=\"fusion-clearfix\"><\/div><\/div><\/div><div class=\"fusion-layout-column fusion_builder_column fusion-builder-column-8 fusion_builder_column_1_1 1_1 fusion-one-full fusion-column-first fusion-column-last fusion-column-no-min-height\" style=\"--awb-bg-size:cover;--awb-margin-bottom:0px;\"><div class=\"fusion-column-wrapper fusion-flex-column-wrapper-legacy\"><div class=\"fusion-sep-clear\"><\/div><div class=\"fusion-separator fusion-full-width-sep\" style=\"margin-left: auto;margin-right: auto;width:100%;\"><\/div><div class=\"fusion-sep-clear\"><\/div><div class=\"fusion-clearfix\"><\/div><\/div><\/div><\/div><\/div><div class=\"fusion-fullwidth fullwidth-box fusion-builder-row-4 nonhundred-percent-fullwidth non-hundred-percent-height-scrolling\" style=\"--awb-background-position:left top;--awb-border-radius-top-left:0px;--awb-border-radius-top-right:0px;--awb-border-radius-bottom-right:0px;--awb-border-radius-bottom-left:0px;--awb-padding-top:20px;--awb-padding-right:0px;--awb-padding-bottom:20px;--awb-padding-left:0px;--awb-border-sizes-top:0px;--awb-border-sizes-bottom:0px;\" ><div class=\"fusion-builder-row fusion-row\"><div class=\"fusion-layout-column fusion_builder_column fusion-builder-column-9 fusion_builder_column_1_1 1_1 fusion-one-full fusion-column-first fusion-column-last fusion-column-no-min-height\" style=\"--awb-bg-size:cover;--awb-margin-bottom:0px;\"><div class=\"fusion-column-wrapper fusion-flex-column-wrapper-legacy\"><div class=\"fusion-title title fusion-title-2 fusion-title-text fusion-title-size-two\"><h2 class=\"title-heading-left fusion-responsive-typography-calculated\" style=\"margin:0;--fontSize:18;--minFontSize:18;line-height:1.5;\">Musique<\/h2><span class=\"awb-title-spacer\"><\/span><div class=\"title-sep-container\"><div class=\"title-sep sep- sep-solid\" style=\"border-color:#e0dede;\"><\/div><\/div><\/div><div class=\"fusion-clearfix\"><\/div><\/div><\/div><div class=\"fusion-layout-column fusion_builder_column fusion-builder-column-10 fusion_builder_column_1_3 1_3 fusion-one-third fusion-column-first\" style=\"--awb-bg-size:cover;width:30.6666%; margin-right: 4%;\"><div class=\"fusion-column-wrapper fusion-flex-column-wrapper-legacy\"><div class=\"fusion-text fusion-text-2\"><p class=\"p1\"><i>Concerto pour piano n\u00b01<\/i> de Leon Kirchner, avec le compositeur au piano et l\u2019Orchestre Philharmonique de New York dirig\u00e9 par Dimitri Mitropoulos (audio seulement)<\/p>\n<\/div><div class=\"fusion-clearfix\"><\/div><\/div><\/div><div class=\"fusion-layout-column fusion_builder_column fusion-builder-column-11 fusion_builder_column_2_3 2_3 fusion-two-third fusion-column-last\" style=\"--awb-bg-size:cover;width:65.3333%;\"><div class=\"fusion-column-wrapper fusion-flex-column-wrapper-legacy\"><div class=\"fusion-video fusion-youtube\" style=\"--awb-max-width:500px;--awb-max-height:350px;\"><div class=\"video-shortcode\"><div class=\"fluid-width-video-wrapper\" style=\"padding-top:70%;\" ><iframe title=\"YouTube video player 1\" src=\"https:\/\/www.youtube.com\/embed\/-yawQyNPosA?wmode=transparent&autoplay=0\" width=\"500\" height=\"350\" allowfullscreen allow=\"autoplay; fullscreen\"><\/iframe><\/div><\/div><\/div><div class=\"fusion-clearfix\"><\/div><\/div><\/div><\/div><\/div><\/p>\n","protected":false},"excerpt":{"rendered":"","protected":false},"author":2,"featured_media":0,"parent":13,"menu_order":0,"comment_status":"open","ping_status":"open","template":"100-width.php","meta":[],"acf":[],"_links":{"self":[{"href":"http:\/\/www.eugeneistomin.com\/fr\/wp-json\/wp\/v2\/pages\/327"}],"collection":[{"href":"http:\/\/www.eugeneistomin.com\/fr\/wp-json\/wp\/v2\/pages"}],"about":[{"href":"http:\/\/www.eugeneistomin.com\/fr\/wp-json\/wp\/v2\/types\/page"}],"author":[{"embeddable":true,"href":"http:\/\/www.eugeneistomin.com\/fr\/wp-json\/wp\/v2\/users\/2"}],"replies":[{"embeddable":true,"href":"http:\/\/www.eugeneistomin.com\/fr\/wp-json\/wp\/v2\/comments?post=327"}],"version-history":[{"count":23,"href":"http:\/\/www.eugeneistomin.com\/fr\/wp-json\/wp\/v2\/pages\/327\/revisions"}],"predecessor-version":[{"id":7702,"href":"http:\/\/www.eugeneistomin.com\/fr\/wp-json\/wp\/v2\/pages\/327\/revisions\/7702"}],"up":[{"embeddable":true,"href":"http:\/\/www.eugeneistomin.com\/fr\/wp-json\/wp\/v2\/pages\/13"}],"wp:attachment":[{"href":"http:\/\/www.eugeneistomin.com\/fr\/wp-json\/wp\/v2\/media?parent=327"}],"curies":[{"name":"wp","href":"https:\/\/api.w.org\/{rel}","templated":true}]}}