{"id":2332,"date":"2016-02-22T19:31:39","date_gmt":"2016-02-22T18:31:39","guid":{"rendered":"http:\/\/eugeneistomin.com\/?page_id=2332"},"modified":"2020-02-21T23:50:23","modified_gmt":"2020-02-21T22:50:23","slug":"grandes-conversations-les-compositeurs","status":"publish","type":"page","link":"http:\/\/www.eugeneistomin.com\/fr\/le-musicien\/la-musique-contemporaine\/grandes-conversations-les-compositeurs\/","title":{"rendered":"Grandes Conversations : les compositeurs"},"content":{"rendered":"<div class=\"fusion-fullwidth fullwidth-box fusion-builder-row-1 nonhundred-percent-fullwidth non-hundred-percent-height-scrolling\" style=\"--awb-background-position:left top;--awb-border-radius-top-left:0px;--awb-border-radius-top-right:0px;--awb-border-radius-bottom-right:0px;--awb-border-radius-bottom-left:0px;--awb-padding-top:20px;--awb-padding-right:0px;--awb-padding-bottom:20px;--awb-padding-left:0px;--awb-border-sizes-top:0px;--awb-border-sizes-bottom:0px;\" ><div class=\"fusion-builder-row fusion-row\"><div class=\"fusion-layout-column fusion_builder_column fusion-builder-column-0 fusion_builder_column_1_1 1_1 fusion-one-full fusion-column-first fusion-column-last fusion-column-no-min-height\" style=\"--awb-bg-size:cover;--awb-margin-bottom:0px;\"><div class=\"fusion-column-wrapper fusion-flex-column-wrapper-legacy\"><div class=\"fusion-text fusion-text-1\"><div id=\"attachment_4087\" style=\"width: 310px\" class=\"wp-caption alignleft\"><a href=\"https:\/\/eugeneistomin.com\/wp-content\/uploads\/2016\/02\/Conversations-composers.jpg\"><img aria-describedby=\"caption-attachment-4087\" decoding=\"async\" class=\"size-medium wp-image-4087\" src=\"https:\/\/eugeneistomin.com\/wp-content\/uploads\/2016\/02\/Conversations-composers-300x178.jpg\" alt=\"Richard Danielpour, Lowell Lieberman, Milton Babbitt, Eugene Istomin, Ned Rorem, Ellen Taafe Zwilich, George Perle\" width=\"300\" height=\"178\" srcset=\"http:\/\/www.eugeneistomin.com\/wp-content\/uploads\/2016\/02\/Conversations-composers-300x178.jpg 300w, http:\/\/www.eugeneistomin.com\/wp-content\/uploads\/2016\/02\/Conversations-composers.jpg 640w\" sizes=\"(max-width: 300px) 100vw, 300px\" \/><\/a><p id=\"caption-attachment-4087\" class=\"wp-caption-text\">Richard Danielpour, Lowell Lieberman, Milton Babbitt, Eugene Istomin, Ned Rorem, Ellen Taafe Zwilich, George Perle<\/p><\/div>\n<p class=\"beautify\">Pour ses <i>Grandes Conversations en Musique,<\/i> Eugene Istomin avait r\u00e9uni \u00e0 la Library of Congress six compositeurs de g\u00e9n\u00e9rations et d\u2019esth\u00e9tiques tr\u00e8s diff\u00e9rentes\u00a0: Milton Babbitt, Richard Danielpour, Lowell Lieberman, George Perle, Ned Rorem, Ellen Taafe Zwilich.<\/p>\n<p class=\"p1\">La discussion fut \u00e0 la fois tr\u00e8s cordiale et tr\u00e8s anim\u00e9e, avec une grande qualit\u00e9 d\u2019\u00e9coute et un sentiment d\u2019inqui\u00e9tude partag\u00e9e sur l\u2019avenir de la cr\u00e9ation musicale. On peut assister au d\u00e9bat gr\u00e2ce \u00e0 l\u2019enregistrement vid\u00e9o qui est accessible sur le site de la Library of Congress\u00a0: https:\/\/www.loc.gov\/item\/ihas.200031103<\/p>\n<p class=\"p1\">Voici les dix questions qu\u2019Istomin avait pr\u00e9par\u00e9es.<\/p>\n<ul class=\"ul1\">\n<li class=\"li1\"><b>Les racines.<\/b> \u00cates-vous d\u2019accord pour dire que les racines europ\u00e9ennes sont fondamentales dans notre culture, pas seulement en musique classique, mais aussi en pop music, en jazz et en folk music\u00a0?<\/li>\n<li class=\"li1\"><b>Le compositeur.<\/b> Qu\u2019est-ce qui vous a d\u00e9cid\u00e9 \u00e0 devenir compositeur\u00a0? Pour qui \u00e9crivez-vous votre musique\u00a0?<\/li>\n<li class=\"li1\"><b>Les chefs-d\u2019\u0153uvre du 20<sup>\u00e8me<\/sup> si\u00e8cle.<\/b> Quelles sont pour vous les six \u0153uvres les plus importantes compos\u00e9es depuis le d\u00e9but du 20<sup>\u00e8me<\/sup> si\u00e8cle\u00a0?<\/li>\n<li class=\"li1\"><b>Appr\u00e9cier des \u0153uvres diff\u00e9rentes.<\/b> <i>Pli <\/i>selon<i> Pli<\/i> de Boulez, \u00e9crit sur des textes de St\u00e9phane Mallarm\u00e9, <i>La Voix humaine <\/i>de Poulenc, <i>Chichester Psalms<\/i> de Bernstein\u00a0: peut-on accorder \u00e0 des \u0153uvres aussi diff\u00e9rentes une m\u00eame importance\u00a0?<\/li>\n<li class=\"li1\"><b>Programmation \u00e9clectique.<\/b> Stravinsky a comment\u00e9 en ces termes un programme de Gary Graffman qui associait sa <i>S\u00e9r\u00e9nade en la <\/i>avec la belle Etude-tableau en mi b\u00e9mol majeur de Rachmaninov\u00a0: \u00ab\u00a0Oh Quel merveilleux voisinage\u00a0pour moi\u00a0!\u00a0\u00bb Comment voulez-vous que votre musique soit pr\u00e9sent\u00e9e \u00e0 vos auditeurs\u00a0? Est-ce que des programmes \u00e9clectiques comme celui de Graffman vous d\u00e9rangent\u00a0?<\/li>\n<li class=\"li1\"><b>Les interpr\u00e8tes.<\/b> En ce qui concerne les interpr\u00e8tes, Ned Rorem a dit un jour\u00a0: \u00ab\u00a0Les grands instrumentistes et les grands chanteurs ont une personnalit\u00e9 unique, ind\u00e9l\u00e9bile\u00a0\u00bb. On ne peut pas faire que Billie Holiday ne soit pas Billie Holiday\u00a0! Que Frank Sinatra ne soit pas Sinatra\u00a0! Que Casals ne soit pas Casals! Que Horowitz ne soit pas Horowitz! Moi j\u2019en ai la certitude, mais vous, compositeurs, qu\u2019en pensez-vous\u00a0? Quelles cons\u00e9quences en tirez-vous pour l\u2019interpr\u00e9tation de votre propre musique\u00a0? Quelles qualit\u00e9s demandez-vous \u00e0 vos interpr\u00e8tes ?\u00a0<span class=\"Apple-converted-space\">\u00a0 \u00a0 \u00a0<\/span><\/li>\n<li class=\"li1\"><b>L\u2019accessibilit\u00e9.<\/b> Pourquoi les nouvelles compositions de pop music sont-elles accept\u00e9es instantan\u00e9ment par le public ? Pourquoi les nouvelles \u0153uvres de musique s\u00e9rieuse sont-elles pour la plupart inaccessibles, m\u00eame pour les m\u00e9lomanes, \u00e0 l\u2019exception d\u2019un petit groupe de mordus\u00a0? O\u00f9 placez-vous la musique minimaliste\u00a0?<\/li>\n<li class=\"li1\"><b>Langage et tonalit\u00e9<\/b>. Picasso dit un jour\u00a0: \u00ab\u00a0Pour comprendre les Chinois, il faut apprendre leur langue. Le Cubisme est une fa\u00e7on de regarder. Il faut l\u2019apprendre aussi.\u00a0\u00bb L\u2019analogie de Picasso s\u2019applique-t-elle \u00e0 l\u2019atonalit\u00e9 et \u00e0 la musique s\u00e9rielle\u00a0? Avons-nous besoin d\u2019\u00eatre d\u2019une initiation pour trouver du plaisir et de l\u2019\u00e9motion chez Beethoven, chez Brahms, ou dans les symphonies de Tcha\u00efkovsky\u00a0? Et pour la <i>Symphonie en ut<\/i> de Stravinsky et <i>Erwartung<\/i> de Sch\u00f6nberg\u00a0?<\/li>\n<li class=\"li1\"><b>La musique exp\u00e9rimentale.<\/b> Qu\u2019est-ce que la musique exp\u00e9rimentale\u00a0? Quelles \u0153uvres sont de l\u2019exp\u00e9rimentation\u00a0? Quelles \u0153uvres sont de l\u2019art?<\/li>\n<li class=\"li1\"><b>L\u2019avant-garde.<\/b> La recherche syst\u00e9matique de la nouveaut\u00e9 ne rend-elle pas tr\u00e8s vite les \u0153uvres obsol\u00e8tes, et ne pousse-t-elle pas l\u2019avant-garde \u00e0 \u00eatre d\u00e9pass\u00e9e avant d\u2019avoir \u00e9t\u00e9 d\u2019actualit\u00e9\u00a0? <span class=\"Apple-converted-space\">\u00a0 \u00a0<\/span><\/li>\n<\/ul>\n<\/div><div class=\"fusion-clearfix\"><\/div><\/div><\/div><\/div><\/div>\n","protected":false},"excerpt":{"rendered":"","protected":false},"author":2,"featured_media":0,"parent":327,"menu_order":0,"comment_status":"open","ping_status":"open","template":"","meta":[],"acf":[],"_links":{"self":[{"href":"http:\/\/www.eugeneistomin.com\/fr\/wp-json\/wp\/v2\/pages\/2332"}],"collection":[{"href":"http:\/\/www.eugeneistomin.com\/fr\/wp-json\/wp\/v2\/pages"}],"about":[{"href":"http:\/\/www.eugeneistomin.com\/fr\/wp-json\/wp\/v2\/types\/page"}],"author":[{"embeddable":true,"href":"http:\/\/www.eugeneistomin.com\/fr\/wp-json\/wp\/v2\/users\/2"}],"replies":[{"embeddable":true,"href":"http:\/\/www.eugeneistomin.com\/fr\/wp-json\/wp\/v2\/comments?post=2332"}],"version-history":[{"count":5,"href":"http:\/\/www.eugeneistomin.com\/fr\/wp-json\/wp\/v2\/pages\/2332\/revisions"}],"predecessor-version":[{"id":7427,"href":"http:\/\/www.eugeneistomin.com\/fr\/wp-json\/wp\/v2\/pages\/2332\/revisions\/7427"}],"up":[{"embeddable":true,"href":"http:\/\/www.eugeneistomin.com\/fr\/wp-json\/wp\/v2\/pages\/327"}],"wp:attachment":[{"href":"http:\/\/www.eugeneistomin.com\/fr\/wp-json\/wp\/v2\/media?parent=2332"}],"curies":[{"name":"wp","href":"https:\/\/api.w.org\/{rel}","templated":true}]}}