{"id":2039,"date":"2016-01-18T18:03:29","date_gmt":"2016-01-18T17:03:29","guid":{"rendered":"http:\/\/eugeneistomin.com\/?page_id=2039"},"modified":"2020-02-21T23:50:31","modified_gmt":"2020-02-21T22:50:31","slug":"van-cliburn","status":"publish","type":"page","link":"http:\/\/www.eugeneistomin.com\/fr\/grandes-collaborations-musicales\/pianistes\/van-cliburn\/","title":{"rendered":"Van Cliburn"},"content":{"rendered":"<div class=\"fusion-fullwidth fullwidth-box fusion-builder-row-1 hundred-percent-fullwidth non-hundred-percent-height-scrolling\" style=\"--awb-border-radius-top-left:0px;--awb-border-radius-top-right:0px;--awb-border-radius-bottom-right:0px;--awb-border-radius-bottom-left:0px;--awb-overflow:visible;\" ><div class=\"fusion-builder-row fusion-row\"><div class=\"fusion-layout-column fusion_builder_column fusion-builder-column-0 fusion_builder_column_1_1 1_1 fusion-one-full fusion-column-first fusion-column-last fusion-column-no-min-height\" style=\"--awb-bg-size:cover;--awb-margin-bottom:0px;\"><div class=\"fusion-column-wrapper fusion-flex-column-wrapper-legacy\"><div class=\"fusion-text fusion-text-1\"><p><a href=\"https:\/\/eugeneistomin.com\/wp-content\/uploads\/2016\/01\/Van-Cliburn.jpg\"><img decoding=\"async\" class=\" size-medium wp-image-2040 alignleft\" src=\"https:\/\/eugeneistomin.com\/wp-content\/uploads\/2016\/01\/Van-Cliburn-300x271.jpg\" alt=\"Van Cliburn\" width=\"300\" height=\"271\" srcset=\"http:\/\/www.eugeneistomin.com\/wp-content\/uploads\/2016\/01\/Van-Cliburn-300x271.jpg 300w, http:\/\/www.eugeneistomin.com\/wp-content\/uploads\/2016\/01\/Van-Cliburn.jpg 804w\" sizes=\"(max-width: 300px) 100vw, 300px\" \/><\/a>Van  Cliburn avait remport\u00e9 le Concours Leventritt en 1954, alors qu\u2019il avait tout juste vingt ans.\u00a0 Cela avait \u00e9t\u00e9 un concours d\u2019un niveau exceptionnel, les autres finalistes \u00e9tant Claude Frank et John Browning. Eugene Istomin faisait partie du jury. Il fut s\u00e9duit par la perfection du jeu de Van Cliburn dans la Rh<em>apsodie sur un th\u00e8me de Paganini<\/em> de Serge Rachmaninov et il vota pour lui, malgr\u00e9 les remarquables prestations de Browning et les \u00e9videntes qualit\u00e9s de musicien de Claude Frank.<\/p>\n<p>Van Cliburn avait alors commenc\u00e9 sa carri\u00e8re sans \u00e9veiller un int\u00e9r\u00eat particulier de la part du public, de la presse musicale ou des maisons de disque, jusqu\u2019\u00e0 ce qu\u2019il remporte spectaculairement le premier Concours Tchaikovsky en 1958. Ce triomphe eut un retentissement consid\u00e9rable, en pleine Guerre froide, alors que tout le monde s\u2019attendait \u00e0 ce que les pianistes sovi\u00e9tiques dominent le concours. Il fut accueilli en h\u00e9ros, avec une <em>ticker-tape parade<\/em> dans les rues de New York. <em>Time Magazine<\/em>\u00a0lui consacra sa couverture, la t\u00e9l\u00e9vision l\u2019invita, RCA lui fit signer un contrat d\u2019exclusivit\u00e9, les organisateurs de concert se pr\u00e9cipit\u00e8rent\u2026 Van Cliburn \u00e9tait devenu une attraction. Son disque du <em>Premier Concerto<\/em> de Tchaikovsky, enregistr\u00e9 aussit\u00f4t apr\u00e8s le Concours, battit tous les records de vente en d\u00e9passant le million d\u2019exemplaires.<\/p>\n<p>Istomin \u00e9tait fier de ce triomphe en terre sovi\u00e9tique, qui prouvait l\u2019excellence des pianistes am\u00e9ricains. L\u2019impact de l\u2019\u00e9v\u00e9nement le confirmait aussi dans l\u2019id\u00e9e qu\u2019il \u00e9tait essentiel de ne pas laisser le champ libre \u00e0 l\u2019URSS dans le domaine\u00a0 de l\u2019art, et que c\u2019\u00e9tait une arme de propagande essentielle en ces temps de Guerre froide. Il lutta longuement pour convaincre les administrations am\u00e9ricaines successives de cette n\u00e9cessit\u00e9.<\/p>\n<p>Par ailleurs il s\u2019inqui\u00e9tait des effets n\u00e9gatifs qu\u2019une telle starisation risquait d\u2019avoir sur Van Cliburn lui-m\u00eame. Quelque mois \u00e0 peine apr\u00e8s son succ\u00e8s au Concours Tcha\u00efkovsky, il fut d\u00e9cid\u00e9 de cr\u00e9er un concours \u00e0 son nom, dont la premi\u00e8re \u00e9dition eut lieu en 1962. Une telle d\u00e9marche saluait en g\u00e9n\u00e9ral un grand musicien disparu, ou en toute fin de carri\u00e8re. Lui n\u2019avait que vingt huit ans&#8230;\u00a0 Modeste, Van Cliburn essaya de convaincre ses admirateurs de relativiser l\u2019importance de son r\u00f4le et de sa personne : \u00ab Je vous suis reconnaissant, plus encore que vous ne l\u2019imaginez, de l\u2019honneur que vous me faites, mais ce qui me fait le plus plaisir c\u2019est l\u2019honneur que vous faites \u00e0 la musique classique. Car je ne suis qu\u2019un musicien parmi beaucoup d\u2019autres. Je suis seulement un t\u00e9moin et un messager.\u00a0\u00bb<\/p>\n<div id=\"attachment_3568\" style=\"width: 310px\" class=\"wp-caption alignright\"><a href=\"https:\/\/eugeneistomin.com\/wp-content\/uploads\/2016\/01\/vancliburn-avec-Obama.jpg\"><img aria-describedby=\"caption-attachment-3568\" decoding=\"async\" class=\"size-medium wp-image-3568\" src=\"https:\/\/eugeneistomin.com\/wp-content\/uploads\/2016\/01\/vancliburn-avec-Obama-300x213.jpg\" alt=\"Van Cliburn et Obama. 2011\" width=\"300\" height=\"213\" srcset=\"http:\/\/www.eugeneistomin.com\/wp-content\/uploads\/2016\/01\/vancliburn-avec-Obama-300x214.jpg 300w, http:\/\/www.eugeneistomin.com\/wp-content\/uploads\/2016\/01\/vancliburn-avec-Obama.jpg 620w\" sizes=\"(max-width: 300px) 100vw, 300px\" \/><\/a><p id=\"caption-attachment-3568\" class=\"wp-caption-text\">Van Cliburn et Obama. 2011<\/p><\/div>\n<p>Pourtant, cette avalanche d\u2019honneurs, de curiosit\u00e9 et de sollicitations, finit par le troubler et par le faire renoncer \u00e0 jouer en public alors qu\u2019il n\u2019avait que quarante quatre ans. Il s\u2019essaya \u00e0 la direction d\u2019orchestre, et tenta plusieurs come back sans lendemain. Chaque pr\u00e9sident des Etats-Unis, jusqu\u2019\u00e0 Obama, souhaita l\u2019inviter \u00e0 jouer \u00e0 la Maison Blanche et on continua r\u00e9guli\u00e8rement de lui rendre hommage.\u00a0Pour Istomin, cette prison dor\u00e9e, le poids ineffa\u00e7able du Concours Tcha\u00efkovsky qui ne cessa de peser sur sa carri\u00e8re et sur sa vie, \u00e9tait une trag\u00e9die.<\/p>\n<p>Les cons\u00e9quences sur la vie musicale am\u00e9ricaine furent \u00e9galement importantes. L\u2019une s\u2019av\u00e9ra favorable \u00e0 l\u2019ensemble des interpr\u00e8tes\u00a0: les cachets de Van Cliburn s\u2019\u00e9tant envol\u00e9s, ceux des autres pianistes ont sensiblement augment\u00e9 aussi. Mais d\u2019autres cons\u00e9quences n\u00e9gatives sont aussi apparues\u00a0: l\u2019aggravation et la g\u00e9n\u00e9ralisation du star sytem, avec en outre le sentiment qu\u2019on pouvait d\u00e9sormais gagner beaucoup d\u2019argent en programmant des concerts ou en publiant des disques. Cela contribua \u00e0 \u00e9loigner encore les firmes discographiques et les institutions am\u00e9ricaines de priorit\u00e9s r\u00e9ellement musicales.<\/p>\n<\/div><div class=\"fusion-clearfix\"><\/div><\/div><\/div><div class=\"fusion-layout-column fusion_builder_column fusion-builder-column-1 fusion_builder_column_1_1 1_1 fusion-one-full fusion-column-first fusion-column-last fusion-column-no-min-height\" style=\"--awb-bg-size:cover;--awb-margin-bottom:0px;\"><div class=\"fusion-column-wrapper fusion-flex-column-wrapper-legacy\"><div class=\"fusion-title title fusion-title-1 fusion-title-text fusion-title-size-two\"><h2 class=\"title-heading-left fusion-responsive-typography-calculated\" style=\"margin:0;--fontSize:18;--minFontSize:18;line-height:1.5;\"><strong>Document<\/strong><\/h2><span class=\"awb-title-spacer\"><\/span><div class=\"title-sep-container\"><div class=\"title-sep sep-double sep-solid\" style=\"border-color:#e0dede;\"><\/div><\/div><\/div><div class=\"fusion-text fusion-text-2\"><p>Hommage lors de la disparition de Van Cliburn en 2013<\/p>\n<\/div><div class=\"fusion-clearfix\"><\/div><\/div><\/div><div class=\"fusion-layout-column fusion_builder_column fusion-builder-column-2 fusion_builder_column_1_1 1_1 fusion-one-full fusion-column-first fusion-column-last fusion-column-no-min-height\" style=\"--awb-bg-size:cover;--awb-margin-bottom:0px;\"><div class=\"fusion-column-wrapper fusion-flex-column-wrapper-legacy\"><div class=\"fusion-video fusion-youtube\" style=\"--awb-max-width:600px;--awb-max-height:350px;\"><div class=\"video-shortcode\"><div class=\"fluid-width-video-wrapper\" style=\"padding-top:58.33%;\" ><iframe title=\"YouTube video player 1\" src=\"https:\/\/www.youtube.com\/embed\/OhdgiNz8bwo?wmode=transparent&autoplay=0\" width=\"600\" height=\"350\" allowfullscreen allow=\"autoplay; fullscreen\"><\/iframe><\/div><\/div><\/div><div class=\"fusion-clearfix\"><\/div><\/div><\/div><\/div><\/div>\n","protected":false},"excerpt":{"rendered":"","protected":false},"author":1,"featured_media":0,"parent":383,"menu_order":0,"comment_status":"open","ping_status":"open","template":"","meta":[],"acf":[],"_links":{"self":[{"href":"http:\/\/www.eugeneistomin.com\/fr\/wp-json\/wp\/v2\/pages\/2039"}],"collection":[{"href":"http:\/\/www.eugeneistomin.com\/fr\/wp-json\/wp\/v2\/pages"}],"about":[{"href":"http:\/\/www.eugeneistomin.com\/fr\/wp-json\/wp\/v2\/types\/page"}],"author":[{"embeddable":true,"href":"http:\/\/www.eugeneistomin.com\/fr\/wp-json\/wp\/v2\/users\/1"}],"replies":[{"embeddable":true,"href":"http:\/\/www.eugeneistomin.com\/fr\/wp-json\/wp\/v2\/comments?post=2039"}],"version-history":[{"count":4,"href":"http:\/\/www.eugeneistomin.com\/fr\/wp-json\/wp\/v2\/pages\/2039\/revisions"}],"predecessor-version":[{"id":7464,"href":"http:\/\/www.eugeneistomin.com\/fr\/wp-json\/wp\/v2\/pages\/2039\/revisions\/7464"}],"up":[{"embeddable":true,"href":"http:\/\/www.eugeneistomin.com\/fr\/wp-json\/wp\/v2\/pages\/383"}],"wp:attachment":[{"href":"http:\/\/www.eugeneistomin.com\/fr\/wp-json\/wp\/v2\/media?parent=2039"}],"curies":[{"name":"wp","href":"https:\/\/api.w.org\/{rel}","templated":true}]}}