{"id":1799,"date":"2016-01-14T12:58:08","date_gmt":"2016-01-14T11:58:08","guid":{"rendered":"http:\/\/eugeneistomin.com\/?page_id=1799"},"modified":"2020-02-21T23:50:38","modified_gmt":"2020-02-21T22:50:38","slug":"walter-gieseking","status":"publish","type":"page","link":"http:\/\/www.eugeneistomin.com\/fr\/grandes-collaborations-musicales\/pianistes\/walter-gieseking\/","title":{"rendered":"Walter Gieseking"},"content":{"rendered":"<div class=\"fusion-fullwidth fullwidth-box fusion-builder-row-1 hundred-percent-fullwidth non-hundred-percent-height-scrolling\" style=\"--awb-border-radius-top-left:0px;--awb-border-radius-top-right:0px;--awb-border-radius-bottom-right:0px;--awb-border-radius-bottom-left:0px;--awb-overflow:visible;\" ><div class=\"fusion-builder-row fusion-row\"><div class=\"fusion-layout-column fusion_builder_column fusion-builder-column-0 fusion_builder_column_1_1 1_1 fusion-one-full fusion-column-first fusion-column-last fusion-column-no-min-height\" style=\"--awb-bg-size:cover;--awb-margin-bottom:0px;\"><div class=\"fusion-column-wrapper fusion-flex-column-wrapper-legacy\"><div class=\"fusion-text fusion-text-1\"><p><a href=\"https:\/\/eugeneistomin.com\/wp-content\/uploads\/2016\/01\/Gieseking-Debussy-pochette.jpg\"><img decoding=\"async\" class=\" size-medium wp-image-1802 alignleft\" src=\"https:\/\/eugeneistomin.com\/wp-content\/uploads\/2016\/01\/Gieseking-Debussy-pochette-300x296.jpg\" alt=\"Gieseking Debussy pochette\" width=\"300\" height=\"296\" srcset=\"http:\/\/www.eugeneistomin.com\/wp-content\/uploads\/2016\/01\/Gieseking-Debussy-pochette-52x50.jpg 52w, http:\/\/www.eugeneistomin.com\/wp-content\/uploads\/2016\/01\/Gieseking-Debussy-pochette-66x66.jpg 66w, http:\/\/www.eugeneistomin.com\/wp-content\/uploads\/2016\/01\/Gieseking-Debussy-pochette-300x296.jpg 300w, http:\/\/www.eugeneistomin.com\/wp-content\/uploads\/2016\/01\/Gieseking-Debussy-pochette.jpg 801w\" sizes=\"(max-width: 300px) 100vw, 300px\" \/><\/a>Eugene  Istomin avait une immense admiration pour Ezra Pound et pour C\u00e9line en tant qu\u2019\u00e9crivains, tout en trouvant leurs positions politiques totalement inacceptables. C\u2019est un sentiment un peu semblable qu\u2019il \u00e9prouvait pour Gieseking. Il avait d\u00e9couvert <em>Gaspard de la Nuit<\/em> de Ravel et certaines \u0153uvres de Debussy \u00e0 travers ses enregistrements. Lorsqu\u2019Istomin avait donn\u00e9 ses premiers concerts en France, il avait \u00e9t\u00e9 parfois compar\u00e9 \u00e0 Gieseking et cela l\u2019avait choqu\u00e9. La certitude, qu\u2019il partageait avec Rubinstein, que Gieseking avait \u00e9t\u00e9 un nazi convaincu, lui laissait un go\u00fbt amer. C\u2019est alors qu\u2019en juin 1954, il vit Gieseking dans l\u2019Eglise Saint-Pierre de Prades. Gieseking \u00e9tait venu avec quelques proches pour \u00e9couter Casals et Serkin jouer deux sonates pour piano et violoncelle de Beethoven, ainsi que l\u2019<em>opus 109<\/em>. Gieseking avait achet\u00e9 ses billets, avait assist\u00e9 au concert de fa\u00e7on anonyme, n\u2019avait salu\u00e9 personne. Istomin per\u00e7ut cette d\u00e9marche comme une marque de respect pour de grands musiciens dont le nazisme avait boulevers\u00e9 la vie et qui avaient su ne pas d\u00e9vier de leur id\u00e9al humain. Peut-\u00eatre aussi comme un repentir. Il s\u2019en sentit apais\u00e9.<\/p>\n<\/div><div class=\"fusion-clearfix\"><\/div><\/div><\/div><\/div><\/div>\n","protected":false},"excerpt":{"rendered":"","protected":false},"author":1,"featured_media":0,"parent":383,"menu_order":0,"comment_status":"open","ping_status":"open","template":"","meta":[],"acf":[],"_links":{"self":[{"href":"http:\/\/www.eugeneistomin.com\/fr\/wp-json\/wp\/v2\/pages\/1799"}],"collection":[{"href":"http:\/\/www.eugeneistomin.com\/fr\/wp-json\/wp\/v2\/pages"}],"about":[{"href":"http:\/\/www.eugeneistomin.com\/fr\/wp-json\/wp\/v2\/types\/page"}],"author":[{"embeddable":true,"href":"http:\/\/www.eugeneistomin.com\/fr\/wp-json\/wp\/v2\/users\/1"}],"replies":[{"embeddable":true,"href":"http:\/\/www.eugeneistomin.com\/fr\/wp-json\/wp\/v2\/comments?post=1799"}],"version-history":[{"count":3,"href":"http:\/\/www.eugeneistomin.com\/fr\/wp-json\/wp\/v2\/pages\/1799\/revisions"}],"predecessor-version":[{"id":7494,"href":"http:\/\/www.eugeneistomin.com\/fr\/wp-json\/wp\/v2\/pages\/1799\/revisions\/7494"}],"up":[{"embeddable":true,"href":"http:\/\/www.eugeneistomin.com\/fr\/wp-json\/wp\/v2\/pages\/383"}],"wp:attachment":[{"href":"http:\/\/www.eugeneistomin.com\/fr\/wp-json\/wp\/v2\/media?parent=1799"}],"curies":[{"name":"wp","href":"https:\/\/api.w.org\/{rel}","templated":true}]}}