{"id":17,"date":"2015-07-13T15:42:21","date_gmt":"2015-07-13T14:42:21","guid":{"rendered":"http:\/\/eugeneistomin.com\/?page_id=17"},"modified":"2023-02-26T22:00:54","modified_gmt":"2023-02-26T21:00:54","slug":"grandes-collaborations-musicales","status":"publish","type":"page","link":"http:\/\/www.eugeneistomin.com\/fr\/grandes-collaborations-musicales\/","title":{"rendered":"Grandes collaborations musicales"},"content":{"rendered":"<p><div class=\"fusion-fullwidth fullwidth-box fusion-builder-row-1 nonhundred-percent-fullwidth non-hundred-percent-height-scrolling\" style=\"--awb-background-position:left top;--awb-border-sizes-top:0px;--awb-border-sizes-bottom:0px;--awb-border-sizes-left:0px;--awb-border-sizes-right:0px;--awb-border-radius-top-left:0px;--awb-border-radius-top-right:0px;--awb-border-radius-bottom-right:0px;--awb-border-radius-bottom-left:0px;--awb-padding-top:20px;--awb-padding-right:0px;--awb-padding-bottom:20px;--awb-padding-left:0px;\" ><div class=\"fusion-builder-row fusion-row\"><div class=\"fusion-layout-column fusion_builder_column fusion-builder-column-0 fusion_builder_column_1_1 1_1 fusion-one-full fusion-column-first fusion-column-last fusion-column-no-min-height\" style=\"--awb-bg-blend:overlay;--awb-bg-size:cover;--awb-margin-bottom:0px;\"><div class=\"fusion-column-wrapper fusion-flex-column-wrapper-legacy\"><div class=\"fusion-text fusion-text-1\"><p class=\"p1\">La liste des musiciens avec lesquels Istomin a collabor\u00e9 au long de sa carri\u00e8re ressemble \u00e0 une encyclop\u00e9die des grands interpr\u00e8tes du vingti\u00e8me si\u00e8cle\u00a0! On y trouve quatre g\u00e9n\u00e9rations, depuis Siloti (n\u00e9 en 1856) jusqu\u2019\u00e0 Yefim Bronfman (n\u00e9 en 1958).<\/p>\n<p class=\"p1\">Entre ces deux extr\u00eames, en voici quelques autres qui ont beaucoup compt\u00e9 pour lui, cit\u00e9s en ordre chronologique\u00a0: Monteux, Casals, Bruno Walter, Stokowski, Paray, Reiner, Adolf Busch, Munch, Clara Haskil, Mitropoulos, Szell, Ormandy, Krips, Serkin, Horowitz, Dorati, Leinsdorf, Bernstein, Rose, Stern, Kapell, Tennstedt, Fleisher, Graffman, Zinman, Pommier, Zukerman, Ax. Sans oublier Rachmaninov, Toscanini, Rubinstein et Heifetz, qu\u2019il c\u00f4toya et qui furent pour lui des sources d\u2019inspiration.<\/p>\n<p class=\"p1\">Avec beaucoup d\u2019entre eux, la collaboration alla bien au-del\u00e0 de la musique, si bien que le r\u00e9cit de ces rencontres est celui d\u2019un partage musical et d\u2019une aventure humaine o\u00f9 l\u2019amiti\u00e9 avait une place essentielle.<\/p>\n<\/div><div class=\"fusion-clearfix\"><\/div><\/div><\/div><\/div><\/div><div class=\"fusion-fullwidth fullwidth-box fusion-builder-row-2 nonhundred-percent-fullwidth non-hundred-percent-height-scrolling\" style=\"--awb-background-position:left top;--awb-border-sizes-top:0px;--awb-border-sizes-bottom:0px;--awb-border-sizes-left:0px;--awb-border-sizes-right:0px;--awb-border-radius-top-left:0px;--awb-border-radius-top-right:0px;--awb-border-radius-bottom-right:0px;--awb-border-radius-bottom-left:0px;--awb-padding-top:20px;--awb-padding-right:0px;--awb-padding-bottom:20px;--awb-padding-left:0px;\" ><div class=\"fusion-builder-row fusion-row\"><div class=\"fusion-layout-column fusion_builder_column fusion-builder-column-1 fusion_builder_column_1_4 1_4 fusion-one-fourth fusion-column-first\" style=\"--awb-bg-blend:overlay;--awb-bg-size:cover;width:22%; margin-right: 4%;\"><div class=\"fusion-column-wrapper fusion-flex-column-wrapper-legacy\"><div class=\"fusion-person person fusion-person-left fusion-person-1 fusion-person-icon-top\" style=\"--awb-pic-style-color:#000000;--awb-pic-borderradius:50%;--awb-margin-top:0px;--awb-margin-right:0px;--awb-margin-bottom:0px;--awb-margin-left:0px;--awb-social-box-border-top:0px;--awb-social-box-border-right:0px;--awb-social-box-border-bottom:0px;--awb-social-box-border-left:0px;--awb-social-box-border-color:var(--awb-color3);--awb-social-box-colors-hover:rgba(232,232,232,0.8);--awb-social-box-border-color-hover:var(--awb-color4);--awb-social-icon-colors-hover:rgba(190,189,189,0.8);\"><div class=\"person-shortcode-image-wrapper\"><div class=\"person-image-container hover-type-none dropshadow person-rounded-overflow\" style=\"-webkit-border-radius:50%;-moz-border-radius:50%;border-radius:50%;border:0px solid #f6f6f6;-webkit-box-shadow: 3px 3px 7px rgba(0,0,0,0.3);box-shadow: 3px 3px 7px rgba(0,0,0,0.3);-webkit-border-radius:50%;-moz-border-radius:50%;border-radius:50%;\"><a href=\"\/fr\/grandes-collaborations-musicales\/busch\/\" target=\"_self\"><img decoding=\"async\" class=\"person-img img-responsive\" src=\"https:\/\/eugeneistomin.com\/wp-content\/uploads\/2020\/02\/Adolf-Busch-300.jpg\" alt=\"Adolf Busch\" \/><\/a><\/div><\/div><div class=\"person-desc\"><div class=\"person-author\"><div class=\"person-author-wrapper\"><span class=\"person-name\">Adolf Busch<\/span><span class=\"person-title\"><\/span><\/div><\/div><div class=\"person-content fusion-clearfix\"><\/div><\/div><\/div><div class=\"fusion-clearfix\"><\/div><\/div><\/div><div class=\"fusion-layout-column fusion_builder_column fusion-builder-column-2 fusion_builder_column_1_4 1_4 fusion-one-fourth\" style=\"--awb-bg-blend:overlay;--awb-bg-size:cover;width:22%; margin-right: 4%;\"><div class=\"fusion-column-wrapper fusion-flex-column-wrapper-legacy\"><div class=\"fusion-person person fusion-person-left fusion-person-2 fusion-person-icon-top\" style=\"--awb-pic-style-color:#000000;--awb-pic-borderradius:50%;--awb-margin-top:0px;--awb-margin-right:0px;--awb-margin-bottom:0px;--awb-margin-left:0px;--awb-social-box-border-top:0px;--awb-social-box-border-right:0px;--awb-social-box-border-bottom:0px;--awb-social-box-border-left:0px;--awb-social-box-border-color:var(--awb-color3);--awb-social-box-colors-hover:rgba(232,232,232,0.8);--awb-social-box-border-color-hover:var(--awb-color4);--awb-social-icon-colors-hover:rgba(190,189,189,0.8);\"><div class=\"person-shortcode-image-wrapper\"><div class=\"person-image-container hover-type-none dropshadow person-rounded-overflow\" style=\"-webkit-border-radius:50%;-moz-border-radius:50%;border-radius:50%;border:0px solid #f6f6f6;-webkit-box-shadow: 3px 3px 7px rgba(0,0,0,0.3);box-shadow: 3px 3px 7px rgba(0,0,0,0.3);-webkit-border-radius:50%;-moz-border-radius:50%;border-radius:50%;\"><a href=\"\/fr\/grandes-collaborations-musicales\/pablo-casals\/\" target=\"_self\"><img decoding=\"async\" class=\"person-img img-responsive\" src=\"https:\/\/eugeneistomin.com\/wp-content\/uploads\/2020\/02\/17-Casals-a-la-pipe-1953-001-300.jpg\" alt=\"Pablo Casals\" \/><\/a><\/div><\/div><div class=\"person-desc\"><div class=\"person-author\"><div class=\"person-author-wrapper\"><span class=\"person-name\">Pablo Casals<\/span><span class=\"person-title\"><\/span><\/div><\/div><div class=\"person-content fusion-clearfix\"><\/div><\/div><\/div><div class=\"fusion-clearfix\"><\/div><\/div><\/div><div class=\"fusion-layout-column fusion_builder_column fusion-builder-column-3 fusion_builder_column_1_4 1_4 fusion-one-fourth\" style=\"--awb-bg-blend:overlay;--awb-bg-size:cover;width:22%; margin-right: 4%;\"><div class=\"fusion-column-wrapper fusion-flex-column-wrapper-legacy\"><div class=\"fusion-person person fusion-person-left fusion-person-3 fusion-person-icon-top\" style=\"--awb-pic-style-color:#000000;--awb-pic-borderradius:50%;--awb-margin-top:0px;--awb-margin-right:0px;--awb-margin-bottom:0px;--awb-margin-left:0px;--awb-social-box-border-top:0px;--awb-social-box-border-right:0px;--awb-social-box-border-bottom:0px;--awb-social-box-border-left:0px;--awb-social-box-border-color:var(--awb-color3);--awb-social-box-colors-hover:rgba(232,232,232,0.8);--awb-social-box-border-color-hover:var(--awb-color4);--awb-social-icon-colors-hover:rgba(190,189,189,0.8);\"><div class=\"person-shortcode-image-wrapper\"><div class=\"person-image-container hover-type-none dropshadow person-rounded-overflow\" style=\"-webkit-border-radius:50%;-moz-border-radius:50%;border-radius:50%;border:0px solid #f6f6f6;-webkit-box-shadow: 3px 3px 7px rgba(0,0,0,0.3);box-shadow: 3px 3px 7px rgba(0,0,0,0.3);-webkit-border-radius:50%;-moz-border-radius:50%;border-radius:50%;\"><a href=\"\/fr\/grandes-collaborations-musicales\/le-trio-istomin-stern-rose\/\" target=\"_self\"><img decoding=\"async\" class=\"person-img img-responsive\" src=\"https:\/\/eugeneistomin.com\/wp-content\/uploads\/2020\/02\/Trio-avec-Eugene-assis-300.jpg\" alt=\"Le Trio Istomin-Stern-Rose\" \/><\/a><\/div><\/div><div class=\"person-desc\"><div class=\"person-author\"><div class=\"person-author-wrapper\"><span class=\"person-name\">Le Trio Istomin-Stern-Rose<\/span><span class=\"person-title\"><\/span><\/div><\/div><div class=\"person-content fusion-clearfix\"><\/div><\/div><\/div><div class=\"fusion-clearfix\"><\/div><\/div><\/div><div class=\"fusion-layout-column fusion_builder_column fusion-builder-column-4 fusion_builder_column_1_4 1_4 fusion-one-fourth fusion-column-last\" style=\"--awb-bg-blend:overlay;--awb-bg-size:cover;width:22%;\"><div class=\"fusion-column-wrapper fusion-flex-column-wrapper-legacy\"><div class=\"fusion-person person fusion-person-left fusion-person-4 fusion-person-icon-top\" style=\"--awb-pic-style-color:#000000;--awb-pic-borderradius:50%;--awb-margin-top:0px;--awb-margin-right:0px;--awb-margin-bottom:0px;--awb-margin-left:0px;--awb-social-box-border-top:0px;--awb-social-box-border-right:0px;--awb-social-box-border-bottom:0px;--awb-social-box-border-left:0px;--awb-social-box-border-color:var(--awb-color3);--awb-social-box-colors-hover:rgba(232,232,232,0.8);--awb-social-box-border-color-hover:var(--awb-color4);--awb-social-icon-colors-hover:rgba(190,189,189,0.8);\"><div class=\"person-shortcode-image-wrapper\"><div class=\"person-image-container hover-type-none dropshadow person-rounded-overflow\" style=\"-webkit-border-radius:50%;-moz-border-radius:50%;border-radius:50%;border:0px solid #f6f6f6;-webkit-box-shadow: 3px 3px 7px rgba(0,0,0,0.3);box-shadow: 3px 3px 7px rgba(0,0,0,0.3);-webkit-border-radius:50%;-moz-border-radius:50%;border-radius:50%;\"><a href=\"\/fr\/grandes-collaborations-musicales\/rostropovitch\/\" target=\"_self\"><img decoding=\"async\" class=\"person-img img-responsive\" src=\"https:\/\/eugeneistomin.com\/wp-content\/uploads\/2020\/02\/Mstislav-Rostropovitch-300.jpg\" alt=\"Mstislav Rostropovitch\" \/><\/a><\/div><\/div><div class=\"person-desc\"><div class=\"person-author\"><div class=\"person-author-wrapper\"><span class=\"person-name\">Mstislav Rostropovitch<\/span><span class=\"person-title\"><\/span><\/div><\/div><div class=\"person-content fusion-clearfix\"><\/div><\/div><\/div><div class=\"fusion-clearfix\"><\/div><\/div><\/div><\/div><\/div><div class=\"fusion-fullwidth fullwidth-box fusion-builder-row-3 nonhundred-percent-fullwidth non-hundred-percent-height-scrolling\" style=\"--awb-background-position:left top;--awb-border-sizes-top:0px;--awb-border-sizes-bottom:0px;--awb-border-sizes-left:0px;--awb-border-sizes-right:0px;--awb-border-radius-top-left:0px;--awb-border-radius-top-right:0px;--awb-border-radius-bottom-right:0px;--awb-border-radius-bottom-left:0px;--awb-padding-top:20px;--awb-padding-right:0px;--awb-padding-bottom:20px;--awb-padding-left:0px;\" ><div class=\"fusion-builder-row fusion-row\"><div class=\"fusion-layout-column fusion_builder_column fusion-builder-column-5 fusion_builder_column_1_4 1_4 fusion-one-fourth fusion-column-first\" style=\"--awb-bg-blend:overlay;--awb-bg-size:cover;width:22%; margin-right: 4%;\"><div class=\"fusion-column-wrapper fusion-flex-column-wrapper-legacy\"><div class=\"fusion-person person fusion-person-left fusion-person-5 fusion-person-icon-top\" style=\"--awb-pic-style-color:#000000;--awb-pic-borderradius:50%;--awb-margin-top:0px;--awb-margin-right:0px;--awb-margin-bottom:0px;--awb-margin-left:0px;--awb-social-box-border-top:0px;--awb-social-box-border-right:0px;--awb-social-box-border-bottom:0px;--awb-social-box-border-left:0px;--awb-social-box-border-color:var(--awb-color3);--awb-social-box-colors-hover:rgba(232,232,232,0.8);--awb-social-box-border-color-hover:var(--awb-color4);--awb-social-icon-colors-hover:rgba(190,189,189,0.8);\"><div class=\"person-shortcode-image-wrapper\"><div class=\"person-image-container hover-type-none dropshadow person-rounded-overflow\" style=\"-webkit-border-radius:50%;-moz-border-radius:50%;border-radius:50%;border:0px solid #f6f6f6;-webkit-box-shadow: 3px 3px 7px rgba(0,0,0,0.3);box-shadow: 3px 3px 7px rgba(0,0,0,0.3);-webkit-border-radius:50%;-moz-border-radius:50%;border-radius:50%;\"><a href=\"\/fr\/grandes-collaborations-musicales\/chefs-dorchestre\/\" target=\"_self\"><img decoding=\"async\" class=\"person-img img-responsive wp-image-9952\" width=\"300\" height=\"300\" src=\"https:\/\/www.eugeneistomin.com\/wp-content\/uploads\/2020\/03\/Ormandy-11-300.jpg\" alt=\"Chefs d\u2019orchestre\" srcset=\"http:\/\/www.eugeneistomin.com\/wp-content\/uploads\/2020\/03\/Ormandy-11-300-200x200.jpg 200w, http:\/\/www.eugeneistomin.com\/wp-content\/uploads\/2020\/03\/Ormandy-11-300.jpg 300w\" sizes=\"(max-width: 800px) 100vw, 300px\" \/><\/a><\/div><\/div><div class=\"person-desc\"><div class=\"person-author\"><div class=\"person-author-wrapper\"><span class=\"person-name\">Chefs d\u2019orchestre<\/span><span class=\"person-title\"><\/span><\/div><\/div><div class=\"person-content fusion-clearfix\"><\/div><\/div><\/div><div class=\"fusion-clearfix\"><\/div><\/div><\/div><div class=\"fusion-layout-column fusion_builder_column fusion-builder-column-6 fusion_builder_column_1_4 1_4 fusion-one-fourth\" style=\"--awb-bg-blend:overlay;--awb-bg-size:cover;width:22%; margin-right: 4%;\"><div class=\"fusion-column-wrapper fusion-flex-column-wrapper-legacy\"><div class=\"fusion-person person fusion-person-left fusion-person-6 fusion-person-icon-top\" style=\"--awb-pic-style-color:#000000;--awb-pic-borderradius:50%;--awb-margin-top:0px;--awb-margin-right:0px;--awb-margin-bottom:0px;--awb-margin-left:0px;--awb-social-box-border-top:0px;--awb-social-box-border-right:0px;--awb-social-box-border-bottom:0px;--awb-social-box-border-left:0px;--awb-social-box-border-color:var(--awb-color3);--awb-social-box-colors-hover:rgba(232,232,232,0.8);--awb-social-box-border-color-hover:var(--awb-color4);--awb-social-icon-colors-hover:rgba(190,189,189,0.8);\"><div class=\"person-shortcode-image-wrapper\"><div class=\"person-image-container hover-type-none dropshadow person-rounded-overflow\" style=\"-webkit-border-radius:50%;-moz-border-radius:50%;border-radius:50%;border:0px solid #f6f6f6;-webkit-box-shadow: 3px 3px 7px rgba(0,0,0,0.3);box-shadow: 3px 3px 7px rgba(0,0,0,0.3);-webkit-border-radius:50%;-moz-border-radius:50%;border-radius:50%;\"><a href=\"\/fr\/grandes-collaborations-musicales\/pianistes\/\" target=\"_self\"><img decoding=\"async\" class=\"person-img img-responsive wp-image-9946\" width=\"300\" height=\"300\" src=\"https:\/\/www.eugeneistomin.com\/wp-content\/uploads\/2020\/03\/Horowitz-Hands-1-300.jpg\" alt=\"Pianistes\" srcset=\"http:\/\/www.eugeneistomin.com\/wp-content\/uploads\/2020\/03\/Horowitz-Hands-1-300-200x200.jpg 200w, http:\/\/www.eugeneistomin.com\/wp-content\/uploads\/2020\/03\/Horowitz-Hands-1-300.jpg 300w\" sizes=\"(max-width: 800px) 100vw, 300px\" \/><\/a><\/div><\/div><div class=\"person-desc\"><div class=\"person-author\"><div class=\"person-author-wrapper\"><span class=\"person-name\">Pianistes<\/span><span class=\"person-title\"><\/span><\/div><\/div><div class=\"person-content fusion-clearfix\"><\/div><\/div><\/div><div class=\"fusion-clearfix\"><\/div><\/div><\/div><div class=\"fusion-layout-column fusion_builder_column fusion-builder-column-7 fusion_builder_column_1_4 1_4 fusion-one-fourth\" style=\"--awb-bg-blend:overlay;--awb-bg-size:cover;width:22%; margin-right: 4%;\"><div class=\"fusion-column-wrapper fusion-flex-column-wrapper-legacy\"><div class=\"fusion-person person fusion-person-left fusion-person-7 fusion-person-icon-top\" style=\"--awb-pic-style-color:#000000;--awb-pic-borderradius:50%;--awb-margin-top:0px;--awb-margin-right:0px;--awb-margin-bottom:0px;--awb-margin-left:0px;--awb-social-box-border-top:0px;--awb-social-box-border-right:0px;--awb-social-box-border-bottom:0px;--awb-social-box-border-left:0px;--awb-social-box-border-color:var(--awb-color3);--awb-social-box-colors-hover:rgba(232,232,232,0.8);--awb-social-box-border-color-hover:var(--awb-color4);--awb-social-icon-colors-hover:rgba(190,189,189,0.8);\"><div class=\"person-shortcode-image-wrapper\"><div class=\"person-image-container hover-type-none dropshadow person-rounded-overflow\" style=\"-webkit-border-radius:50%;-moz-border-radius:50%;border-radius:50%;border:0px solid #f6f6f6;-webkit-box-shadow: 3px 3px 7px rgba(0,0,0,0.3);box-shadow: 3px 3px 7px rgba(0,0,0,0.3);-webkit-border-radius:50%;-moz-border-radius:50%;border-radius:50%;\"><a href=\"\/fr\/grandes-collaborations-musicales\/violonistes-et-violoncellistes\/\" target=\"_self\"><img decoding=\"async\" class=\"person-img img-responsive wp-image-9949\" width=\"300\" height=\"300\" src=\"https:\/\/www.eugeneistomin.com\/wp-content\/uploads\/2020\/03\/Manche-cello-300.jpg\" alt=\"Violonistes et violoncellistes\" srcset=\"http:\/\/www.eugeneistomin.com\/wp-content\/uploads\/2020\/03\/Manche-cello-300-200x200.jpg 200w, http:\/\/www.eugeneistomin.com\/wp-content\/uploads\/2020\/03\/Manche-cello-300.jpg 300w\" sizes=\"(max-width: 800px) 100vw, 300px\" \/><\/a><\/div><\/div><div class=\"person-desc\"><div class=\"person-author\"><div class=\"person-author-wrapper\"><span class=\"person-name\">Violonistes et violoncellistes<\/span><span class=\"person-title\"><\/span><\/div><\/div><div class=\"person-content fusion-clearfix\"><\/div><\/div><\/div><div class=\"fusion-clearfix\"><\/div><\/div><\/div><div class=\"fusion-layout-column fusion_builder_column fusion-builder-column-8 fusion_builder_column_1_4 1_4 fusion-one-fourth fusion-column-last\" style=\"--awb-bg-blend:overlay;--awb-bg-size:cover;width:22%;\"><div class=\"fusion-column-wrapper fusion-flex-column-wrapper-legacy\"><div class=\"fusion-person person fusion-person-left fusion-person-8 fusion-person-icon-top\" style=\"--awb-pic-style-color:#000000;--awb-pic-borderradius:50%;--awb-margin-top:0px;--awb-margin-right:0px;--awb-margin-bottom:0px;--awb-margin-left:0px;--awb-social-box-border-top:0px;--awb-social-box-border-right:0px;--awb-social-box-border-bottom:0px;--awb-social-box-border-left:0px;--awb-social-box-border-color:var(--awb-color3);--awb-social-box-colors-hover:rgba(232,232,232,0.8);--awb-social-box-border-color-hover:var(--awb-color4);--awb-social-icon-colors-hover:rgba(190,189,189,0.8);\"><div class=\"person-shortcode-image-wrapper\"><div class=\"person-image-container hover-type-none dropshadow person-rounded-overflow\" style=\"-webkit-border-radius:50%;-moz-border-radius:50%;border-radius:50%;border:0px solid #f6f6f6;-webkit-box-shadow: 3px 3px 7px rgba(0,0,0,0.3);box-shadow: 3px 3px 7px rgba(0,0,0,0.3);-webkit-border-radius:50%;-moz-border-radius:50%;border-radius:50%;\"><a href=\"\/fr\/grandes-collaborations-musicales\/divers\/\" target=\"_self\"><img decoding=\"async\" class=\"person-img img-responsive wp-image-9955\" width=\"300\" height=\"300\" src=\"https:\/\/www.eugeneistomin.com\/wp-content\/uploads\/2020\/03\/Vozlinsky-002-300.jpg\" alt=\"Divers\" srcset=\"http:\/\/www.eugeneistomin.com\/wp-content\/uploads\/2020\/03\/Vozlinsky-002-300-200x200.jpg 200w, http:\/\/www.eugeneistomin.com\/wp-content\/uploads\/2020\/03\/Vozlinsky-002-300.jpg 300w\" sizes=\"(max-width: 800px) 100vw, 300px\" \/><\/a><\/div><\/div><div class=\"person-desc\"><div class=\"person-author\"><div class=\"person-author-wrapper\"><span class=\"person-name\">Divers<\/span><span class=\"person-title\"><\/span><\/div><\/div><div class=\"person-content fusion-clearfix\"><\/div><\/div><\/div><div class=\"fusion-clearfix\"><\/div><\/div><\/div><\/div><\/div><\/p>\n","protected":false},"excerpt":{"rendered":"","protected":false},"author":1,"featured_media":0,"parent":0,"menu_order":0,"comment_status":"open","ping_status":"open","template":"","meta":[],"acf":[],"_links":{"self":[{"href":"http:\/\/www.eugeneistomin.com\/fr\/wp-json\/wp\/v2\/pages\/17"}],"collection":[{"href":"http:\/\/www.eugeneistomin.com\/fr\/wp-json\/wp\/v2\/pages"}],"about":[{"href":"http:\/\/www.eugeneistomin.com\/fr\/wp-json\/wp\/v2\/types\/page"}],"author":[{"embeddable":true,"href":"http:\/\/www.eugeneistomin.com\/fr\/wp-json\/wp\/v2\/users\/1"}],"replies":[{"embeddable":true,"href":"http:\/\/www.eugeneistomin.com\/fr\/wp-json\/wp\/v2\/comments?post=17"}],"version-history":[{"count":7,"href":"http:\/\/www.eugeneistomin.com\/fr\/wp-json\/wp\/v2\/pages\/17\/revisions"}],"predecessor-version":[{"id":13783,"href":"http:\/\/www.eugeneistomin.com\/fr\/wp-json\/wp\/v2\/pages\/17\/revisions\/13783"}],"wp:attachment":[{"href":"http:\/\/www.eugeneistomin.com\/fr\/wp-json\/wp\/v2\/media?parent=17"}],"curies":[{"name":"wp","href":"https:\/\/api.w.org\/{rel}","templated":true}]}}