{"id":1517,"date":"2015-11-28T17:38:36","date_gmt":"2015-11-28T16:38:36","guid":{"rendered":"http:\/\/eugeneistomin.com\/?page_id=1517"},"modified":"2020-02-21T23:50:53","modified_gmt":"2020-02-21T22:50:53","slug":"maurice-ravel","status":"publish","type":"page","link":"http:\/\/www.eugeneistomin.com\/fr\/le-musicien\/les-compositeurs-de-predilection\/maurice-ravel\/","title":{"rendered":"Maurice Ravel"},"content":{"rendered":"<div class=\"fusion-fullwidth fullwidth-box fusion-builder-row-1 hundred-percent-fullwidth non-hundred-percent-height-scrolling\" style=\"--awb-border-radius-top-left:0px;--awb-border-radius-top-right:0px;--awb-border-radius-bottom-right:0px;--awb-border-radius-bottom-left:0px;--awb-overflow:visible;\" ><div class=\"fusion-builder-row fusion-row\"><div class=\"fusion-layout-column fusion_builder_column fusion-builder-column-0 fusion_builder_column_1_1 1_1 fusion-one-full fusion-column-first fusion-column-last\" style=\"--awb-bg-size:cover;\"><div class=\"fusion-column-wrapper fusion-flex-column-wrapper-legacy\"><div class=\"fusion-text fusion-text-1\"><div id=\"attachment_955\" style=\"width: 310px\" class=\"wp-caption alignleft\"><a href=\"https:\/\/eugeneistomin.com\/wp-content\/uploads\/2015\/11\/Maurice-Ravel-au-piano-1912.jpg\"><img aria-describedby=\"caption-attachment-955\" decoding=\"async\" class=\"wp-image-955 size-medium\" src=\"https:\/\/eugeneistomin.com\/wp-content\/uploads\/2015\/11\/Maurice-Ravel-au-piano-1912-300x208.jpg\" alt=\"Maurice Ravel au piano (1912)\" width=\"300\" height=\"208\" srcset=\"http:\/\/www.eugeneistomin.com\/wp-content\/uploads\/2015\/11\/Maurice-Ravel-au-piano-1912-300x208.jpg 300w, http:\/\/www.eugeneistomin.com\/wp-content\/uploads\/2015\/11\/Maurice-Ravel-au-piano-1912-1024x709.jpg 1024w, http:\/\/www.eugeneistomin.com\/wp-content\/uploads\/2015\/11\/Maurice-Ravel-au-piano-1912.jpg 1506w\" sizes=\"(max-width: 300px) 100vw, 300px\" \/><\/a><p id=\"caption-attachment-955\" class=\"wp-caption-text\">Maurice Ravel au piano (1912)<\/p><\/div>\n<p class=\"beautify\">Eugene Istomin a longtemps jou\u00e9 <em>Gaspard de la nuit<\/em>, qu\u2019il avait d\u00e9couvert gr\u00e2ce \u00e0 un disque de Gieseking. Il avait m\u00eame demand\u00e9 une traduction des po\u00e8mes en prose d\u2019Aloysius Bertrand \u00e0 Paul Goodman, pour les inclure dans les programmes de ses concerts. Il avait une telle passion pour cette \u0153uvre que lors d\u2019un concert avec le New York Philharmonic, dans l\u2019immense Lewisohn Stadium, il osa jouer <em>Ondine<\/em> en bis apr\u00e8s le <em>Concerto l\u2019Empereur<\/em>\u00a0! Il mit \u00e9galement <em>Gaspard de la nuit<\/em> au programme de deux de ses r\u00e9citals \u00e0 Carnegie Hall, le 20 f\u00e9vrier 1948 et le 8 avril 1964.<br \/>\n<a href=\"https:\/\/eugeneistomin.com\/wp-content\/uploads\/2015\/11\/r\u00e9cital-Gaspard-1964-recto.jpg\"><img decoding=\"async\" class=\" size-medium wp-image-956 alignright\" src=\"https:\/\/eugeneistomin.com\/wp-content\/uploads\/2015\/11\/r\u00e9cital-Gaspard-1964-recto-201x300.jpg\" alt=\"r\u00e9cital Gaspard 1964 recto\" width=\"201\" height=\"300\" srcset=\"http:\/\/www.eugeneistomin.com\/wp-content\/uploads\/2015\/11\/r\u00e9cital-Gaspard-1964-recto-201x300.jpg 201w, http:\/\/www.eugeneistomin.com\/wp-content\/uploads\/2015\/11\/r\u00e9cital-Gaspard-1964-recto-686x1024.jpg 686w, http:\/\/www.eugeneistomin.com\/wp-content\/uploads\/2015\/11\/r\u00e9cital-Gaspard-1964-recto.jpg 1072w\" sizes=\"(max-width: 201px) 100vw, 201px\" \/><\/a>Il joua aussi les <em>Jeux d\u2019eau,<\/em> et les reprit pour lui-m\u00eame dans les ann\u00e9es 80. Cela le \u00ab\u00a0d\u00e9tendait\u00a0\u00bb tandis qu\u2019il travaillait le <em>Quatri\u00e8me Concerto<\/em> de Rachmaninov. M\u00eame s\u2019il ne l\u2019a jamais jou\u00e9 en public, il connaissait bien le <em>Tombeau de Couperin<\/em> et il en fera le sujet de plusieurs master-classes. Les <em>Valses nobles et sentimentales<\/em> lui \u00e9taient \u00e9minemment famili\u00e8res. Il les avait fait travailler \u00e0 son amie Shirley Gabis quand ils \u00e9taient ensemble au Curtis. Elle les jouait tout le temps et il ne voulut pas lui faire de concurrence en les jouant aussi. Il pensait les reprendre un jour, mais il n\u2019en trouva pas l\u2019occasion.<\/p>\n<p><a href=\"https:\/\/eugeneistomin.com\/wp-content\/uploads\/2015\/11\/r\u00e9cital-Carnegie-Hall-Gaspard-1964.jpg\"><img decoding=\"async\" class=\" size-medium wp-image-957 alignleft\" src=\"https:\/\/eugeneistomin.com\/wp-content\/uploads\/2015\/11\/r\u00e9cital-Carnegie-Hall-Gaspard-1964-201x300.jpg\" alt=\"r\u00e9cital Carnegie Hall Gaspard 1964\" width=\"201\" height=\"300\" srcset=\"http:\/\/www.eugeneistomin.com\/wp-content\/uploads\/2015\/11\/r\u00e9cital-Carnegie-Hall-Gaspard-1964-201x300.jpg 201w, http:\/\/www.eugeneistomin.com\/wp-content\/uploads\/2015\/11\/r\u00e9cital-Carnegie-Hall-Gaspard-1964-686x1024.jpg 686w, http:\/\/www.eugeneistomin.com\/wp-content\/uploads\/2015\/11\/r\u00e9cital-Carnegie-Hall-Gaspard-1964.jpg 1072w\" sizes=\"(max-width: 201px) 100vw, 201px\" \/><\/a>Istomin avait\u00a0jou\u00e9 pour la premi\u00e8re fois le <em>Trio<\/em> de Ravel en 1961 \u00e0 Marlboro (avec Arnold Steinhardt et Madeline Foley). Il avait ensuite convaincu Isaac Stern et Leonard Rose de pr\u00e9parer l&rsquo;\u0153uvre pour leurs premiers concerts en Isra\u00ebl quelques semaines plus tard. Ils le jou\u00e8rent r\u00e9guli\u00e8rement dans les ann\u00e9es 60 et en commenc\u00e8rent l\u2019enregistrement. Mais Istomin avait le sentiment que cela ne sonnait pas assez rav\u00e9lien, que cela n\u2019allait pas \u00eatre la version de r\u00e9f\u00e9rence que tout le monde attendait d\u2019eux. Ils renonc\u00e8rent \u00e0 publier le disque et retir\u00e8rent l\u2019\u0153uvre de leur r\u00e9pertoire.<br \/>\nIstomin aimait beaucoup les deux concertos de Ravel, mais il n\u2019envisagea jamais de les jouer. Ce n\u2019\u00e9tait pas une musique o\u00f9 il sentait qu\u2019il aurait eu quelque chose de\u00a0diff\u00e9rent, de vraiment personnel, \u00e0 apporter.<\/p>\n<\/div><div class=\"fusion-title title fusion-title-1 fusion-title-text fusion-title-size-two\"><h2 class=\"title-heading-left fusion-responsive-typography-calculated\" style=\"margin:0;--fontSize:18;--minFontSize:18;line-height:1.5;\"><strong>Document<\/strong><\/h2><span class=\"awb-title-spacer\"><\/span><div class=\"title-sep-container\"><div class=\"title-sep sep- sep-solid\" style=\"border-color:#e0dede;\"><\/div><\/div><\/div><div class=\"fusion-text fusion-text-2\"><p>Gieseking joue <em>Ondine<\/em> (l\u2019enregistrement de 1937 qui permit \u00e0 Istomin de d\u00e9couvrir <em>Gaspard de la nuit<\/em>)<\/p>\n<\/div><div class=\"fusion-video fusion-youtube\" style=\"--awb-max-width:600px;--awb-max-height:350px;\"><div class=\"video-shortcode\"><div class=\"fluid-width-video-wrapper\" style=\"padding-top:58.33%;\" ><iframe title=\"YouTube video player 1\" src=\"https:\/\/www.youtube.com\/embed\/search_quer?wmode=transparent&autoplay=0\" width=\"600\" height=\"350\" allowfullscreen allow=\"autoplay; fullscreen\"><\/iframe><\/div><\/div><\/div><div class=\"fusion-clearfix\"><\/div><\/div><\/div><\/div><\/div>\n","protected":false},"excerpt":{"rendered":"","protected":false},"author":1,"featured_media":0,"parent":325,"menu_order":0,"comment_status":"open","ping_status":"open","template":"","meta":[],"acf":[],"_links":{"self":[{"href":"http:\/\/www.eugeneistomin.com\/fr\/wp-json\/wp\/v2\/pages\/1517"}],"collection":[{"href":"http:\/\/www.eugeneistomin.com\/fr\/wp-json\/wp\/v2\/pages"}],"about":[{"href":"http:\/\/www.eugeneistomin.com\/fr\/wp-json\/wp\/v2\/types\/page"}],"author":[{"embeddable":true,"href":"http:\/\/www.eugeneistomin.com\/fr\/wp-json\/wp\/v2\/users\/1"}],"replies":[{"embeddable":true,"href":"http:\/\/www.eugeneistomin.com\/fr\/wp-json\/wp\/v2\/comments?post=1517"}],"version-history":[{"count":8,"href":"http:\/\/www.eugeneistomin.com\/fr\/wp-json\/wp\/v2\/pages\/1517\/revisions"}],"predecessor-version":[{"id":7570,"href":"http:\/\/www.eugeneistomin.com\/fr\/wp-json\/wp\/v2\/pages\/1517\/revisions\/7570"}],"up":[{"embeddable":true,"href":"http:\/\/www.eugeneistomin.com\/fr\/wp-json\/wp\/v2\/pages\/325"}],"wp:attachment":[{"href":"http:\/\/www.eugeneistomin.com\/fr\/wp-json\/wp\/v2\/media?parent=1517"}],"curies":[{"name":"wp","href":"https:\/\/api.w.org\/{rel}","templated":true}]}}