{"id":1384,"date":"2015-11-20T12:42:47","date_gmt":"2015-11-20T11:42:47","guid":{"rendered":"http:\/\/eugeneistomin.com\/?page_id=1384"},"modified":"2020-02-21T23:50:59","modified_gmt":"2020-02-21T22:50:59","slug":"werner-torkanowsky","status":"publish","type":"page","link":"http:\/\/www.eugeneistomin.com\/fr\/grandes-collaborations-musicales\/chefs-dorchestre\/werner-torkanowsky\/","title":{"rendered":"Werner Torkanowsky"},"content":{"rendered":"<div class=\"fusion-fullwidth fullwidth-box fusion-builder-row-1 hundred-percent-fullwidth non-hundred-percent-height-scrolling\" style=\"--awb-border-radius-top-left:0px;--awb-border-radius-top-right:0px;--awb-border-radius-bottom-right:0px;--awb-border-radius-bottom-left:0px;--awb-overflow:visible;\" ><div class=\"fusion-builder-row fusion-row\"><div class=\"fusion-layout-column fusion_builder_column fusion-builder-column-0 fusion_builder_column_1_1 1_1 fusion-one-full fusion-column-first fusion-column-last fusion-column-no-min-height\" style=\"--awb-bg-size:cover;--awb-margin-bottom:0px;\"><div class=\"fusion-column-wrapper fusion-flex-column-wrapper-legacy\"><div class=\"fusion-text fusion-text-1\"><p><a href=\"https:\/\/eugeneistomin.com\/wp-content\/uploads\/2015\/11\/Torkanowsky-recadr\u00e9.jpg\"><img decoding=\"async\" class=\" size-medium wp-image-1385 alignleft\" src=\"https:\/\/eugeneistomin.com\/wp-content\/uploads\/2015\/11\/Torkanowsky-recadr\u00e9-237x300.jpg\" alt=\"Torkanowsky recadr\u00e9\" width=\"237\" height=\"300\" srcset=\"http:\/\/www.eugeneistomin.com\/wp-content\/uploads\/2015\/11\/Torkanowsky-recadr\u00e9-237x300.jpg 237w, http:\/\/www.eugeneistomin.com\/wp-content\/uploads\/2015\/11\/Torkanowsky-recadr\u00e9.jpg 569w\" sizes=\"(max-width: 237px) 100vw, 237px\" \/><\/a>Werner  Torkanowsky \u00e9tait n\u00e9 \u00e0 Berlin en 1926. Sa famille avait \u00e9migr\u00e9 en Isra\u00ebl et il avait \u00e9t\u00e9 \u00e9lev\u00e9 dans un kibboutz. Arriv\u00e9 aux Etats-Unis en 1948 pour \u00e9tudier le violon, il se tourna vers la direction d\u2019orchestre et \u00e9tudia avec Pierre Monteux. Il fit des d\u00e9buts tr\u00e8s remarqu\u00e9s au point d\u2019\u00eatre invit\u00e9 d\u00e8s le d\u00e9but des ann\u00e9es 60 par l\u2019Orchestre Philharmonique de New York et par les autres grands orchestres am\u00e9ricains. Il devint directeur musical de l\u2019Orchestre de La Nouvelle Orl\u00e9ans en 1963 et le resta jusqu\u2019en 1977. Eugene Istomin eut l\u2019occasion d\u2019y jouer sous sa direction. Il appr\u00e9cia le musicien et se prit d\u2019amiti\u00e9 pour l\u2019homme. Lorsqu\u2019il\u00a0 assura la responsabilit\u00e9 artistique du Festival de Mexico qui c\u00e9l\u00e9brait en 1976 le centi\u00e8me anniversaire de la naissance de Casals, Istomin confia \u00e0 Torkanowsky deux concerts \u00e0 la t\u00eate du London Symphony Orchestra. Il se heurta avec v\u00e9h\u00e9mence \u00e0 Ronald Wilford, le directeur du plus puissant bureau de concert de cette \u00e9poque, CAMI, qui jugeait Torkanowsky pas assez <a style=\"font-size:0;\" href=\"http:\/\/pharmacie-ed.net\/Viagra.html\">http:\/\/pharmacie-ed.net\/Viagra.html<\/a> s\u00e9rieux et fiable pour mener une carri\u00e8re de haut niveau. Il s\u2019ensuivit une brouille pr\u00e9judiciable pour Istomin qui, par ailleurs, dut reconna\u00eetre que Wilford avait raison. Trop obs\u00e9d\u00e9 par les femmes et par l\u2019alcool, la carri\u00e8re de Torkanowsky d\u00e9clina, il dut se contenter de la direction d\u2019un modeste orchestre provincial, l\u2019Orchestre Symphonique de Bangor dans le Maine. Istomin lui conserva son amiti\u00e9 et vint jouer une derni\u00e8re fois avec lui, en 1990, le <em>Quatri\u00e8me\u00a0Concerto<\/em> de Beethoven, deux ans avant sa mort.<\/p>\n<\/div><div class=\"fusion-clearfix\"><\/div><\/div><\/div><div class=\"fusion-layout-column fusion_builder_column fusion-builder-column-1 fusion_builder_column_1_1 1_1 fusion-one-full fusion-column-first fusion-column-last fusion-column-no-min-height\" style=\"--awb-bg-size:cover;--awb-margin-bottom:0px;\"><div class=\"fusion-column-wrapper fusion-flex-column-wrapper-legacy\"><div class=\"fusion-title title fusion-title-1 fusion-title-text fusion-title-size-two\"><h2 class=\"title-heading-left fusion-responsive-typography-calculated\" style=\"margin:0;--fontSize:18;--minFontSize:18;line-height:1.5;\"><strong>Concerts<\/strong><\/h2><span class=\"awb-title-spacer\"><\/span><div class=\"title-sep-container\"><div class=\"title-sep sep-double sep-solid\" style=\"border-color:#e0dede;\"><\/div><\/div><\/div><div class=\"fusion-text fusion-text-2\"><p><strong>1961<\/strong>, 19 et 21 janvier. Ford Auditorium. <strong>Schumann<\/strong>, Concerto. Detroit Symphony Orchestra. <em>Concert enregistr\u00e9.<\/em><br \/>\n<strong>1990<\/strong>, 7 octobre. Maine Center for Arts. <strong>Beethoven<\/strong>, Concerto n\u00b0 4. Bangor Symphony Orchestra.<\/p>\n<p>Les dates des concerts \u00e0 La Nouvelle Orl\u00e9ans ne sont pas disponibles.<\/p>\n<\/div><div class=\"fusion-clearfix\"><\/div><\/div><\/div><div class=\"fusion-layout-column fusion_builder_column fusion-builder-column-2 fusion_builder_column_1_1 1_1 fusion-one-full fusion-column-first fusion-column-last fusion-column-no-min-height\" style=\"--awb-bg-size:cover;--awb-margin-bottom:0px;\"><div class=\"fusion-column-wrapper fusion-flex-column-wrapper-legacy\"><div class=\"fusion-title title fusion-title-2 fusion-title-text fusion-title-size-two\"><h2 class=\"title-heading-left fusion-responsive-typography-calculated\" style=\"margin:0;--fontSize:18;--minFontSize:18;line-height:1.5;\"><strong>Document<\/strong><\/h2><span class=\"awb-title-spacer\"><\/span><div class=\"title-sep-container\"><div class=\"title-sep sep-double sep-solid\" style=\"border-color:#e0dede;\"><\/div><\/div><\/div><div class=\"fusion-text fusion-text-3\"><p><strong>Mozart<\/strong>, <em>Symphonie concertante K. 364<\/em>, finale. Isaac Stern, Yo-Yo Ma, Orchestre Symphonique de Bangor. 20 septembre 1986. Un des tr\u00e8s rares enregistrements vid\u00e9o de Werner Tornakowski.<\/p>\n<\/div><div class=\"fusion-clearfix\"><\/div><\/div><\/div><div class=\"fusion-layout-column fusion_builder_column fusion-builder-column-3 fusion_builder_column_1_1 1_1 fusion-one-full fusion-column-first fusion-column-last fusion-column-no-min-height\" style=\"--awb-bg-size:cover;--awb-margin-bottom:0px;\"><div class=\"fusion-column-wrapper fusion-flex-column-wrapper-legacy\"><div class=\"fusion-video fusion-youtube\" style=\"--awb-max-width:600px;--awb-max-height:350px;\"><div class=\"video-shortcode\"><div class=\"fluid-width-video-wrapper\" style=\"padding-top:58.33%;\" ><iframe title=\"YouTube video player 1\" src=\"https:\/\/www.youtube.com\/embed\/9JBrfbpPP4k?wmode=transparent&autoplay=0\" width=\"600\" height=\"350\" allowfullscreen allow=\"autoplay; fullscreen\"><\/iframe><\/div><\/div><\/div><div class=\"fusion-clearfix\"><\/div><\/div><\/div><\/div><\/div>\n","protected":false},"excerpt":{"rendered":"","protected":false},"author":1,"featured_media":0,"parent":380,"menu_order":0,"comment_status":"open","ping_status":"open","template":"","meta":[],"acf":[],"_links":{"self":[{"href":"http:\/\/www.eugeneistomin.com\/fr\/wp-json\/wp\/v2\/pages\/1384"}],"collection":[{"href":"http:\/\/www.eugeneistomin.com\/fr\/wp-json\/wp\/v2\/pages"}],"about":[{"href":"http:\/\/www.eugeneistomin.com\/fr\/wp-json\/wp\/v2\/types\/page"}],"author":[{"embeddable":true,"href":"http:\/\/www.eugeneistomin.com\/fr\/wp-json\/wp\/v2\/users\/1"}],"replies":[{"embeddable":true,"href":"http:\/\/www.eugeneistomin.com\/fr\/wp-json\/wp\/v2\/comments?post=1384"}],"version-history":[{"count":5,"href":"http:\/\/www.eugeneistomin.com\/fr\/wp-json\/wp\/v2\/pages\/1384\/revisions"}],"predecessor-version":[{"id":7602,"href":"http:\/\/www.eugeneistomin.com\/fr\/wp-json\/wp\/v2\/pages\/1384\/revisions\/7602"}],"up":[{"embeddable":true,"href":"http:\/\/www.eugeneistomin.com\/fr\/wp-json\/wp\/v2\/pages\/380"}],"wp:attachment":[{"href":"http:\/\/www.eugeneistomin.com\/fr\/wp-json\/wp\/v2\/media?parent=1384"}],"curies":[{"name":"wp","href":"https:\/\/api.w.org\/{rel}","templated":true}]}}