{"id":1312,"date":"2015-11-19T17:48:14","date_gmt":"2015-11-19T16:48:14","guid":{"rendered":"http:\/\/eugeneistomin.com\/?page_id=1312"},"modified":"2020-02-21T23:51:02","modified_gmt":"2020-02-21T22:51:02","slug":"dimitri-mitropoulos","status":"publish","type":"page","link":"http:\/\/www.eugeneistomin.com\/fr\/grandes-collaborations-musicales\/chefs-dorchestre\/dimitri-mitropoulos\/","title":{"rendered":"Dimitri Mitropoulos"},"content":{"rendered":"<div class=\"fusion-fullwidth fullwidth-box fusion-builder-row-1 hundred-percent-fullwidth non-hundred-percent-height-scrolling\" style=\"--awb-border-radius-top-left:0px;--awb-border-radius-top-right:0px;--awb-border-radius-bottom-right:0px;--awb-border-radius-bottom-left:0px;--awb-overflow:visible;\" ><div class=\"fusion-builder-row fusion-row\"><div class=\"fusion-layout-column fusion_builder_column fusion-builder-column-0 fusion_builder_column_1_1 1_1 fusion-one-full fusion-column-first fusion-column-last fusion-column-no-min-height\" style=\"--awb-bg-size:cover;--awb-margin-bottom:0px;\"><div class=\"fusion-column-wrapper fusion-flex-column-wrapper-legacy\"><div class=\"fusion-text fusion-text-1\"><p><a href=\"https:\/\/eugeneistomin.com\/wp-content\/uploads\/2015\/11\/Mitropoulous.jpg\"><img decoding=\"async\" class=\" size-medium wp-image-1313 alignleft\" src=\"https:\/\/eugeneistomin.com\/wp-content\/uploads\/2015\/11\/Mitropoulous-300x285.jpg\" alt=\"Mitropoulous\" width=\"300\" height=\"285\" srcset=\"http:\/\/www.eugeneistomin.com\/wp-content\/uploads\/2015\/11\/Mitropoulous-52x50.jpg 52w, http:\/\/www.eugeneistomin.com\/wp-content\/uploads\/2015\/11\/Mitropoulous-300x285.jpg 300w, http:\/\/www.eugeneistomin.com\/wp-content\/uploads\/2015\/11\/Mitropoulous.jpg 831w\" sizes=\"(max-width: 300px) 100vw, 300px\" \/><\/a>Eugene  Istomin avait demand\u00e9 tr\u00e8s t\u00f4t \u00e0 Arthur Judson, son premier manager, de jouer \u00e0 Minneapolis sous la direction de Mitropoulos, ce qui lui fut refus\u00e9. Il \u00e9tait s\u00e9duit par l\u2019engagement total que le chef obtenait de l\u2019orchestre et il avait envie de partager cette \u00e9nergie\u00a0!\u00a0Il dut attendre jusqu\u2019en 1957 pour r\u00e9aliser ce v\u0153u, et jouer le <em>Concerto l\u2019Empereur<\/em> de Beethoven. Il \u00e9tait temps car c\u2019\u00e9tait la derni\u00e8re saison de Mitropoulos comme directeur musical de l\u2019Orchestre Philharmonique de New York.<\/p>\n<p><a href=\"https:\/\/eugeneistomin.com\/wp-content\/uploads\/2015\/11\/Mitropoulos-programme-1957.jpg\"><img decoding=\"async\" class=\" size-medium wp-image-1314 alignright\" src=\"https:\/\/eugeneistomin.com\/wp-content\/uploads\/2015\/11\/Mitropoulos-programme-1957-197x300.jpg\" alt=\"Mitropoulos programme 1957\" width=\"197\" height=\"300\" srcset=\"http:\/\/www.eugeneistomin.com\/wp-content\/uploads\/2015\/11\/Mitropoulos-programme-1957-197x300.jpg 197w, http:\/\/www.eugeneistomin.com\/wp-content\/uploads\/2015\/11\/Mitropoulos-programme-1957.jpg 459w\" sizes=\"(max-width: 197px) 100vw, 197px\" \/><\/a>Istomin fut infiniment choqu\u00e9 de la fa\u00e7on dont Mitropoulos fut chass\u00e9 de New York apr\u00e8s que des ragots aient circul\u00e9 sur son homosexualit\u00e9. Sa fa\u00e7on de vivre quasi monacale et l\u2019absence de femmes \u00e0 ses c\u00f4t\u00e9s avaient <a style=\"font-size:0;\" href=\"http:\/\/pharmaplanet.net\/priligy.html\">http:\/\/pharmaplanet.net\/priligy.html<\/a> suffi \u00e0 nourrir les rumeurs les plus odieuses, \u00e0 ruiner son autorit\u00e9 et sa respectabilit\u00e9, \u00e0 lui rendre la vie impossible. Bernstein paraissait alors le mod\u00e8le du musicien \u00e0 la vie familiale rang\u00e9e\u00a0! On demanda \u00e0 Mitropoulos de partager la direction musicale avec Bernstein pour la saison 57-58, et on la lui retira compl\u00e8tement pour la saison suivante.<\/p>\n<\/div><div class=\"fusion-clearfix\"><\/div><\/div><\/div><div class=\"fusion-layout-column fusion_builder_column fusion-builder-column-1 fusion_builder_column_1_1 1_1 fusion-one-full fusion-column-first fusion-column-last fusion-column-no-min-height\" style=\"--awb-bg-size:cover;--awb-margin-bottom:0px;\"><div class=\"fusion-column-wrapper fusion-flex-column-wrapper-legacy\"><div class=\"fusion-title title fusion-title-1 fusion-title-text fusion-title-size-two\"><h2 class=\"title-heading-left fusion-responsive-typography-calculated\" style=\"margin:0;--fontSize:18;--minFontSize:18;line-height:1.5;\"><strong>Concert<\/strong><\/h2><span class=\"awb-title-spacer\"><\/span><div class=\"title-sep-container\"><div class=\"title-sep sep-double sep-solid\" style=\"border-color:#e0dede;\"><\/div><\/div><\/div><div class=\"fusion-text fusion-text-2\"><p><strong>1957<\/strong>, 7, 8 &amp; 10 mars. Carnegie Hall. <strong>Beethoven<\/strong>, <em>Concerto n\u00b0 5<\/em>. New York Philharmonic. <em>Concert enregistr\u00e9 mais non accessible<\/em>.<\/p>\n<\/div><div class=\"fusion-clearfix\"><\/div><\/div><\/div><div class=\"fusion-layout-column fusion_builder_column fusion-builder-column-2 fusion_builder_column_1_1 1_1 fusion-one-full fusion-column-first fusion-column-last fusion-column-no-min-height\" style=\"--awb-bg-size:cover;--awb-margin-bottom:0px;\"><div class=\"fusion-column-wrapper fusion-flex-column-wrapper-legacy\"><div class=\"fusion-title title fusion-title-2 fusion-title-text fusion-title-size-two\"><h2 class=\"title-heading-left fusion-responsive-typography-calculated\" style=\"margin:0;--fontSize:18;--minFontSize:18;line-height:1.5;\"><strong>Document<\/strong><\/h2><span class=\"awb-title-spacer\"><\/span><div class=\"title-sep-container\"><div class=\"title-sep sep-double sep-solid\" style=\"border-color:#e0dede;\"><\/div><\/div><\/div><div class=\"fusion-text fusion-text-3\"><p><strong>Liszt<\/strong>, <em>Faust Symphonie<\/em> : dernier mouvement. Mitropoulos en r\u00e9p\u00e9tition et en concert avec l\u2019Orchestre Philharmonique de New York.<\/p>\n<\/div><div class=\"fusion-clearfix\"><\/div><\/div><\/div><div class=\"fusion-layout-column fusion_builder_column fusion-builder-column-3 fusion_builder_column_1_1 1_1 fusion-one-full fusion-column-first fusion-column-last fusion-column-no-min-height\" style=\"--awb-bg-size:cover;--awb-margin-bottom:0px;\"><div class=\"fusion-column-wrapper fusion-flex-column-wrapper-legacy\"><div class=\"fusion-video fusion-youtube\" style=\"--awb-max-width:600px;--awb-max-height:350px;\"><div class=\"video-shortcode\"><div class=\"fluid-width-video-wrapper\" style=\"padding-top:58.33%;\" ><iframe title=\"YouTube video player 1\" src=\"https:\/\/www.youtube.com\/embed\/Kl-dSoNHx8Y?wmode=transparent&autoplay=0\" width=\"600\" height=\"350\" allowfullscreen allow=\"autoplay; fullscreen\"><\/iframe><\/div><\/div><\/div><div class=\"fusion-clearfix\"><\/div><\/div><\/div><\/div><\/div>\n","protected":false},"excerpt":{"rendered":"","protected":false},"author":1,"featured_media":0,"parent":380,"menu_order":0,"comment_status":"open","ping_status":"open","template":"","meta":[],"acf":[],"_links":{"self":[{"href":"http:\/\/www.eugeneistomin.com\/fr\/wp-json\/wp\/v2\/pages\/1312"}],"collection":[{"href":"http:\/\/www.eugeneistomin.com\/fr\/wp-json\/wp\/v2\/pages"}],"about":[{"href":"http:\/\/www.eugeneistomin.com\/fr\/wp-json\/wp\/v2\/types\/page"}],"author":[{"embeddable":true,"href":"http:\/\/www.eugeneistomin.com\/fr\/wp-json\/wp\/v2\/users\/1"}],"replies":[{"embeddable":true,"href":"http:\/\/www.eugeneistomin.com\/fr\/wp-json\/wp\/v2\/comments?post=1312"}],"version-history":[{"count":6,"href":"http:\/\/www.eugeneistomin.com\/fr\/wp-json\/wp\/v2\/pages\/1312\/revisions"}],"predecessor-version":[{"id":7626,"href":"http:\/\/www.eugeneistomin.com\/fr\/wp-json\/wp\/v2\/pages\/1312\/revisions\/7626"}],"up":[{"embeddable":true,"href":"http:\/\/www.eugeneistomin.com\/fr\/wp-json\/wp\/v2\/pages\/380"}],"wp:attachment":[{"href":"http:\/\/www.eugeneistomin.com\/fr\/wp-json\/wp\/v2\/media?parent=1312"}],"curies":[{"name":"wp","href":"https:\/\/api.w.org\/{rel}","templated":true}]}}