{"id":13,"date":"2015-07-13T15:39:28","date_gmt":"2015-07-13T14:39:28","guid":{"rendered":"http:\/\/eugeneistomin.com\/?page_id=13"},"modified":"2023-02-26T21:59:44","modified_gmt":"2023-02-26T20:59:44","slug":"le-musicien","status":"publish","type":"page","link":"http:\/\/www.eugeneistomin.com\/fr\/le-musicien\/","title":{"rendered":"Le musicien"},"content":{"rendered":"<div class=\"fusion-fullwidth fullwidth-box fusion-builder-row-1 hundred-percent-fullwidth non-hundred-percent-height-scrolling\" style=\"--awb-border-radius-top-left:0px;--awb-border-radius-top-right:0px;--awb-border-radius-bottom-right:0px;--awb-border-radius-bottom-left:0px;--awb-overflow:visible;\" ><div class=\"fusion-builder-row fusion-row\"><div class=\"fusion-layout-column fusion_builder_column fusion-builder-column-0 fusion_builder_column_1_1 1_1 fusion-one-full fusion-column-first fusion-column-last fusion-column-no-min-height\" style=\"--awb-bg-size:cover;--awb-margin-bottom:0px;\"><div class=\"fusion-column-wrapper fusion-flex-column-wrapper-legacy\"><div class=\"fusion-text fusion-text-1\"><p>Ce grand chapitre est un parcours dans l\u2019univers musical de Eugene Istomin. On y trouve l\u2019\u00e9vocation de sa carri\u00e8re et de ses relations avec ses compositeurs de pr\u00e9dilection, mais aussi tous les aspects de son activit\u00e9 et de sa personnalit\u00e9 musicale : jouer du piano, interpr\u00e9ter, donner des concerts, enregistrer, enseigner\u2026<\/p>\n<p>En guise d\u2019introduction, voici quelques phrases saisies au fil de diverses interviews, qui sont autant de cl\u00e9s pour p\u00e9n\u00e9trer cet univers.<\/p>\n<p><strong>Qu\u2019est-ce que la musique\u00a0?<\/strong> \u00ab\u00a0C\u2019est une construction qui mobilise toute notre conscience. C\u2019est un langage \u2013 m\u00e9lodie, harmonie, rythme, inflexions \u2013 qui est mis en forme, et chaque phrase \u00e9voque a une signification compl\u00e8te, beaucoup plus riche qu\u2019avec des mots. Un pianiste doit \u00eatre un acteur, un architecte, un acrobate, un pr\u00e9dicateur, et un po\u00e8te.\u00a0\u00bb<\/p>\n<p><strong>Que faut-il pour \u00eatre un bon pianiste?<\/strong> \u00ab\u00a0Une oreille sensible (qui va avec une sensibilit\u00e9 g\u00e9n\u00e9rale, le go\u00fbt et l\u2019intelligence), une d\u00e9termination et une discipline pouss\u00e9es \u00e0 l\u2019extr\u00eame. Mais la motivation la plus importante, de loin, est d\u2019avoir quelque chose \u00e0 dire aux gens.\u00a0\u00bb<\/p>\n<p><strong>Le choix du r\u00e9pertoire<\/strong>\u00a0: \u00ab\u00a0Je dois croire, je dois avoir l\u2019illusion, qu\u2019une \u0153uvre a besoin de moi, et que j\u2019y ai quelque chose de sp\u00e9cial d\u2019unique \u00e0 dire. Il y a quantit\u00e9 d\u2019\u0153uvres que j\u2019admire mais que d\u2019autres pianistes jouent tr\u00e8s bien\u2026<\/p>\n<p><strong>L\u2019intuition<\/strong>\u00a0: \u00ab\u00a0J\u2019ai toujours r\u00e9agi \u00e0 la musique de fa\u00e7on intuitive et cela n\u2019a jamais chang\u00e9.\u00a0\u00bb<\/p>\n<p><strong>La sonorit\u00e9<\/strong>\u00a0: \u00ab\u00a0La sonorit\u00e9 est la signature du musicien.\u00a0\u00bb<\/p>\n<p><strong>Musique et\u00a0virtuosit\u00e9<\/strong>\u00a0: \u00ab\u00a0Je me d\u00e9finis comme un musicien virtuose, ce qui est une esp\u00e8ce rare.\u00a0\u00bb<\/p>\n<p><strong>L\u2019obsession du chant<\/strong>\u00a0: \u00ab\u00a0Lorsque je joue du piano, je pense avant toute chose \u00e0 chanter.\u00a0\u00bb<\/p>\n<p><strong>L\u2019interpr\u00e9tation<\/strong>\u00a0: \u00ab\u00a0L\u2019objectif essentiel est la clarification. Quand vous \u00e9tudiez une \u0153uvre vous apportez tout ce qu\u2019un \u00eatre humain peut lui apporter, intellectuellement et \u00e9motionnellement. Vous mettez toute votre conscience au service de vos capacit\u00e9s. Il y a ensuite un processus de simplification, d\u2019\u00e9th\u00e9rification, pour arriver \u00e0 la communiquer au public avec la plus grande clart\u00e9 possible.\u00a0\u00bb<\/p>\n<p><strong>La sobri\u00e9t\u00e9 du jeu\u00a0: <\/strong>\u00ab\u00a0Ce que je fais musicalement est tr\u00e8s dramatique, \u00e9motionnel, engag\u00e9 et passionn\u00e9, mais ext\u00e9rieurement j\u2019aime donner l\u2019impression que je ne suis que le r\u00e9ceptacle, que je ne suis pas un com\u00e9dien. Ce que je communique doit venir des notes, pas de mimiques ni de grimaces.\u00a0\u00bb<\/p>\n<\/div><div class=\"fusion-clearfix\"><\/div><\/div><\/div><\/div><\/div>\n","protected":false},"excerpt":{"rendered":"","protected":false},"author":1,"featured_media":0,"parent":0,"menu_order":0,"comment_status":"open","ping_status":"open","template":"","meta":[],"acf":[],"_links":{"self":[{"href":"http:\/\/www.eugeneistomin.com\/fr\/wp-json\/wp\/v2\/pages\/13"}],"collection":[{"href":"http:\/\/www.eugeneistomin.com\/fr\/wp-json\/wp\/v2\/pages"}],"about":[{"href":"http:\/\/www.eugeneistomin.com\/fr\/wp-json\/wp\/v2\/types\/page"}],"author":[{"embeddable":true,"href":"http:\/\/www.eugeneistomin.com\/fr\/wp-json\/wp\/v2\/users\/1"}],"replies":[{"embeddable":true,"href":"http:\/\/www.eugeneistomin.com\/fr\/wp-json\/wp\/v2\/comments?post=13"}],"version-history":[{"count":6,"href":"http:\/\/www.eugeneistomin.com\/fr\/wp-json\/wp\/v2\/pages\/13\/revisions"}],"predecessor-version":[{"id":13781,"href":"http:\/\/www.eugeneistomin.com\/fr\/wp-json\/wp\/v2\/pages\/13\/revisions\/13781"}],"wp:attachment":[{"href":"http:\/\/www.eugeneistomin.com\/fr\/wp-json\/wp\/v2\/media?parent=13"}],"curies":[{"name":"wp","href":"https:\/\/api.w.org\/{rel}","templated":true}]}}