{"id":1228,"date":"2015-11-19T12:52:04","date_gmt":"2015-11-19T11:52:04","guid":{"rendered":"http:\/\/eugeneistomin.com\/?page_id=1228"},"modified":"2020-02-21T23:51:05","modified_gmt":"2020-02-21T22:51:05","slug":"james-conlon","status":"publish","type":"page","link":"http:\/\/www.eugeneistomin.com\/fr\/grandes-collaborations-musicales\/chefs-dorchestre\/james-conlon\/","title":{"rendered":"James Conlon"},"content":{"rendered":"<div class=\"fusion-fullwidth fullwidth-box fusion-builder-row-1 hundred-percent-fullwidth non-hundred-percent-height-scrolling\" style=\"--awb-border-radius-top-left:0px;--awb-border-radius-top-right:0px;--awb-border-radius-bottom-right:0px;--awb-border-radius-bottom-left:0px;--awb-overflow:visible;\" ><div class=\"fusion-builder-row fusion-row\"><div class=\"fusion-layout-column fusion_builder_column fusion-builder-column-0 fusion_builder_column_1_1 1_1 fusion-one-full fusion-column-first fusion-column-last\" style=\"--awb-bg-size:cover;\"><div class=\"fusion-column-wrapper fusion-flex-column-wrapper-legacy\"><div class=\"fusion-text fusion-text-1\"><p><a href=\"https:\/\/eugeneistomin.com\/wp-content\/uploads\/2015\/10\/Conlon.-Photo-Erato-Jacques-Sarrat-001.jpg\"><img decoding=\"async\" class=\" size-medium wp-image-596 alignleft\" src=\"https:\/\/eugeneistomin.com\/wp-content\/uploads\/2015\/10\/Conlon.-Photo-Erato-Jacques-Sarrat-001-300x275.jpg\" alt=\"Conlon. Photo Erato Jacques Sarrat 001\" width=\"300\" height=\"275\" srcset=\"http:\/\/www.eugeneistomin.com\/wp-content\/uploads\/2015\/10\/Conlon.-Photo-Erato-Jacques-Sarrat-001-300x275.jpg 300w, http:\/\/www.eugeneistomin.com\/wp-content\/uploads\/2015\/10\/Conlon.-Photo-Erato-Jacques-Sarrat-001-1024x939.jpg 1024w, http:\/\/www.eugeneistomin.com\/wp-content\/uploads\/2015\/10\/Conlon.-Photo-Erato-Jacques-Sarrat-001.jpg 3228w\" sizes=\"(max-width: 300px) 100vw, 300px\" \/><\/a><\/p>\n<p class=\"beautify\">Lorsqu\u2019Istomin  voulut conclure ses <em>Grandes Conversation en Musique<\/em> \u00e0 la <em>Library of Congress<\/em> par les chefs d\u2019orchestre, il renon\u00e7a \u00e0 pr\u00e9senter un panel aussi prestigieux que celui qu\u2019il avait r\u00e9uni pour les pianistes, les violonistes et les violoncellistes, ou les compositeurs. Les chefs d\u2019orchestre sont continuellement entra\u00een\u00e9s dans le tourbillon des r\u00e9p\u00e9titions, des concerts ou des productions d\u2019op\u00e9ra. Il s\u2019av\u00e9rait impossible de les avoir ensemble autour d\u2019une table. Alors Istomin d\u00e9cida de faire trois interviews successives. Il choisit deux chefs de l\u2019ancienne g\u00e9n\u00e9ration, Mstislav Rostropovitch et Zubin Mehta, et un autre, sensiblement plus jeune, m\u00eame s\u2019il avait commenc\u00e9 sa carri\u00e8re tr\u00e8s t\u00f4t, James Conlon. Bien que se connaissant depuis fort longtemps, Istomin et Conlon n\u2019avaient jamais eu l\u2019occasion de donner des concerts ensemble.<\/p>\n<p>Dans cette <em>Conversation<\/em>, accessible sur le site de la <em>Library of Congress<\/em>, Conlon \u00e9voque\u00a0tout d&rsquo;abord son enfance dans une famille de musiciens et sa d\u00e9couverte \u00e9merveill\u00e9e de l\u2019op\u00e9ra. Puis il avoue que sa vocation de chef d\u2019orchestre \u00e9tait venue de ses pi\u00e8tres talents de chanteur. Puisqu\u2019il ne pouvait pas chanter d\u2019op\u00e9ras, il allait les diriger\u00a0! Il reconnait volontiers que les orchestres d\u2019aujourd\u2019hui se sont \u00ab\u00a0standardis\u00e9s\u00a0\u00bb. Il croit le ph\u00e9nom\u00e8ne in\u00e9vitable, et pour ainsi dire normal. Cela va de pair avec la disparition des dialectes et des langues confidentielles. Par ailleurs, les musiciens du pass\u00e9 vivaient tr\u00e8s isol\u00e9s, et il n\u2019y avait pas d\u2019enregistrement. Faute de contacts, chaque orchestre \u00e9tait en quelque sorte enferm\u00e9 dans sa tradition.<\/p>\n<p>Conlon se r\u00e9jouit que la musique classique connaisse une grande vogue au Japon, et maintenant en Cor\u00e9e et en Chine. A l\u2019instar d\u2019Istomin, il est convaincu que l\u2019art, la litt\u00e9rature et la musique sont essentiels dans la vie des hommes, et que ces arts sont en danger \u00e0 cause\u00a0de la commercialisation et de la course au profit.\u00a0Il reste optimiste car, dans toutes les civilisations, l\u2019art et les artistes ont\u00a0toujours su trouver leur chemin pour s\u2019exprimer,\u00a0m\u00eame\u00a0dans des milieux tr\u00e8s d\u00e9favorables. Il donne l\u2019exemple des peintres de la Renaissance, qui \u00e9taient oblig\u00e9s de ne peindre que des sujets religieux et de respecter des codes tr\u00e8s restrictifs mais qui\u00a0ont su les d\u00e9passer. Il cite \u00e9galement Stravinsky, qui a prouv\u00e9 que l\u2019art pouvait na\u00eetre du compromis. Conlon est persuad\u00e9 que si les jeunes occidentaux n\u2019aiment pas la musique classique, c\u2019est qu\u2019ils n\u2019ont pas eu l\u2019opportunit\u00e9 d\u2019\u00eatre en contact avec elle dans de bonnes conditions.<\/p>\n<p>Interrog\u00e9 sur la cr\u00e9ation contemporaine, James Conlon rappelle que les commandes et les premi\u00e8res auditions sont certes importantes. Mais il croit qu\u2019il est encore plus important aujourd\u2019hui de donner une deuxi\u00e8me, une\u00a0troisi\u00e8me ou une quatri\u00e8me audition des \u0153uvres qui le m\u00e9ritent.<\/p>\n<p><strong>DOCUMENTS<\/strong><\/p>\n<p><strong>Grandes Conversations en musique<\/strong>. James Conlon et Eugene Istomin. Library of Congress : https:\/\/www.loc.gov\/item\/ihas.200031104<\/p>\n<p><strong>Dimitri Chostakovitch.<\/strong> <em>Suite de Lady MacBeth de Mtsensk<\/em>, arrang\u00e9e et dirig\u00e9e par James Conlon. R\u00e9p\u00e9tition avec l&rsquo;Orchestre de Paris en avril <\/p>\n<\/div><div class=\"fusion-video fusion-youtube\" style=\"--awb-max-width:600px;--awb-max-height:350px;\"><div class=\"video-shortcode\"><div class=\"fluid-width-video-wrapper\" style=\"padding-top:58.33%;\" ><iframe title=\"YouTube video player 1\" src=\"https:\/\/www.youtube.com\/embed\/SKV9f3X_fhM?wmode=transparent&autoplay=0\" width=\"600\" height=\"350\" allowfullscreen allow=\"autoplay; fullscreen\"><\/iframe><\/div><\/div><\/div><div class=\"fusion-clearfix\"><\/div><\/div><\/div><div class=\"fusion-layout-column fusion_builder_column fusion-builder-column-1 fusion_builder_column_1_1 1_1 fusion-one-full fusion-column-first fusion-column-last fusion-column-no-min-height\" style=\"--awb-bg-size:cover;--awb-margin-bottom:0px;\"><div class=\"fusion-column-wrapper fusion-flex-column-wrapper-legacy\"><div class=\"fusion-text fusion-text-2\"><\/div>\n<p>&nbsp;<div class=\"fusion-clearfix\"><\/div><\/div><\/div><\/div><\/div>\n","protected":false},"excerpt":{"rendered":"","protected":false},"author":1,"featured_media":0,"parent":380,"menu_order":0,"comment_status":"open","ping_status":"open","template":"","meta":[],"acf":[],"_links":{"self":[{"href":"http:\/\/www.eugeneistomin.com\/fr\/wp-json\/wp\/v2\/pages\/1228"}],"collection":[{"href":"http:\/\/www.eugeneistomin.com\/fr\/wp-json\/wp\/v2\/pages"}],"about":[{"href":"http:\/\/www.eugeneistomin.com\/fr\/wp-json\/wp\/v2\/types\/page"}],"author":[{"embeddable":true,"href":"http:\/\/www.eugeneistomin.com\/fr\/wp-json\/wp\/v2\/users\/1"}],"replies":[{"embeddable":true,"href":"http:\/\/www.eugeneistomin.com\/fr\/wp-json\/wp\/v2\/comments?post=1228"}],"version-history":[{"count":9,"href":"http:\/\/www.eugeneistomin.com\/fr\/wp-json\/wp\/v2\/pages\/1228\/revisions"}],"predecessor-version":[{"id":7644,"href":"http:\/\/www.eugeneistomin.com\/fr\/wp-json\/wp\/v2\/pages\/1228\/revisions\/7644"}],"up":[{"embeddable":true,"href":"http:\/\/www.eugeneistomin.com\/fr\/wp-json\/wp\/v2\/pages\/380"}],"wp:attachment":[{"href":"http:\/\/www.eugeneistomin.com\/fr\/wp-json\/wp\/v2\/media?parent=1228"}],"curies":[{"name":"wp","href":"https:\/\/api.w.org\/{rel}","templated":true}]}}