{"id":1219,"date":"2015-11-19T12:42:50","date_gmt":"2015-11-19T11:42:50","guid":{"rendered":"http:\/\/eugeneistomin.com\/?page_id=1219"},"modified":"2020-02-21T23:51:07","modified_gmt":"2020-02-21T22:51:07","slug":"josef-krips","status":"publish","type":"page","link":"http:\/\/www.eugeneistomin.com\/fr\/grandes-collaborations-musicales\/chefs-dorchestre\/josef-krips\/","title":{"rendered":"Josef Krips"},"content":{"rendered":"<div class=\"fusion-fullwidth fullwidth-box fusion-builder-row-1 hundred-percent-fullwidth non-hundred-percent-height-scrolling\" style=\"--awb-border-radius-top-left:0px;--awb-border-radius-top-right:0px;--awb-border-radius-bottom-right:0px;--awb-border-radius-bottom-left:0px;--awb-overflow:visible;\" ><div class=\"fusion-builder-row fusion-row\"><div class=\"fusion-layout-column fusion_builder_column fusion-builder-column-0 fusion_builder_column_1_1 1_1 fusion-one-full fusion-column-first fusion-column-last\" style=\"--awb-bg-size:cover;\"><div class=\"fusion-column-wrapper fusion-flex-column-wrapper-legacy\"><div class=\"fusion-text fusion-text-1\"><p><a href=\"https:\/\/eugeneistomin.com\/wp-content\/uploads\/2015\/10\/Krips-au-piano-1954.jpg\"><img decoding=\"async\" class=\" size-medium wp-image-612 alignleft\" src=\"https:\/\/eugeneistomin.com\/wp-content\/uploads\/2015\/10\/Krips-au-piano-1954-300x237.jpg\" alt=\"Krips au piano (1954)\" width=\"300\" height=\"237\" srcset=\"http:\/\/www.eugeneistomin.com\/wp-content\/uploads\/2015\/10\/Krips-au-piano-1954-300x237.jpg 300w, http:\/\/www.eugeneistomin.com\/wp-content\/uploads\/2015\/10\/Krips-au-piano-1954.jpg 550w\" sizes=\"(max-width: 300px) 100vw, 300px\" \/><\/a><\/p>\n<p class=\"beautify\">Dans  une interview au <em>Los Angeles Times<\/em> en 1970, juste avant un concert au Hollywood Bowl sous la direction de Krips, Istomin d\u00e9clarait : \u201c Je crois que je suis vraiment un musicien \u00e0 l\u2019ancienne mode. C\u2019est pourquoi je me r\u00e9jouis, \u00e0 la fois professionnellement et personnellement, de travailler avec Josef Krips sur le <em>Concerto<\/em> de Schumann. Je trouve la collaboration avec Krips tr\u00e8s gratifiante parce que ses go\u00fbts musicaux et son style d\u2019interpr\u00e9tation, sans faire de mani\u00e8res, sont \u00e0 la mode ancienne, de la m\u00eame fa\u00e7on que moi.\u00bb<\/p>\n<p>Le compte-rendu du concert dans ce m\u00eame journal, sign\u00e9 Albert Goldberg (un critique r\u00e9put\u00e9 tr\u00e8s difficile, et souvent m\u00e9chant), confirme ce sentiment : \u00ab\u00a0Il n\u2019est pas un pianiste du genre flamboyant ; il est plut\u00f4t de nature contemplative, un musicien, et il a des convictions bien arr\u00eat\u00e9es sur ce concerto. Jamais depuis Paderewski, on ne l\u2019a entendu jouer d\u2019une mani\u00e8re aussi intime. C\u2019\u00e9tait comme un retour nostalgique \u00e0 l\u2019approche du\u00a0Dix-neuvi\u00e8me si\u00e8cle, romantique et doux, avec une aura assur\u00e9ment schumannienne\u2026\u00a0\u00bb<\/p>\n<p><a href=\"https:\/\/eugeneistomin.com\/wp-content\/uploads\/2015\/11\/krips-1.jpg\"><img decoding=\"async\" class=\"alignright size-medium wp-image-3491\" src=\"https:\/\/eugeneistomin.com\/wp-content\/uploads\/2015\/11\/krips-1-239x300.jpg\" alt=\"krips 1\" width=\"239\" height=\"300\" srcset=\"http:\/\/www.eugeneistomin.com\/wp-content\/uploads\/2015\/11\/krips-1-239x300.jpg 239w, http:\/\/www.eugeneistomin.com\/wp-content\/uploads\/2015\/11\/krips-1-817x1024.jpg 817w, http:\/\/www.eugeneistomin.com\/wp-content\/uploads\/2015\/11\/krips-1.jpg 1276w\" sizes=\"(max-width: 239px) 100vw, 239px\" \/><\/a>Ce concert avec l\u2019Orchestre Philharmonique de Los Angeles \u00e0 l\u2019Hollywood Bowl fut le dernier qu\u2019Istomin donna sous la direction de Josef Krips. Lass\u00e9 de l\u2019Am\u00e9rique et pris de nostalgie pour sa Vienne natale, Krips venait d\u2019abandonner la direction de l\u2019Orchestre de San Francisco pour celle de l\u2019Orchestre Symphonique de Vienne. Il ne la conserva que trois ans, frapp\u00e9 par la maladie qui allait l\u2019emporter en 1974. Avant sa mort, il eut juste le temps d\u2019enregistrer les vingt derni\u00e8res symphonies de Mozart, une version qui reste encore aujourd\u2019hui une r\u00e9f\u00e9rence. Krips avait bien tent\u00e9 d\u2019inviter Eugene, mais celui-ci ne se sentait pas encore pr\u00eat \u00e0 jouer en Autriche. Leur seule collaboration hors des Etats-Unis fut avec l\u2019Orchestre Philharmonique d\u2019Isra\u00ebl, en 1967, lorsque Krips dirigea l\u2019int\u00e9grale de la musique symphonique de Brahms.<\/p>\n<p>Josef Krips, qui pouvait \u00eatre tr\u00e8s autoritaire avec les musiciens d\u2019orchestre, \u00e9tait en revanche d\u2019une courtoisie et d\u2019une \u00e9coute remarquables pour ses solistes. Gary Graffman, grand ami d\u2019Istomin, raconte dans son livre de souvenirs <em>I Really Should Be Practicing<\/em> : \u201cIl aimait s\u2019assurer que l\u2019orchestre ne couvre pas le soliste et il avait l\u2019habitude de crier en r\u00e9p\u00e9tition \u2018Disparaissez\u00a0! Evanouissez-vous\u00a0! Evaporez-vous\u00a0!\u2019, tandis qu\u2019il fl\u00e9chissait ses genoux et se recroquevillait, se faisant de plus en plus petit, au point que je craignais qu\u2019il ne finisse par dispara\u00eetre dans un petit nuage de fum\u00e9e\u2026\u00bb<\/p>\n<\/div><div class=\"fusion-title title fusion-title-1 fusion-title-text fusion-title-size-two\"><h2 class=\"title-heading-left fusion-responsive-typography-calculated\" style=\"margin:0;--fontSize:18;--minFontSize:18;line-height:1.5;\">Quelques concerts<\/h2><span class=\"awb-title-spacer\"><\/span><div class=\"title-sep-container\"><div class=\"title-sep sep-double sep-solid\" style=\"border-color:#e0dede;\"><\/div><\/div><\/div><div class=\"fusion-text fusion-text-2\"><p><strong>1954<\/strong>, 6 et 7 avril. Auditorium du Plateau. <strong>Chopin<\/strong>, <em>Concerto n\u00b0 2<\/em>. Orchestre Symphonique de Montr\u00e9al.<\/p>\n<p><strong>1958<\/strong>, 22 et 23 janvier. Chandler Pavilion. <strong>Brahms<\/strong>, <em>Concerto n\u00b0 2<\/em>. Los Angeles Philharmonic.<\/p>\n<p><strong>1967<\/strong>, 22 juillet. Mann Auditorium, Tel Aviv. <strong>Brahms<\/strong>, <em>Concerto n\u00b0 2<\/em>. Orchestre Philharmonique d\u2019Isra\u00ebl.<\/p>\n<p><strong>1970<\/strong>, 9 juillet. Hollywood Bowl. <strong>Schumann<\/strong>, <em>Concerto<\/em>. Los Angeles Philharmonic.<\/p>\n<p>Concerts \u00e0 San Francisco entre 1963 et 1970 : pas d\u2019informations disponibles.<\/p>\n<p>Aucun enregistrement des concerts donn\u00e9s par Eugene Istomin et Josef Krips ne semble accessible aujourd&rsquo;hui.<\/p>\n<\/div><div class=\"fusion-title title fusion-title-2 fusion-title-text fusion-title-size-two\"><h2 class=\"title-heading-left fusion-responsive-typography-calculated\" style=\"margin:0;--fontSize:18;--minFontSize:18;line-height:1.5;\"><strong>Document<\/strong><\/h2><span class=\"awb-title-spacer\"><\/span><div class=\"title-sep-container\"><div class=\"title-sep sep-double sep-solid\" style=\"border-color:#e0dede;\"><\/div><\/div><\/div><div class=\"fusion-text fusion-text-3\"><p>Josef Krips dirige la <em>Quatri\u00e8me\u00a0Symphonie<\/em> de <strong>Schumann<\/strong> avec le London Symphony Orchstra. Londres, novembre 1952 (audio uniquement)<\/p>\n<\/div><div class=\"fusion-video fusion-youtube\" style=\"--awb-max-width:600px;--awb-max-height:350px;\"><div class=\"video-shortcode\"><div class=\"fluid-width-video-wrapper\" style=\"padding-top:58.33%;\" ><iframe title=\"YouTube video player 1\" src=\"https:\/\/www.youtube.com\/embed\/aeiomretoVQ?wmode=transparent&autoplay=0\" width=\"600\" height=\"350\" allowfullscreen allow=\"autoplay; fullscreen\"><\/iframe><\/div><\/div><\/div><div class=\"fusion-clearfix\"><\/div><\/div><\/div><\/div><\/div>\n","protected":false},"excerpt":{"rendered":"","protected":false},"author":1,"featured_media":0,"parent":380,"menu_order":0,"comment_status":"open","ping_status":"open","template":"","meta":[],"acf":[],"_links":{"self":[{"href":"http:\/\/www.eugeneistomin.com\/fr\/wp-json\/wp\/v2\/pages\/1219"}],"collection":[{"href":"http:\/\/www.eugeneistomin.com\/fr\/wp-json\/wp\/v2\/pages"}],"about":[{"href":"http:\/\/www.eugeneistomin.com\/fr\/wp-json\/wp\/v2\/types\/page"}],"author":[{"embeddable":true,"href":"http:\/\/www.eugeneistomin.com\/fr\/wp-json\/wp\/v2\/users\/1"}],"replies":[{"embeddable":true,"href":"http:\/\/www.eugeneistomin.com\/fr\/wp-json\/wp\/v2\/comments?post=1219"}],"version-history":[{"count":6,"href":"http:\/\/www.eugeneistomin.com\/fr\/wp-json\/wp\/v2\/pages\/1219\/revisions"}],"predecessor-version":[{"id":7650,"href":"http:\/\/www.eugeneistomin.com\/fr\/wp-json\/wp\/v2\/pages\/1219\/revisions\/7650"}],"up":[{"embeddable":true,"href":"http:\/\/www.eugeneistomin.com\/fr\/wp-json\/wp\/v2\/pages\/380"}],"wp:attachment":[{"href":"http:\/\/www.eugeneistomin.com\/fr\/wp-json\/wp\/v2\/media?parent=1219"}],"curies":[{"name":"wp","href":"https:\/\/api.w.org\/{rel}","templated":true}]}}